{"id":4179,"date":"2023-01-16T16:13:36","date_gmt":"2023-01-16T15:13:36","guid":{"rendered":"https:\/\/www.bce.lu\/?page_id=4179"},"modified":"2023-09-11T16:25:17","modified_gmt":"2023-09-11T14:25:17","slug":"sport","status":"publish","type":"page","link":"https:\/\/www.bce.lu\/de\/sport\/","title":{"rendered":"L\u00f6sungen f\u00fcr Sport"},"content":{"rendered":"<section class=\"bloc-listing-solutions sectionPadding\" id=\"solutions\">\n    <div class=\"is-width-large wrapper is-center\">\n        <div class=\"wrapper is-container-column\">\n            <h2 class=\"bloc-listing-solutions-title\">L\u00f6sungen<\/h2>\n            <span class=\"bloc-listing-solutions-texte\"><p>Steigern Sie Ihre Sportinhalte und verbessern Sie Ihre Zuschauer.<\/p>\n<\/span>\n                \n\n            <div class=\"bloc-listing-solutions-bloc row middle-xs listingBceBloc\">\n\n                                                        \n                    <div class=\"col-md-4 is-text-center-mobile slide slide-1 \">             \n                        <label class=\"labelBce labelBlack bloc-listing-solutions-bloc-label listingBceLabel\" style=\"display:none;\"><\/label>\n                        <div class=\"bloc-listing-solutions-bloc-wrapper-number\">    \n                            <h3 class=\"bloc-listing-solutions-bloc-title is-inset-top-16 is-text-center-mobile listingBceTitle\">Live-Streaming Ihrer Events<\/h3>   \n                        <\/div>        \n                        <span class=\"bloc-listing-solutions-bloc-texte is-inset-y-16 is-text-center-mobile listingBceText\"><p>Bringen Sie Ihr Publikum von \u00fcberall aus ins Zentrum des Geschehens.<\/p>\n<\/span>   \n                        <a class=\"button bloc-listing-solutions-bloc-link listingBceLink\" href=\"https:\/\/www.bce.lu\/de\/sport\/loesungen\/live-streaming-ihrer-events\/\" title=\"#title\"><span class=\"caret is-right\"><\/span> Mehr lesen <\/a>\n                    <\/div>\n                    <div class=\"col-md-4 slide slide-1 ratioContianer \">\n                            <div class=\"bloc-listing-solutions-bloc-img listingBceImg\"><img src='https:\/\/www.bce.lu\/wp-content\/uploads\/2023\/03\/Immerse-advanced-player.png' \/><\/div>\n                    <\/div>\n                    \n                                            \n                    <div class=\"col-md-4 is-text-center-mobile slide slide-2 is-hidden\">             \n                        <label class=\"labelBce labelBlack bloc-listing-solutions-bloc-label listingBceLabel\" style=\"display:none;\"><\/label>\n                        <div class=\"bloc-listing-solutions-bloc-wrapper-number\">    \n                            <h3 class=\"bloc-listing-solutions-bloc-title is-inset-top-16 is-text-center-mobile listingBceTitle\">Starten Sie Ihren Kanal<\/h3>   \n                        <\/div>        \n                        <span class=\"bloc-listing-solutions-bloc-texte is-inset-y-16 is-text-center-mobile listingBceText\"><p>BCE erf\u00fcllt alle Ihre Anforderungen an eine Plattform f\u00fcr die Ausstrahlung kontinuierlicher und kurzlebiger Kan\u00e4le.<\/p>\n<\/span>   \n                        <a class=\"button bloc-listing-solutions-bloc-link listingBceLink\" href=\"https:\/\/www.bce.lu\/de\/sport\/loesungen\/starten-sie-ihren-kanal\/\" title=\"#title\"><span class=\"caret is-right\"><\/span> Mehr lesen <\/a>\n                    <\/div>\n                    <div class=\"col-md-4 slide slide-2 ratioContianer is-hidden\">\n                            <div class=\"bloc-listing-solutions-bloc-img listingBceImg\"><img src='https:\/\/www.bce.lu\/wp-content\/uploads\/2023\/03\/Play.jpg' \/><\/div>\n                    <\/div>\n                    \n                                            \n                    <div class=\"col-md-4 is-text-center-mobile slide slide-3 is-hidden\">             \n                        <label class=\"labelBce labelBlack bloc-listing-solutions-bloc-label listingBceLabel\" style=\"display:none;\"><\/label>\n                        <div class=\"bloc-listing-solutions-bloc-wrapper-number\">    \n                            <h3 class=\"bloc-listing-solutions-bloc-title is-inset-top-16 is-text-center-mobile listingBceTitle\">Unterhalten Sie Ihr Publikum<\/h3>   \n                        <\/div>        \n                        <span class=\"bloc-listing-solutions-bloc-texte is-inset-y-16 is-text-center-mobile listingBceText\"><p>BCE erm\u00f6glicht Ihnen die Nutzung von OTT, VOD, Wiederholungen und Videos in den sozialen Medien.<\/p>\n<\/span>   \n                        <a class=\"button bloc-listing-solutions-bloc-link listingBceLink\" href=\"https:\/\/www.bce.lu\/de\/sport\/loesungen\/unterhalten-sie-ihr-publikum\/\" title=\"#title\"><span class=\"caret is-right\"><\/span> Mehr lesen <\/a>\n                    <\/div>\n                    <div class=\"col-md-4 slide slide-3 ratioContianer is-hidden\">\n                            <div class=\"bloc-listing-solutions-bloc-img listingBceImg\"><img src='https:\/\/www.bce.lu\/wp-content\/uploads\/2023\/03\/Immerse-Go-live.png' \/><\/div>\n                    <\/div>\n                    \n                                            \n                    <div class=\"col-md-4 is-text-center-mobile slide slide-4 is-hidden\">             \n                        <label class=\"labelBce labelBlack bloc-listing-solutions-bloc-label listingBceLabel\" style=\"display:none;\"><\/label>\n                        <div class=\"bloc-listing-solutions-bloc-wrapper-number\">    \n                            <h3 class=\"bloc-listing-solutions-bloc-title is-inset-top-16 is-text-center-mobile listingBceTitle\">Monetarisieren Sie Ihre Inhalte<\/h3>   \n                        <\/div>        \n                        <span class=\"bloc-listing-solutions-bloc-texte is-inset-y-16 is-text-center-mobile listingBceText\"><p>Entdecken Sie neue Wege zur Verbreitung Ihrer Inhalte und zur Wiederverwendung Ihres alten Materials.<\/p>\n<\/span>   \n                        <a class=\"button bloc-listing-solutions-bloc-link listingBceLink\" href=\"https:\/\/www.bce.lu\/de\/sport\/loesungen\/monetarisieren-sie-ihre-inhalte\/\" title=\"#title\"><span class=\"caret is-right\"><\/span> Mehr lesen <\/a>\n                    <\/div>\n                    <div class=\"col-md-4 slide slide-4 ratioContianer is-hidden\">\n                            <div class=\"bloc-listing-solutions-bloc-img listingBceImg\"><img src='https:\/\/www.bce.lu\/wp-content\/uploads\/2023\/03\/Digitize.jpg' \/><\/div>\n                    <\/div>\n                    \n                                        \n                <div class=\"col-md-4 bloc-listing-solutions-zone\">\n                    \n                                                <ul class=\"bloc-listing-solutions-bloc-title-list listingBceUl listUl-04\">\n                                                        <li class=\"bloc-listing-solutions-bloc-title-link listingBceLi active\" data-slide=\"1\"><span><a href=\"https:\/\/www.bce.lu\/de\/sport\/loesungen\/live-streaming-ihrer-events\/\">Live-Streaming Ihrer Events<\/a><\/span><\/li> \n                                                        <li class=\"bloc-listing-solutions-bloc-title-link listingBceLi \" data-slide=\"2\"><span><a href=\"https:\/\/www.bce.lu\/de\/sport\/loesungen\/starten-sie-ihren-kanal\/\">Starten Sie Ihren Kanal<\/a><\/span><\/li> \n                                                        <li class=\"bloc-listing-solutions-bloc-title-link listingBceLi \" data-slide=\"3\"><span><a href=\"https:\/\/www.bce.lu\/de\/sport\/loesungen\/unterhalten-sie-ihr-publikum\/\">Unterhalten Sie Ihr Publikum<\/a><\/span><\/li> \n                                                        <li class=\"bloc-listing-solutions-bloc-title-link listingBceLi \" data-slide=\"4\"><span><a href=\"https:\/\/www.bce.lu\/de\/sport\/loesungen\/monetarisieren-sie-ihre-inhalte\/\">Monetarisieren Sie Ihre Inhalte<\/a><\/span><\/li> \n                                                        <\/ul>\n                                               \n                <\/div>\n            <\/div>\n              \n        <\/div>\n    <\/div>\n<\/section>\n\n<section class=\"bloc-listing-products sectionPadding\" id=\"products\">\n    <div class=\"is-width-large wrapper is-center\">\n        <div class=\"rowNoMarg is-container-column\">\n            <h2 class=\"bloc-listing-products-title\">PRODUKTE<\/h2>\n            <span class=\"bloc-listing-products-texte\"><\/span>\n            <div class=\"owl-carousel owl-carousel-products owl-theme col-xs-12 is-inset-top-32\">   \n                                           \n\n                    <div class=\"bloc-listing-products-bloc\">\n                        <div class=\"bloc-listing-products-bloc-content\">\n                                                        <h3 class=\"bloc-listing-products-bloc-title\">Ihr eigener Sportkanal<\/h3>           \n                            <span class=\"bloc-listing-products-bloc-texte\"><p><u>Cloud-basierte<\/u> Verwaltung und Sendeabwicklung von Sportkan\u00e4len<\/p>\n<\/span>\n                            <a class=\"button\" href=\"https:\/\/www.bce.lu\/de\/sport\/produkt\/ihr-eigener-sportkanal\/\" title=\"Ihr eigener Sportkanal\"><span class=\"caret is-right\"><\/span> Mehr lesen <\/a>\n                        <\/div>\n                        <div class=\"bloc-listing-products-bloc-img\">\n                            <img decoding=\"async\" src=\"https:\/\/www.bce.lu\/wp-content\/uploads\/2023\/03\/Add-animated-graphic-elements.png\"\/>\n                        <\/div>\n                    <\/div>\n\n                               \n\n                    <div class=\"bloc-listing-products-bloc\">\n                        <div class=\"bloc-listing-products-bloc-content\">\n                                                        <h3 class=\"bloc-listing-products-bloc-title\">Verbessern Sie Events mit Voice-Over<\/h3>           \n                            <span class=\"bloc-listing-products-bloc-texte\"><p>Kommentieren Sie Ihre Live-Sportprogramme <u>von \u00fcberall aus<\/u><\/p>\n<\/span>\n                            <a class=\"button\" href=\"https:\/\/www.bce.lu\/de\/sport\/produkt\/verbessern-sie-events-mit-voice-over\/\" title=\"Verbessern Sie Events mit Voice-Over\"><span class=\"caret is-right\"><\/span> Mehr lesen <\/a>\n                        <\/div>\n                        <div class=\"bloc-listing-products-bloc-img\">\n                            <img decoding=\"async\" src=\"https:\/\/www.bce.lu\/wp-content\/uploads\/2023\/03\/Simple-configuration.png\"\/>\n                        <\/div>\n                    <\/div>\n\n                               \n\n                    <div class=\"bloc-listing-products-bloc\">\n                        <div class=\"bloc-listing-products-bloc-content\">\n                                                        <h3 class=\"bloc-listing-products-bloc-title\">Ihr Studio f\u00fcr unterwegs<\/h3>           \n                            <span class=\"bloc-listing-products-bloc-texte\"><p>Produzieren und <u>\u00fcbertragen<\/u> Sie Ihre Sport-TV-Shows <u>live<\/u>!<\/p>\n<\/span>\n                            <a class=\"button\" href=\"https:\/\/www.bce.lu\/de\/sport\/produkt\/ihr-studio-fur-unterwegs\/\" title=\"Ihr Studio f\u00fcr unterwegs\"><span class=\"caret is-right\"><\/span> Mehr lesen <\/a>\n                        <\/div>\n                        <div class=\"bloc-listing-products-bloc-img\">\n                            <img decoding=\"async\" src=\"https:\/\/www.bce.lu\/wp-content\/uploads\/2023\/03\/Enrich-1.jpg\"\/>\n                        <\/div>\n                    <\/div>\n\n                            \n        <\/div>\n        <\/div>\n    <\/div>\n<\/section>","protected":false},"excerpt":{"rendered":"","protected":false},"author":3,"featured_media":960,"parent":0,"menu_order":35,"comment_status":"closed","ping_status":"closed","template":"","meta":{"_acf_changed":false,"content-type":"","inline_featured_image":false,"_uag_custom_page_level_css":"","_price":"","_stock":"","_tribe_ticket_header":"","_tribe_default_ticket_provider":"","_ticket_start_date":"","_ticket_end_date":"","_tribe_ticket_show_description":"","_tribe_ticket_show_not_going":false,"_tribe_ticket_use_global_stock":"","_tribe_ticket_global_stock_level":"","_global_stock_mode":"","_global_stock_cap":"","_tribe_rsvp_for_event":"","_tribe_ticket_going_count":"","_tribe_ticket_not_going_count":"","_tribe_tickets_list":"[]","_tribe_ticket_has_attendee_info_fields":false,"footnotes":"","_tec_slr_enabled":"","_tec_slr_layout":""},"class_list":["post-4179","page","type-page","status-publish","has-post-thumbnail","hentry"],"acf":[],"uagb_featured_image_src":{"full":["https:\/\/www.bce.lu\/wp-content\/uploads\/2023\/01\/bike-4500339-scaled.jpg",2560,1706,false],"thumbnail":["https:\/\/www.bce.lu\/wp-content\/uploads\/2023\/01\/bike-4500339-150x150.jpg",150,150,true],"medium":["https:\/\/www.bce.lu\/wp-content\/uploads\/2023\/01\/bike-4500339-300x200.jpg",300,200,true],"medium_large":["https:\/\/www.bce.lu\/wp-content\/uploads\/2023\/01\/bike-4500339-768x512.jpg",768,512,true],"large":["https:\/\/www.bce.lu\/wp-content\/uploads\/2023\/01\/bike-4500339-1024x683.jpg",1024,683,true],"1536x1536":["https:\/\/www.bce.lu\/wp-content\/uploads\/2023\/01\/bike-4500339-1536x1024.jpg",1536,1024,true],"2048x2048":["https:\/\/www.bce.lu\/wp-content\/uploads\/2023\/01\/bike-4500339-2048x1365.jpg",2048,1365,true]},"uagb_author_info":{"display_name":"charline","author_link":"https:\/\/www.bce.lu\/de\/author\/charline\/"},"uagb_comment_info":0,"uagb_excerpt":null,"ticketed":false,"_links":{"self":[{"href":"https:\/\/www.bce.lu\/de\/wp-json\/wp\/v2\/pages\/4179","targetHints":{"allow":["GET"]}}],"collection":[{"href":"https:\/\/www.bce.lu\/de\/wp-json\/wp\/v2\/pages"}],"about":[{"href":"https:\/\/www.bce.lu\/de\/wp-json\/wp\/v2\/types\/page"}],"author":[{"embeddable":true,"href":"https:\/\/www.bce.lu\/de\/wp-json\/wp\/v2\/users\/3"}],"replies":[{"embeddable":true,"href":"https:\/\/www.bce.lu\/de\/wp-json\/wp\/v2\/comments?post=4179"}],"version-history":[{"count":8,"href":"https:\/\/www.bce.lu\/de\/wp-json\/wp\/v2\/pages\/4179\/revisions"}],"predecessor-version":[{"id":8760,"href":"https:\/\/www.bce.lu\/de\/wp-json\/wp\/v2\/pages\/4179\/revisions\/8760"}],"wp:featuredmedia":[{"embeddable":true,"href":"https:\/\/www.bce.lu\/de\/wp-json\/wp\/v2\/media\/960"}],"wp:attachment":[{"href":"https:\/\/www.bce.lu\/de\/wp-json\/wp\/v2\/media?parent=4179"}],"curies":[{"name":"wp","href":"https:\/\/api.w.org\/{rel}","templated":true}]}}