{"id":5742,"date":"2023-04-21T18:03:02","date_gmt":"2023-04-21T16:03:02","guid":{"rendered":"https:\/\/www.bce.lu\/?page_id=5742"},"modified":"2025-07-02T17:45:08","modified_gmt":"2025-07-02T15:45:08","slug":"bewerben-sie-ihre-tatigkeiten","status":"publish","type":"page","link":"https:\/\/www.bce.lu\/de\/unternehmen\/losungen\/bewerben-sie-ihre-tatigkeiten\/","title":{"rendered":"Bewerben Sie Ihre T\u00e4tigkeiten"},"content":{"rendered":"<section class=\"bloc-listing-solutions sectionPadding\">\n    <div class=\"wrapper is-width-large is-center\">\n        <div class=\"is-container-column is-inset-y-60  is-inset-y-32-mobile \">\n            <h2 class=\"bloc-listing-solutions-title\">Stellen Sie Ihr Projekt mit BCE vor<\/h2>\n            <span class=\"bloc-listing-solutions-texte\"><p>Ob Kundenfall, Interviews, Meinungen, Projektsequenzen oder Werbung &#8211; BCE begleitet Sie bei jedem Schritt Ihres Projekts, von der Produktion bis zur Verbreitung.<\/p>\n<\/span>\n                \n            <div class=\"bloc-listing-solutions-bloc bloc-listing-solutions-counter row middle-xs listingBceBloc\">\n                \n            \n                                                                    \n                        <div class=\"col-md-4 slide slide-1 \">              \n                            <label class=\"labelBce labelBlack bloc-listing-solutions-bloc-label listingBceLabel\" style=\"display:none;\"><\/label>\n                            <div class=\"bloc-listing-solutions-bloc-wrapper-number  is-text-center-mobile\">\n                                <span class=\"bloc-listing-solutions-bloc-number listingBceNumber\">1<\/span>       \n                                <h3 class=\"bloc-listing-solutions-bloc-title is-inset-top-16 listingBceTitle\">Verstehen<\/h3>   \n                            <\/div>        \n                            <span class=\"bloc-listing-solutions-bloc-texte is-inset-y-16 is-text-center-mobile listingBceText\"><!-- wp:paragraph {\"placeholder\":\"Indiquez la description...\"} -->\n<p>Die Projektmanager von BCE <strong>arbeiten Hand in Hand <\/strong>mit IhremUnternehmen , um zu <strong>ermitteln, welche L\u00f6sung Ihren Anforderungen<\/strong> am besten <strong>entspricht<\/strong>.<\/p>\n<!-- \/wp:paragraph --><\/span>   \n                        <\/div>\n                        <div class=\"col-md-4 slide slide-1 ratioContianer \">\n                                <div class=\"bloc-listing-solutions-bloc-img listingBceImg\"><img src='https:\/\/www.bce.lu\/wp-content\/uploads\/2023\/03\/Understand.png' \/><\/div>\n                        <\/div>\n\n                                                    \n                        <div class=\"col-md-4 slide slide-2 is-hidden\">              \n                            <label class=\"labelBce labelBlack bloc-listing-solutions-bloc-label listingBceLabel\" style=\"display:none;\"><\/label>\n                            <div class=\"bloc-listing-solutions-bloc-wrapper-number  is-text-center-mobile\">\n                                <span class=\"bloc-listing-solutions-bloc-number listingBceNumber\">2<\/span>       \n                                <h3 class=\"bloc-listing-solutions-bloc-title is-inset-top-16 listingBceTitle\">Organisieren <\/h3>   \n                            <\/div>        \n                            <span class=\"bloc-listing-solutions-bloc-texte is-inset-y-16 is-text-center-mobile listingBceText\"><!-- wp:paragraph {\"placeholder\":\"Indiquez la description...\"} -->\n<p>BCE widmet sich ganz Ihrem Projekt und entwickelt <strong>Ihr Szenario<\/strong>, organisiert <strong>die Mittel<\/strong>, leitet <strong>die Teams<\/strong> und \u00fcberwacht die Dreharbeiten.<\/p>\n<!-- \/wp:paragraph --><\/span>   \n                        <\/div>\n                        <div class=\"col-md-4 slide slide-2 ratioContianer is-hidden\">\n                                <div class=\"bloc-listing-solutions-bloc-img listingBceImg\"><img src='https:\/\/www.bce.lu\/wp-content\/uploads\/2023\/03\/Organise-7.png' \/><\/div>\n                        <\/div>\n\n                                                    \n                        <div class=\"col-md-4 slide slide-3 is-hidden\">              \n                            <label class=\"labelBce labelBlack bloc-listing-solutions-bloc-label listingBceLabel\" style=\"display:none;\"><\/label>\n                            <div class=\"bloc-listing-solutions-bloc-wrapper-number  is-text-center-mobile\">\n                                <span class=\"bloc-listing-solutions-bloc-number listingBceNumber\">3<\/span>       \n                                <h3 class=\"bloc-listing-solutions-bloc-title is-inset-top-16 listingBceTitle\">Erstellen <\/h3>   \n                            <\/div>        \n                            <span class=\"bloc-listing-solutions-bloc-texte is-inset-y-16 is-text-center-mobile listingBceText\"><!-- wp:paragraph {\"placeholder\":\"Indiquez la description...\"} -->\n<p>Als Produzent von Werbung f\u00fcr Sources Rosport, La Luxembourgeoise, Luxembourg for finance und Valorlux, um nur einige zu nennen, <strong>stellt<\/strong> \u00a0BCE <strong>die Qualit\u00e4t und den Erfolg Ihres Projekts sicher<\/strong>.<\/p>\n<!-- \/wp:paragraph --><\/span>   \n                        <\/div>\n                        <div class=\"col-md-4 slide slide-3 ratioContianer is-hidden\">\n                                <div class=\"bloc-listing-solutions-bloc-img listingBceImg\"><img src='https:\/\/www.bce.lu\/wp-content\/uploads\/2023\/03\/Create-1024x576.jpg' \/><\/div>\n                        <\/div>\n\n                                                    \n                        <div class=\"col-md-4 slide slide-4 is-hidden\">              \n                            <label class=\"labelBce labelBlack bloc-listing-solutions-bloc-label listingBceLabel\" style=\"display:none;\"><\/label>\n                            <div class=\"bloc-listing-solutions-bloc-wrapper-number  is-text-center-mobile\">\n                                <span class=\"bloc-listing-solutions-bloc-number listingBceNumber\">4<\/span>       \n                                <h3 class=\"bloc-listing-solutions-bloc-title is-inset-top-16 listingBceTitle\">Aufwerten <\/h3>   \n                            <\/div>        \n                            <span class=\"bloc-listing-solutions-bloc-texte is-inset-y-16 is-text-center-mobile listingBceText\"><!-- wp:paragraph {\"placeholder\":\"Indiquez la description...\"} -->\n<p>F\u00fcgen Sie Titel, Grafiken und \u00dcberg\u00e4nge hinzu, die perfekt <strong>zu der Identit\u00e4t Ihres Unternehmens passen<\/strong>. \u00dcbersetzen Sie komplexe Arbeitsabl\u00e4ufe in einfache Animationen oder f\u00fcgen Sie sogar <strong>Spezialeffekte<\/strong> in Ihre Videos ein.<\/p>\n<!-- \/wp:paragraph --><\/span>   \n                        <\/div>\n                        <div class=\"col-md-4 slide slide-4 ratioContianer is-hidden\">\n                                <div class=\"bloc-listing-solutions-bloc-img listingBceImg\"><img src='https:\/\/www.bce.lu\/wp-content\/uploads\/2023\/03\/Televise-1.png' \/><\/div>\n                        <\/div>\n\n                                                \n                <div class=\"col-md-4 bloc-listing-solutions-zone\">\n                                                <ul class=\"bloc-listing-solutions-bloc-title-list listingBceUl listUl-04\">\n                                                                    <li class=\"bloc-listing-solutions-bloc-title-link listingBceLi active\" data-slide=\"1\"><span>Verstehen<\/span><\/li> \n                                                                    <li class=\"bloc-listing-solutions-bloc-title-link listingBceLi \" data-slide=\"2\"><span>Organisieren <\/span><\/li> \n                                                                    <li class=\"bloc-listing-solutions-bloc-title-link listingBceLi \" data-slide=\"3\"><span>Erstellen <\/span><\/li> \n                                                                    <li class=\"bloc-listing-solutions-bloc-title-link listingBceLi \" data-slide=\"4\"><span>Aufwerten <\/span><\/li> \n                                                            <\/ul>\n                                               \n                <\/div>\n            <\/div>\n\n            \n        <\/div>\n        <div class=\"center-xs\"><a class=\"button\" href=\"#options\"><span class=\"caret is-down\"><\/span> Mehr Optionen<\/a><\/div>\n    <\/div>\n<\/section>\n\n<section class=\"bloc-listing-testimonials\">\n    <div class=\"wrapper is-width-large is-center\">\n        <div  class=\"owl-carousel owl-carousel-testimonial owl-theme rowNoMarg is-container-column\">\n \n            \n        <\/div>\n    <\/div>\n<\/section>\n\n<section id=\"options\" class=\"bloc-listing-solutions-special is-inset-top-60 is-inset-bottom-20 is-inset-y-32-mobile\"  style=\"background-color:#f9f9f9\" >\n    <div class=\"is-width-large is-center\">\n        <div class=\"row is-container-column\">\n            <div class=\"col-xs-12\">\n                <h2 class=\"bloc-listing-solutions-special-title is-inset-bottom-24\">UND MEHR<\/h2>            \n                <div class=\"row\">\n                                                                    <div class=\"bloc-listing-solutions-special-bloc col-xs-12 col-md-4 is-inset-bottom-40 is-inset-bottom-20-mobile\">                \n                            <div class=\"bloc-listing-solutions-special-bloc-img\"><img decoding=\"async\" src=\"https:\/\/www.bce.lu\/wp-content\/uploads\/2023\/03\/Share-2.png\"\/><\/div>\n                            <div class=\"bloc-listing-solutions-special-bloc-content\">\n                                <h3 class=\"bloc-listing-solutions-special-bloc-title\">Teilen <\/h3>           \n                                <span class=\"bloc-listing-solutions-special-bloc-texte\"><!-- wp:paragraph {\"placeholder\":\"Indiquez la description...\"} -->\n<p>Teilen Sie Ihre Videos mit Ihren weltweiten Niederlassungen und Partnern \u00fcber unser <strong>verschl\u00fcsseltes Verbreitungssystem<\/strong>, das f\u00fcr die sichere, Datenleck-freie \u00dcbermittlung Ihrer Bild- und Videoinhalte sorgt.<\/p>\n<!-- \/wp:paragraph --><\/span>\n                            <\/div>\n                        <\/div>\n\n                                                <div class=\"bloc-listing-solutions-special-bloc col-xs-12 col-md-4 is-inset-bottom-40 is-inset-bottom-20-mobile\">                \n                            <div class=\"bloc-listing-solutions-special-bloc-img\"><img decoding=\"async\" src=\"https:\/\/www.bce.lu\/wp-content\/uploads\/2023\/03\/Store-1.jpg\"\/><\/div>\n                            <div class=\"bloc-listing-solutions-special-bloc-content\">\n                                <h3 class=\"bloc-listing-solutions-special-bloc-title\">Sicheres Speichern<\/h3>           \n                                <span class=\"bloc-listing-solutions-special-bloc-texte\"><!-- wp:paragraph {\"placeholder\":\"Indiquez la description...\"} -->\n<p><strong>Ihre Inhalte sind<\/strong> bei BCE <strong>sicher<\/strong>. Die <strong>DSGVO-konforme<\/strong> Datenspeicherung von BCE ist perfekt f\u00fcr Ihre Projektdateien geeignet, einschlie\u00dflich Rushes, Grafiken und des fertigen Videos.<\/p>\n<!-- \/wp:paragraph --><\/span>\n                            <\/div>\n                        <\/div>\n\n                                                            <\/div>\n            <\/div>\n            \n            \n        <\/div>\n    <\/div>\n<\/section>\n\n<section class=\"bloc-listing-references \">\n    <div class=\"wrapper is-width-large wrapper is-center\">\n        <div class=\"is-container-column\">\n            <div class=\"row is-inset-y-60 is-inset-y-32-mobile\">\n            <div class=\"owl-carousel owl-carousel-references owl-centered owl-theme col-xs-12 \">\n                            \n                <div class=\"itemGallery\">\n                    <a href=\"https:\/\/www.bce.lu\/de\/references\/cfl-multimodal\/\"><img decoding=\"async\" src=\"https:\/\/www.bce.lu\/wp-content\/uploads\/2023\/04\/logo-CFL-Multimodal.png\" alt=\"CFL multimodal\"><\/a>\n                <\/div>\n\n                \n                <div class=\"itemGallery\">\n                    <a href=\"https:\/\/www.bce.lu\/de\/references\/la-nuit-de-la-culture\/\"><img decoding=\"async\" src=\"https:\/\/www.bce.lu\/wp-content\/uploads\/2023\/04\/Nuit-de-la-culture-logo.png\" alt=\"La Nuit de la Culture\"><\/a>\n                <\/div>\n\n                \n                <div class=\"itemGallery\">\n                    <a href=\"https:\/\/www.bce.lu\/de\/references\/lalux\/\"><img decoding=\"async\" src=\"https:\/\/www.bce.lu\/wp-content\/uploads\/2023\/04\/Lalux-assurances-logo.png\" alt=\"lalux\"><\/a>\n                <\/div>\n\n                \n                <div class=\"itemGallery\">\n                    <a href=\"https:\/\/www.bce.lu\/de\/references\/service-information-et-presse\/\"><img decoding=\"async\" src=\"https:\/\/www.bce.lu\/wp-content\/uploads\/2023\/04\/Service-Information-et-Presse-logo.png\" alt=\"Service Information et Presse\"><\/a>\n                <\/div>\n\n                \n                <div class=\"itemGallery\">\n                    <a href=\"https:\/\/www.bce.lu\/de\/references\/sukuma\/\"><img decoding=\"async\" src=\"https:\/\/www.bce.lu\/wp-content\/uploads\/2023\/04\/Sakuma-logo.png\" alt=\"Sukuma\"><\/a>\n                <\/div>\n\n                                        <\/div>\n        <\/div>\n    <\/div>\n<\/section>\n\n<section class=\"bloc-contact sectionPadding\">\n    <div class=\"wrapper is-width-large is-center\">\n        <div class=\"row is-container-column\">\n            <h2 class=\"bloc-contact-title\">KONTAKTIEREN SIE UNS JETZT !<\/h2>\n            <span class=\"bloc-contact-texte\"><p>F\u00fcllen Sie dieses Formular aus und treten Sie mit unseren Experten in Kontakt !<\/p>\n<\/span>\n            <div class=\"row is-inset-top-32 middle-xs\" style=\"width:100%;\">\n                                <div class=\"col-xs-12 \">                    \n                                                \n\t\t\t\t\t\t<script>\n\t\t\t\t\t\t\twindow.hsFormsOnReady = window.hsFormsOnReady || [];\n\t\t\t\t\t\t\twindow.hsFormsOnReady.push(()=>{\n\t\t\t\t\t\t\t\thbspt.forms.create({\n\t\t\t\t\t\t\t\t\tportalId: 8988786,\n\t\t\t\t\t\t\t\t\tformId: \"4fc5e57d-5747-4b13-9a87-154faa7e55ba\",\n\t\t\t\t\t\t\t\t\ttarget: \"#hbspt-form-1776609472000-1219604300\",\n\t\t\t\t\t\t\t\t\tregion: \"na1\",\n\t\t\t\t\t\t\t\t\t\n\t\t\t\t\t\t\t})});\n\t\t\t\t\t\t<\/script>\n\t\t\t\t\t\t<div class=\"hbspt-form\" id=\"hbspt-form-1776609472000-1219604300\"><\/div>                                        \n                <\/div>\n            <\/div>\n        <\/div>\n    <\/div>\n<\/section>","protected":false},"excerpt":{"rendered":"","protected":false},"author":3,"featured_media":5134,"parent":6783,"menu_order":141,"comment_status":"closed","ping_status":"closed","template":"","meta":{"_acf_changed":false,"content-type":"","inline_featured_image":false,"_uag_custom_page_level_css":"","_price":"","_stock":"","_tribe_ticket_header":"","_tribe_default_ticket_provider":"","_ticket_start_date":"","_ticket_end_date":"","_tribe_ticket_show_description":"","_tribe_ticket_show_not_going":false,"_tribe_ticket_use_global_stock":"","_tribe_ticket_global_stock_level":"","_global_stock_mode":"","_global_stock_cap":"","_tribe_rsvp_for_event":"","_tribe_ticket_going_count":"","_tribe_ticket_not_going_count":"","_tribe_tickets_list":"[]","_tribe_ticket_has_attendee_info_fields":false,"footnotes":"","_tec_slr_enabled":"","_tec_slr_layout":""},"class_list":["post-5742","page","type-page","status-publish","has-post-thumbnail","hentry"],"acf":[],"uagb_featured_image_src":{"full":["https:\/\/www.bce.lu\/wp-content\/uploads\/2023\/04\/Feature-LaLux.jpg",1920,1080,false],"thumbnail":["https:\/\/www.bce.lu\/wp-content\/uploads\/2023\/04\/Feature-LaLux-150x150.jpg",150,150,true],"medium":["https:\/\/www.bce.lu\/wp-content\/uploads\/2023\/04\/Feature-LaLux-300x169.jpg",300,169,true],"medium_large":["https:\/\/www.bce.lu\/wp-content\/uploads\/2023\/04\/Feature-LaLux-768x432.jpg",768,432,true],"large":["https:\/\/www.bce.lu\/wp-content\/uploads\/2023\/04\/Feature-LaLux-1024x576.jpg",1024,576,true],"1536x1536":["https:\/\/www.bce.lu\/wp-content\/uploads\/2023\/04\/Feature-LaLux-1536x864.jpg",1536,864,true],"2048x2048":["https:\/\/www.bce.lu\/wp-content\/uploads\/2023\/04\/Feature-LaLux.jpg",1920,1080,false]},"uagb_author_info":{"display_name":"charline","author_link":"https:\/\/www.bce.lu\/de\/author\/charline\/"},"uagb_comment_info":0,"uagb_excerpt":null,"ticketed":false,"_links":{"self":[{"href":"https:\/\/www.bce.lu\/de\/wp-json\/wp\/v2\/pages\/5742","targetHints":{"allow":["GET"]}}],"collection":[{"href":"https:\/\/www.bce.lu\/de\/wp-json\/wp\/v2\/pages"}],"about":[{"href":"https:\/\/www.bce.lu\/de\/wp-json\/wp\/v2\/types\/page"}],"author":[{"embeddable":true,"href":"https:\/\/www.bce.lu\/de\/wp-json\/wp\/v2\/users\/3"}],"replies":[{"embeddable":true,"href":"https:\/\/www.bce.lu\/de\/wp-json\/wp\/v2\/comments?post=5742"}],"version-history":[{"count":14,"href":"https:\/\/www.bce.lu\/de\/wp-json\/wp\/v2\/pages\/5742\/revisions"}],"predecessor-version":[{"id":13240,"href":"https:\/\/www.bce.lu\/de\/wp-json\/wp\/v2\/pages\/5742\/revisions\/13240"}],"up":[{"embeddable":true,"href":"https:\/\/www.bce.lu\/de\/wp-json\/wp\/v2\/pages\/6783"}],"wp:featuredmedia":[{"embeddable":true,"href":"https:\/\/www.bce.lu\/de\/wp-json\/wp\/v2\/media\/5134"}],"wp:attachment":[{"href":"https:\/\/www.bce.lu\/de\/wp-json\/wp\/v2\/media?parent=5742"}],"curies":[{"name":"wp","href":"https:\/\/api.w.org\/{rel}","templated":true}]}}