{"id":6296,"date":"2023-04-26T17:32:17","date_gmt":"2023-04-26T15:32:17","guid":{"rendered":"https:\/\/www.bce.lu\/loesungen-fuer-sport\/produkt\/your-own-sports-channel\/"},"modified":"2025-12-11T12:31:54","modified_gmt":"2025-12-11T11:31:54","slug":"ihr-eigener-sportkanal","status":"publish","type":"page","link":"https:\/\/www.bce.lu\/de\/sport\/produkt\/ihr-eigener-sportkanal\/","title":{"rendered":"Ihr eigener Sportkanal"},"content":{"rendered":"<section class=\"bloc-listing-products-bk sectionPadding\">\n    <div class=\"is-width-large is-center\">\n        <div class=\"is-inset-top-28-mobile\">\n            <h2 class=\"bloc-listing-products-bk-title is-text-center\">Starten Sie Ihren Sportkanal <br \/>\r\nmit Playit von BCE<\/h2>\n            <span class=\"bloc-listing-solutions-texte\"><p>Mit Playit k\u00f6nnen Sie Ihren eigenen Sport-TV-Kanal einrichten und exklusive Sportinhalte im Rahmen von Live- und Nicht-Live-Programmen \u00fcbertragen und teilen.<\/p>\n<p>Als Medienunternehmen unterst\u00fctzt BCE Sie mit einer professionellen Cloud-basierten Plattform bei der Bereitstellung Ihres Sport-TV-Kanals. Lassen Sie Ihr Publikum mit Video-Streams in High Definition (HD) und 4K-Aufl\u00f6sung in Ihre Sportprogramme eintauchen.<\/p>\n<\/span>\n            \n            <div class=\"row\">\n                            \n                    <div class=\"bloc-listing-products-bk-bloc col-xs-12 col-md-4 is-inset-y-40 is-inset-y-28-mobile\">                \n                        <div class=\"bloc-listing-products-bk-bloc-img\"><img decoding=\"async\" src=\"https:\/\/www.bce.lu\/wp-content\/uploads\/2023\/03\/Multi-platform-delivery.png\"\/><\/div>\n                        <div class=\"bloc-listing-products-bk-bloc-content\">\n                            <h3 class=\"bloc-listing-products-bk-bloc-title\">\u00dcbertragung auf mehreren Plattformen<\/h3>           \n                            <span class=\"bloc-listing-products-bk-bloc-texte\"><!-- wp:paragraph {\"placeholder\":\"Indiquez la description...\"} -->\n<p>Machen Sie den n\u00e4chsten Schritt und verbinden Sie Ihren TV-Kanal mit Ihrer OTT-Plattform, um problemlos alle Ihre Sportinhalte zu verbreiten! Dar\u00fcber hinaus werden Ihre Inhalte automatisch im richtigen Format f\u00fcr alle Ihre Kommunikationskan\u00e4le (TV, OTT, Website und soziale Netzwerke) generiert.<\/p>\n<!-- \/wp:paragraph --><\/span>\n                        <\/div>\n                    <\/div>\n\n                \n                    <div class=\"bloc-listing-products-bk-bloc col-xs-12 col-md-4 is-inset-y-40 is-inset-y-28-mobile\">                \n                        <div class=\"bloc-listing-products-bk-bloc-img\"><img decoding=\"async\" src=\"https:\/\/www.bce.lu\/wp-content\/uploads\/2023\/03\/Reach-your-supporters-around-the-world.png\"\/><\/div>\n                        <div class=\"bloc-listing-products-bk-bloc-content\">\n                            <h3 class=\"bloc-listing-products-bk-bloc-title\">Erreichen Sie Ihre Unterst\u00fctzer auf der ganzen Welt<\/h3>           \n                            <span class=\"bloc-listing-products-bk-bloc-texte\"><!-- wp:paragraph {\"placeholder\":\"Indiquez la description...\"} -->\n<p>Lassen Sie Ihre Fans auf der ganzen Welt gemeinsam unvergessliche Sportmomente erleben. BCE stellt Ihnen ein umfassendes Tool zur Verf\u00fcgung, mit dem Sie Ihren Kanal ganz einfach starten und weltweit bereitstellen k\u00f6nnen. Bieten Sie Ihre Programme au\u00dferdem in mehreren Sprachen an, um ein internationales Publikum zu erreichen.<\/p>\n<!-- \/wp:paragraph --><\/span>\n                        <\/div>\n                    <\/div>\n\n                \n                    <div class=\"bloc-listing-products-bk-bloc col-xs-12 col-md-4 is-inset-y-40 is-inset-y-28-mobile\">                \n                        <div class=\"bloc-listing-products-bk-bloc-img\"><img decoding=\"async\" src=\"https:\/\/www.bce.lu\/wp-content\/uploads\/2023\/03\/Add-animated-graphic-elements.png\"\/><\/div>\n                        <div class=\"bloc-listing-products-bk-bloc-content\">\n                            <h3 class=\"bloc-listing-products-bk-bloc-title\">F\u00fcgen Sie animierte grafische Elemente hinzu<\/h3>           \n                            <span class=\"bloc-listing-products-bk-bloc-texte\"><!-- wp:paragraph -->\n<p>Mit Playit k\u00f6nnen Sie sich abheben, indem Sie ganz einfach Ihre eigene grafische Markendarstellung erstellen und Ihre bestehende Markenidentit\u00e4t an Ihre Videoinhalte anpassen. Verbessern Sie die Optik Ihres Kanals und f\u00fcgen Sie zahlreiche animierte grafische Elemente hinzu.<\/p>\n<!-- \/wp:paragraph --><\/span>\n                        <\/div>\n                    <\/div>\n\n                \n                    <div class=\"bloc-listing-products-bk-bloc col-xs-12 col-md-4 is-inset-y-40 is-inset-y-28-mobile\">                \n                        <div class=\"bloc-listing-products-bk-bloc-img\"><img decoding=\"async\" src=\"https:\/\/www.bce.lu\/wp-content\/uploads\/2023\/03\/Manage-your-playlists.png\"\/><\/div>\n                        <div class=\"bloc-listing-products-bk-bloc-content\">\n                            <h3 class=\"bloc-listing-products-bk-bloc-title\">Verwalten Sie Ihre Inhalte<\/h3>           \n                            <span class=\"bloc-listing-products-bk-bloc-texte\"><!-- wp:paragraph {\"placeholder\":\"Indiquez la description...\"} -->\n<p>Sie k\u00f6nnen ganz einfach Ihre Videos verwalten, Ihre Programme in der Kalenderansicht planen, eine Vorschau Ihrer Videoclips anzeigen und Ihre Inhalte organisieren. Ihr Team hat die M\u00f6glichkeit, im Rahmen der Live-Sportprogramme von \u00fcberall aus einen Live-Kommentar f\u00fcr Ihre Live-Streams einzubringen (f\u00fcr weitere Informationen siehe Holovox).<\/p>\n<!-- \/wp:paragraph --><\/span>\n                        <\/div>\n                    <\/div>\n\n                \n                    <div class=\"bloc-listing-products-bk-bloc col-xs-12 col-md-4 is-inset-y-40 is-inset-y-28-mobile\">                \n                        <div class=\"bloc-listing-products-bk-bloc-img\"><img decoding=\"async\" src=\"https:\/\/www.bce.lu\/wp-content\/uploads\/2023\/03\/You-sports-channel-on-air.png\"\/><\/div>\n                        <div class=\"bloc-listing-products-bk-bloc-content\">\n                            <h3 class=\"bloc-listing-products-bk-bloc-title\">Ihr Sportkanal auf Sendung<\/h3>           \n                            <span class=\"bloc-listing-products-bk-bloc-texte\"><!-- wp:paragraph {\"placeholder\":\"Indiquez la description...\"} -->\n<p>Bauen Sie Ihre T\u00e4tigkeiten aus und starten Sie einen speziellen Sportkanal, auf dem Sie Ihrem Publikum kontinuierliche Programme bieten, darunter Live-Spiele, Sendungen im Anschluss an Spiele und Sportprogramme. Sie k\u00f6nnen auch einfach einen Kommunikationskanal f\u00fcr Ihre einmalige Veranstaltung hinzuf\u00fcgen.<\/p>\n<!-- \/wp:paragraph --><\/span>\n                        <\/div>\n                    <\/div>\n\n                                        <\/div>\n        <\/div>\n    <\/div>\n<\/section>\n\n<section class=\"bloc-listing-testimonials\">\n    <div class=\"wrapper is-width-large is-center\">\n        <div  class=\"owl-carousel owl-carousel-testimonial owl-theme rowNoMarg is-container-column\">\n \n            \n        <\/div>\n    <\/div>\n<\/section>\n\n<section class=\"bloc-listing-references \">\n    <div class=\"wrapper is-width-large wrapper is-center\">\n        <div class=\"is-container-column\">\n            <div class=\"row is-inset-y-60 is-inset-y-32-mobile\">\n            <div class=\"owl-carousel owl-carousel-references owl-centered owl-theme col-xs-12 \">\n                            \n                <div class=\"itemGallery\">\n                    <a href=\"https:\/\/www.bce.lu\/de\/references\/fei\/\"><img decoding=\"async\" src=\"https:\/\/www.bce.lu\/wp-content\/uploads\/2023\/04\/FEI-logo.png\" alt=\"FEI\"><\/a>\n                <\/div>\n\n                \n                <div class=\"itemGallery\">\n                    <a href=\"https:\/\/www.bce.lu\/de\/references\/cev-european-volleyball-confederation\/\"><img decoding=\"async\" src=\"https:\/\/www.bce.lu\/wp-content\/uploads\/2023\/04\/CEV-logo.png\" alt=\"CEV \u2013 European Volleyball Confederation\"><\/a>\n                <\/div>\n\n                \n                <div class=\"itemGallery\">\n                    <a href=\"https:\/\/www.bce.lu\/de\/references\/uci-union-cycliste-internationale\/\"><img decoding=\"async\" src=\"https:\/\/www.bce.lu\/wp-content\/uploads\/2023\/04\/UCI-Logo.png\" alt=\"UCI \u2013 Union Cycliste Internationale\"><\/a>\n                <\/div>\n\n                \n                <div class=\"itemGallery\">\n                    <a href=\"https:\/\/www.bce.lu\/de\/references\/ufc-premium\/\"><img decoding=\"async\" src=\"https:\/\/www.bce.lu\/wp-content\/uploads\/2023\/04\/UFC-premium-logo.png\" alt=\"UFC premium\"><\/a>\n                <\/div>\n\n                \n                <div class=\"itemGallery\">\n                    <a href=\"https:\/\/www.bce.lu\/de\/references\/altice-2\/\"><img decoding=\"async\" src=\"https:\/\/www.bce.lu\/wp-content\/uploads\/2023\/04\/Kombat-sport-logo.png\" alt=\"Kombat sport\"><\/a>\n                <\/div>\n\n                                        <\/div>\n        <\/div>\n    <\/div>\n<\/section>\n\n<section class=\"bloc-contact sectionPadding\">\n    <div class=\"wrapper is-width-large is-center\">\n        <div class=\"row is-container-column\">\n            <h2 class=\"bloc-contact-title\">KONTAKTIEREN SIE UNS JETZT!<\/h2>\n            <span class=\"bloc-contact-texte\"><p>F\u00fcllen Sie dieses Formular aus und treten Sie mit unseren Experten in Kontakt !<\/p>\n<\/span>\n            <div class=\"row is-inset-top-32 middle-xs\" style=\"width:100%;\">\n                                <div class=\"col-xs-12 \">                    \n                                                \n\t\t\t\t\t\t<script>\n\t\t\t\t\t\t\twindow.hsFormsOnReady = window.hsFormsOnReady || [];\n\t\t\t\t\t\t\twindow.hsFormsOnReady.push(()=>{\n\t\t\t\t\t\t\t\thbspt.forms.create({\n\t\t\t\t\t\t\t\t\tportalId: 8988786,\n\t\t\t\t\t\t\t\t\tformId: \"0e4b12b4-acaf-4fb1-92a8-9a162d96224b\",\n\t\t\t\t\t\t\t\t\ttarget: \"#hbspt-form-1777692829000-4392665881\",\n\t\t\t\t\t\t\t\t\tregion: \"na1\",\n\t\t\t\t\t\t\t\t\t\n\t\t\t\t\t\t\t})});\n\t\t\t\t\t\t<\/script>\n\t\t\t\t\t\t<div class=\"hbspt-form\" id=\"hbspt-form-1777692829000-4392665881\"><\/div>                                        \n                <\/div>\n            <\/div>\n        <\/div>\n    <\/div>\n<\/section>","protected":false},"excerpt":{"rendered":"","protected":false},"author":3,"featured_media":14217,"parent":6291,"menu_order":40,"comment_status":"closed","ping_status":"closed","template":"","meta":{"_acf_changed":false,"content-type":"","inline_featured_image":false,"_uag_custom_page_level_css":"","_price":"","_stock":"","_tribe_ticket_header":"","_tribe_default_ticket_provider":"","_ticket_start_date":"","_ticket_end_date":"","_tribe_ticket_show_description":"","_tribe_ticket_show_not_going":false,"_tribe_ticket_use_global_stock":"","_tribe_ticket_global_stock_level":"","_global_stock_mode":"","_global_stock_cap":"","_tribe_rsvp_for_event":"","_tribe_ticket_going_count":"","_tribe_ticket_not_going_count":"","_tribe_tickets_list":"[]","_tribe_ticket_has_attendee_info_fields":false,"footnotes":"","_tec_slr_enabled":"","_tec_slr_layout":""},"class_list":["post-6296","page","type-page","status-publish","has-post-thumbnail","hentry"],"acf":[],"uagb_featured_image_src":{"full":["https:\/\/www.bce.lu\/wp-content\/uploads\/2023\/03\/Add-animated-graphic-elements.png",800,450,false],"thumbnail":["https:\/\/www.bce.lu\/wp-content\/uploads\/2023\/03\/Add-animated-graphic-elements-150x150.png",150,150,true],"medium":["https:\/\/www.bce.lu\/wp-content\/uploads\/2023\/03\/Add-animated-graphic-elements-300x169.png",300,169,true],"medium_large":["https:\/\/www.bce.lu\/wp-content\/uploads\/2023\/03\/Add-animated-graphic-elements-768x432.png",768,432,true],"large":["https:\/\/www.bce.lu\/wp-content\/uploads\/2023\/03\/Add-animated-graphic-elements.png",800,450,false],"1536x1536":["https:\/\/www.bce.lu\/wp-content\/uploads\/2023\/03\/Add-animated-graphic-elements.png",800,450,false],"2048x2048":["https:\/\/www.bce.lu\/wp-content\/uploads\/2023\/03\/Add-animated-graphic-elements.png",800,450,false]},"uagb_author_info":{"display_name":"charline","author_link":"https:\/\/www.bce.lu\/de\/author\/charline\/"},"uagb_comment_info":0,"uagb_excerpt":null,"ticketed":false,"_links":{"self":[{"href":"https:\/\/www.bce.lu\/de\/wp-json\/wp\/v2\/pages\/6296","targetHints":{"allow":["GET"]}}],"collection":[{"href":"https:\/\/www.bce.lu\/de\/wp-json\/wp\/v2\/pages"}],"about":[{"href":"https:\/\/www.bce.lu\/de\/wp-json\/wp\/v2\/types\/page"}],"author":[{"embeddable":true,"href":"https:\/\/www.bce.lu\/de\/wp-json\/wp\/v2\/users\/3"}],"replies":[{"embeddable":true,"href":"https:\/\/www.bce.lu\/de\/wp-json\/wp\/v2\/comments?post=6296"}],"version-history":[{"count":11,"href":"https:\/\/www.bce.lu\/de\/wp-json\/wp\/v2\/pages\/6296\/revisions"}],"predecessor-version":[{"id":13130,"href":"https:\/\/www.bce.lu\/de\/wp-json\/wp\/v2\/pages\/6296\/revisions\/13130"}],"up":[{"embeddable":true,"href":"https:\/\/www.bce.lu\/de\/wp-json\/wp\/v2\/pages\/6291"}],"wp:featuredmedia":[{"embeddable":true,"href":"https:\/\/www.bce.lu\/de\/wp-json\/wp\/v2\/media\/14217"}],"wp:attachment":[{"href":"https:\/\/www.bce.lu\/de\/wp-json\/wp\/v2\/media?parent=6296"}],"curies":[{"name":"wp","href":"https:\/\/api.w.org\/{rel}","templated":true}]}}