{"id":6311,"date":"2023-04-26T17:39:29","date_gmt":"2023-04-26T15:39:29","guid":{"rendered":"https:\/\/www.bce.lu\/loesungen-fuer-sport\/produkt\/empower-your-events-with-voice-over\/"},"modified":"2025-12-11T12:37:09","modified_gmt":"2025-12-11T11:37:09","slug":"verbessern-sie-events-mit-voice-over","status":"publish","type":"page","link":"https:\/\/www.bce.lu\/de\/sport\/produkt\/verbessern-sie-events-mit-voice-over\/","title":{"rendered":"Verbessern Sie Events mit Voice-Over"},"content":{"rendered":"<section class=\"bloc-listing-products-bk sectionPadding\">\n    <div class=\"is-width-large is-center\">\n        <div class=\"is-inset-top-28-mobile\">\n            <h2 class=\"bloc-listing-products-bk-title is-text-center\">Kommunizieren Sie jetzt von \u00fcberall aus, und zwar mit der fortschrittlichen Remote-Voice-Over-L\u00f6sung von BCE: Holovox.<\/h2>\n            <span class=\"bloc-listing-solutions-texte\"><p>Sorgen Sie f\u00fcr einzigartige Live-Sportprogramme, indem Sie Kommentare in einer oder mehreren Sprachen hinzuf\u00fcgen, und bieten Sie Ihrem Publikum ein erstklassiges H\u00f6rerlebnis.<\/p>\n<\/span>\n            \n            <div class=\"row\">\n                            \n                    <div class=\"bloc-listing-products-bk-bloc col-xs-12 col-md-4 is-inset-y-40 is-inset-y-28-mobile\">                \n                        <div class=\"bloc-listing-products-bk-bloc-img\"><img decoding=\"async\" src=\"https:\/\/www.bce.lu\/wp-content\/uploads\/2023\/01\/s2.jpg\"\/><\/div>\n                        <div class=\"bloc-listing-products-bk-bloc-content\">\n                            <h3 class=\"bloc-listing-products-bk-bloc-title\">Stellen Sie die Kontinuit\u00e4t sicher<\/h3>           \n                            <span class=\"bloc-listing-products-bk-bloc-texte\"><!-- wp:paragraph {\"placeholder\":\"Indiquez la description...\"} -->\n<p>Lassen Sie Ihr Publikum in Ihre Live-Sport-Events eintauchen und stellen Sie sicher, dass diese vom rund um die Uhr verf\u00fcgbaren Team des Network Operations Center (NOC) von BCE live \u00fcberwacht werden. Unser Team bietet Sicherheit f\u00fcr Ihre Abl\u00e4ufe und unterst\u00fctzt Sie w\u00e4hrend der Live-Events.<\/p>\n<!-- \/wp:paragraph --><\/span>\n                        <\/div>\n                    <\/div>\n\n                \n                    <div class=\"bloc-listing-products-bk-bloc col-xs-12 col-md-4 is-inset-y-40 is-inset-y-28-mobile\">                \n                        <div class=\"bloc-listing-products-bk-bloc-img\"><img decoding=\"async\" src=\"https:\/\/www.bce.lu\/wp-content\/uploads\/2023\/03\/Manage-your-live.jpg\"\/><\/div>\n                        <div class=\"bloc-listing-products-bk-bloc-content\">\n                            <h3 class=\"bloc-listing-products-bk-bloc-title\">Verwalten Sie Ihre Live-Sendungen<\/h3>           \n                            <span class=\"bloc-listing-products-bk-bloc-texte\"><!-- wp:paragraph {\"placeholder\":\"Indiquez la description...\"} -->\n<p>Greifen Sie w\u00e4hrend der Live-\u00dcbertragungen auf die Fernsteuerung zu, die im Browser Ihres Computers oder Smartphones ge\u00f6ffnet werden kann und mit der Sie den Raumklang sowie die Titel, die Grafiken und die Live-Streams Ihrer Teammitglieder verwalten k\u00f6nnen.<\/p>\n<!-- \/wp:paragraph --><\/span>\n                        <\/div>\n                    <\/div>\n\n                \n                    <div class=\"bloc-listing-products-bk-bloc col-xs-12 col-md-4 is-inset-y-40 is-inset-y-28-mobile\">                \n                        <div class=\"bloc-listing-products-bk-bloc-img\"><img decoding=\"async\" src=\"https:\/\/www.bce.lu\/wp-content\/uploads\/2023\/03\/Go-live.png\"\/><\/div>\n                        <div class=\"bloc-listing-products-bk-bloc-content\">\n                            <h3 class=\"bloc-listing-products-bk-bloc-title\">Gehen Sie live<\/h3>           \n                            <span class=\"bloc-listing-products-bk-bloc-texte\"><!-- wp:paragraph {\"placeholder\":\"Indiquez la description...\"} -->\n<p>Der Remote-Voice-Over-Dienst von BCE erm\u00f6glicht es Ihnen, Ihrem Publikum eine authentische Voice-Over-Berichterstattung f\u00fcr Ihre Sportprogramme zu bieten, als w\u00e4re der Journalist vor Ort. Mit Holovox k\u00f6nnen Ihre Kommentatoren Ihr Event mit einem integrierten Audiokommentar und Video-Feeds von \u00fcberall auf der Welt aus bereichern.<\/p>\n<!-- \/wp:paragraph --><\/span>\n                        <\/div>\n                    <\/div>\n\n                \n                    <div class=\"bloc-listing-products-bk-bloc col-xs-12 col-md-4 is-inset-y-40 is-inset-y-28-mobile\">                \n                        <div class=\"bloc-listing-products-bk-bloc-img\"><img decoding=\"async\" src=\"https:\/\/www.bce.lu\/wp-content\/uploads\/2023\/03\/Simple-configuration.png\"\/><\/div>\n                        <div class=\"bloc-listing-products-bk-bloc-content\">\n                            <h3 class=\"bloc-listing-products-bk-bloc-title\">Einfache Konfiguration<\/h3>           \n                            <span class=\"bloc-listing-products-bk-bloc-texte\"><!-- wp:paragraph {\"placeholder\":\"Indiquez la description...\"} -->\n<p>Holovox ist eine intuitive und benutzerfreundliche Plattform, die es erm\u00f6glicht, mehrere Events gleichzeitig zu kommentieren. Um loszulegen, ben\u00f6tigen Sie lediglich einen Computer, eine Internetverbindung, eine Webcam, Kopfh\u00f6rer und ein Mikrofon f\u00fcr jedes Mitglied Ihres Teams.<\/p>\n<!-- \/wp:paragraph --><\/span>\n                        <\/div>\n                    <\/div>\n\n                \n                    <div class=\"bloc-listing-products-bk-bloc col-xs-12 col-md-4 is-inset-y-40 is-inset-y-28-mobile\">                \n                        <div class=\"bloc-listing-products-bk-bloc-img\"><img decoding=\"async\" src=\"https:\/\/www.bce.lu\/wp-content\/uploads\/2023\/03\/Journalists-and-team-management.png\"\/><\/div>\n                        <div class=\"bloc-listing-products-bk-bloc-content\">\n                            <h3 class=\"bloc-listing-products-bk-bloc-title\">Verwaltung von Journalisten und Teammitgliedern<\/h3>           \n                            <span class=\"bloc-listing-products-bk-bloc-texte\"><!-- wp:paragraph -->\n<p>Es war noch nie so einfach, Ihre Sportkommentare aus der Ferne zu organisieren! Greifen Sie \u00fcber eine intuitive Webanwendung auf Holovox zu und nutzen Sie Ihre eigene Verwaltungsumgebung.<\/p>\n<!-- \/wp:paragraph -->\n\n<!-- wp:paragraph -->\n<p>Mit einem Supervisor-Konto k\u00f6nnen Sie den Zugriff und die Rechte jedes einzelnen Mitglieds verwalten, einen \u00dcberblick \u00fcber alle kommenden Events erhalten, ganz einfach neue Events erstellen und diesen verf\u00fcgbare Mitglieder zuweisen.<\/p>\n<!-- \/wp:paragraph --><\/span>\n                        <\/div>\n                    <\/div>\n\n                                        <\/div>\n        <\/div>\n    <\/div>\n<\/section>\n\n<section class=\"bloc-listing-testimonials\">\n    <div class=\"wrapper is-width-large is-center\">\n        <div  class=\"owl-carousel owl-carousel-testimonial owl-theme rowNoMarg is-container-column\">\n \n            \n        <\/div>\n    <\/div>\n<\/section>\n\n<section class=\"bloc-contact sectionPadding\">\n    <div class=\"wrapper is-width-large is-center\">\n        <div class=\"row is-container-column\">\n            <h2 class=\"bloc-contact-title\">KONTAKTIEREN SIE UNS JETZT!<\/h2>\n            <span class=\"bloc-contact-texte\"><p>F\u00fcllen Sie dieses Formular aus und treten Sie mit unseren Experten in Kontakt !<\/p>\n<\/span>\n            <div class=\"row is-inset-top-32 middle-xs\" style=\"width:100%;\">\n                                <div class=\"col-xs-12 \">                    \n                                                \n\t\t\t\t\t\t<script>\n\t\t\t\t\t\t\twindow.hsFormsOnReady = window.hsFormsOnReady || [];\n\t\t\t\t\t\t\twindow.hsFormsOnReady.push(()=>{\n\t\t\t\t\t\t\t\thbspt.forms.create({\n\t\t\t\t\t\t\t\t\tportalId: 8988786,\n\t\t\t\t\t\t\t\t\tformId: \"c4779177-3109-4d24-b3fb-81f10b9c3bc3\",\n\t\t\t\t\t\t\t\t\ttarget: \"#hbspt-form-1776508756000-9081949377\",\n\t\t\t\t\t\t\t\t\tregion: \"na1\",\n\t\t\t\t\t\t\t\t\t\n\t\t\t\t\t\t\t})});\n\t\t\t\t\t\t<\/script>\n\t\t\t\t\t\t<div class=\"hbspt-form\" id=\"hbspt-form-1776508756000-9081949377\"><\/div>                                        \n                <\/div>\n            <\/div>\n        <\/div>\n    <\/div>\n<\/section>","protected":false},"excerpt":{"rendered":"","protected":false},"author":3,"featured_media":14234,"parent":6291,"menu_order":41,"comment_status":"closed","ping_status":"closed","template":"","meta":{"_acf_changed":false,"content-type":"","inline_featured_image":false,"_uag_custom_page_level_css":"","_price":"","_stock":"","_tribe_ticket_header":"","_tribe_default_ticket_provider":"","_ticket_start_date":"","_ticket_end_date":"","_tribe_ticket_show_description":"","_tribe_ticket_show_not_going":false,"_tribe_ticket_use_global_stock":"","_tribe_ticket_global_stock_level":"","_global_stock_mode":"","_global_stock_cap":"","_tribe_rsvp_for_event":"","_tribe_ticket_going_count":"","_tribe_ticket_not_going_count":"","_tribe_tickets_list":"[]","_tribe_ticket_has_attendee_info_fields":false,"footnotes":"","_tec_slr_enabled":"","_tec_slr_layout":""},"class_list":["post-6311","page","type-page","status-publish","has-post-thumbnail","hentry"],"acf":[],"uagb_featured_image_src":{"full":["https:\/\/www.bce.lu\/wp-content\/uploads\/2023\/03\/Simple-configuration.png",800,450,false],"thumbnail":["https:\/\/www.bce.lu\/wp-content\/uploads\/2023\/03\/Simple-configuration-150x150.png",150,150,true],"medium":["https:\/\/www.bce.lu\/wp-content\/uploads\/2023\/03\/Simple-configuration-300x169.png",300,169,true],"medium_large":["https:\/\/www.bce.lu\/wp-content\/uploads\/2023\/03\/Simple-configuration-768x432.png",768,432,true],"large":["https:\/\/www.bce.lu\/wp-content\/uploads\/2023\/03\/Simple-configuration.png",800,450,false],"1536x1536":["https:\/\/www.bce.lu\/wp-content\/uploads\/2023\/03\/Simple-configuration.png",800,450,false],"2048x2048":["https:\/\/www.bce.lu\/wp-content\/uploads\/2023\/03\/Simple-configuration.png",800,450,false]},"uagb_author_info":{"display_name":"charline","author_link":"https:\/\/www.bce.lu\/de\/author\/charline\/"},"uagb_comment_info":0,"uagb_excerpt":null,"ticketed":false,"_links":{"self":[{"href":"https:\/\/www.bce.lu\/de\/wp-json\/wp\/v2\/pages\/6311","targetHints":{"allow":["GET"]}}],"collection":[{"href":"https:\/\/www.bce.lu\/de\/wp-json\/wp\/v2\/pages"}],"about":[{"href":"https:\/\/www.bce.lu\/de\/wp-json\/wp\/v2\/types\/page"}],"author":[{"embeddable":true,"href":"https:\/\/www.bce.lu\/de\/wp-json\/wp\/v2\/users\/3"}],"replies":[{"embeddable":true,"href":"https:\/\/www.bce.lu\/de\/wp-json\/wp\/v2\/comments?post=6311"}],"version-history":[{"count":15,"href":"https:\/\/www.bce.lu\/de\/wp-json\/wp\/v2\/pages\/6311\/revisions"}],"predecessor-version":[{"id":13133,"href":"https:\/\/www.bce.lu\/de\/wp-json\/wp\/v2\/pages\/6311\/revisions\/13133"}],"up":[{"embeddable":true,"href":"https:\/\/www.bce.lu\/de\/wp-json\/wp\/v2\/pages\/6291"}],"wp:featuredmedia":[{"embeddable":true,"href":"https:\/\/www.bce.lu\/de\/wp-json\/wp\/v2\/media\/14234"}],"wp:attachment":[{"href":"https:\/\/www.bce.lu\/de\/wp-json\/wp\/v2\/media?parent=6311"}],"curies":[{"name":"wp","href":"https:\/\/api.w.org\/{rel}","templated":true}]}}