{"id":6318,"date":"2023-04-26T17:44:17","date_gmt":"2023-04-26T15:44:17","guid":{"rendered":"https:\/\/www.bce.lu\/loesungen-fuer-sport\/produkt\/your-studio-on-the-go\/"},"modified":"2025-07-02T17:16:22","modified_gmt":"2025-07-02T15:16:22","slug":"ihr-studio-fur-unterwegs","status":"publish","type":"page","link":"https:\/\/www.bce.lu\/de\/sport\/produkt\/ihr-studio-fur-unterwegs\/","title":{"rendered":"Ihr Studio f\u00fcr unterwegs"},"content":{"rendered":"<section class=\"bloc-listing-products-bk sectionPadding\">\n    <div class=\"is-width-large is-center\">\n        <div class=\"is-inset-top-28-mobile\">\n            <h2 class=\"bloc-listing-products-bk-title is-text-center\">Dies sorgt f\u00fcr ein einzigartiges und ansprechendes Erlebnis <br \/>\r\nf\u00fcr Ihr Publikum.<\/h2>\n            <span class=\"bloc-listing-solutions-texte\"><p>Mit StudioTalk ist es einfacher als je zuvor, Live-Produktionen zu erschaffen. Ganz gleich, ob Sie ein bestehendes Studio umwandeln oder auf der ganzen Welt \u00fcber Sport-Events berichten\u00a0\u2013 unser intelligentes Produktionstool l\u00e4sst sich leicht an jeden Ort transportieren.<\/p>\n<p>Mit einer intuitiven Touch-Oberfl\u00e4che k\u00f6nnen Sie Ihr Event verwalten. Ihr Team kann sich dabei auf die Erstellung von Inhalten konzentrieren, w\u00e4hrend sich StudioTalk automatisch um die Produktion und Verbreitung Ihres Events k\u00fcmmert.<\/p>\n<\/span>\n            \n            <div class=\"row\">\n                            \n                    <div class=\"bloc-listing-products-bk-bloc col-xs-12 col-md-4 is-inset-y-40 is-inset-y-28-mobile\">                \n                        <div class=\"bloc-listing-products-bk-bloc-img\"><img decoding=\"async\" src=\"https:\/\/www.bce.lu\/wp-content\/uploads\/2023\/03\/Distribute-1.png\"\/><\/div>\n                        <div class=\"bloc-listing-products-bk-bloc-content\">\n                            <h3 class=\"bloc-listing-products-bk-bloc-title\">Verbreitung <\/h3>           \n                            <span class=\"bloc-listing-products-bk-bloc-texte\"><!-- wp:paragraph {\"placeholder\":\"Indiquez la description...\"} -->\n<p>Bieten Sie Ihrem Publikum von \u00fcberall aus ein ansprechendes Erlebnis. Erweitern Sie Ihre Sportfan-Community, indem Sie Ihre Programme \u00fcber Ihren visuellen Radiostream, Ihren TV-Kanal, Ihre Website und soziale Netzwerke verbreiten. St\u00e4rken Sie dar\u00fcber hinaus Ihre Pr\u00e4senz und erstellen Sie Ihre eigene Wiedergabeplattform, auf der Sie Ihre Aufnahmen pr\u00e4sentieren k\u00f6nnen!<\/p>\n<!-- \/wp:paragraph --><\/span>\n                        <\/div>\n                    <\/div>\n\n                \n                    <div class=\"bloc-listing-products-bk-bloc col-xs-12 col-md-4 is-inset-y-40 is-inset-y-28-mobile\">                \n                        <div class=\"bloc-listing-products-bk-bloc-img\"><img decoding=\"async\" src=\"https:\/\/www.bce.lu\/wp-content\/uploads\/2023\/03\/Start-immediately.jpg\"\/><\/div>\n                        <div class=\"bloc-listing-products-bk-bloc-content\">\n                            <h3 class=\"bloc-listing-products-bk-bloc-title\">Einfache Produktion<\/h3>           \n                            <span class=\"bloc-listing-products-bk-bloc-texte\"><!-- wp:paragraph {\"placeholder\":\"Indiquez la description...\"} -->\n<p>Mit der intuitiven grafischen Benutzeroberfl\u00e4che von StudioTalk kann Ihr Team die Studioproduktion problemlos steuern. Wechseln Sie jederzeit zum automatisierten Modus, um die Live-Produktion Ihrer Sendungen sicherzustellen. Das intelligente System von StudioTalk kann automatisch Tonspuren anpassen, die Kamera auf den Sprecher fokussieren und Branding-Effekte hinzuf\u00fcgen und sorgt so jedes Mal f\u00fcr eine nahtlose und professionelle Produktion.<\/p>\n<!-- \/wp:paragraph --><\/span>\n                        <\/div>\n                    <\/div>\n\n                \n                    <div class=\"bloc-listing-products-bk-bloc col-xs-12 col-md-4 is-inset-y-40 is-inset-y-28-mobile\">                \n                        <div class=\"bloc-listing-products-bk-bloc-img\"><img decoding=\"async\" src=\"https:\/\/www.bce.lu\/wp-content\/uploads\/2023\/03\/Manage-1.jpg\"\/><\/div>\n                        <div class=\"bloc-listing-products-bk-bloc-content\">\n                            <h3 class=\"bloc-listing-products-bk-bloc-title\">Verwalten Sie Ihre Inhalte<\/h3>           \n                            <span class=\"bloc-listing-products-bk-bloc-texte\"><!-- wp:paragraph {\"placeholder\":\"Indiquez la description...\"} -->\n<p>Lassen Sie Ihr Publikum in Ihr eigenes Sportuniversum eintauchen, das Sie mit StudioTalk in Ihren Studiosets erschaffen k\u00f6nnen. Dank eines Content-Management-Systems k\u00f6nnen Sie Ihre Videos konsultieren, Playlists erstellen, eigene Branding-Effekte hinzuf\u00fcgen, Ihre Bildschirme und Studiosets mit Sportelementen vorkonfigurieren sowie Titel und Grafiken mit Ihren Sprechern und G\u00e4sten synchronisieren.<\/p>\n<!-- \/wp:paragraph --><\/span>\n                        <\/div>\n                    <\/div>\n\n                \n                    <div class=\"bloc-listing-products-bk-bloc col-xs-12 col-md-4 is-inset-y-40 is-inset-y-28-mobile\">                \n                        <div class=\"bloc-listing-products-bk-bloc-img\"><img decoding=\"async\" src=\"https:\/\/www.bce.lu\/wp-content\/uploads\/2023\/03\/Interconnected-system.jpg\"\/><\/div>\n                        <div class=\"bloc-listing-products-bk-bloc-content\">\n                            <h3 class=\"bloc-listing-products-bk-bloc-title\">Vernetztes System<\/h3>           \n                            <span class=\"bloc-listing-products-bk-bloc-texte\"><!-- wp:paragraph {\"placeholder\":\"Indiquez la description...\"} -->\n<p>StudioTalk ist eine komplette Produktionssuite, die mit Ihrer Infrastruktur verkn\u00fcpft ist, z.\u00a0B. mit Kameras, Licht, Bildschirmen und dem Tonsystem. Stellen Sie eine Verbindung mit Ihrem \u00dcbertragungssystem, Ihrer Website oder einem sozialen Netzwerk her und Sie sind sofort auf Sendung.<\/p>\n<!-- \/wp:paragraph --><\/span>\n                        <\/div>\n                    <\/div>\n\n                \n                    <div class=\"bloc-listing-products-bk-bloc col-xs-12 col-md-4 is-inset-y-40 is-inset-y-28-mobile\">                \n                        <div class=\"bloc-listing-products-bk-bloc-img\"><img decoding=\"async\" src=\"https:\/\/www.bce.lu\/wp-content\/uploads\/2023\/03\/Enrich-1.jpg\"\/><\/div>\n                        <div class=\"bloc-listing-products-bk-bloc-content\">\n                            <h3 class=\"bloc-listing-products-bk-bloc-title\">Schaffen Sie \u00fcberall Ihre eigene Umgebung<\/h3>           \n                            <span class=\"bloc-listing-products-bk-bloc-texte\"><!-- wp:paragraph {\"placeholder\":\"Indiquez la description...\"} -->\n<p>Ganz gleich, ob Sie ein Radiostudio, ein TV-Set oder ein mobiles Produktionsset ben\u00f6tigen\u00a0\u2013 StudioTalk kann implementiert werden, wo auch immer Sie es brauchen! Automatisieren Sie Ihre Sendungsproduktionen und profitieren Sie vom umfassenden Fachwissen der Teams von BCE, um Ihr neues Studio zu erschaffen oder ein bestehendes Studio anzupassen.<\/p>\n<!-- \/wp:paragraph --><\/span>\n                        <\/div>\n                    <\/div>\n\n                                        <\/div>\n        <\/div>\n    <\/div>\n<\/section>\n\n<section class=\"bloc-listing-testimonials\">\n    <div class=\"wrapper is-width-large is-center\">\n        <div  class=\"owl-carousel owl-carousel-testimonial owl-theme rowNoMarg is-container-column\">\n \n            \n        <\/div>\n    <\/div>\n<\/section>\n\n<section class=\"bloc-contact sectionPadding\">\n    <div class=\"wrapper is-width-large is-center\">\n        <div class=\"row is-container-column\">\n            <h2 class=\"bloc-contact-title\">Kontaktieren sie uns jetzt !<\/h2>\n            <span class=\"bloc-contact-texte\"><p>F\u00fcllen Sie dieses Formular aus und treten Sie mit unseren Experten in Kontakt !<\/p>\n<\/span>\n            <div class=\"row is-inset-top-32 middle-xs\" style=\"width:100%;\">\n                                <div class=\"col-xs-12 \">                    \n                                                \n\t\t\t\t\t\t<script>\n\t\t\t\t\t\t\twindow.hsFormsOnReady = window.hsFormsOnReady || [];\n\t\t\t\t\t\t\twindow.hsFormsOnReady.push(()=>{\n\t\t\t\t\t\t\t\thbspt.forms.create({\n\t\t\t\t\t\t\t\t\tportalId: 8988786,\n\t\t\t\t\t\t\t\t\tformId: \"aa394f61-25cb-4c7e-9296-b0a5bd64a978\",\n\t\t\t\t\t\t\t\t\ttarget: \"#hbspt-form-1775916102000-2808491206\",\n\t\t\t\t\t\t\t\t\tregion: \"na1\",\n\t\t\t\t\t\t\t\t\t\n\t\t\t\t\t\t\t})});\n\t\t\t\t\t\t<\/script>\n\t\t\t\t\t\t<div class=\"hbspt-form\" id=\"hbspt-form-1775916102000-2808491206\"><\/div>                                        \n                <\/div>\n            <\/div>\n        <\/div>\n    <\/div>\n<\/section>","protected":false},"excerpt":{"rendered":"","protected":false},"author":3,"featured_media":1037,"parent":6291,"menu_order":45,"comment_status":"closed","ping_status":"closed","template":"","meta":{"_acf_changed":false,"content-type":"","inline_featured_image":false,"_uag_custom_page_level_css":"","_price":"","_stock":"","_tribe_ticket_header":"","_tribe_default_ticket_provider":"","_ticket_start_date":"","_ticket_end_date":"","_tribe_ticket_show_description":"","_tribe_ticket_show_not_going":false,"_tribe_ticket_use_global_stock":"","_tribe_ticket_global_stock_level":"","_global_stock_mode":"","_global_stock_cap":"","_tribe_rsvp_for_event":"","_tribe_ticket_going_count":"","_tribe_ticket_not_going_count":"","_tribe_tickets_list":"[]","_tribe_ticket_has_attendee_info_fields":false,"footnotes":"","_tec_slr_enabled":"","_tec_slr_layout":""},"class_list":["post-6318","page","type-page","status-publish","has-post-thumbnail","hentry"],"acf":[],"uagb_featured_image_src":{"full":["https:\/\/www.bce.lu\/wp-content\/uploads\/2023\/03\/Enrich-1.jpg",1920,1080,false],"thumbnail":["https:\/\/www.bce.lu\/wp-content\/uploads\/2023\/03\/Enrich-1-150x150.jpg",150,150,true],"medium":["https:\/\/www.bce.lu\/wp-content\/uploads\/2023\/03\/Enrich-1-300x169.jpg",300,169,true],"medium_large":["https:\/\/www.bce.lu\/wp-content\/uploads\/2023\/03\/Enrich-1-768x432.jpg",768,432,true],"large":["https:\/\/www.bce.lu\/wp-content\/uploads\/2023\/03\/Enrich-1-1024x576.jpg",1024,576,true],"1536x1536":["https:\/\/www.bce.lu\/wp-content\/uploads\/2023\/03\/Enrich-1-1536x864.jpg",1536,864,true],"2048x2048":["https:\/\/www.bce.lu\/wp-content\/uploads\/2023\/03\/Enrich-1.jpg",1920,1080,false]},"uagb_author_info":{"display_name":"charline","author_link":"https:\/\/www.bce.lu\/de\/author\/charline\/"},"uagb_comment_info":0,"uagb_excerpt":null,"ticketed":false,"_links":{"self":[{"href":"https:\/\/www.bce.lu\/de\/wp-json\/wp\/v2\/pages\/6318","targetHints":{"allow":["GET"]}}],"collection":[{"href":"https:\/\/www.bce.lu\/de\/wp-json\/wp\/v2\/pages"}],"about":[{"href":"https:\/\/www.bce.lu\/de\/wp-json\/wp\/v2\/types\/page"}],"author":[{"embeddable":true,"href":"https:\/\/www.bce.lu\/de\/wp-json\/wp\/v2\/users\/3"}],"replies":[{"embeddable":true,"href":"https:\/\/www.bce.lu\/de\/wp-json\/wp\/v2\/comments?post=6318"}],"version-history":[{"count":9,"href":"https:\/\/www.bce.lu\/de\/wp-json\/wp\/v2\/pages\/6318\/revisions"}],"predecessor-version":[{"id":13140,"href":"https:\/\/www.bce.lu\/de\/wp-json\/wp\/v2\/pages\/6318\/revisions\/13140"}],"up":[{"embeddable":true,"href":"https:\/\/www.bce.lu\/de\/wp-json\/wp\/v2\/pages\/6291"}],"wp:featuredmedia":[{"embeddable":true,"href":"https:\/\/www.bce.lu\/de\/wp-json\/wp\/v2\/media\/1037"}],"wp:attachment":[{"href":"https:\/\/www.bce.lu\/de\/wp-json\/wp\/v2\/media?parent=6318"}],"curies":[{"name":"wp","href":"https:\/\/api.w.org\/{rel}","templated":true}]}}