{"id":6382,"date":"2023-01-16T15:35:02","date_gmt":"2023-01-16T14:35:02","guid":{"rendered":"https:\/\/www.bce.lu\/media\/"},"modified":"2023-11-21T10:48:01","modified_gmt":"2023-11-21T09:48:01","slug":"losungen-fur-medien","status":"publish","type":"page","link":"https:\/\/www.bce.lu\/de\/losungen-fur-medien\/","title":{"rendered":"L\u00f6sungen f\u00fcr Medien"},"content":{"rendered":"<section class=\"bloc-listing-solutions sectionPadding\" id=\"solutions\">\n    <div class=\"is-width-large wrapper is-center\">\n        <div class=\"wrapper is-container-column\">\n            <h2 class=\"bloc-listing-solutions-title\">L\u00d6SUNGEN<\/h2>\n            <span class=\"bloc-listing-solutions-texte\"><p>Unser Fachwissen und unsere Innovationen sind die Basis f\u00fcr Ihre Kundenerlebnisse.<\/p>\n<\/span>\n                \n\n            <div class=\"bloc-listing-solutions-bloc row middle-xs listingBceBloc\">\n\n                                                        \n                    <div class=\"col-md-4 is-text-center-mobile slide slide-1 \">             \n                        <label class=\"labelBce labelBlack bloc-listing-solutions-bloc-label listingBceLabel\" style=\"display:none;\"><\/label>\n                        <div class=\"bloc-listing-solutions-bloc-wrapper-number\">    \n                            <h3 class=\"bloc-listing-solutions-bloc-title is-inset-top-16 is-text-center-mobile listingBceTitle\">Infrastrukturaufbau<\/h3>   \n                        <\/div>        \n                        <span class=\"bloc-listing-solutions-bloc-texte is-inset-y-16 is-text-center-mobile listingBceText\"><p>Mit in mehr als 30\u00a0Jahren Erfahrung in der Medienbranche z\u00e4hlt BCE zu den f\u00fchrenden Systemintegrationsanbietern in Europa.<\/p>\n<\/span>   \n                        <a class=\"button bloc-listing-solutions-bloc-link listingBceLink\" href=\"https:\/\/www.bce.lu\/de\/losungen-fur-medien\/loesungen\/infrastrukturaufbau\/\" title=\"#title\"><span class=\"caret is-right\"><\/span> Mehr lesen <\/a>\n                    <\/div>\n                    <div class=\"col-md-4 slide slide-1 ratioContianer \">\n                            <div class=\"bloc-listing-solutions-bloc-img listingBceImg\"><img src='https:\/\/www.bce.lu\/wp-content\/uploads\/2023\/04\/FT_obvan2.jpg' \/><\/div>\n                    <\/div>\n                    \n                                            \n                    <div class=\"col-md-4 is-text-center-mobile slide slide-2 is-hidden\">             \n                        <label class=\"labelBce labelBlack bloc-listing-solutions-bloc-label listingBceLabel\" style=\"display:none;\"><\/label>\n                        <div class=\"bloc-listing-solutions-bloc-wrapper-number\">    \n                            <h3 class=\"bloc-listing-solutions-bloc-title is-inset-top-16 is-text-center-mobile listingBceTitle\">Erstellen Sie Videos mit Mehrwert<\/h3>   \n                        <\/div>        \n                        <span class=\"bloc-listing-solutions-bloc-texte is-inset-y-16 is-text-center-mobile listingBceText\"><p>Erhalten Sie Zugang zum gesamten Videomarkt mit unseren fortschrittlichen Produktions- und Postproduktionsdiensten.<\/p>\n<\/span>   \n                        <a class=\"button bloc-listing-solutions-bloc-link listingBceLink\" href=\"https:\/\/www.bce.lu\/de\/losungen-fur-medien\/loesungen\/erstellen-sie-videos-mit-mehrwert\/\" title=\"#title\"><span class=\"caret is-right\"><\/span> Mehr lesen <\/a>\n                    <\/div>\n                    <div class=\"col-md-4 slide slide-2 ratioContianer is-hidden\">\n                            <div class=\"bloc-listing-solutions-bloc-img listingBceImg\"><img src='https:\/\/www.bce.lu\/wp-content\/uploads\/2023\/04\/Create-added-value-videos-Feature.jpg' \/><\/div>\n                    <\/div>\n                    \n                                            \n                    <div class=\"col-md-4 is-text-center-mobile slide slide-3 is-hidden\">             \n                        <label class=\"labelBce labelBlack bloc-listing-solutions-bloc-label listingBceLabel\" style=\"display:none;\"><\/label>\n                        <div class=\"bloc-listing-solutions-bloc-wrapper-number\">    \n                            <h3 class=\"bloc-listing-solutions-bloc-title is-inset-top-16 is-text-center-mobile listingBceTitle\">Verbessern und verbreiten Sie Ihre Inhalte<\/h3>   \n                        <\/div>        \n                        <span class=\"bloc-listing-solutions-bloc-texte is-inset-y-16 is-text-center-mobile listingBceText\"><p>Erstellen Sie sendefertige Videos dank der Digital Media Operations von BCE, einem umfassenden Leistungsspektrum zur Aufwertung, Archivierung und Verbreitung Ihrer Inhalte.<\/p>\n<\/span>   \n                        <a class=\"button bloc-listing-solutions-bloc-link listingBceLink\" href=\"https:\/\/www.bce.lu\/de\/losungen-fur-medien\/loesungen\/verbessern-und-verbreiten-sie-ihre-inhalte\/\" title=\"#title\"><span class=\"caret is-right\"><\/span> Mehr lesen <\/a>\n                    <\/div>\n                    <div class=\"col-md-4 slide slide-3 ratioContianer is-hidden\">\n                            <div class=\"bloc-listing-solutions-bloc-img listingBceImg\"><img src='https:\/\/www.bce.lu\/wp-content\/uploads\/2023\/03\/Distribute-1.png' \/><\/div>\n                    <\/div>\n                    \n                                            \n                    <div class=\"col-md-4 is-text-center-mobile slide slide-4 is-hidden\">             \n                        <label class=\"labelBce labelBlack bloc-listing-solutions-bloc-label listingBceLabel\" style=\"display:none;\"><\/label>\n                        <div class=\"bloc-listing-solutions-bloc-wrapper-number\">    \n                            <h3 class=\"bloc-listing-solutions-bloc-title is-inset-top-16 is-text-center-mobile listingBceTitle\">Verwalten Sie Ihre OTT-Plattform<\/h3>   \n                        <\/div>        \n                        <span class=\"bloc-listing-solutions-bloc-texte is-inset-y-16 is-text-center-mobile listingBceText\"><p>BCE stellt Ihnen verschiedene Tools zur Verf\u00fcgung, mit denen Sie Ihre Online-Inhalte verbessern k\u00f6nnen.<\/p>\n<\/span>   \n                        <a class=\"button bloc-listing-solutions-bloc-link listingBceLink\" href=\"https:\/\/www.bce.lu\/de\/losungen-fur-medien\/loesungen\/verwalten-sie-ihre-ott-plattform\/\" title=\"#title\"><span class=\"caret is-right\"><\/span> Mehr lesen <\/a>\n                    <\/div>\n                    <div class=\"col-md-4 slide slide-4 ratioContianer is-hidden\">\n                            <div class=\"bloc-listing-solutions-bloc-img listingBceImg\"><img src='https:\/\/www.bce.lu\/wp-content\/uploads\/2023\/03\/Share-2.png' \/><\/div>\n                    <\/div>\n                    \n                                            \n                    <div class=\"col-md-4 is-text-center-mobile slide slide-5 is-hidden\">             \n                        <label class=\"labelBce labelBlack bloc-listing-solutions-bloc-label listingBceLabel\" style=\"display:none;\"><\/label>\n                        <div class=\"bloc-listing-solutions-bloc-wrapper-number\">    \n                            <h3 class=\"bloc-listing-solutions-bloc-title is-inset-top-16 is-text-center-mobile listingBceTitle\">Bringen Sie Ihren Kanal auf Sendung<\/h3>   \n                        <\/div>        \n                        <span class=\"bloc-listing-solutions-bloc-texte is-inset-y-16 is-text-center-mobile listingBceText\"><p>BCE hat drei Produktreihen von Broadcast-L\u00f6sungen entwickelt, um all Ihren Bed\u00fcrfnissen gerecht zu werden.<\/p>\n<\/span>   \n                        <a class=\"button bloc-listing-solutions-bloc-link listingBceLink\" href=\"https:\/\/www.bce.lu\/de\/losungen-fur-medien\/loesungen\/bringen-sie-ihren-kanal-auf-sendung\/\" title=\"#title\"><span class=\"caret is-right\"><\/span> Mehr lesen <\/a>\n                    <\/div>\n                    <div class=\"col-md-4 slide slide-5 ratioContianer is-hidden\">\n                            <div class=\"bloc-listing-solutions-bloc-img listingBceImg\"><img src='https:\/\/www.bce.lu\/wp-content\/uploads\/2023\/03\/Feature-scaled.jpg' \/><\/div>\n                    <\/div>\n                    \n                                        \n                <div class=\"col-md-4 bloc-listing-solutions-zone\">\n                    \n                                                <ul class=\"bloc-listing-solutions-bloc-title-list listingBceUl listUl-05\">\n                                                        <li class=\"bloc-listing-solutions-bloc-title-link listingBceLi active\" data-slide=\"1\"><span><a href=\"https:\/\/www.bce.lu\/de\/losungen-fur-medien\/loesungen\/infrastrukturaufbau\/\">Infrastrukturaufbau<\/a><\/span><\/li> \n                                                        <li class=\"bloc-listing-solutions-bloc-title-link listingBceLi \" data-slide=\"2\"><span><a href=\"https:\/\/www.bce.lu\/de\/losungen-fur-medien\/loesungen\/erstellen-sie-videos-mit-mehrwert\/\">Erstellen Sie Videos mit Mehrwert<\/a><\/span><\/li> \n                                                        <li class=\"bloc-listing-solutions-bloc-title-link listingBceLi \" data-slide=\"3\"><span><a href=\"https:\/\/www.bce.lu\/de\/losungen-fur-medien\/loesungen\/verbessern-und-verbreiten-sie-ihre-inhalte\/\">Verbessern und verbreiten Sie Ihre Inhalte<\/a><\/span><\/li> \n                                                        <li class=\"bloc-listing-solutions-bloc-title-link listingBceLi \" data-slide=\"4\"><span><a href=\"https:\/\/www.bce.lu\/de\/losungen-fur-medien\/loesungen\/verwalten-sie-ihre-ott-plattform\/\">Verwalten Sie Ihre OTT-Plattform<\/a><\/span><\/li> \n                                                        <li class=\"bloc-listing-solutions-bloc-title-link listingBceLi \" data-slide=\"5\"><span><a href=\"https:\/\/www.bce.lu\/de\/losungen-fur-medien\/loesungen\/bringen-sie-ihren-kanal-auf-sendung\/\">Bringen Sie Ihren Kanal auf Sendung<\/a><\/span><\/li> \n                                                        <\/ul>\n                                               \n                <\/div>\n            <\/div>\n              \n        <\/div>\n    <\/div>\n<\/section>\n\n<section class=\"bloc-listing-products sectionPadding\" id=\"products\">\n    <div class=\"is-width-large wrapper is-center\">\n        <div class=\"rowNoMarg is-container-column\">\n            <h2 class=\"bloc-listing-products-title\">PRODUKTE<\/h2>\n            <span class=\"bloc-listing-products-texte\"><p>Unsere Produkte und Entwicklungen f\u00f6rdern Ihre T\u00e4tigkeit.<\/p>\n<\/span>\n            <div class=\"owl-carousel owl-carousel-products owl-theme col-xs-12 is-inset-top-32\">   \n                                           \n\n                    <div class=\"bloc-listing-products-bloc\">\n                        <div class=\"bloc-listing-products-bloc-content\">\n                                                        <h3 class=\"bloc-listing-products-bloc-title\">Sofortausstrahlung Ihres eigenen Kanals<\/h3>           \n                            <span class=\"bloc-listing-products-bloc-texte\"><p>Stecken Sie sich h\u00f6here Ziele und starten Sie Ihre k\u00fcnftigen Kan\u00e4le<u> in der Cloud<\/u> !<\/p>\n<\/span>\n                            <a class=\"button\" href=\"https:\/\/www.bce.lu\/de\/losungen-fur-medien\/produkte\/sofortausstrahlung-ihres-eigenen-kanals\/\" title=\"Sofortausstrahlung Ihres eigenen Kanals\"><span class=\"caret is-right\"><\/span> Mehr lesen <\/a>\n                        <\/div>\n                        <div class=\"bloc-listing-products-bloc-img\">\n                            <img decoding=\"async\" src=\"https:\/\/www.bce.lu\/wp-content\/uploads\/2023\/03\/Launch-your-channels.png\"\/>\n                        <\/div>\n                    <\/div>\n\n                               \n\n                    <div class=\"bloc-listing-products-bloc\">\n                        <div class=\"bloc-listing-products-bloc-content\">\n                                                        <h3 class=\"bloc-listing-products-bloc-title\">Sichern Sie Ihre Medieninhalte<\/h3>           \n                            <span class=\"bloc-listing-products-bloc-texte\"><p>Speicherung und <u>automatisierte<\/u> Backups in der Cloud.<\/p>\n<\/span>\n                            <a class=\"button\" href=\"https:\/\/www.bce.lu\/de\/losungen-fur-medien\/produkte\/sichern-sie-ihre-medieninhalte\/\" title=\"Sichern Sie Ihre Medieninhalte\"><span class=\"caret is-right\"><\/span> Mehr lesen <\/a>\n                        <\/div>\n                        <div class=\"bloc-listing-products-bloc-img\">\n                            <img decoding=\"async\" src=\"https:\/\/www.bce.lu\/wp-content\/uploads\/2023\/04\/Store-in-Europe.png\"\/>\n                        <\/div>\n                    <\/div>\n\n                               \n\n                    <div class=\"bloc-listing-products-bloc\">\n                        <div class=\"bloc-listing-products-bloc-content\">\n                                                        <h3 class=\"bloc-listing-products-bloc-title\">Automatische Verwaltung k\u00fcnftiger Werbeaktionen<\/h3>           \n                            <span class=\"bloc-listing-products-bloc-texte\"><p>Bereichern Sie Ihre Programme und erzeugen Sie mehrere Werbeaktionen automatisch, egal von wo.<\/p>\n<\/span>\n                            <a class=\"button\" href=\"https:\/\/www.bce.lu\/de\/losungen-fur-medien\/produkte\/automatische-verwaltung-kunftiger-werbeaktionen\/\" title=\"Automatische Verwaltung k\u00fcnftiger Werbeaktionen\"><span class=\"caret is-right\"><\/span> Mehr lesen <\/a>\n                        <\/div>\n                        <div class=\"bloc-listing-products-bloc-img\">\n                            <img decoding=\"async\" src=\"https:\/\/www.bce.lu\/wp-content\/uploads\/2023\/03\/Distribute-to-your-audience.png\"\/>\n                        <\/div>\n                    <\/div>\n\n                               \n\n                    <div class=\"bloc-listing-products-bloc\">\n                        <div class=\"bloc-listing-products-bloc-content\">\n                                                        <h3 class=\"bloc-listing-products-bloc-title\">Verwaltung von TV-Traffic<\/h3>           \n                            <span class=\"bloc-listing-products-bloc-texte\"><p>Verleihen Sie Ihrer Content-Strategie echte Power.<\/p>\n<\/span>\n                            <a class=\"button\" href=\"https:\/\/www.bce.lu\/de\/losungen-fur-medien\/produkte\/verwaltung-von-tv-traffic\/\" title=\"Verwaltung von TV-Traffic\"><span class=\"caret is-right\"><\/span> Mehr lesen <\/a>\n                        <\/div>\n                        <div class=\"bloc-listing-products-bloc-img\">\n                            <img decoding=\"async\" src=\"https:\/\/www.bce.lu\/wp-content\/uploads\/2023\/03\/Schedule-your-channels-content.png\"\/>\n                        <\/div>\n                    <\/div>\n\n                               \n\n                    <div class=\"bloc-listing-products-bloc\">\n                        <div class=\"bloc-listing-products-bloc-content\">\n                                                        <h3 class=\"bloc-listing-products-bloc-title\">Radio wird sichtbar<\/h3>           \n                            <span class=\"bloc-listing-products-bloc-texte\"><p>Automatisieren Sie die Produktion Ihrer Shows<\/p>\n<\/span>\n                            <a class=\"button\" href=\"https:\/\/www.bce.lu\/de\/losungen-fur-medien\/produkte\/radio-wird-sichtbar\/\" title=\"Radio wird sichtbar\"><span class=\"caret is-right\"><\/span> Mehr lesen <\/a>\n                        <\/div>\n                        <div class=\"bloc-listing-products-bloc-img\">\n                            <img decoding=\"async\" src=\"https:\/\/www.bce.lu\/wp-content\/uploads\/2023\/03\/Manage-1.jpg\"\/>\n                        <\/div>\n                    <\/div>\n\n                               \n\n                    <div class=\"bloc-listing-products-bloc\">\n                        <div class=\"bloc-listing-products-bloc-content\">\n                                                        <h3 class=\"bloc-listing-products-bloc-title\">Voiceover \u2013 ortsunabh\u00e4ngig<\/h3>           \n                            <span class=\"bloc-listing-products-bloc-texte\"><p>Vervollkommnen Sie Ihre Live-Programme mit Voiceover-Einbindung, Live-\u00dcbersetzung und Geb\u00e4rdensprache.<\/p>\n<\/span>\n                            <a class=\"button\" href=\"https:\/\/www.bce.lu\/de\/losungen-fur-medien\/produkte\/voiceover-ortsunabhangig\/\" title=\"Voiceover \u2013 ortsunabh\u00e4ngig\"><span class=\"caret is-right\"><\/span> Mehr lesen <\/a>\n                        <\/div>\n                        <div class=\"bloc-listing-products-bloc-img\">\n                            <img decoding=\"async\" src=\"https:\/\/www.bce.lu\/wp-content\/uploads\/2023\/03\/holovox.jpg\"\/>\n                        <\/div>\n                    <\/div>\n\n                            \n        <\/div>\n        <\/div>\n    <\/div>\n<\/section>","protected":false},"excerpt":{"rendered":"","protected":false},"author":3,"featured_media":962,"parent":0,"menu_order":47,"comment_status":"closed","ping_status":"closed","template":"page-notitle.php","meta":{"_acf_changed":false,"content-type":"","inline_featured_image":false,"_uag_custom_page_level_css":"","_price":"","_stock":"","_tribe_ticket_header":"","_tribe_default_ticket_provider":"","_ticket_start_date":"","_ticket_end_date":"","_tribe_ticket_show_description":"","_tribe_ticket_show_not_going":false,"_tribe_ticket_use_global_stock":"","_tribe_ticket_global_stock_level":"","_global_stock_mode":"","_global_stock_cap":"","_tribe_rsvp_for_event":"","_tribe_ticket_going_count":"","_tribe_ticket_not_going_count":"","_tribe_tickets_list":"[]","_tribe_ticket_has_attendee_info_fields":false,"footnotes":"","_tec_slr_enabled":"","_tec_slr_layout":""},"class_list":["post-6382","page","type-page","status-publish","has-post-thumbnail","hentry"],"acf":[],"uagb_featured_image_src":{"full":["https:\/\/www.bce.lu\/wp-content\/uploads\/2023\/01\/s2.jpg",1600,1067,false],"thumbnail":["https:\/\/www.bce.lu\/wp-content\/uploads\/2023\/01\/s2-150x150.jpg",150,150,true],"medium":["https:\/\/www.bce.lu\/wp-content\/uploads\/2023\/01\/s2-300x200.jpg",300,200,true],"medium_large":["https:\/\/www.bce.lu\/wp-content\/uploads\/2023\/01\/s2-768x512.jpg",768,512,true],"large":["https:\/\/www.bce.lu\/wp-content\/uploads\/2023\/01\/s2-1024x683.jpg",1024,683,true],"1536x1536":["https:\/\/www.bce.lu\/wp-content\/uploads\/2023\/01\/s2-1536x1024.jpg",1536,1024,true],"2048x2048":["https:\/\/www.bce.lu\/wp-content\/uploads\/2023\/01\/s2.jpg",1600,1067,false]},"uagb_author_info":{"display_name":"charline","author_link":"https:\/\/www.bce.lu\/de\/author\/charline\/"},"uagb_comment_info":0,"uagb_excerpt":null,"ticketed":false,"_links":{"self":[{"href":"https:\/\/www.bce.lu\/de\/wp-json\/wp\/v2\/pages\/6382","targetHints":{"allow":["GET"]}}],"collection":[{"href":"https:\/\/www.bce.lu\/de\/wp-json\/wp\/v2\/pages"}],"about":[{"href":"https:\/\/www.bce.lu\/de\/wp-json\/wp\/v2\/types\/page"}],"author":[{"embeddable":true,"href":"https:\/\/www.bce.lu\/de\/wp-json\/wp\/v2\/users\/3"}],"replies":[{"embeddable":true,"href":"https:\/\/www.bce.lu\/de\/wp-json\/wp\/v2\/comments?post=6382"}],"version-history":[{"count":10,"href":"https:\/\/www.bce.lu\/de\/wp-json\/wp\/v2\/pages\/6382\/revisions"}],"predecessor-version":[{"id":9647,"href":"https:\/\/www.bce.lu\/de\/wp-json\/wp\/v2\/pages\/6382\/revisions\/9647"}],"wp:featuredmedia":[{"embeddable":true,"href":"https:\/\/www.bce.lu\/de\/wp-json\/wp\/v2\/media\/962"}],"wp:attachment":[{"href":"https:\/\/www.bce.lu\/de\/wp-json\/wp\/v2\/media?parent=6382"}],"curies":[{"name":"wp","href":"https:\/\/api.w.org\/{rel}","templated":true}]}}