{"id":6534,"date":"2023-04-25T09:25:15","date_gmt":"2023-04-25T07:25:15","guid":{"rendered":"https:\/\/www.bce.lu\/media\/products\/secure-your-media-content\/"},"modified":"2025-12-11T11:25:12","modified_gmt":"2025-12-11T10:25:12","slug":"sichern-sie-ihre-medieninhalte","status":"publish","type":"page","link":"https:\/\/www.bce.lu\/de\/losungen-fur-medien\/produkte\/sichern-sie-ihre-medieninhalte\/","title":{"rendered":"Sichern Sie Ihre Medieninhalte"},"content":{"rendered":"<section class=\"bloc-listing-products-bk sectionPadding\">\n    <div class=\"is-width-large is-center\">\n        <div class=\"is-inset-top-28-mobile\">\n            <h2 class=\"bloc-listing-products-bk-title is-text-center\">Verwalten Sie Ihre medienkritischen Daten<br \/>\r\nmit der MCloud von BCE<\/h2>\n            <span class=\"bloc-listing-solutions-texte\"><p>Integrieren Sie die Mcloud-L\u00f6sung von BCE und speichern Sie unbegrenzte TV-Inhalte, Rushes, Musikdateien, Dokumente und andere wesentliche Daten sicher in unseren vollredundanten Rechenzentren. Greifen Sie aus der Ferne auf Ihre kritischen Mediendaten zu und arbeiten Sie mit cloudgest\u00fctzten Ger\u00e4ten und Medienanwendungen ohne \u00fcberraschende Kosten.<\/p>\n<\/span>\n            \n            <div class=\"row\">\n                            \n                    <div class=\"bloc-listing-products-bk-bloc col-xs-12 col-md-4 is-inset-y-40 is-inset-y-28-mobile\">                \n                        <div class=\"bloc-listing-products-bk-bloc-img\"><img decoding=\"async\" src=\"https:\/\/www.bce.lu\/wp-content\/uploads\/2023\/04\/Store-in-Europe.png\"\/><\/div>\n                        <div class=\"bloc-listing-products-bk-bloc-content\">\n                            <h3 class=\"bloc-listing-products-bk-bloc-title\">Speicher in Europa<\/h3>           \n                            <span class=\"bloc-listing-products-bk-bloc-texte\"><!-- wp:paragraph {\"placeholder\":\"Indiquez la description...\"} -->\n<p>Die Mcloud-L\u00f6sung von BCE wird von zwei vollredundanten Rechenzentren unterst\u00fctzt, die nach ISO 27001 zertifiziert sind. Somit bietet sie Ihnen einen sicheren Speicher f\u00fcr Ihre Inhalte. Sie k\u00f6nnen Ihre Daten einfach per Drag und Dop in das System importieren und haben dann nahtlos Zugriff, jederzeit und aus aller Welt. Die L\u00f6sung ist unkompliziert zu nutzen und sorgt f\u00fcr kontinuierliche Verf\u00fcgbarkeit Ihrer wesentlichen Daten.<\/p>\n<!-- \/wp:paragraph --><\/span>\n                        <\/div>\n                    <\/div>\n\n                \n                    <div class=\"bloc-listing-products-bk-bloc col-xs-12 col-md-4 is-inset-y-40 is-inset-y-28-mobile\">                \n                        <div class=\"bloc-listing-products-bk-bloc-img\"><img decoding=\"async\" src=\"https:\/\/www.bce.lu\/wp-content\/uploads\/2023\/04\/Backup-and-secure-your-media-critical-data.png\"\/><\/div>\n                        <div class=\"bloc-listing-products-bk-bloc-content\">\n                            <h3 class=\"bloc-listing-products-bk-bloc-title\">Sicherung und Schutz Ihrer wesentlichen Mediendaten<\/h3>           \n                            <span class=\"bloc-listing-products-bk-bloc-texte\"><!-- wp:paragraph {\"placeholder\":\"Indiquez la description...\"} -->\n<p>Die Kontinuit\u00e4t Ihrer Medieninhalte ist f\u00fcr Ihr Gesch\u00e4ft von entscheidender Bedeutung. Mit Mcloud von BCE k\u00f6nnen Sie Ihre Sicherungsabl\u00e4ufe zentralisieren und fortlaufende Backups Ihrer Dateien, Anwendungen und digitalen Daten in redundanten Rechenzentren erstellen. Damit ist die vollst\u00e4ndige Datenwiederherstellung nach einem unerwarteten Vorfall garantiert.<\/p>\n<!-- \/wp:paragraph --><\/span>\n                        <\/div>\n                    <\/div>\n\n                \n                    <div class=\"bloc-listing-products-bk-bloc col-xs-12 col-md-4 is-inset-y-40 is-inset-y-28-mobile\">                \n                        <div class=\"bloc-listing-products-bk-bloc-img\"><img decoding=\"async\" src=\"https:\/\/www.bce.lu\/wp-content\/uploads\/2023\/04\/Deploy-virtual-servers-1.png\"\/><\/div>\n                        <div class=\"bloc-listing-products-bk-bloc-content\">\n                            <h3 class=\"bloc-listing-products-bk-bloc-title\">Einsatz virtueller Server<\/h3>           \n                            <span class=\"bloc-listing-products-bk-bloc-texte\"><!-- wp:paragraph {\"placeholder\":\"Indiquez la description...\"} -->\n<p>Mit der Cloud von BCE k\u00f6nnen Sie Ihre Medienanwendungen und Ressourcen in einer sicheren Umgebung ausf\u00fchren. Konfigurieren Sie Ihre virtuellen Server ganz nach Ihren Anforderungen, um dann von einem belieben Ort aus der Ferne zu arbeiten.<\/p>\n<!-- \/wp:paragraph --><\/span>\n                        <\/div>\n                    <\/div>\n\n                                        <\/div>\n        <\/div>\n    <\/div>\n<\/section>\n\n<section class=\"bloc-contact sectionPadding\">\n    <div class=\"wrapper is-width-large is-center\">\n        <div class=\"row is-container-column\">\n            <h2 class=\"bloc-contact-title\">KONTAKTIEREN SIE UNS JETZT !<\/h2>\n            <span class=\"bloc-contact-texte\"><p>F\u00fcllen Sie dieses Formular aus und treten Sie mit unseren Experten in Kontakt !<\/p>\n<\/span>\n            <div class=\"row is-inset-top-32 middle-xs\" style=\"width:100%;\">\n                                <div class=\"col-xs-12 \">                    \n                                                \n\t\t\t\t\t\t<script>\n\t\t\t\t\t\t\twindow.hsFormsOnReady = window.hsFormsOnReady || [];\n\t\t\t\t\t\t\twindow.hsFormsOnReady.push(()=>{\n\t\t\t\t\t\t\t\thbspt.forms.create({\n\t\t\t\t\t\t\t\t\tportalId: 8988786,\n\t\t\t\t\t\t\t\t\tformId: \"e34df84f-83ca-4b90-ab65-5fc70577457b\",\n\t\t\t\t\t\t\t\t\ttarget: \"#hbspt-form-1778800355000-6879909218\",\n\t\t\t\t\t\t\t\t\tregion: \"na1\",\n\t\t\t\t\t\t\t\t\t\n\t\t\t\t\t\t\t})});\n\t\t\t\t\t\t<\/script>\n\t\t\t\t\t\t<div class=\"hbspt-form\" id=\"hbspt-form-1778800355000-6879909218\"><\/div>                                        \n                <\/div>\n            <\/div>\n        <\/div>\n    <\/div>\n<\/section>","protected":false},"excerpt":{"rendered":"","protected":false},"author":3,"featured_media":14140,"parent":6524,"menu_order":74,"comment_status":"closed","ping_status":"closed","template":"","meta":{"_acf_changed":false,"content-type":"","inline_featured_image":false,"_uag_custom_page_level_css":"","_price":"","_stock":"","_tribe_ticket_header":"","_tribe_default_ticket_provider":"","_tribe_ticket_capacity":"0","_ticket_start_date":"","_ticket_end_date":"","_tribe_ticket_show_description":"","_tribe_ticket_show_not_going":false,"_tribe_ticket_use_global_stock":"","_tribe_ticket_global_stock_level":"","_global_stock_mode":"","_global_stock_cap":"","_tribe_rsvp_for_event":"","_tribe_ticket_going_count":"","_tribe_ticket_not_going_count":"","_tribe_tickets_list":"[]","_tribe_ticket_has_attendee_info_fields":false,"footnotes":"","_tec_slr_enabled":"","_tec_slr_layout":""},"class_list":["post-6534","page","type-page","status-publish","has-post-thumbnail","hentry"],"acf":[],"uagb_featured_image_src":{"full":["https:\/\/www.bce.lu\/wp-content\/uploads\/2023\/04\/Store-in-Europe.png",800,450,false],"thumbnail":["https:\/\/www.bce.lu\/wp-content\/uploads\/2023\/04\/Store-in-Europe-150x150.png",150,150,true],"medium":["https:\/\/www.bce.lu\/wp-content\/uploads\/2023\/04\/Store-in-Europe-300x169.png",300,169,true],"medium_large":["https:\/\/www.bce.lu\/wp-content\/uploads\/2023\/04\/Store-in-Europe-768x432.png",768,432,true],"large":["https:\/\/www.bce.lu\/wp-content\/uploads\/2023\/04\/Store-in-Europe.png",800,450,false],"1536x1536":["https:\/\/www.bce.lu\/wp-content\/uploads\/2023\/04\/Store-in-Europe.png",800,450,false],"2048x2048":["https:\/\/www.bce.lu\/wp-content\/uploads\/2023\/04\/Store-in-Europe.png",800,450,false]},"uagb_author_info":{"display_name":"charline","author_link":"https:\/\/www.bce.lu\/de\/author\/charline\/"},"uagb_comment_info":0,"uagb_excerpt":null,"ticketed":false,"_links":{"self":[{"href":"https:\/\/www.bce.lu\/de\/wp-json\/wp\/v2\/pages\/6534","targetHints":{"allow":["GET"]}}],"collection":[{"href":"https:\/\/www.bce.lu\/de\/wp-json\/wp\/v2\/pages"}],"about":[{"href":"https:\/\/www.bce.lu\/de\/wp-json\/wp\/v2\/types\/page"}],"author":[{"embeddable":true,"href":"https:\/\/www.bce.lu\/de\/wp-json\/wp\/v2\/users\/3"}],"replies":[{"embeddable":true,"href":"https:\/\/www.bce.lu\/de\/wp-json\/wp\/v2\/comments?post=6534"}],"version-history":[{"count":8,"href":"https:\/\/www.bce.lu\/de\/wp-json\/wp\/v2\/pages\/6534\/revisions"}],"predecessor-version":[{"id":13180,"href":"https:\/\/www.bce.lu\/de\/wp-json\/wp\/v2\/pages\/6534\/revisions\/13180"}],"up":[{"embeddable":true,"href":"https:\/\/www.bce.lu\/de\/wp-json\/wp\/v2\/pages\/6524"}],"wp:featuredmedia":[{"embeddable":true,"href":"https:\/\/www.bce.lu\/de\/wp-json\/wp\/v2\/media\/14140"}],"wp:attachment":[{"href":"https:\/\/www.bce.lu\/de\/wp-json\/wp\/v2\/media?parent=6534"}],"curies":[{"name":"wp","href":"https:\/\/api.w.org\/{rel}","templated":true}]}}