{"id":6555,"date":"2023-04-24T17:33:11","date_gmt":"2023-04-24T15:33:11","guid":{"rendered":"https:\/\/www.bce.lu\/media\/products\/manage-your-upcoming-promotions-automatically\/"},"modified":"2025-12-11T11:32:00","modified_gmt":"2025-12-11T10:32:00","slug":"automatische-verwaltung-kunftiger-werbeaktionen","status":"publish","type":"page","link":"https:\/\/www.bce.lu\/de\/losungen-fur-medien\/produkte\/automatische-verwaltung-kunftiger-werbeaktionen\/","title":{"rendered":"Automatische Verwaltung k\u00fcnftiger Werbeaktionen"},"content":{"rendered":"<section class=\"bloc-listing-products-bk sectionPadding\">\n    <div class=\"is-width-large is-center\">\n        <div class=\"is-inset-top-28-mobile\">\n            <h2 class=\"bloc-listing-products-bk-title is-text-center\">Clip Up ist das Komplett-Tool, um die Zahl der Werbeeinheiten <br \/>\r\nf\u00fcr Ihre k\u00fcnftigen Programme mit einem automatisierten System zu steigern. <\/h2>\n            <span class=\"bloc-listing-solutions-texte\"><p>Verwalten Sie Ihre Teamauftr\u00e4ge, erzeugen Sie Werbeaktionen in wenigen Minuten automatisch und verbreiten Sie Ihre Inhalte \u00fcber mehrere Kan\u00e4le.<\/p>\n<\/span>\n            \n            <div class=\"row\">\n                            \n                    <div class=\"bloc-listing-products-bk-bloc col-xs-12 col-md-4 is-inset-y-40 is-inset-y-28-mobile\">                \n                        <div class=\"bloc-listing-products-bk-bloc-img\"><img decoding=\"async\" src=\"https:\/\/www.bce.lu\/wp-content\/uploads\/2023\/03\/Distribute-to-your-audience.png\"\/><\/div>\n                        <div class=\"bloc-listing-products-bk-bloc-content\">\n                            <h3 class=\"bloc-listing-products-bk-bloc-title\">Verbreitung an Ihr Publikum<\/h3>           \n                            <span class=\"bloc-listing-products-bk-bloc-texte\"><!-- wp:paragraph {\"placeholder\":\"Indiquez la description...\"} -->\n<p>Kommunizieren Sie mit Ihrem Publikum und teilen Sie automatisch Ihre Werbeaktionen auf mehreren Kan\u00e4len! Erreichen Sie zudem mehr Zuschauer und verbreiten Sie Ihre Werbeaktionen auf Ihren digitalen Plattformen wie sozialen Netzen, Ihren OTT-Plattformen und Ihrer visuellen Radiostation.<\/p>\n<!-- \/wp:paragraph --><\/span>\n                        <\/div>\n                    <\/div>\n\n                \n                    <div class=\"bloc-listing-products-bk-bloc col-xs-12 col-md-4 is-inset-y-40 is-inset-y-28-mobile\">                \n                        <div class=\"bloc-listing-products-bk-bloc-img\"><img decoding=\"async\" src=\"https:\/\/www.bce.lu\/wp-content\/uploads\/2023\/03\/Generate-your-program-promotions-automatically.png\"\/><\/div>\n                        <div class=\"bloc-listing-products-bk-bloc-content\">\n                            <h3 class=\"bloc-listing-products-bk-bloc-title\">Automatisch erstellte Programmwerbung<\/h3>           \n                            <span class=\"bloc-listing-products-bk-bloc-texte\"><!-- wp:paragraph -->\n<p>Erstellen Sie in wenigen Minuten m\u00fchelos und automatisch mehrere Werbeaktionen und unterschiedliche Versionen f\u00fcr Ihre TV-Programme. Das Tool erm\u00f6glicht es, gegebenenfalls Hinweiseinblendungen und Hinweise zur elterlichen Begleitung einzuf\u00fcgen.<\/p>\n<!-- \/wp:paragraph --><\/span>\n                        <\/div>\n                    <\/div>\n\n                \n                    <div class=\"bloc-listing-products-bk-bloc col-xs-12 col-md-4 is-inset-y-40 is-inset-y-28-mobile\">                \n                        <div class=\"bloc-listing-products-bk-bloc-img\"><img decoding=\"async\" src=\"https:\/\/www.bce.lu\/wp-content\/uploads\/2023\/03\/Create-branded-tempaltes.png\"\/><\/div>\n                        <div class=\"bloc-listing-products-bk-bloc-content\">\n                            <h3 class=\"bloc-listing-products-bk-bloc-title\">Erstellung markenspezifischer Vorlagen<\/h3>           \n                            <span class=\"bloc-listing-products-bk-bloc-texte\"><!-- wp:paragraph {\"placeholder\":\"Indiquez la description...\"} -->\n<p>Unter Verwendung von <a href=\"https:\/\/www.bing.com\/ck\/a?!&amp;&amp;p=da575deec6699893JmltdHM9MTY3NzExMDQwMCZpZ3VpZD0yMmE2ZTIyZi1jODg5LTY1NDMtMDMzNC1mMmQxYzk1YjY0MjQmaW5zaWQ9NTU1NQ&amp;ptn=3&amp;hsh=3&amp;fclid=22a6e22f-c889-6543-0334-f2d1c95b6424&amp;psq=Adobe+After+Effects&amp;u=a1aHR0cHM6Ly93d3cuYWRvYmUuY29tL3Byb2R1Y3RzL2FmdGVyZWZmZWN0cy5odG1s&amp;ntb=1\" target=\"_blank\" rel=\"noopener\">Adobe After Effects\u00ae<\/a> erstellen die Experten von BCE Ihre individuellen Werbevorlagen auf der Basis Ihrer Grafiken und schulen Ihre Teams in der Nutzung der Clip Up-L\u00f6sung.<\/p>\n<!-- \/wp:paragraph --><\/span>\n                        <\/div>\n                    <\/div>\n\n                \n                    <div class=\"bloc-listing-products-bk-bloc col-xs-12 col-md-4 is-inset-y-40 is-inset-y-28-mobile\">                \n                        <div class=\"bloc-listing-products-bk-bloc-img\"><img decoding=\"async\" src=\"https:\/\/www.bce.lu\/wp-content\/uploads\/2023\/03\/Team-management.jpg.png\"\/><\/div>\n                        <div class=\"bloc-listing-products-bk-bloc-content\">\n                            <h3 class=\"bloc-listing-products-bk-bloc-title\">Teamverwaltung <\/h3>           \n                            <span class=\"bloc-listing-products-bk-bloc-texte\"><!-- wp:paragraph {\"placeholder\":\"Indiquez la description...\"} -->\n<p>Setzen Sie mit Clip Up Ihre Kreativit\u00e4t frei und gestalten Sie Ihre eigenen Vorlagen. Optimieren Sie gleichzeitig die Arbeitsabl\u00e4ufe Ihres Teams, vereinfachen Sie die Zusammenarbeit, verwalten Sie die Aufgabenzuteilung und straffen Sie das Freigabeverfahren. Mit Clip Up k\u00f6nnen Sie sogar Werbeeinheiten automatisch erzeugen, direkt auf der Plattform!<\/p>\n<!-- \/wp:paragraph --><\/span>\n                        <\/div>\n                    <\/div>\n\n                \n                    <div class=\"bloc-listing-products-bk-bloc col-xs-12 col-md-4 is-inset-y-40 is-inset-y-28-mobile\">                \n                        <div class=\"bloc-listing-products-bk-bloc-img\"><img decoding=\"async\" src=\"https:\/\/www.bce.lu\/wp-content\/uploads\/2023\/03\/Store-1.jpg\"\/><\/div>\n                        <div class=\"bloc-listing-products-bk-bloc-content\">\n                            <h3 class=\"bloc-listing-products-bk-bloc-title\">Ihre Umgebung vor Ort bei BCE<\/h3>           \n                            <span class=\"bloc-listing-products-bk-bloc-texte\"><!-- wp:paragraph {\"placeholder\":\"Indiquez la description...\"} -->\n<p>Richten Sie sich Ihre Werbeumgebung im Rechenzentrum von BCE ein, wo Sie Ihre Inhalte speichern und darauf zugreifen k\u00f6nnen. Mit einer einfachen Internetverbindung und einem Browser k\u00f6nnen Sie von \u00fcberall in der Welt auf Ihre personalisierte Umgebung zugreifen.<\/p>\n<!-- \/wp:paragraph --><\/span>\n                        <\/div>\n                    <\/div>\n\n                                        <\/div>\n        <\/div>\n    <\/div>\n<\/section>\n\n<section class=\"bloc-listing-testimonials\">\n    <div class=\"wrapper is-width-large is-center\">\n        <div  class=\"owl-carousel owl-carousel-testimonial owl-theme rowNoMarg is-container-column\">\n \n            \n        <\/div>\n    <\/div>\n<\/section>\n\n<section class=\"bloc-contact sectionPadding\">\n    <div class=\"wrapper is-width-large is-center\">\n        <div class=\"row is-container-column\">\n            <h2 class=\"bloc-contact-title\">KONTAKTIEREN SIE UNS JETZT !<\/h2>\n            <span class=\"bloc-contact-texte\"><p>F\u00fcllen Sie dieses Formular aus und treten Sie mit unseren Experten in Kontakt !<\/p>\n<\/span>\n            <div class=\"row is-inset-top-32 middle-xs\" style=\"width:100%;\">\n                                <div class=\"col-xs-12 \">                    \n                                                \n\t\t\t\t\t\t<script>\n\t\t\t\t\t\t\twindow.hsFormsOnReady = window.hsFormsOnReady || [];\n\t\t\t\t\t\t\twindow.hsFormsOnReady.push(()=>{\n\t\t\t\t\t\t\t\thbspt.forms.create({\n\t\t\t\t\t\t\t\t\tportalId: 8988786,\n\t\t\t\t\t\t\t\t\tformId: \"b522152b-045f-4740-b065-8cfa63f50e5a\",\n\t\t\t\t\t\t\t\t\ttarget: \"#hbspt-form-1776515112000-5663139193\",\n\t\t\t\t\t\t\t\t\tregion: \"na1\",\n\t\t\t\t\t\t\t\t\t\n\t\t\t\t\t\t\t})});\n\t\t\t\t\t\t<\/script>\n\t\t\t\t\t\t<div class=\"hbspt-form\" id=\"hbspt-form-1776515112000-5663139193\"><\/div>                                        \n                <\/div>\n            <\/div>\n        <\/div>\n    <\/div>\n<\/section>","protected":false},"excerpt":{"rendered":"","protected":false},"author":3,"featured_media":14153,"parent":6524,"menu_order":85,"comment_status":"closed","ping_status":"closed","template":"","meta":{"_acf_changed":false,"content-type":"","inline_featured_image":false,"_uag_custom_page_level_css":"","_price":"","_stock":"","_tribe_ticket_header":"","_tribe_default_ticket_provider":"","_ticket_start_date":"","_ticket_end_date":"","_tribe_ticket_show_description":"","_tribe_ticket_show_not_going":false,"_tribe_ticket_use_global_stock":"","_tribe_ticket_global_stock_level":"","_global_stock_mode":"","_global_stock_cap":"","_tribe_rsvp_for_event":"","_tribe_ticket_going_count":"","_tribe_ticket_not_going_count":"","_tribe_tickets_list":"[]","_tribe_ticket_has_attendee_info_fields":false,"footnotes":"","_tec_slr_enabled":"","_tec_slr_layout":""},"class_list":["post-6555","page","type-page","status-publish","has-post-thumbnail","hentry"],"acf":[],"uagb_featured_image_src":{"full":["https:\/\/www.bce.lu\/wp-content\/uploads\/2023\/03\/Distribute-to-your-audience.png",800,450,false],"thumbnail":["https:\/\/www.bce.lu\/wp-content\/uploads\/2023\/03\/Distribute-to-your-audience-150x150.png",150,150,true],"medium":["https:\/\/www.bce.lu\/wp-content\/uploads\/2023\/03\/Distribute-to-your-audience-300x169.png",300,169,true],"medium_large":["https:\/\/www.bce.lu\/wp-content\/uploads\/2023\/03\/Distribute-to-your-audience-768x432.png",768,432,true],"large":["https:\/\/www.bce.lu\/wp-content\/uploads\/2023\/03\/Distribute-to-your-audience.png",800,450,false],"1536x1536":["https:\/\/www.bce.lu\/wp-content\/uploads\/2023\/03\/Distribute-to-your-audience.png",800,450,false],"2048x2048":["https:\/\/www.bce.lu\/wp-content\/uploads\/2023\/03\/Distribute-to-your-audience.png",800,450,false]},"uagb_author_info":{"display_name":"charline","author_link":"https:\/\/www.bce.lu\/de\/author\/charline\/"},"uagb_comment_info":0,"uagb_excerpt":null,"ticketed":false,"_links":{"self":[{"href":"https:\/\/www.bce.lu\/de\/wp-json\/wp\/v2\/pages\/6555","targetHints":{"allow":["GET"]}}],"collection":[{"href":"https:\/\/www.bce.lu\/de\/wp-json\/wp\/v2\/pages"}],"about":[{"href":"https:\/\/www.bce.lu\/de\/wp-json\/wp\/v2\/types\/page"}],"author":[{"embeddable":true,"href":"https:\/\/www.bce.lu\/de\/wp-json\/wp\/v2\/users\/3"}],"replies":[{"embeddable":true,"href":"https:\/\/www.bce.lu\/de\/wp-json\/wp\/v2\/comments?post=6555"}],"version-history":[{"count":12,"href":"https:\/\/www.bce.lu\/de\/wp-json\/wp\/v2\/pages\/6555\/revisions"}],"predecessor-version":[{"id":13186,"href":"https:\/\/www.bce.lu\/de\/wp-json\/wp\/v2\/pages\/6555\/revisions\/13186"}],"up":[{"embeddable":true,"href":"https:\/\/www.bce.lu\/de\/wp-json\/wp\/v2\/pages\/6524"}],"wp:featuredmedia":[{"embeddable":true,"href":"https:\/\/www.bce.lu\/de\/wp-json\/wp\/v2\/media\/14153"}],"wp:attachment":[{"href":"https:\/\/www.bce.lu\/de\/wp-json\/wp\/v2\/media?parent=6555"}],"curies":[{"name":"wp","href":"https:\/\/api.w.org\/{rel}","templated":true}]}}