{"id":6561,"date":"2023-04-24T17:22:36","date_gmt":"2023-04-24T15:22:36","guid":{"rendered":"https:\/\/www.bce.lu\/media\/products\/your-radio-goes-visual\/"},"modified":"2025-07-02T17:34:37","modified_gmt":"2025-07-02T15:34:37","slug":"radio-wird-sichtbar","status":"publish","type":"page","link":"https:\/\/www.bce.lu\/de\/losungen-fur-medien\/produkte\/radio-wird-sichtbar\/","title":{"rendered":"Radio wird sichtbar"},"content":{"rendered":"<section class=\"bloc-listing-products-bk sectionPadding\">\n    <div class=\"is-width-large is-center\">\n        <div class=\"is-inset-top-28-mobile\">\n            <h2 class=\"bloc-listing-products-bk-title is-text-center\">Funktionieren Sie Ihr bestehendes Radiostudio mit StudioTalk<\/h2>\n            <span class=\"bloc-listing-solutions-texte\"><p>Steigen Sie ein in die automatisierte oder manuelle Videoproduktion, bauen Sie Ihren Kanal zur Marke aus, verwalten Sie Ihre Inhalte, bereichern Sie Ihr Angebot und senden Sie Ihre Inhalte live!<\/p>\n<\/span>\n            \n            <div class=\"row\">\n                            \n                    <div class=\"bloc-listing-products-bk-bloc col-xs-12 col-md-4 is-inset-y-40 is-inset-y-28-mobile\">                \n                        <div class=\"bloc-listing-products-bk-bloc-img\"><img decoding=\"async\" src=\"https:\/\/www.bce.lu\/wp-content\/uploads\/2023\/03\/Distribute-2.png\"\/><\/div>\n                        <div class=\"bloc-listing-products-bk-bloc-content\">\n                            <h3 class=\"bloc-listing-products-bk-bloc-title\">Verbreitung <\/h3>           \n                            <span class=\"bloc-listing-products-bk-bloc-texte\"><!-- wp:paragraph {\"placeholder\":\"Indiquez la description...\"} -->\n<p>Erreichen Sie Ihr Publikum \u00fcberall und f\u00f6rdern Sie die Pr\u00e4senz Ihrer Programme. Hierzu verbreiten Sie Ihre mit Bildmaterial angereicherten Radioprogramme auf vielf\u00e4ltigen Plattformen, etwa auf Ihrer Website, in Apps, im Fernsehen oder in sozialen Netzen.<\/p>\n<!-- \/wp:paragraph --><\/span>\n                        <\/div>\n                    <\/div>\n\n                \n                    <div class=\"bloc-listing-products-bk-bloc col-xs-12 col-md-4 is-inset-y-40 is-inset-y-28-mobile\">                \n                        <div class=\"bloc-listing-products-bk-bloc-img\"><img decoding=\"async\" src=\"https:\/\/www.bce.lu\/wp-content\/uploads\/2023\/03\/Manage-1.jpg\"\/><\/div>\n                        <div class=\"bloc-listing-products-bk-bloc-content\">\n                            <h3 class=\"bloc-listing-products-bk-bloc-title\">Jetzt wird\u2018s visuell<\/h3>           \n                            <span class=\"bloc-listing-products-bk-bloc-texte\"><!-- wp:paragraph {\"placeholder\":\"Indiquez la description...\"} -->\n<p>Ihre Teams k\u00f6nnen mittels Touchscreen-Steuerung m\u00fchelos Live-Shows produzieren oder in den Automatikmodus wechseln, in dem Start and Play Ihre Shows produziert. Das System automatisiert die komplette Videoproduktion, Tonanpassung und Grafikeinbindung.<\/p>\n<!-- \/wp:paragraph --><\/span>\n                        <\/div>\n                    <\/div>\n\n                \n                    <div class=\"bloc-listing-products-bk-bloc col-xs-12 col-md-4 is-inset-y-40 is-inset-y-28-mobile\">                \n                        <div class=\"bloc-listing-products-bk-bloc-img\"><img decoding=\"async\" src=\"https:\/\/www.bce.lu\/wp-content\/uploads\/2023\/03\/Go-visual.jpg\"\/><\/div>\n                        <div class=\"bloc-listing-products-bk-bloc-content\">\n                            <h3 class=\"bloc-listing-products-bk-bloc-title\">Verwaltung von Inhalten<\/h3>           \n                            <span class=\"bloc-listing-products-bk-bloc-texte\"><!-- wp:paragraph {\"placeholder\":\"Indiquez la description...\"} -->\n<p>StudioTalk umfasst ein intelligentes Content Management System, das es Ihrem Team erm\u00f6glicht, Inhalte abzurufen, Playlisten zu erstellen und alle f\u00fcr Ihr Live-Programm ben\u00f6tigten Grafiken zu importieren.<\/p>\n<!-- \/wp:paragraph --><\/span>\n                        <\/div>\n                    <\/div>\n\n                \n                    <div class=\"bloc-listing-products-bk-bloc col-xs-12 col-md-4 is-inset-y-40 is-inset-y-28-mobile\">                \n                        <div class=\"bloc-listing-products-bk-bloc-img\"><img decoding=\"async\" src=\"https:\/\/www.bce.lu\/wp-content\/uploads\/2023\/03\/Build-your-studio-2.jpg\"\/><\/div>\n                        <div class=\"bloc-listing-products-bk-bloc-content\">\n                            <h3 class=\"bloc-listing-products-bk-bloc-title\">Studioaufbau <\/h3>           \n                            <span class=\"bloc-listing-products-bk-bloc-texte\"><!-- wp:paragraph {\"placeholder\":\"Indiquez la description...\"} -->\n<p>Lassen Sie sich von den BCE-Fachleuten unterst\u00fctzen bei der Gestaltung oder dem Umbau Ihres Studios und der Integration von Kameras, Beleuchtung, Blenden und einer Tonanlage, sodass all diese Elemente in und mit StudioTalk zusammengeschaltet sind.<\/p>\n<!-- \/wp:paragraph --><\/span>\n                        <\/div>\n                    <\/div>\n\n                                        <\/div>\n        <\/div>\n    <\/div>\n<\/section>\n\n<section class=\"bloc-listing-testimonials\">\n    <div class=\"wrapper is-width-large is-center\">\n        <div  class=\"owl-carousel owl-carousel-testimonial owl-theme rowNoMarg is-container-column\">\n \n            \n        <\/div>\n    <\/div>\n<\/section>\n\n<section class=\"bloc-listing-references \">\n    <div class=\"wrapper is-width-large wrapper is-center\">\n        <div class=\"is-container-column\">\n            <div class=\"row is-inset-y-60 is-inset-y-32-mobile\">\n            <div class=\"owl-carousel owl-carousel-references owl-centered owl-theme col-xs-12 \">\n                            \n                <div class=\"itemGallery\">\n                    <a href=\"https:\/\/www.bce.lu\/de\/references\/rsi\/\"><img decoding=\"async\" src=\"https:\/\/www.bce.lu\/wp-content\/uploads\/2023\/04\/RSI-Logo.png\" alt=\"RSI\"><\/a>\n                <\/div>\n\n                \n                <div class=\"itemGallery\">\n                    <a href=\"https:\/\/www.bce.lu\/de\/references\/fun-radio\/\"><img decoding=\"async\" src=\"https:\/\/www.bce.lu\/wp-content\/uploads\/2023\/04\/Fun-radio-logo.png\" alt=\"Fun Radio\"><\/a>\n                <\/div>\n\n                \n                <div class=\"itemGallery\">\n                    <a href=\"https:\/\/www.bce.lu\/de\/references\/m6\/\"><img decoding=\"async\" src=\"https:\/\/www.bce.lu\/wp-content\/uploads\/2023\/04\/M6-logo.png\" alt=\"M6\"><\/a>\n                <\/div>\n\n                                        <\/div>\n        <\/div>\n    <\/div>\n<\/section>\n\n<section class=\"bloc-contact sectionPadding\">\n    <div class=\"wrapper is-width-large is-center\">\n        <div class=\"row is-container-column\">\n            <h2 class=\"bloc-contact-title\">KONTAKTIEREN SIE UNS JETZT !<\/h2>\n            <span class=\"bloc-contact-texte\"><p>F\u00fcllen Sie dieses Formular aus und treten Sie mit unseren Experten in Kontakt !<\/p>\n<\/span>\n            <div class=\"row is-inset-top-32 middle-xs\" style=\"width:100%;\">\n                                <div class=\"col-xs-12 \">                    \n                                                \n\t\t\t\t\t\t<script>\n\t\t\t\t\t\t\twindow.hsFormsOnReady = window.hsFormsOnReady || [];\n\t\t\t\t\t\t\twindow.hsFormsOnReady.push(()=>{\n\t\t\t\t\t\t\t\thbspt.forms.create({\n\t\t\t\t\t\t\t\t\tportalId: 8988786,\n\t\t\t\t\t\t\t\t\tformId: \"1f259279-171a-45cd-a55c-23b090c4572d\",\n\t\t\t\t\t\t\t\t\ttarget: \"#hbspt-form-1777216188000-8806440252\",\n\t\t\t\t\t\t\t\t\tregion: \"na1\",\n\t\t\t\t\t\t\t\t\t\n\t\t\t\t\t\t\t})});\n\t\t\t\t\t\t<\/script>\n\t\t\t\t\t\t<div class=\"hbspt-form\" id=\"hbspt-form-1777216188000-8806440252\"><\/div>                                        \n                <\/div>\n            <\/div>\n        <\/div>\n    <\/div>\n<\/section>","protected":false},"excerpt":{"rendered":"","protected":false},"author":3,"featured_media":1099,"parent":6524,"menu_order":97,"comment_status":"closed","ping_status":"closed","template":"","meta":{"_acf_changed":false,"content-type":"","inline_featured_image":false,"_uag_custom_page_level_css":"","_price":"","_stock":"","_tribe_ticket_header":"","_tribe_default_ticket_provider":"","_ticket_start_date":"","_ticket_end_date":"","_tribe_ticket_show_description":"","_tribe_ticket_show_not_going":false,"_tribe_ticket_use_global_stock":"","_tribe_ticket_global_stock_level":"","_global_stock_mode":"","_global_stock_cap":"","_tribe_rsvp_for_event":"","_tribe_ticket_going_count":"","_tribe_ticket_not_going_count":"","_tribe_tickets_list":"[]","_tribe_ticket_has_attendee_info_fields":false,"footnotes":"","_tec_slr_enabled":"","_tec_slr_layout":""},"class_list":["post-6561","page","type-page","status-publish","has-post-thumbnail","hentry"],"acf":[],"uagb_featured_image_src":{"full":["https:\/\/www.bce.lu\/wp-content\/uploads\/2023\/03\/Manage-1.jpg",1920,1080,false],"thumbnail":["https:\/\/www.bce.lu\/wp-content\/uploads\/2023\/03\/Manage-1-150x150.jpg",150,150,true],"medium":["https:\/\/www.bce.lu\/wp-content\/uploads\/2023\/03\/Manage-1-300x169.jpg",300,169,true],"medium_large":["https:\/\/www.bce.lu\/wp-content\/uploads\/2023\/03\/Manage-1-768x432.jpg",768,432,true],"large":["https:\/\/www.bce.lu\/wp-content\/uploads\/2023\/03\/Manage-1-1024x576.jpg",1024,576,true],"1536x1536":["https:\/\/www.bce.lu\/wp-content\/uploads\/2023\/03\/Manage-1-1536x864.jpg",1536,864,true],"2048x2048":["https:\/\/www.bce.lu\/wp-content\/uploads\/2023\/03\/Manage-1.jpg",1920,1080,false]},"uagb_author_info":{"display_name":"charline","author_link":"https:\/\/www.bce.lu\/de\/author\/charline\/"},"uagb_comment_info":0,"uagb_excerpt":null,"ticketed":false,"_links":{"self":[{"href":"https:\/\/www.bce.lu\/de\/wp-json\/wp\/v2\/pages\/6561","targetHints":{"allow":["GET"]}}],"collection":[{"href":"https:\/\/www.bce.lu\/de\/wp-json\/wp\/v2\/pages"}],"about":[{"href":"https:\/\/www.bce.lu\/de\/wp-json\/wp\/v2\/types\/page"}],"author":[{"embeddable":true,"href":"https:\/\/www.bce.lu\/de\/wp-json\/wp\/v2\/users\/3"}],"replies":[{"embeddable":true,"href":"https:\/\/www.bce.lu\/de\/wp-json\/wp\/v2\/comments?post=6561"}],"version-history":[{"count":13,"href":"https:\/\/www.bce.lu\/de\/wp-json\/wp\/v2\/pages\/6561\/revisions"}],"predecessor-version":[{"id":13199,"href":"https:\/\/www.bce.lu\/de\/wp-json\/wp\/v2\/pages\/6561\/revisions\/13199"}],"up":[{"embeddable":true,"href":"https:\/\/www.bce.lu\/de\/wp-json\/wp\/v2\/pages\/6524"}],"wp:featuredmedia":[{"embeddable":true,"href":"https:\/\/www.bce.lu\/de\/wp-json\/wp\/v2\/media\/1099"}],"wp:attachment":[{"href":"https:\/\/www.bce.lu\/de\/wp-json\/wp\/v2\/media?parent=6561"}],"curies":[{"name":"wp","href":"https:\/\/api.w.org\/{rel}","templated":true}]}}