{"id":6568,"date":"2023-03-17T09:34:27","date_gmt":"2023-03-17T08:34:27","guid":{"rendered":"https:\/\/www.bce.lu\/media\/products\/voice-over-from-anywhere\/"},"modified":"2025-07-02T17:37:06","modified_gmt":"2025-07-02T15:37:06","slug":"voiceover-ortsunabhangig","status":"publish","type":"page","link":"https:\/\/www.bce.lu\/de\/losungen-fur-medien\/produkte\/voiceover-ortsunabhangig\/","title":{"rendered":"Voiceover \u2013 ortsunabh\u00e4ngig"},"content":{"rendered":"<section class=\"bloc-header-video  sectionPadding\">\n    <div class=\"wrapper is-width-large is-center\">\n            <div class=\"row middle-xs\">\n                                <div class=\"col-xs-12 col-md-6\">\n                    <h2 class=\"bloc-header-video-title\">Vervollkommnen Sie Ihre Live-Programme mit Voiceover-Einbindung, Live-\u00dcbersetzung und Geb\u00e4rdensprache. <\/h2>\n                    <span class=\"bloc-header-video-texte\"><p>Holovox ist das perfekte Tool f\u00fcr die Erstellung einzigartiger Audio- und Videoinhalte f\u00fcr Ihr Zielpublikum. Perfektionieren Sie Ihre Inhalte, indem Sie mehrsprachige Kommentare, Live-\u00dcbersetzungen und Geb\u00e4rdensprachverdolmetschung in Ihre Live-Streams einf\u00fcgen, von jedem beliebigen Ort aus.<\/p>\n<\/span>\n                <\/div>\n                                    <div class=\"col-xs-12 col-md-6\">\n                        <div style=\"position: relative; width: 100%; height: 0; padding-top: 56.2500%;\r\n padding-bottom: 0; box-shadow: 0 2px 8px 0 rgba(63,69,81,0.16); margin-top: 1.6em; margin-bottom: 0.9em; overflow: hidden;\r\n border-radius: 8px; will-change: transform;\">\r\n  <iframe loading=\"lazy\" style=\"position: absolute; width: 100%; height: 100%; top: 0; left: 0; border: none; padding: 0;margin: 0;\"\r\n    src=\"https:&#x2F;&#x2F;www.canva.com&#x2F;design&#x2F;DAFMv4IXIuw&#x2F;watch?embed\" allowfullscreen=\"allowfullscreen\" allow=\"fullscreen\">\r\n  <\/iframe>\r\n<\/div>                    <\/div>\n                            <\/div>\n    <\/div>\n<\/section>\n\n<section class=\"bloc-listing-products-bk sectionPadding\">\n    <div class=\"is-width-large is-center\">\n        <div class=\"is-inset-top-28-mobile\">\n            <h2 class=\"bloc-listing-products-bk-title is-text-center\">FEATURED<\/h2>\n            <span class=\"bloc-listing-solutions-texte\"><\/span>\n            \n            <div class=\"row\">\n                            \n                    <div class=\"bloc-listing-products-bk-bloc col-xs-12 col-md-4 is-inset-y-40 is-inset-y-28-mobile\">                \n                        <div class=\"bloc-listing-products-bk-bloc-img\"><img decoding=\"async\" src=\"https:\/\/www.bce.lu\/wp-content\/uploads\/2023\/03\/Monitor-1.jpg\"\/><\/div>\n                        <div class=\"bloc-listing-products-bk-bloc-content\">\n                            <h3 class=\"bloc-listing-products-bk-bloc-title\">Kontinuit\u00e4t der Live-Ausstrahlung<\/h3>           \n                            <span class=\"bloc-listing-products-bk-bloc-texte\"><!-- wp:paragraph {\"placeholder\":\"Indiquez la description...\"} -->\n<p>Lassen Sie Ihr Publikum eintauchen in Ihre Live-Events und sorgen Sie f\u00fcr die Live-\u00dcberwachung der Events mit dem Team des Network Operations Centre (NOC) von BCE, das rund um die Uhr verf\u00fcgbar ist. Unser Team sorgt f\u00fcr die Sicherheit Ihrer Abl\u00e4ufe und unterst\u00fctzt Sie w\u00e4hrend der Live-Ausstrahlung.<\/p>\n<!-- \/wp:paragraph --><\/span>\n                        <\/div>\n                    <\/div>\n\n                \n                    <div class=\"bloc-listing-products-bk-bloc col-xs-12 col-md-4 is-inset-y-40 is-inset-y-28-mobile\">                \n                        <div class=\"bloc-listing-products-bk-bloc-img\"><img decoding=\"async\" src=\"https:\/\/www.bce.lu\/wp-content\/uploads\/2023\/03\/Live-translation-and-sign-language-insertion-n2.png\"\/><\/div>\n                        <div class=\"bloc-listing-products-bk-bloc-content\">\n                            <h3 class=\"bloc-listing-products-bk-bloc-title\">Live \u00dcbersetzung von Sprache und Geb\u00e4rdensprache<\/h3>           \n                            <span class=\"bloc-listing-products-bk-bloc-texte\"><!-- wp:paragraph {\"placeholder\":\"Indiquez la description...\"} -->\n<p>In Direktverbindung mit Ihrer Webcam oder professionellen Kamera f\u00fcgt Holovox Ihrem Live-Feed ein Video zur Geb\u00e4rdensprachverdolmetschung hinzu. \u00dcber unsere cloudgest\u00fctzte Schnittstelle k\u00f6nnen Sie m\u00fchelos die Videos ausw\u00e4hlen, die Sie in Ihrem Haupt-Live-Video aktivieren bzw. deaktivieren wollen.<\/p>\n<!-- \/wp:paragraph --><\/span>\n                        <\/div>\n                    <\/div>\n\n                \n                    <div class=\"bloc-listing-products-bk-bloc col-xs-12 col-md-4 is-inset-y-40 is-inset-y-28-mobile\">                \n                        <div class=\"bloc-listing-products-bk-bloc-img\"><img decoding=\"async\" src=\"https:\/\/www.bce.lu\/wp-content\/uploads\/2023\/03\/Add-voice-over-remotely-to-your-shows-2.png\"\/><\/div>\n                        <div class=\"bloc-listing-products-bk-bloc-content\">\n                            <h3 class=\"bloc-listing-products-bk-bloc-title\">Voiceover aus der Ferne<\/h3>           \n                            <span class=\"bloc-listing-products-bk-bloc-texte\"><!-- wp:paragraph {\"placeholder\":\"Indiquez la description...\"} -->\n<p>Mit Holovox k\u00f6nnen Sie Ihren Live-Shows ein- oder mehrsprachige Voiceover-Streams hinzuf\u00fcgen und mit einer einfachen Internetverbindung Ihre Kommentatoren aus aller Welt einbeziehen.<\/p>\n<!-- \/wp:paragraph --><\/span>\n                        <\/div>\n                    <\/div>\n\n                \n                    <div class=\"bloc-listing-products-bk-bloc col-xs-12 col-md-4 is-inset-y-40 is-inset-y-28-mobile\">                \n                        <div class=\"bloc-listing-products-bk-bloc-img\"><img decoding=\"async\" src=\"https:\/\/www.bce.lu\/wp-content\/uploads\/2023\/03\/Control-your-settings-in-a-single-tool-2.png\"\/><\/div>\n                        <div class=\"bloc-listing-products-bk-bloc-content\">\n                            <h3 class=\"bloc-listing-products-bk-bloc-title\">Steuerung mit einem Tool<\/h3>           \n                            <span class=\"bloc-listing-products-bk-bloc-texte\"><!-- wp:paragraph {\"placeholder\":\"Indiquez la description...\"} -->\n<p>Eine praktische Fernsteuerfunktion erm\u00f6glicht es Ihnen, Ihre Audio- und Video-Livestreams, Titel und Grafikeinspielungen zu steuern. \u00dcber den Browser auf dem Computer oder Smartphone haben Sie Zugriff auf das Tool, um Ihr Publikum zu bezaubern.<\/p>\n<!-- \/wp:paragraph --><\/span>\n                        <\/div>\n                    <\/div>\n\n                \n                    <div class=\"bloc-listing-products-bk-bloc col-xs-12 col-md-4 is-inset-y-40 is-inset-y-28-mobile\">                \n                        <div class=\"bloc-listing-products-bk-bloc-img\"><img decoding=\"async\" src=\"https:\/\/www.bce.lu\/wp-content\/uploads\/2023\/03\/Manage-your-team.png\"\/><\/div>\n                        <div class=\"bloc-listing-products-bk-bloc-content\">\n                            <h3 class=\"bloc-listing-products-bk-bloc-title\">Teamverwaltung <\/h3>           \n                            <span class=\"bloc-listing-products-bk-bloc-texte\"><!-- wp:paragraph {\"placeholder\":\"Indiquez la description...\"} -->\n<p>Sie erhalten Zugang zu einer nutzerfreundlichen, cloudgest\u00fctzten Plattform, \u00fcber die Sie Ihre anstehenden Events mit Leichtigkeit \u00fcberwachen, jedem Event ein eigenes Team zuteilen und nahtlos auf Sendung gehen k\u00f6nnen.<\/p>\n<!-- \/wp:paragraph --><\/span>\n                        <\/div>\n                    <\/div>\n\n                                        <\/div>\n        <\/div>\n    <\/div>\n<\/section>\n\n<section class=\"bloc-listing-testimonials\">\n    <div class=\"wrapper is-width-large is-center\">\n        <div  class=\"owl-carousel owl-carousel-testimonial owl-theme rowNoMarg is-container-column\">\n \n            \n        <\/div>\n    <\/div>\n<\/section>\n\n<section class=\"bloc-listing-references \">\n    <div class=\"wrapper is-width-large wrapper is-center\">\n        <div class=\"is-container-column\">\n            <div class=\"row is-inset-y-60 is-inset-y-32-mobile\">\n            <div class=\"owl-carousel owl-carousel-references owl-centered owl-theme col-xs-12 \">\n                            \n                <div class=\"itemGallery\">\n                    <a href=\"https:\/\/www.bce.lu\/de\/references\/chambre-des-deputes-du-grand-duche-de-luxembourg\/\"><img decoding=\"async\" src=\"https:\/\/www.bce.lu\/wp-content\/uploads\/2023\/04\/chambre-des-deputes-logo.png\" alt=\"Chambre des D\u00e9put\u00e9s du Grand-Duch\u00e9 de Luxembourg\"><\/a>\n                <\/div>\n\n                \n                <div class=\"itemGallery\">\n                    <a href=\"https:\/\/www.bce.lu\/de\/references\/lequipe-21\/\"><img decoding=\"async\" src=\"https:\/\/www.bce.lu\/wp-content\/uploads\/2023\/04\/Lequipe-logo.png\" alt=\"L&#8217;Equipe 21\"><\/a>\n                <\/div>\n\n                                        <\/div>\n        <\/div>\n    <\/div>\n<\/section>\n\n<section class=\"bloc-contact sectionPadding\">\n    <div class=\"wrapper is-width-large is-center\">\n        <div class=\"row is-container-column\">\n            <h2 class=\"bloc-contact-title\">KONTAKTIEREN SIE UNS JETZT !<\/h2>\n            <span class=\"bloc-contact-texte\"><p>F\u00fcllen Sie dieses Formular aus und treten Sie mit unseren Experten in Kontakt !<\/p>\n<\/span>\n            <div class=\"row is-inset-top-32 middle-xs\" style=\"width:100%;\">\n                                <div class=\"col-xs-12 \">                    \n                                                \n\t\t\t\t\t\t<script>\n\t\t\t\t\t\t\twindow.hsFormsOnReady = window.hsFormsOnReady || [];\n\t\t\t\t\t\t\twindow.hsFormsOnReady.push(()=>{\n\t\t\t\t\t\t\t\thbspt.forms.create({\n\t\t\t\t\t\t\t\t\tportalId: 8988786,\n\t\t\t\t\t\t\t\t\tformId: \"0848d194-a9a7-4114-a0fe-ec5c1117edbc\",\n\t\t\t\t\t\t\t\t\ttarget: \"#hbspt-form-1777280392000-8500013009\",\n\t\t\t\t\t\t\t\t\tregion: \"na1\",\n\t\t\t\t\t\t\t\t\t\n\t\t\t\t\t\t\t})});\n\t\t\t\t\t\t<\/script>\n\t\t\t\t\t\t<div class=\"hbspt-form\" id=\"hbspt-form-1777280392000-8500013009\"><\/div>                                        \n                <\/div>\n            <\/div>\n        <\/div>\n    <\/div>\n<\/section>","protected":false},"excerpt":{"rendered":"","protected":false},"author":3,"featured_media":986,"parent":6524,"menu_order":100,"comment_status":"closed","ping_status":"closed","template":"","meta":{"_acf_changed":false,"content-type":"","inline_featured_image":false,"_uag_custom_page_level_css":"","_price":"","_stock":"","_tribe_ticket_header":"","_tribe_default_ticket_provider":"","_ticket_start_date":"","_ticket_end_date":"","_tribe_ticket_show_description":"","_tribe_ticket_show_not_going":false,"_tribe_ticket_use_global_stock":"","_tribe_ticket_global_stock_level":"","_global_stock_mode":"","_global_stock_cap":"","_tribe_rsvp_for_event":"","_tribe_ticket_going_count":"","_tribe_ticket_not_going_count":"","_tribe_tickets_list":"[]","_tribe_ticket_has_attendee_info_fields":false,"footnotes":"","_tec_slr_enabled":"","_tec_slr_layout":""},"class_list":["post-6568","page","type-page","status-publish","has-post-thumbnail","hentry"],"acf":[],"uagb_featured_image_src":{"full":["https:\/\/www.bce.lu\/wp-content\/uploads\/2023\/03\/holovox.jpg",1600,731,false],"thumbnail":["https:\/\/www.bce.lu\/wp-content\/uploads\/2023\/03\/holovox-150x150.jpg",150,150,true],"medium":["https:\/\/www.bce.lu\/wp-content\/uploads\/2023\/03\/holovox-300x137.jpg",300,137,true],"medium_large":["https:\/\/www.bce.lu\/wp-content\/uploads\/2023\/03\/holovox-768x351.jpg",768,351,true],"large":["https:\/\/www.bce.lu\/wp-content\/uploads\/2023\/03\/holovox-1024x468.jpg",1024,468,true],"1536x1536":["https:\/\/www.bce.lu\/wp-content\/uploads\/2023\/03\/holovox-1536x702.jpg",1536,702,true],"2048x2048":["https:\/\/www.bce.lu\/wp-content\/uploads\/2023\/03\/holovox.jpg",1600,731,false]},"uagb_author_info":{"display_name":"charline","author_link":"https:\/\/www.bce.lu\/de\/author\/charline\/"},"uagb_comment_info":0,"uagb_excerpt":null,"ticketed":false,"_links":{"self":[{"href":"https:\/\/www.bce.lu\/de\/wp-json\/wp\/v2\/pages\/6568","targetHints":{"allow":["GET"]}}],"collection":[{"href":"https:\/\/www.bce.lu\/de\/wp-json\/wp\/v2\/pages"}],"about":[{"href":"https:\/\/www.bce.lu\/de\/wp-json\/wp\/v2\/types\/page"}],"author":[{"embeddable":true,"href":"https:\/\/www.bce.lu\/de\/wp-json\/wp\/v2\/users\/3"}],"replies":[{"embeddable":true,"href":"https:\/\/www.bce.lu\/de\/wp-json\/wp\/v2\/comments?post=6568"}],"version-history":[{"count":18,"href":"https:\/\/www.bce.lu\/de\/wp-json\/wp\/v2\/pages\/6568\/revisions"}],"predecessor-version":[{"id":13206,"href":"https:\/\/www.bce.lu\/de\/wp-json\/wp\/v2\/pages\/6568\/revisions\/13206"}],"up":[{"embeddable":true,"href":"https:\/\/www.bce.lu\/de\/wp-json\/wp\/v2\/pages\/6524"}],"wp:featuredmedia":[{"embeddable":true,"href":"https:\/\/www.bce.lu\/de\/wp-json\/wp\/v2\/media\/986"}],"wp:attachment":[{"href":"https:\/\/www.bce.lu\/de\/wp-json\/wp\/v2\/media?parent=6568"}],"curies":[{"name":"wp","href":"https:\/\/api.w.org\/{rel}","templated":true}]}}