{"id":6670,"date":"2023-04-24T18:15:56","date_gmt":"2023-04-24T16:15:56","guid":{"rendered":"https:\/\/www.bce.lu\/fashion\/products\/safely-store-your-files\/"},"modified":"2025-12-11T13:11:39","modified_gmt":"2025-12-11T12:11:39","slug":"sichere-verwahrung-ihrer-dateien","status":"publish","type":"page","link":"https:\/\/www.bce.lu\/de\/mode\/produkte\/sichere-verwahrung-ihrer-dateien\/","title":{"rendered":"Sichere Verwahrung Ihrer Dateien"},"content":{"rendered":"<section class=\"bloc-listing-products-bk sectionPadding\">\n    <div class=\"is-width-large is-center\">\n        <div class=\"is-inset-top-28-mobile\">\n            <h2 class=\"bloc-listing-products-bk-title is-text-center\">Speichern Sie unlimitierte, <br \/>\r\nFashion-bezogene Inhalte mit BCE\u2019s Mcloud.  <\/h2>\n            <span class=\"bloc-listing-solutions-texte\"><p>Mit der Mcloud-L\u00f6sung von BCE k\u00f6nnen Sie eine unbegrenzte Anzahl an Mode-Inhalten speichern, unter Sicherstellung hoher Verf\u00fcgbarkeit und schneller Datenwiederherstellung.<\/p>\n<p>BCE\u2019s Mcloud L\u00f6sung erlaubt Ihnen ann\u00e4hernd unlimitierte Mengen an Modeinhalten hocherf\u00fcgbar und schnell zugreifbar zu speichern. Ideal f\u00fcr Ihre Video- und Werbe Clips, Mode Streams, Photo Shootings, Musik, Dokumente und jede andere Art von Dateien.<\/p>\n<p><strong>\u00a0<\/strong><\/p>\n<\/span>\n            \n            <div class=\"row\">\n                            \n                    <div class=\"bloc-listing-products-bk-bloc col-xs-12 col-md-4 is-inset-y-40 is-inset-y-28-mobile\">                \n                        <div class=\"bloc-listing-products-bk-bloc-img\"><img decoding=\"async\" src=\"https:\/\/www.bce.lu\/wp-content\/uploads\/2023\/03\/Ensure-data-availability-1.png\"\/><\/div>\n                        <div class=\"bloc-listing-products-bk-bloc-content\">\n                            <h3 class=\"bloc-listing-products-bk-bloc-title\">Garantierte Verf\u00fcgbarkeit Ihrer Daten<\/h3>           \n                            <span class=\"bloc-listing-products-bk-bloc-texte\"><!-- wp:paragraph {\"placeholder\":\"Indiquez la description...\"} -->\n<p>Sorgen Sie daf\u00fcr, dass Ihre Mode-bezogenen Inhalte stets zur Verf\u00fcgung stehen, indem Sie automatische Backups Ihrer gespeicherten Inhalte einplanen. Mit den einfachen Wiederherstellungsoptionen k\u00f6nnen Sie sich entspannt zur\u00fccklehnen, da Sie wissen: Ihre Daten sind jederzeit gesch\u00fctzt!\u00a0<\/p>\n<!-- \/wp:paragraph --><\/span>\n                        <\/div>\n                    <\/div>\n\n                \n                    <div class=\"bloc-listing-products-bk-bloc col-xs-12 col-md-4 is-inset-y-40 is-inset-y-28-mobile\">                \n                        <div class=\"bloc-listing-products-bk-bloc-img\"><img decoding=\"async\" src=\"https:\/\/www.bce.lu\/wp-content\/uploads\/2023\/03\/Get-your-content-in-the-cloud.png\"\/><\/div>\n                        <div class=\"bloc-listing-products-bk-bloc-content\">\n                            <h3 class=\"bloc-listing-products-bk-bloc-title\">\u00dcbertragung Ihrer Inhalte in die Cloud<\/h3>           \n                            <span class=\"bloc-listing-products-bk-bloc-texte\"><!-- wp:paragraph {\"placeholder\":\"Indiquez la description...\"} -->\n<p>Mit Mcloud von BCE erhalten Sie uneingeschr\u00e4nkten Zugriff auf Ihre Inhalte und k\u00f6nnen Ihre Dateien verwalten, umbenennen, verschieben, organisieren, hochladen und herunterladen. Endlich ein Cloudspeicher-Dienst mit einer unkomplizierten Flatrate und garantiert keinen zus\u00e4tzlichen Geb\u00fchren!<\/p>\n<!-- \/wp:paragraph --><\/span>\n                        <\/div>\n                    <\/div>\n\n                \n                    <div class=\"bloc-listing-products-bk-bloc col-xs-12 col-md-4 is-inset-y-40 is-inset-y-28-mobile\">                \n                        <div class=\"bloc-listing-products-bk-bloc-img\"><img decoding=\"async\" src=\"https:\/\/www.bce.lu\/wp-content\/uploads\/2023\/03\/Access-your-content.png\"\/><\/div>\n                        <div class=\"bloc-listing-products-bk-bloc-content\">\n                            <h3 class=\"bloc-listing-products-bk-bloc-title\">Zugriff auf Ihre Inhalte<\/h3>           \n                            <span class=\"bloc-listing-products-bk-bloc-texte\"><!-- wp:paragraph {\"placeholder\":\"Indiquez la description...\"} -->\n<p>W\u00e4hrend Ihre Inhalte sicher in unserer europ\u00e4ischen und DSGVO-konformen Cloud gespeichert sind, k\u00f6nnen Sie jederzeit auf Ihre Mode-bezogenen Inhalte zugreifen und sie sofort nutzen.<\/p>\n<!-- \/wp:paragraph --><\/span>\n                        <\/div>\n                    <\/div>\n\n                \n                    <div class=\"bloc-listing-products-bk-bloc col-xs-12 col-md-4 is-inset-y-40 is-inset-y-28-mobile\">                \n                        <div class=\"bloc-listing-products-bk-bloc-img\"><img decoding=\"async\" src=\"https:\/\/www.bce.lu\/wp-content\/uploads\/2023\/03\/Store-1.jpg\"\/><\/div>\n                        <div class=\"bloc-listing-products-bk-bloc-content\">\n                            <h3 class=\"bloc-listing-products-bk-bloc-title\">Rechenzentren mit Sitz in Europa<\/h3>           \n                            <span class=\"bloc-listing-products-bk-bloc-texte\"><!-- wp:paragraph {\"placeholder\":\"Indiquez la description...\"} -->\n<p>Mit drei Rechenzentren mit Sitz in Europa bietet Mcloud von BCE Ihnen die M\u00f6glichkeit, all Ihre Inhalte in einer gesch\u00fctzten und speziellen Umgebung sicher zu verwahren.Mit drei, in Europa ans\u00e4ssigen Rechenzentren, erm\u00f6glicht Ihnen Mcloud, alle Ihre Daten in einer sicheren und dedizierten Umgebung zu speichern. \u00a0<\/p>\n<!-- \/wp:paragraph --><\/span>\n                        <\/div>\n                    <\/div>\n\n                                        <\/div>\n        <\/div>\n    <\/div>\n<\/section>\n\n<section class=\"bloc-contact sectionPadding\">\n    <div class=\"wrapper is-width-large is-center\">\n        <div class=\"row is-container-column\">\n            <h2 class=\"bloc-contact-title\">KONTAKTIEREN SIE UNS JETZT !<\/h2>\n            <span class=\"bloc-contact-texte\"><p>F\u00fcllen Sie dieses Formular aus und treten Sie mit unseren Experten in Kontakt !<\/p>\n<\/span>\n            <div class=\"row is-inset-top-32 middle-xs\" style=\"width:100%;\">\n                                <div class=\"col-xs-12 \">                    \n                                                \n\t\t\t\t\t\t<script>\n\t\t\t\t\t\t\twindow.hsFormsOnReady = window.hsFormsOnReady || [];\n\t\t\t\t\t\t\twindow.hsFormsOnReady.push(()=>{\n\t\t\t\t\t\t\t\thbspt.forms.create({\n\t\t\t\t\t\t\t\t\tportalId: 8988786,\n\t\t\t\t\t\t\t\t\tformId: \"7930bfce-56e6-4dd2-a0b6-4f6d9e0bb62e\",\n\t\t\t\t\t\t\t\t\ttarget: \"#hbspt-form-1776522757000-2779834824\",\n\t\t\t\t\t\t\t\t\tregion: \"na1\",\n\t\t\t\t\t\t\t\t\t\n\t\t\t\t\t\t\t})});\n\t\t\t\t\t\t<\/script>\n\t\t\t\t\t\t<div class=\"hbspt-form\" id=\"hbspt-form-1776522757000-2779834824\"><\/div>                                        \n                <\/div>\n            <\/div>\n        <\/div>\n    <\/div>\n<\/section>","protected":false},"excerpt":{"rendered":"","protected":false},"author":3,"featured_media":14300,"parent":6648,"menu_order":122,"comment_status":"closed","ping_status":"closed","template":"","meta":{"_acf_changed":false,"content-type":"","inline_featured_image":false,"_uag_custom_page_level_css":"","_price":"","_stock":"","_tribe_ticket_header":"","_tribe_default_ticket_provider":"","_ticket_start_date":"","_ticket_end_date":"","_tribe_ticket_show_description":"","_tribe_ticket_show_not_going":false,"_tribe_ticket_use_global_stock":"","_tribe_ticket_global_stock_level":"","_global_stock_mode":"","_global_stock_cap":"","_tribe_rsvp_for_event":"","_tribe_ticket_going_count":"","_tribe_ticket_not_going_count":"","_tribe_tickets_list":"[]","_tribe_ticket_has_attendee_info_fields":false,"footnotes":"","_tec_slr_enabled":"","_tec_slr_layout":""},"class_list":["post-6670","page","type-page","status-publish","has-post-thumbnail","hentry"],"acf":[],"uagb_featured_image_src":{"full":["https:\/\/www.bce.lu\/wp-content\/uploads\/2023\/03\/Access-your-content.png",800,450,false],"thumbnail":["https:\/\/www.bce.lu\/wp-content\/uploads\/2023\/03\/Access-your-content-150x150.png",150,150,true],"medium":["https:\/\/www.bce.lu\/wp-content\/uploads\/2023\/03\/Access-your-content-300x169.png",300,169,true],"medium_large":["https:\/\/www.bce.lu\/wp-content\/uploads\/2023\/03\/Access-your-content-768x432.png",768,432,true],"large":["https:\/\/www.bce.lu\/wp-content\/uploads\/2023\/03\/Access-your-content.png",800,450,false],"1536x1536":["https:\/\/www.bce.lu\/wp-content\/uploads\/2023\/03\/Access-your-content.png",800,450,false],"2048x2048":["https:\/\/www.bce.lu\/wp-content\/uploads\/2023\/03\/Access-your-content.png",800,450,false]},"uagb_author_info":{"display_name":"charline","author_link":"https:\/\/www.bce.lu\/de\/author\/charline\/"},"uagb_comment_info":0,"uagb_excerpt":null,"ticketed":false,"_links":{"self":[{"href":"https:\/\/www.bce.lu\/de\/wp-json\/wp\/v2\/pages\/6670","targetHints":{"allow":["GET"]}}],"collection":[{"href":"https:\/\/www.bce.lu\/de\/wp-json\/wp\/v2\/pages"}],"about":[{"href":"https:\/\/www.bce.lu\/de\/wp-json\/wp\/v2\/types\/page"}],"author":[{"embeddable":true,"href":"https:\/\/www.bce.lu\/de\/wp-json\/wp\/v2\/users\/3"}],"replies":[{"embeddable":true,"href":"https:\/\/www.bce.lu\/de\/wp-json\/wp\/v2\/comments?post=6670"}],"version-history":[{"count":9,"href":"https:\/\/www.bce.lu\/de\/wp-json\/wp\/v2\/pages\/6670\/revisions"}],"predecessor-version":[{"id":13229,"href":"https:\/\/www.bce.lu\/de\/wp-json\/wp\/v2\/pages\/6670\/revisions\/13229"}],"up":[{"embeddable":true,"href":"https:\/\/www.bce.lu\/de\/wp-json\/wp\/v2\/pages\/6648"}],"wp:featuredmedia":[{"embeddable":true,"href":"https:\/\/www.bce.lu\/de\/wp-json\/wp\/v2\/media\/14300"}],"wp:attachment":[{"href":"https:\/\/www.bce.lu\/de\/wp-json\/wp\/v2\/media?parent=6670"}],"curies":[{"name":"wp","href":"https:\/\/api.w.org\/{rel}","templated":true}]}}