{"id":6678,"date":"2023-03-13T15:20:35","date_gmt":"2023-03-13T14:20:35","guid":{"rendered":"https:\/\/www.bce.lu\/gdpr-policy\/"},"modified":"2023-09-04T16:11:46","modified_gmt":"2023-09-04T14:11:46","slug":"dsgvo","status":"publish","type":"page","link":"https:\/\/www.bce.lu\/de\/dsgvo\/","title":{"rendered":"DSGVO"},"content":{"rendered":"\n<div style=\"height:50px\" aria-hidden=\"true\" class=\"wp-block-spacer\"><\/div>\n\n\n\n<p><strong>Die Datenschutz-Grundverordnung (DSGVO) ist am 25.&nbsp;Mai 2018 in Kraft getreten und st\u00e4rkt Ihre Rechte im Hinblick darauf, wie Ihre personenbezogenen Daten verarbeitet werden. Wir achten Ihr Recht auf Privatsph\u00e4re und legen gro\u00dfen Wert darauf, dass das, was Sie uns mitteilen, sicher bleibt.<\/strong><\/p>\n\n\n\n<p>BCE verpflichtet sich, Ihre Privatsph\u00e4re zu sch\u00fctzen und zu wahren. Wir verwenden Ihre personenbezogenen Daten ausschlie\u00dflich dazu, Ihr Konto zu verwalten und die von Ihnen angeforderten Produkte und Dienstleistungen bereitzustellen. Von Zeit zu Zeit w\u00fcrden wir Sie gerne \u00fcber unsere Produkte und Dienstleistungen sowie \u00fcber andere Inhalte, die f\u00fcr Sie von Interesse sein k\u00f6nnten, informieren.<\/p>\n\n\n\n<p>Die Website von BCE bietet Formulare f\u00fcr Folgendes:<\/p>\n\n\n\n<ul class=\"wp-block-list\">\n<li>Kontaktaufnahme mit unserem Verkaufsteam<\/li>\n\n\n\n<li>Erhalt weiterer Informationen \u00fcber unsere Produkte und Dienstleistungen<\/li>\n\n\n\n<li>Abonnieren unserer Mitteilungen und Marketingaktionen<\/li>\n<\/ul>\n\n\n\n<p>Wenn Sie ein Formular \u00fcbermitteln, m\u00fcssen wir Ihre personenbezogenen Daten speichern und verarbeiten, damit wir Ihnen die gew\u00fcnschten Inhalte zur Verf\u00fcgung stellen k\u00f6nnen.<\/p>\n\n\n\n<p>Wenn Sie uns Ihre ausdr\u00fcckliche Zustimmung nicht erteilen, k\u00f6nnen wir nicht mehr mit Ihnen in Kontakt bleiben oder Ihnen Zugang zu unseren Systemen gew\u00e4hren.<\/p>\n\n\n\n<p>Sie k\u00f6nnen sich jederzeit von diesen Mitteilungen abmelden. Weitere Informationen dar\u00fcber, wie Sie sich abmelden k\u00f6nnen, \u00fcber unsere Datenschutzpraktiken und dar\u00fcber, wie wir Ihre Privatsph\u00e4re sch\u00fctzen und wahren, finden Sie in unserer <a href=\"https:\/\/www.bce.lu\/de\/datenschutzrichtlinie\/\">Datenschutzrichtlinie<\/a>.<\/p>\n\n\n\n<p>Wenn Sie regelm\u00e4\u00dfig Mitteilungen von BCE erhalten m\u00f6chten oder wenn Sie sich in der Vergangenheit f\u00fcr unsere E-Mail-Kampagnen und -Systeme angemeldet haben, m\u00fcssen Sie uns Ihre Zustimmung zur Speicherung Ihrer personenbezogenen Daten geben.<\/p>\n\n\n\n<p>Wenn Sie uns nicht Ihre ausdr\u00fcckliche Zustimmung geben, sind wir nicht mehr in der Lage, mit Ihnen in Kontakt zu bleiben oder Ihnen den Zugriff auf unsere Systeme zu gew\u00e4hren.<\/p>\n\n\n\n<p>Vielen Dank, <\/p>\n\n\n\n<p>BCE.<\/p>\n\n\n<section class=\"bloc-contact sectionPadding\">\n    <div class=\"wrapper is-width-large is-center\">\n        <div class=\"row is-container-column\">\n            <h2 class=\"bloc-contact-title\"><\/h2>\n            <span class=\"bloc-contact-texte\"><\/span>\n            <div class=\"row is-inset-top-32 middle-xs\" style=\"width:100%;\">\n                                <div class=\"col-xs-12 \">                    \n                                                \n\t\t\t\t\t\t<script>\n\t\t\t\t\t\t\twindow.hsFormsOnReady = window.hsFormsOnReady || [];\n\t\t\t\t\t\t\twindow.hsFormsOnReady.push(()=>{\n\t\t\t\t\t\t\t\thbspt.forms.create({\n\t\t\t\t\t\t\t\t\tportalId: 8988786,\n\t\t\t\t\t\t\t\t\tformId: \"0687cb7a-8811-4fe1-92b0-b3ac4e56e7da\",\n\t\t\t\t\t\t\t\t\ttarget: \"#hbspt-form-1776508246000-8680973152\",\n\t\t\t\t\t\t\t\t\tregion: \"na1\",\n\t\t\t\t\t\t\t\t\t\n\t\t\t\t\t\t\t})});\n\t\t\t\t\t\t<\/script>\n\t\t\t\t\t\t<div class=\"hbspt-form\" id=\"hbspt-form-1776508246000-8680973152\"><\/div>                                        \n                <\/div>\n            <\/div>\n        <\/div>\n    <\/div>\n<\/section>","protected":false},"excerpt":{"rendered":"<p>Die Datenschutz-Grundverordnung (DSGVO) ist am 25.&nbsp;Mai 2018 in Kraft [&hellip;]<\/p>\n","protected":false},"author":3,"featured_media":0,"parent":0,"menu_order":127,"comment_status":"closed","ping_status":"closed","template":"","meta":{"_acf_changed":false,"content-type":"","inline_featured_image":false,"_uag_custom_page_level_css":"","_price":"","_stock":"","_tribe_ticket_header":"","_tribe_default_ticket_provider":"","_ticket_start_date":"","_ticket_end_date":"","_tribe_ticket_show_description":"","_tribe_ticket_show_not_going":false,"_tribe_ticket_use_global_stock":"","_tribe_ticket_global_stock_level":"","_global_stock_mode":"","_global_stock_cap":"","_tribe_rsvp_for_event":"","_tribe_ticket_going_count":"","_tribe_ticket_not_going_count":"","_tribe_tickets_list":"[]","_tribe_ticket_has_attendee_info_fields":false,"footnotes":"","_tec_slr_enabled":"","_tec_slr_layout":""},"class_list":["post-6678","page","type-page","status-publish","hentry"],"acf":[],"uagb_featured_image_src":{"full":false,"thumbnail":false,"medium":false,"medium_large":false,"large":false,"1536x1536":false,"2048x2048":false},"uagb_author_info":{"display_name":"charline","author_link":"https:\/\/www.bce.lu\/de\/author\/charline\/"},"uagb_comment_info":0,"uagb_excerpt":"Die Datenschutz-Grundverordnung (DSGVO) ist am 25.&nbsp;Mai 2018 in Kraft [&hellip;]","ticketed":false,"_links":{"self":[{"href":"https:\/\/www.bce.lu\/de\/wp-json\/wp\/v2\/pages\/6678","targetHints":{"allow":["GET"]}}],"collection":[{"href":"https:\/\/www.bce.lu\/de\/wp-json\/wp\/v2\/pages"}],"about":[{"href":"https:\/\/www.bce.lu\/de\/wp-json\/wp\/v2\/types\/page"}],"author":[{"embeddable":true,"href":"https:\/\/www.bce.lu\/de\/wp-json\/wp\/v2\/users\/3"}],"replies":[{"embeddable":true,"href":"https:\/\/www.bce.lu\/de\/wp-json\/wp\/v2\/comments?post=6678"}],"version-history":[{"count":7,"href":"https:\/\/www.bce.lu\/de\/wp-json\/wp\/v2\/pages\/6678\/revisions"}],"predecessor-version":[{"id":8569,"href":"https:\/\/www.bce.lu\/de\/wp-json\/wp\/v2\/pages\/6678\/revisions\/8569"}],"wp:attachment":[{"href":"https:\/\/www.bce.lu\/de\/wp-json\/wp\/v2\/media?parent=6678"}],"curies":[{"name":"wp","href":"https:\/\/api.w.org\/{rel}","templated":true}]}}