{"id":6683,"date":"2023-01-16T16:21:45","date_gmt":"2023-01-16T15:21:45","guid":{"rendered":"https:\/\/www.bce.lu\/business\/"},"modified":"2023-09-11T17:48:06","modified_gmt":"2023-09-11T15:48:06","slug":"unternehmen","status":"publish","type":"page","link":"https:\/\/www.bce.lu\/de\/unternehmen\/","title":{"rendered":"L\u00f6sungen f\u00fcr Unternehmen"},"content":{"rendered":"<section class=\"bloc-listing-solutions sectionPadding\" id=\"solutions\">\n    <div class=\"is-width-large wrapper is-center\">\n        <div class=\"wrapper is-container-column\">\n            <h2 class=\"bloc-listing-solutions-title\">L\u00f6sungen<\/h2>\n            <span class=\"bloc-listing-solutions-texte\"><p>In der digitalen Welt ist es von entscheidender Bedeutung, dass Sie mit allen B\u00fcrgerinnen und B\u00fcrgern weltweit kommunizieren k\u00f6nnen.<\/p>\n<\/span>\n                \n\n            <div class=\"bloc-listing-solutions-bloc row middle-xs listingBceBloc\">\n\n                                                        \n                    <div class=\"col-md-4 is-text-center-mobile slide slide-1 \">             \n                        <label class=\"labelBce labelBlack bloc-listing-solutions-bloc-label listingBceLabel\" style=\"display:none;\"><\/label>\n                        <div class=\"bloc-listing-solutions-bloc-wrapper-number\">    \n                            <h3 class=\"bloc-listing-solutions-bloc-title is-inset-top-16 is-text-center-mobile listingBceTitle\">Sch\u00fctzen Sie Ihre bestehenden Inhalte<\/h3>   \n                        <\/div>        \n                        <span class=\"bloc-listing-solutions-bloc-texte is-inset-y-16 is-text-center-mobile listingBceText\"><p>Haben Sie noch Tausende von Stunden an Videoinhalten irgendwo gespeichert? Wir helfen Ihnen gerne dabei, diese verf\u00fcgbar zu machen.<\/p>\n<\/span>   \n                        <a class=\"button bloc-listing-solutions-bloc-link listingBceLink\" href=\"https:\/\/www.bce.lu\/de\/unternehmen\/losungen\/schutzen-sie-ihre-bestehenden-inhalte\/\" title=\"#title\"><span class=\"caret is-right\"><\/span> Mehr lesen <\/a>\n                    <\/div>\n                    <div class=\"col-md-4 slide slide-1 ratioContianer \">\n                            <div class=\"bloc-listing-solutions-bloc-img listingBceImg\"><img src='https:\/\/www.bce.lu\/wp-content\/uploads\/2023\/03\/Organise-5.png' \/><\/div>\n                    <\/div>\n                    \n                                            \n                    <div class=\"col-md-4 is-text-center-mobile slide slide-2 is-hidden\">             \n                        <label class=\"labelBce labelBlack bloc-listing-solutions-bloc-label listingBceLabel\" style=\"display:none;\"><\/label>\n                        <div class=\"bloc-listing-solutions-bloc-wrapper-number\">    \n                            <h3 class=\"bloc-listing-solutions-bloc-title is-inset-top-16 is-text-center-mobile listingBceTitle\">Teilen Sie Inhalte mit der Welt<\/h3>   \n                        <\/div>        \n                        <span class=\"bloc-listing-solutions-bloc-texte is-inset-y-16 is-text-center-mobile listingBceText\"><p>Geben Sie Ihrem Publikum Zugang zu all Ihren Konferenzen, Meetings, Veranstaltungen und vielem mehr.<\/p>\n<\/span>   \n                        <a class=\"button bloc-listing-solutions-bloc-link listingBceLink\" href=\"https:\/\/www.bce.lu\/de\/unternehmen\/losungen\/teilen-sie-inhalte-mit-der-welt\/\" title=\"#title\"><span class=\"caret is-right\"><\/span> Mehr lesen <\/a>\n                    <\/div>\n                    <div class=\"col-md-4 slide slide-2 ratioContianer is-hidden\">\n                            <div class=\"bloc-listing-solutions-bloc-img listingBceImg\"><img src='https:\/\/www.bce.lu\/wp-content\/uploads\/2023\/03\/Engage.png' \/><\/div>\n                    <\/div>\n                    \n                                            \n                    <div class=\"col-md-4 is-text-center-mobile slide slide-3 is-hidden\">             \n                        <label class=\"labelBce labelBlack bloc-listing-solutions-bloc-label listingBceLabel\" style=\"display:none;\"><\/label>\n                        <div class=\"bloc-listing-solutions-bloc-wrapper-number\">    \n                            <h3 class=\"bloc-listing-solutions-bloc-title is-inset-top-16 is-text-center-mobile listingBceTitle\">Bewerben Sie Ihre T\u00e4tigkeiten<\/h3>   \n                        <\/div>        \n                        <span class=\"bloc-listing-solutions-bloc-texte is-inset-y-16 is-text-center-mobile listingBceText\"><p>Vermitteln Sie einen klaren \u00dcberblick \u00fcber Ihre T\u00e4tigkeiten und Ma\u00dfnahmen mithilfe intelligenter Videos, die leicht weitergegeben werden k\u00f6nnen.<\/p>\n<\/span>   \n                        <a class=\"button bloc-listing-solutions-bloc-link listingBceLink\" href=\"https:\/\/www.bce.lu\/de\/unternehmen\/losungen\/bewerben-sie-ihre-tatigkeiten\/\" title=\"#title\"><span class=\"caret is-right\"><\/span> Mehr lesen <\/a>\n                    <\/div>\n                    <div class=\"col-md-4 slide slide-3 ratioContianer is-hidden\">\n                            <div class=\"bloc-listing-solutions-bloc-img listingBceImg\"><img src='https:\/\/www.bce.lu\/wp-content\/uploads\/2023\/04\/Feature-LaLux.jpg' \/><\/div>\n                    <\/div>\n                    \n                                            \n                    <div class=\"col-md-4 is-text-center-mobile slide slide-4 is-hidden\">             \n                        <label class=\"labelBce labelBlack bloc-listing-solutions-bloc-label listingBceLabel\" style=\"display:none;\"><\/label>\n                        <div class=\"bloc-listing-solutions-bloc-wrapper-number\">    \n                            <h3 class=\"bloc-listing-solutions-bloc-title is-inset-top-16 is-text-center-mobile listingBceTitle\">Live-Streaming<\/h3>   \n                        <\/div>        \n                        <span class=\"bloc-listing-solutions-bloc-texte is-inset-y-16 is-text-center-mobile listingBceText\"><p>Streamen Sie ansprechende Sitzungen, Veranstaltungen und Konferenzen weltweit.<\/p>\n<\/span>   \n                        <a class=\"button bloc-listing-solutions-bloc-link listingBceLink\" href=\"https:\/\/www.bce.lu\/de\/unternehmen\/losungen\/live-streaming\/\" title=\"#title\"><span class=\"caret is-right\"><\/span> Mehr lesen <\/a>\n                    <\/div>\n                    <div class=\"col-md-4 slide slide-4 ratioContianer is-hidden\">\n                            <div class=\"bloc-listing-solutions-bloc-img listingBceImg\"><img src='https:\/\/www.bce.lu\/wp-content\/uploads\/2023\/03\/Cover-1.jpg' \/><\/div>\n                    <\/div>\n                    \n                                        \n                <div class=\"col-md-4 bloc-listing-solutions-zone\">\n                    \n                                                <ul class=\"bloc-listing-solutions-bloc-title-list listingBceUl listUl-04\">\n                                                        <li class=\"bloc-listing-solutions-bloc-title-link listingBceLi active\" data-slide=\"1\"><span><a href=\"https:\/\/www.bce.lu\/de\/unternehmen\/losungen\/schutzen-sie-ihre-bestehenden-inhalte\/\">Sch\u00fctzen Sie Ihre bestehenden Inhalte<\/a><\/span><\/li> \n                                                        <li class=\"bloc-listing-solutions-bloc-title-link listingBceLi \" data-slide=\"2\"><span><a href=\"https:\/\/www.bce.lu\/de\/unternehmen\/losungen\/teilen-sie-inhalte-mit-der-welt\/\">Teilen Sie Inhalte mit der Welt<\/a><\/span><\/li> \n                                                        <li class=\"bloc-listing-solutions-bloc-title-link listingBceLi \" data-slide=\"3\"><span><a href=\"https:\/\/www.bce.lu\/de\/unternehmen\/losungen\/bewerben-sie-ihre-tatigkeiten\/\">Bewerben Sie Ihre T\u00e4tigkeiten<\/a><\/span><\/li> \n                                                        <li class=\"bloc-listing-solutions-bloc-title-link listingBceLi \" data-slide=\"4\"><span><a href=\"https:\/\/www.bce.lu\/de\/unternehmen\/losungen\/live-streaming\/\">Live-Streaming<\/a><\/span><\/li> \n                                                        <\/ul>\n                                               \n                <\/div>\n            <\/div>\n              \n        <\/div>\n    <\/div>\n<\/section>\n\n<section class=\"bloc-listing-products sectionPadding\" id=\"products\">\n    <div class=\"is-width-large wrapper is-center\">\n        <div class=\"rowNoMarg is-container-column\">\n            <h2 class=\"bloc-listing-products-title\">PRODUKTE<\/h2>\n            <span class=\"bloc-listing-products-texte\"><\/span>\n            <div class=\"owl-carousel owl-carousel-products owl-theme col-xs-12 is-inset-top-32\">   \n                                           \n\n                    <div class=\"bloc-listing-products-bloc\">\n                        <div class=\"bloc-listing-products-bloc-content\">\n                                                        <h3 class=\"bloc-listing-products-bloc-title\">Live Programm aus Ihrem eigenen Studio<\/h3>           \n                            <span class=\"bloc-listing-products-bloc-texte\"><p>Intelligente Produktionssuite f\u00fcr das Live-Streaming Ihrer Sitzungen und Konferenzen.<\/p>\n<\/span>\n                            <a class=\"button\" href=\"https:\/\/www.bce.lu\/de\/unternehmen\/produkte\/live-programm-aus-ihrem-eigenen-studio\/\" title=\"Live Programm aus Ihrem eigenen Studio\"><span class=\"caret is-right\"><\/span> Mehr lesen <\/a>\n                        <\/div>\n                        <div class=\"bloc-listing-products-bloc-img\">\n                            <img decoding=\"async\" src=\"https:\/\/www.bce.lu\/wp-content\/uploads\/2023\/03\/Start-immediately.jpg\"\/>\n                        <\/div>\n                    <\/div>\n\n                               \n\n                    <div class=\"bloc-listing-products-bloc\">\n                        <div class=\"bloc-listing-products-bloc-content\">\n                                                        <h3 class=\"bloc-listing-products-bloc-title\">Live-\u00dcbersetzung und -Geb\u00e4rdensprache<\/h3>           \n                            <span class=\"bloc-listing-products-bloc-texte\"><p>Cloud-basierte L\u00f6sung zum Hinzuf\u00fcgen von \u00dcbersetzungen und Geb\u00e4rdensprache zu Live-Videos.<\/p>\n<\/span>\n                            <a class=\"button\" href=\"https:\/\/www.bce.lu\/de\/unternehmen\/produkte\/live-ubersetzung-und-gebardensprache\/\" title=\"Live-\u00dcbersetzung und -Geb\u00e4rdensprache\"><span class=\"caret is-right\"><\/span> Mehr lesen <\/a>\n                        <\/div>\n                        <div class=\"bloc-listing-products-bloc-img\">\n                            <img decoding=\"async\" src=\"https:\/\/www.bce.lu\/wp-content\/uploads\/2023\/04\/sign_Language-business-holovox.jpg\"\/>\n                        <\/div>\n                    <\/div>\n\n                               \n\n                    <div class=\"bloc-listing-products-bloc\">\n                        <div class=\"bloc-listing-products-bloc-content\">\n                                                        <h3 class=\"bloc-listing-products-bloc-title\">Speichern und Wiederherstellen Ihrer Daten<\/h3>           \n                            <span class=\"bloc-listing-products-bloc-texte\"><p>Cloud-Speicher und <u>automatische<\/u> Backups<\/p>\n<\/span>\n                            <a class=\"button\" href=\"https:\/\/www.bce.lu\/de\/unternehmen\/produkte\/speichern-und-wiederherstellen-ihrer-daten\/\" title=\"Speichern und Wiederherstellen Ihrer Daten\"><span class=\"caret is-right\"><\/span> Mehr lesen <\/a>\n                        <\/div>\n                        <div class=\"bloc-listing-products-bloc-img\">\n                            <img decoding=\"async\" src=\"https:\/\/www.bce.lu\/wp-content\/uploads\/2023\/03\/Ensure-data-availability-2.png\"\/>\n                        <\/div>\n                    <\/div>\n\n                               \n\n                    <div class=\"bloc-listing-products-bloc\">\n                        <div class=\"bloc-listing-products-bloc-content\">\n                                                        <h3 class=\"bloc-listing-products-bloc-title\">Verhindern von Sicherheitsrisiken<\/h3>           \n                            <span class=\"bloc-listing-products-bloc-texte\"><p>Verbessern Sie die Sicherheit Ihres Unternehmens <u>auf h\u00f6chstem<\/u> Niveau.<\/p>\n<\/span>\n                            <a class=\"button\" href=\"https:\/\/www.bce.lu\/de\/unternehmen\/produkte\/verhindern-von-sicherheitsrisiken\/\" title=\"Verhindern von Sicherheitsrisiken\"><span class=\"caret is-right\"><\/span> Mehr lesen <\/a>\n                        <\/div>\n                        <div class=\"bloc-listing-products-bloc-img\">\n                            <img decoding=\"async\" src=\"https:\/\/www.bce.lu\/wp-content\/uploads\/2023\/03\/Flexibility.png\"\/>\n                        <\/div>\n                    <\/div>\n\n                            \n        <\/div>\n        <\/div>\n    <\/div>\n<\/section>","protected":false},"excerpt":{"rendered":"","protected":false},"author":3,"featured_media":963,"parent":0,"menu_order":130,"comment_status":"closed","ping_status":"closed","template":"","meta":{"_acf_changed":false,"content-type":"","inline_featured_image":false,"_uag_custom_page_level_css":"","_price":"","_stock":"","_tribe_ticket_header":"","_tribe_default_ticket_provider":"","_ticket_start_date":"","_ticket_end_date":"","_tribe_ticket_show_description":"","_tribe_ticket_show_not_going":false,"_tribe_ticket_use_global_stock":"","_tribe_ticket_global_stock_level":"","_global_stock_mode":"","_global_stock_cap":"","_tribe_rsvp_for_event":"","_tribe_ticket_going_count":"","_tribe_ticket_not_going_count":"","_tribe_tickets_list":"[]","_tribe_ticket_has_attendee_info_fields":false,"footnotes":"","_tec_slr_enabled":"","_tec_slr_layout":""},"class_list":["post-6683","page","type-page","status-publish","has-post-thumbnail","hentry"],"acf":[],"uagb_featured_image_src":{"full":["https:\/\/www.bce.lu\/wp-content\/uploads\/2023\/01\/s3.jpg",2400,1597,false],"thumbnail":["https:\/\/www.bce.lu\/wp-content\/uploads\/2023\/01\/s3-150x150.jpg",150,150,true],"medium":["https:\/\/www.bce.lu\/wp-content\/uploads\/2023\/01\/s3-300x200.jpg",300,200,true],"medium_large":["https:\/\/www.bce.lu\/wp-content\/uploads\/2023\/01\/s3-768x511.jpg",768,511,true],"large":["https:\/\/www.bce.lu\/wp-content\/uploads\/2023\/01\/s3-1024x681.jpg",1024,681,true],"1536x1536":["https:\/\/www.bce.lu\/wp-content\/uploads\/2023\/01\/s3-1536x1022.jpg",1536,1022,true],"2048x2048":["https:\/\/www.bce.lu\/wp-content\/uploads\/2023\/01\/s3-2048x1363.jpg",2048,1363,true]},"uagb_author_info":{"display_name":"charline","author_link":"https:\/\/www.bce.lu\/de\/author\/charline\/"},"uagb_comment_info":0,"uagb_excerpt":null,"ticketed":false,"_links":{"self":[{"href":"https:\/\/www.bce.lu\/de\/wp-json\/wp\/v2\/pages\/6683","targetHints":{"allow":["GET"]}}],"collection":[{"href":"https:\/\/www.bce.lu\/de\/wp-json\/wp\/v2\/pages"}],"about":[{"href":"https:\/\/www.bce.lu\/de\/wp-json\/wp\/v2\/types\/page"}],"author":[{"embeddable":true,"href":"https:\/\/www.bce.lu\/de\/wp-json\/wp\/v2\/users\/3"}],"replies":[{"embeddable":true,"href":"https:\/\/www.bce.lu\/de\/wp-json\/wp\/v2\/comments?post=6683"}],"version-history":[{"count":10,"href":"https:\/\/www.bce.lu\/de\/wp-json\/wp\/v2\/pages\/6683\/revisions"}],"predecessor-version":[{"id":8773,"href":"https:\/\/www.bce.lu\/de\/wp-json\/wp\/v2\/pages\/6683\/revisions\/8773"}],"wp:featuredmedia":[{"embeddable":true,"href":"https:\/\/www.bce.lu\/de\/wp-json\/wp\/v2\/media\/963"}],"wp:attachment":[{"href":"https:\/\/www.bce.lu\/de\/wp-json\/wp\/v2\/media?parent=6683"}],"curies":[{"name":"wp","href":"https:\/\/api.w.org\/{rel}","templated":true}]}}