{"id":6837,"date":"2023-04-26T17:54:24","date_gmt":"2023-04-26T15:54:24","guid":{"rendered":"https:\/\/www.bce.lu\/business\/products\/go-live-from-your-own-studio\/"},"modified":"2025-07-02T17:47:27","modified_gmt":"2025-07-02T15:47:27","slug":"live-programm-aus-ihrem-eigenen-studio","status":"publish","type":"page","link":"https:\/\/www.bce.lu\/de\/unternehmen\/produkte\/live-programm-aus-ihrem-eigenen-studio\/","title":{"rendered":"Live Programm aus Ihrem eigenen Studio"},"content":{"rendered":"<section class=\"bloc-listing-products-bk sectionPadding\">\n    <div class=\"is-width-large is-center\">\n        <div class=\"is-inset-top-28-mobile\">\n            <h2 class=\"bloc-listing-products-bk-title is-text-center\">Setzen Sie sich, beginnen Sie Ihr Programm und <br \/>\r\nlassen Sie StudioTalk folgen und die Sendung erstellen! <\/h2>\n            <span class=\"bloc-listing-solutions-texte\"><p>Verwandeln Sie einen vorhandenen Sitzungsraum in ein intelligentes Studio, das Ihnen die automatisierte Erstellung von Live- und Nicht-Live-Videos sowie das Veranstalten von Sitzungen und Konferenzen erm\u00f6glicht.<\/p>\n<\/span>\n            \n            <div class=\"row\">\n                            \n                    <div class=\"bloc-listing-products-bk-bloc col-xs-12 col-md-4 is-inset-y-40 is-inset-y-28-mobile\">                \n                        <div class=\"bloc-listing-products-bk-bloc-img\"><img decoding=\"async\" src=\"https:\/\/www.bce.lu\/wp-content\/uploads\/2023\/03\/Distribute.png\"\/><\/div>\n                        <div class=\"bloc-listing-products-bk-bloc-content\">\n                            <h3 class=\"bloc-listing-products-bk-bloc-title\">Verbreitung <\/h3>           \n                            <span class=\"bloc-listing-products-bk-bloc-texte\"><!-- wp:paragraph {\"placeholder\":\"Indiquez la description...\"} -->\n<p>Die Produktionen von StudioTalk k\u00f6nnen \u00fcber die Streaming-Dienste von BCE verbreitet werden, wodurch ein breiter Zugang zu Ihren Inhalten auf allen Bildschirmen m\u00f6glich ist. Mit der M\u00f6glichkeit, Ihre eigene aus Ihren Aufnahmen aufgebaute Wiedergabeplattform zu erstellen, k\u00f6nnen Sie das Erlebnis Ihrer Kunden mit einem On-Demand-Zugang zu Ihren Inhalten weiter verbessern.<\/p>\n<!-- \/wp:paragraph --><\/span>\n                        <\/div>\n                    <\/div>\n\n                \n                    <div class=\"bloc-listing-products-bk-bloc col-xs-12 col-md-4 is-inset-y-40 is-inset-y-28-mobile\">                \n                        <div class=\"bloc-listing-products-bk-bloc-img\"><img decoding=\"async\" src=\"https:\/\/www.bce.lu\/wp-content\/uploads\/2023\/03\/Manage-1.jpg\"\/><\/div>\n                        <div class=\"bloc-listing-products-bk-bloc-content\">\n                            <h3 class=\"bloc-listing-products-bk-bloc-title\">Verwaltung <\/h3>           \n                            <span class=\"bloc-listing-products-bk-bloc-texte\"><!-- wp:paragraph {\"placeholder\":\"Indiquez la description...\"} -->\n<p>Sehen Sie sich Ihre Videos an, erstellen Sie Ihre Playlists (Drag &amp; Drop), f\u00fcgen Sie Ihr eigenes Branding hinzu, konfigurieren Sie Ihre Studiosets und synchronisieren Sie die Titel und Grafiken dank eines robusten Content-Management-Systems mit den Teilnehmern.<\/p>\n<!-- \/wp:paragraph --><\/span>\n                        <\/div>\n                    <\/div>\n\n                \n                    <div class=\"bloc-listing-products-bk-bloc col-xs-12 col-md-4 is-inset-y-40 is-inset-y-28-mobile\">                \n                        <div class=\"bloc-listing-products-bk-bloc-img\"><img decoding=\"async\" src=\"https:\/\/www.bce.lu\/wp-content\/uploads\/2023\/03\/Produce-2.jpg\"\/><\/div>\n                        <div class=\"bloc-listing-products-bk-bloc-content\">\n                            <h3 class=\"bloc-listing-products-bk-bloc-title\">Produktion <\/h3>           \n                            <span class=\"bloc-listing-products-bk-bloc-texte\"><!-- wp:paragraph {\"placeholder\":\"Indiquez la description...\"} -->\n<p>Mit der intuitiven grafischen Benutzeroberfl\u00e4che (GUI) von StudioTalk k\u00f6nnen Sie alles im Studio steuern. Sie k\u00f6nnen auch den automatisierten Modus verwenden und StudioTalk die nahtlose Produktion Ihrer Live-Sendungen \u00fcbernehmen lassen.<\/p>\n<!-- \/wp:paragraph --><\/span>\n                        <\/div>\n                    <\/div>\n\n                \n                    <div class=\"bloc-listing-products-bk-bloc col-xs-12 col-md-4 is-inset-y-40 is-inset-y-28-mobile\">                \n                        <div class=\"bloc-listing-products-bk-bloc-img\"><img decoding=\"async\" src=\"https:\/\/www.bce.lu\/wp-content\/uploads\/2023\/03\/Start-immediately.jpg\"\/><\/div>\n                        <div class=\"bloc-listing-products-bk-bloc-content\">\n                            <h3 class=\"bloc-listing-products-bk-bloc-title\">Starten Sie sofort<\/h3>           \n                            <span class=\"bloc-listing-products-bk-bloc-texte\"><!-- wp:paragraph {\"placeholder\":\"Indiquez la description...\"} -->\n<p> Unabh\u00e4ngig von der Gr\u00f6\u00dfe oder Gestaltung Ihrer Umgebung passt StudioTalk leicht in jeden Raum. Das System wird von unseren Experten installiert und mit Kameras, Beleuchtung, Bildschirmen und einer Tonanlage ausgestattet. Sobald es mit Ihrer Website oder Ihrem sozialen Netzwerk verbunden ist, k\u00f6nnen Sie direkt live gehen.<p class=\"MsoNormal\" style=\"mso-margin-top-alt:auto;mso-margin-bottom-alt:auto;\nline-height:normal\"><\/p><\/p>\n<!-- \/wp:paragraph --><\/span>\n                        <\/div>\n                    <\/div>\n\n                                        <\/div>\n        <\/div>\n    <\/div>\n<\/section>\n\n<section class=\"bloc-listing-testimonials\">\n    <div class=\"wrapper is-width-large is-center\">\n        <div  class=\"owl-carousel owl-carousel-testimonial owl-theme rowNoMarg is-container-column\">\n \n            \n        <\/div>\n    <\/div>\n<\/section>\n\n<section class=\"bloc-listing-references \">\n    <div class=\"wrapper is-width-large wrapper is-center\">\n        <div class=\"is-container-column\">\n            <div class=\"row is-inset-y-60 is-inset-y-32-mobile\">\n            <div class=\"owl-carousel owl-carousel-references owl-centered owl-theme col-xs-12 \">\n                            \n                <div class=\"itemGallery\">\n                    <a href=\"https:\/\/www.bce.lu\/de\/references\/chambre-des-deputes-du-grand-duche-de-luxembourg\/\"><img decoding=\"async\" src=\"https:\/\/www.bce.lu\/wp-content\/uploads\/2023\/04\/chambre-des-deputes-logo.png\" alt=\"Chambre des D\u00e9put\u00e9s du Grand-Duch\u00e9 de Luxembourg\"><\/a>\n                <\/div>\n\n                \n                <div class=\"itemGallery\">\n                    <a href=\"https:\/\/www.bce.lu\/de\/references\/rsi\/\"><img decoding=\"async\" src=\"https:\/\/www.bce.lu\/wp-content\/uploads\/2023\/04\/RSI-Logo.png\" alt=\"RSI\"><\/a>\n                <\/div>\n\n                                        <\/div>\n        <\/div>\n    <\/div>\n<\/section>\n\n<section class=\"bloc-contact sectionPadding\">\n    <div class=\"wrapper is-width-large is-center\">\n        <div class=\"row is-container-column\">\n            <h2 class=\"bloc-contact-title\">KONTAKTIEREN SIE UNS JETZT !<\/h2>\n            <span class=\"bloc-contact-texte\"><p>F\u00fcllen Sie dieses Formular aus und treten Sie mit unseren Experten in Kontakt !<\/p>\n<\/span>\n            <div class=\"row is-inset-top-32 middle-xs\" style=\"width:100%;\">\n                                <div class=\"col-xs-12 \">                    \n                                                \n\t\t\t\t\t\t<script>\n\t\t\t\t\t\t\twindow.hsFormsOnReady = window.hsFormsOnReady || [];\n\t\t\t\t\t\t\twindow.hsFormsOnReady.push(()=>{\n\t\t\t\t\t\t\t\thbspt.forms.create({\n\t\t\t\t\t\t\t\t\tportalId: 8988786,\n\t\t\t\t\t\t\t\t\tformId: \"18518d27-d5e0-4f09-a541-5c8c4060ab73\",\n\t\t\t\t\t\t\t\t\ttarget: \"#hbspt-form-1777804486000-1451485117\",\n\t\t\t\t\t\t\t\t\tregion: \"na1\",\n\t\t\t\t\t\t\t\t\t\n\t\t\t\t\t\t\t})});\n\t\t\t\t\t\t<\/script>\n\t\t\t\t\t\t<div class=\"hbspt-form\" id=\"hbspt-form-1777804486000-1451485117\"><\/div>                                        \n                <\/div>\n            <\/div>\n        <\/div>\n    <\/div>\n<\/section>","protected":false},"excerpt":{"rendered":"","protected":false},"author":3,"featured_media":1097,"parent":6834,"menu_order":11,"comment_status":"closed","ping_status":"closed","template":"","meta":{"_acf_changed":false,"content-type":"","inline_featured_image":false,"_uag_custom_page_level_css":"","_price":"","_stock":"","_tribe_ticket_header":"","_tribe_default_ticket_provider":"","_ticket_start_date":"","_ticket_end_date":"","_tribe_ticket_show_description":"","_tribe_ticket_show_not_going":false,"_tribe_ticket_use_global_stock":"","_tribe_ticket_global_stock_level":"","_global_stock_mode":"","_global_stock_cap":"","_tribe_rsvp_for_event":"","_tribe_ticket_going_count":"","_tribe_ticket_not_going_count":"","_tribe_tickets_list":"[]","_tribe_ticket_has_attendee_info_fields":false,"footnotes":"","_tec_slr_enabled":"","_tec_slr_layout":""},"class_list":["post-6837","page","type-page","status-publish","has-post-thumbnail","hentry"],"acf":[],"uagb_featured_image_src":{"full":["https:\/\/www.bce.lu\/wp-content\/uploads\/2023\/03\/Start-immediately.jpg",1920,1080,false],"thumbnail":["https:\/\/www.bce.lu\/wp-content\/uploads\/2023\/03\/Start-immediately-150x150.jpg",150,150,true],"medium":["https:\/\/www.bce.lu\/wp-content\/uploads\/2023\/03\/Start-immediately-300x169.jpg",300,169,true],"medium_large":["https:\/\/www.bce.lu\/wp-content\/uploads\/2023\/03\/Start-immediately-768x432.jpg",768,432,true],"large":["https:\/\/www.bce.lu\/wp-content\/uploads\/2023\/03\/Start-immediately-1024x576.jpg",1024,576,true],"1536x1536":["https:\/\/www.bce.lu\/wp-content\/uploads\/2023\/03\/Start-immediately-1536x864.jpg",1536,864,true],"2048x2048":["https:\/\/www.bce.lu\/wp-content\/uploads\/2023\/03\/Start-immediately.jpg",1920,1080,false]},"uagb_author_info":{"display_name":"charline","author_link":"https:\/\/www.bce.lu\/de\/author\/charline\/"},"uagb_comment_info":0,"uagb_excerpt":null,"ticketed":false,"_links":{"self":[{"href":"https:\/\/www.bce.lu\/de\/wp-json\/wp\/v2\/pages\/6837","targetHints":{"allow":["GET"]}}],"collection":[{"href":"https:\/\/www.bce.lu\/de\/wp-json\/wp\/v2\/pages"}],"about":[{"href":"https:\/\/www.bce.lu\/de\/wp-json\/wp\/v2\/types\/page"}],"author":[{"embeddable":true,"href":"https:\/\/www.bce.lu\/de\/wp-json\/wp\/v2\/users\/3"}],"replies":[{"embeddable":true,"href":"https:\/\/www.bce.lu\/de\/wp-json\/wp\/v2\/comments?post=6837"}],"version-history":[{"count":11,"href":"https:\/\/www.bce.lu\/de\/wp-json\/wp\/v2\/pages\/6837\/revisions"}],"predecessor-version":[{"id":13249,"href":"https:\/\/www.bce.lu\/de\/wp-json\/wp\/v2\/pages\/6837\/revisions\/13249"}],"up":[{"embeddable":true,"href":"https:\/\/www.bce.lu\/de\/wp-json\/wp\/v2\/pages\/6834"}],"wp:featuredmedia":[{"embeddable":true,"href":"https:\/\/www.bce.lu\/de\/wp-json\/wp\/v2\/media\/1097"}],"wp:attachment":[{"href":"https:\/\/www.bce.lu\/de\/wp-json\/wp\/v2\/media?parent=6837"}],"curies":[{"name":"wp","href":"https:\/\/api.w.org\/{rel}","templated":true}]}}