{"id":6854,"date":"2023-04-24T18:46:01","date_gmt":"2023-04-24T16:46:01","guid":{"rendered":"https:\/\/www.bce.lu\/business\/products\/store-and-recover-your-data\/"},"modified":"2025-12-11T15:31:53","modified_gmt":"2025-12-11T14:31:53","slug":"speichern-und-wiederherstellen-ihrer-daten","status":"publish","type":"page","link":"https:\/\/www.bce.lu\/de\/unternehmen\/produkte\/speichern-und-wiederherstellen-ihrer-daten\/","title":{"rendered":"Speichern und Wiederherstellen Ihrer Daten"},"content":{"rendered":"<section class=\"bloc-listing-products-bk sectionPadding\">\n    <div class=\"is-width-large is-center\">\n        <div class=\"is-inset-top-28-mobile\">\n            <h2 class=\"bloc-listing-products-bk-title is-text-center\">Mit Mcloud von BCE k\u00f6nnen Sie Ihre Daten direkt <br \/>\r\nin der Cloud speichern und wiederherstellen. <\/h2>\n            <span class=\"bloc-listing-solutions-texte\"><p>Sorgen Sie f\u00fcr den Schutz Ihrer Dateien und f\u00fcr deren direkte Verf\u00fcgbarkeit.<\/p>\n<\/span>\n            \n            <div class=\"row\">\n                            \n                    <div class=\"bloc-listing-products-bk-bloc col-xs-12 col-md-4 is-inset-y-40 is-inset-y-28-mobile\">                \n                        <div class=\"bloc-listing-products-bk-bloc-img\"><img decoding=\"async\" src=\"https:\/\/www.bce.lu\/wp-content\/uploads\/2023\/03\/Ensure-data-availability-2.png\"\/><\/div>\n                        <div class=\"bloc-listing-products-bk-bloc-content\">\n                            <h3 class=\"bloc-listing-products-bk-bloc-title\">Sicherstellung der Datenverf\u00fcgbarkeit<\/h3>           \n                            <span class=\"bloc-listing-products-bk-bloc-texte\"><!-- wp:paragraph {\"placeholder\":\"Indiquez la description...\"} -->\n<p>Greifen Sie auf Ihr Mcloud-Dashboard in Echtzeit zu, verwalten Sie Ihre Backup-Richtlinien und entwickeln Sie eine intelligente Backup-Strategie. Ihre Backups k\u00f6nnen sicher in unseren redundanten Rechenzentren gespeichert werden.<\/p>\n<!-- \/wp:paragraph --><\/span>\n                        <\/div>\n                    <\/div>\n\n                \n                    <div class=\"bloc-listing-products-bk-bloc col-xs-12 col-md-4 is-inset-y-40 is-inset-y-28-mobile\">                \n                        <div class=\"bloc-listing-products-bk-bloc-img\"><img decoding=\"async\" src=\"https:\/\/www.bce.lu\/wp-content\/uploads\/2023\/03\/Unlimited-access-1.png\"\/><\/div>\n                        <div class=\"bloc-listing-products-bk-bloc-content\">\n                            <h3 class=\"bloc-listing-products-bk-bloc-title\">Unbeschr\u00e4nkter Zugriff<\/h3>           \n                            <span class=\"bloc-listing-products-bk-bloc-texte\"><!-- wp:paragraph {\"placeholder\":\"Indiquez la description...\"} -->\n<p>Sie erhalten unbeschr\u00e4nkten Zugriff f\u00fcr das Verwalten, Umbenennen, Verschieben, Organisieren, Hoch- und Herunterladen Ihrer Dateien. Die Cloud-Speicherkosten basieren dabei nicht auf dem von Ihnen genutzten Datendurchsatz, sondern auf der von Ihnen gin unserem Rechenzentrum tats\u00e4chlich genutzten Speicherkapazit\u00e4t. \u00a0<\/p>\n<!-- \/wp:paragraph --><\/span>\n                        <\/div>\n                    <\/div>\n\n                \n                    <div class=\"bloc-listing-products-bk-bloc col-xs-12 col-md-4 is-inset-y-40 is-inset-y-28-mobile\">                \n                        <div class=\"bloc-listing-products-bk-bloc-img\"><img decoding=\"async\" src=\"https:\/\/www.bce.lu\/wp-content\/uploads\/2023\/03\/Store-1.jpg\"\/><\/div>\n                        <div class=\"bloc-listing-products-bk-bloc-content\">\n                            <h3 class=\"bloc-listing-products-bk-bloc-title\">Speichern <\/h3>           \n                            <span class=\"bloc-listing-products-bk-bloc-texte\"><!-- wp:paragraph {\"placeholder\":\"Indiquez la description...\"} -->\n<p>Mit drei Rechenzentren mit Sitz in Europa erm\u00f6glicht Mcloud Ihnen, alle Ihre Daten in einer sicheren und dedizierten Umgebung zu speichern. Die Verwendung ist einfach, verschieben Sie Ihre Inhalte einfach per Drag &amp; Drop in Mcloud, um sie in unsere redundante Infrastruktur hochzuladen.<\/p>\n<!-- \/wp:paragraph --><\/span>\n                        <\/div>\n                    <\/div>\n\n                                        <\/div>\n        <\/div>\n    <\/div>\n<\/section>\n\n<section class=\"bloc-contact sectionPadding\">\n    <div class=\"wrapper is-width-large is-center\">\n        <div class=\"row is-container-column\">\n            <h2 class=\"bloc-contact-title\">KONTAKTIEREN SIE UNS JETZT !<\/h2>\n            <span class=\"bloc-contact-texte\"><p>F\u00fcllen Sie dieses Formular aus und treten Sie mit unseren Experten in Kontakt !<\/p>\n<\/span>\n            <div class=\"row is-inset-top-32 middle-xs\" style=\"width:100%;\">\n                                <div class=\"col-xs-12 \">                    \n                                                \n\t\t\t\t\t\t<script>\n\t\t\t\t\t\t\twindow.hsFormsOnReady = window.hsFormsOnReady || [];\n\t\t\t\t\t\t\twindow.hsFormsOnReady.push(()=>{\n\t\t\t\t\t\t\t\thbspt.forms.create({\n\t\t\t\t\t\t\t\t\tportalId: 8988786,\n\t\t\t\t\t\t\t\t\tformId: \"16a4e475-0b56-4696-bc69-365bf281f884\",\n\t\t\t\t\t\t\t\t\ttarget: \"#hbspt-form-1776522848000-4691727376\",\n\t\t\t\t\t\t\t\t\tregion: \"na1\",\n\t\t\t\t\t\t\t\t\t\n\t\t\t\t\t\t\t})});\n\t\t\t\t\t\t<\/script>\n\t\t\t\t\t\t<div class=\"hbspt-form\" id=\"hbspt-form-1776522848000-4691727376\"><\/div>                                        \n                <\/div>\n            <\/div>\n        <\/div>\n    <\/div>\n<\/section>","protected":false},"excerpt":{"rendered":"","protected":false},"author":3,"featured_media":14368,"parent":6834,"menu_order":154,"comment_status":"closed","ping_status":"closed","template":"","meta":{"_acf_changed":false,"content-type":"","inline_featured_image":false,"_uag_custom_page_level_css":"","_price":"","_stock":"","_tribe_ticket_header":"","_tribe_default_ticket_provider":"","_ticket_start_date":"","_ticket_end_date":"","_tribe_ticket_show_description":"","_tribe_ticket_show_not_going":false,"_tribe_ticket_use_global_stock":"","_tribe_ticket_global_stock_level":"","_global_stock_mode":"","_global_stock_cap":"","_tribe_rsvp_for_event":"","_tribe_ticket_going_count":"","_tribe_ticket_not_going_count":"","_tribe_tickets_list":"[]","_tribe_ticket_has_attendee_info_fields":false,"footnotes":"","_tec_slr_enabled":"","_tec_slr_layout":""},"class_list":["post-6854","page","type-page","status-publish","has-post-thumbnail","hentry"],"acf":[],"uagb_featured_image_src":{"full":["https:\/\/www.bce.lu\/wp-content\/uploads\/2023\/03\/Ensure-data-availability-2.png",800,450,false],"thumbnail":["https:\/\/www.bce.lu\/wp-content\/uploads\/2023\/03\/Ensure-data-availability-2-150x150.png",150,150,true],"medium":["https:\/\/www.bce.lu\/wp-content\/uploads\/2023\/03\/Ensure-data-availability-2-300x169.png",300,169,true],"medium_large":["https:\/\/www.bce.lu\/wp-content\/uploads\/2023\/03\/Ensure-data-availability-2-768x432.png",768,432,true],"large":["https:\/\/www.bce.lu\/wp-content\/uploads\/2023\/03\/Ensure-data-availability-2.png",800,450,false],"1536x1536":["https:\/\/www.bce.lu\/wp-content\/uploads\/2023\/03\/Ensure-data-availability-2.png",800,450,false],"2048x2048":["https:\/\/www.bce.lu\/wp-content\/uploads\/2023\/03\/Ensure-data-availability-2.png",800,450,false]},"uagb_author_info":{"display_name":"charline","author_link":"https:\/\/www.bce.lu\/de\/author\/charline\/"},"uagb_comment_info":0,"uagb_excerpt":null,"ticketed":false,"_links":{"self":[{"href":"https:\/\/www.bce.lu\/de\/wp-json\/wp\/v2\/pages\/6854","targetHints":{"allow":["GET"]}}],"collection":[{"href":"https:\/\/www.bce.lu\/de\/wp-json\/wp\/v2\/pages"}],"about":[{"href":"https:\/\/www.bce.lu\/de\/wp-json\/wp\/v2\/types\/page"}],"author":[{"embeddable":true,"href":"https:\/\/www.bce.lu\/de\/wp-json\/wp\/v2\/users\/3"}],"replies":[{"embeddable":true,"href":"https:\/\/www.bce.lu\/de\/wp-json\/wp\/v2\/comments?post=6854"}],"version-history":[{"count":8,"href":"https:\/\/www.bce.lu\/de\/wp-json\/wp\/v2\/pages\/6854\/revisions"}],"predecessor-version":[{"id":13258,"href":"https:\/\/www.bce.lu\/de\/wp-json\/wp\/v2\/pages\/6854\/revisions\/13258"}],"up":[{"embeddable":true,"href":"https:\/\/www.bce.lu\/de\/wp-json\/wp\/v2\/pages\/6834"}],"wp:featuredmedia":[{"embeddable":true,"href":"https:\/\/www.bce.lu\/de\/wp-json\/wp\/v2\/media\/14368"}],"wp:attachment":[{"href":"https:\/\/www.bce.lu\/de\/wp-json\/wp\/v2\/media?parent=6854"}],"curies":[{"name":"wp","href":"https:\/\/api.w.org\/{rel}","templated":true}]}}