{"id":6865,"date":"2023-04-24T18:42:29","date_gmt":"2023-04-24T16:42:29","guid":{"rendered":"https:\/\/www.bce.lu\/business\/products\/prevent-security-threats\/"},"modified":"2025-12-11T15:37:24","modified_gmt":"2025-12-11T14:37:24","slug":"verhindern-von-sicherheitsrisiken","status":"publish","type":"page","link":"https:\/\/www.bce.lu\/de\/unternehmen\/produkte\/verhindern-von-sicherheitsrisiken\/","title":{"rendered":"Verhindern von Sicherheitsrisiken"},"content":{"rendered":"<section class=\"bloc-listing-products-bk sectionPadding\">\n    <div class=\"is-width-large is-center\">\n        <div class=\"is-inset-top-28-mobile\">\n            <h2 class=\"bloc-listing-products-bk-title is-text-center\">Mit dem Security Operations Centre (SOC) <br \/>\r\nvon BCE erreichen Sie das h\u00f6chste Serviceniveau.\u00a0<\/h2>\n            <span class=\"bloc-listing-solutions-texte\"><p>Angesichts der st\u00e4ndig zunehmenden Zahl an Bedrohungen ist es wichtig, die richtigen L\u00f6sungen zu finden, um Ihr Unternehmensnetzwerk und verbundene Ger\u00e4te zu sch\u00fctzen.<\/p>\n<\/span>\n            \n            <div class=\"row\">\n                            \n                    <div class=\"bloc-listing-products-bk-bloc col-xs-12 col-md-4 is-inset-y-40 is-inset-y-28-mobile\">                \n                        <div class=\"bloc-listing-products-bk-bloc-img\"><img decoding=\"async\" src=\"https:\/\/www.bce.lu\/wp-content\/uploads\/2023\/03\/Reporting.jpg\"\/><\/div>\n                        <div class=\"bloc-listing-products-bk-bloc-content\">\n                            <h3 class=\"bloc-listing-products-bk-bloc-title\">Berichterstattung <\/h3>           \n                            <span class=\"bloc-listing-products-bk-bloc-texte\"><!-- wp:paragraph {\"placeholder\":\"Indiquez la description...\"} -->\n<p>Unser Team von Sicherheitsexperten untersucht Vorf\u00e4lle, die bei Ihnen auftreten k\u00f6nnen, und unterst\u00fctzt Sie auf der 2. und 3.\u00a0Ebene. Dar\u00fcber hinaus erhalten Sie eine komplette \u00dcbersicht Ihrer IT-Umgebung mit Berichten \u00fcber wiederholt auftretende Bedrohungen und entsprechende Abhilfema\u00dfnahmen.<\/p>\n<!-- \/wp:paragraph --><\/span>\n                        <\/div>\n                    <\/div>\n\n                \n                    <div class=\"bloc-listing-products-bk-bloc col-xs-12 col-md-4 is-inset-y-40 is-inset-y-28-mobile\">                \n                        <div class=\"bloc-listing-products-bk-bloc-img\"><img decoding=\"async\" src=\"https:\/\/www.bce.lu\/wp-content\/uploads\/2023\/03\/Be-alerted.png\"\/><\/div>\n                        <div class=\"bloc-listing-products-bk-bloc-content\">\n                            <h3 class=\"bloc-listing-products-bk-bloc-title\">Warnungen f\u00fcr Sie<\/h3>           \n                            <span class=\"bloc-listing-products-bk-bloc-texte\"><!-- wp:paragraph {\"placeholder\":\"Indiquez la description...\"} -->\n<p>Wenn ein Sicherheitsvorfall auftritt, erhalten Sie sofort Warnmeldungen per E-Mail, SMS oder Anruf in Echtzeit. Auch wenn die SOC-Technologie von BCE auf dem neusten Stand der Technik ist, steht unser Team von IT-Sicherheitsexperten jederzeit zur Verf\u00fcgung, um m\u00f6gliche Fragen, die Sie haben, zu beantworten, und die Kontinuit\u00e4t Ihres Unternehmens durch das Bereitstellen der wirksamsten L\u00f6sungen sicherzustellen.<\/p>\n<!-- \/wp:paragraph --><\/span>\n                        <\/div>\n                    <\/div>\n\n                \n                    <div class=\"bloc-listing-products-bk-bloc col-xs-12 col-md-4 is-inset-y-40 is-inset-y-28-mobile\">                \n                        <div class=\"bloc-listing-products-bk-bloc-img\"><img decoding=\"async\" src=\"https:\/\/www.bce.lu\/wp-content\/uploads\/2023\/03\/Secure.png\"\/><\/div>\n                        <div class=\"bloc-listing-products-bk-bloc-content\">\n                            <h3 class=\"bloc-listing-products-bk-bloc-title\">\u00dcberwachung rund um die Uhr<\/h3>           \n                            <span class=\"bloc-listing-products-bk-bloc-texte\"><!-- wp:paragraph {\"placeholder\":\"Indiquez la description...\"} -->\n<p>Sicherheitsverletzungen nachzuvollziehen, erfordert eine betr\u00e4chtliche Menge an Zeit und Geduld. Da Angriffe aber jederzeit, auch au\u00dferhalb der Gesch\u00e4ftszeiten (wie am Wochenende), erfolgen k\u00f6nnen, \u00fcberwachen unsere Experten Ihre IT-Infrastruktur rund um die Uhr. Sie analysieren Ihre Systemprotokolle in Echtzeit, um jegliche potenzielle Bedrohungen proaktiv zu verhindern.\u00a0<\/p>\n<!-- \/wp:paragraph --><\/span>\n                        <\/div>\n                    <\/div>\n\n                \n                    <div class=\"bloc-listing-products-bk-bloc col-xs-12 col-md-4 is-inset-y-40 is-inset-y-28-mobile\">                \n                        <div class=\"bloc-listing-products-bk-bloc-img\"><img decoding=\"async\" src=\"https:\/\/www.bce.lu\/wp-content\/uploads\/2023\/03\/Flexibility.png\"\/><\/div>\n                        <div class=\"bloc-listing-products-bk-bloc-content\">\n                            <h3 class=\"bloc-listing-products-bk-bloc-title\">Flexibilit\u00e4t <\/h3>           \n                            <span class=\"bloc-listing-products-bk-bloc-texte\"><!-- wp:paragraph {\"placeholder\":\"Indiquez la description...\"} -->\n<p>Mit der intelligenten Auswahl von Elementen k\u00f6nnen Sie entscheiden, welche Elemente von BCE \u00fcberwacht werden. Sie haben zu jedem Zeitpunkt die M\u00f6glichkeit, ein Element entsprechend Ihren W\u00fcnschen entweder hinzuzuf\u00fcgen oder zu entfernen. Diese Flexibilit\u00e4t stellt eine wirklich bahnbrechende Ver\u00e4nderung f\u00fcr Ihre Sicherheits\u00fcberwachung dar.<\/p>\n<!-- \/wp:paragraph --><\/span>\n                        <\/div>\n                    <\/div>\n\n                                        <\/div>\n        <\/div>\n    <\/div>\n<\/section>\n\n<section class=\"bloc-contact sectionPadding\">\n    <div class=\"wrapper is-width-large is-center\">\n        <div class=\"row is-container-column\">\n            <h2 class=\"bloc-contact-title\">KONTAKTIEREN SIE UNS JETZT !<\/h2>\n            <span class=\"bloc-contact-texte\"><p>F\u00fcllen Sie dieses Formular aus und treten Sie mit unseren Experten in Kontakt !<\/p>\n<\/span>\n            <div class=\"row is-inset-top-32 middle-xs\" style=\"width:100%;\">\n                                <div class=\"col-xs-12 \">                    \n                                                \n\t\t\t\t\t\t<script>\n\t\t\t\t\t\t\twindow.hsFormsOnReady = window.hsFormsOnReady || [];\n\t\t\t\t\t\t\twindow.hsFormsOnReady.push(()=>{\n\t\t\t\t\t\t\t\thbspt.forms.create({\n\t\t\t\t\t\t\t\t\tportalId: 8988786,\n\t\t\t\t\t\t\t\t\tformId: \"89d46f5a-0264-44da-9cc5-7829a983f395\",\n\t\t\t\t\t\t\t\t\ttarget: \"#hbspt-form-1776978572000-7858790293\",\n\t\t\t\t\t\t\t\t\tregion: \"na1\",\n\t\t\t\t\t\t\t\t\t\n\t\t\t\t\t\t\t})});\n\t\t\t\t\t\t<\/script>\n\t\t\t\t\t\t<div class=\"hbspt-form\" id=\"hbspt-form-1776978572000-7858790293\"><\/div>                                        \n                <\/div>\n            <\/div>\n        <\/div>\n    <\/div>\n<\/section>","protected":false},"excerpt":{"rendered":"","protected":false},"author":3,"featured_media":14379,"parent":6834,"menu_order":158,"comment_status":"closed","ping_status":"closed","template":"","meta":{"_acf_changed":false,"content-type":"","inline_featured_image":false,"_uag_custom_page_level_css":"","_price":"","_stock":"","_tribe_ticket_header":"","_tribe_default_ticket_provider":"","_ticket_start_date":"","_ticket_end_date":"","_tribe_ticket_show_description":"","_tribe_ticket_show_not_going":false,"_tribe_ticket_use_global_stock":"","_tribe_ticket_global_stock_level":"","_global_stock_mode":"","_global_stock_cap":"","_tribe_rsvp_for_event":"","_tribe_ticket_going_count":"","_tribe_ticket_not_going_count":"","_tribe_tickets_list":"[]","_tribe_ticket_has_attendee_info_fields":false,"footnotes":"","_tec_slr_enabled":"","_tec_slr_layout":""},"class_list":["post-6865","page","type-page","status-publish","has-post-thumbnail","hentry"],"acf":[],"uagb_featured_image_src":{"full":["https:\/\/www.bce.lu\/wp-content\/uploads\/2023\/03\/Flexibility.png",800,450,false],"thumbnail":["https:\/\/www.bce.lu\/wp-content\/uploads\/2023\/03\/Flexibility-150x150.png",150,150,true],"medium":["https:\/\/www.bce.lu\/wp-content\/uploads\/2023\/03\/Flexibility-300x169.png",300,169,true],"medium_large":["https:\/\/www.bce.lu\/wp-content\/uploads\/2023\/03\/Flexibility-768x432.png",768,432,true],"large":["https:\/\/www.bce.lu\/wp-content\/uploads\/2023\/03\/Flexibility.png",800,450,false],"1536x1536":["https:\/\/www.bce.lu\/wp-content\/uploads\/2023\/03\/Flexibility.png",800,450,false],"2048x2048":["https:\/\/www.bce.lu\/wp-content\/uploads\/2023\/03\/Flexibility.png",800,450,false]},"uagb_author_info":{"display_name":"charline","author_link":"https:\/\/www.bce.lu\/de\/author\/charline\/"},"uagb_comment_info":0,"uagb_excerpt":null,"ticketed":false,"_links":{"self":[{"href":"https:\/\/www.bce.lu\/de\/wp-json\/wp\/v2\/pages\/6865","targetHints":{"allow":["GET"]}}],"collection":[{"href":"https:\/\/www.bce.lu\/de\/wp-json\/wp\/v2\/pages"}],"about":[{"href":"https:\/\/www.bce.lu\/de\/wp-json\/wp\/v2\/types\/page"}],"author":[{"embeddable":true,"href":"https:\/\/www.bce.lu\/de\/wp-json\/wp\/v2\/users\/3"}],"replies":[{"embeddable":true,"href":"https:\/\/www.bce.lu\/de\/wp-json\/wp\/v2\/comments?post=6865"}],"version-history":[{"count":11,"href":"https:\/\/www.bce.lu\/de\/wp-json\/wp\/v2\/pages\/6865\/revisions"}],"predecessor-version":[{"id":13265,"href":"https:\/\/www.bce.lu\/de\/wp-json\/wp\/v2\/pages\/6865\/revisions\/13265"}],"up":[{"embeddable":true,"href":"https:\/\/www.bce.lu\/de\/wp-json\/wp\/v2\/pages\/6834"}],"wp:featuredmedia":[{"embeddable":true,"href":"https:\/\/www.bce.lu\/de\/wp-json\/wp\/v2\/media\/14379"}],"wp:attachment":[{"href":"https:\/\/www.bce.lu\/de\/wp-json\/wp\/v2\/media?parent=6865"}],"curies":[{"name":"wp","href":"https:\/\/api.w.org\/{rel}","templated":true}]}}