{"id":8937,"date":"2023-05-03T11:35:43","date_gmt":"2023-05-03T09:35:43","guid":{"rendered":"https:\/\/www.bce.lu\/?page_id=8937"},"modified":"2025-11-20T18:04:20","modified_gmt":"2025-11-20T17:04:20","slug":"leitbild","status":"publish","type":"page","link":"https:\/\/www.bce.lu\/de\/leitbild\/","title":{"rendered":"LEITBILD"},"content":{"rendered":"\n<div class=\"wp-block-columns is-layout-flex wp-container-core-columns-is-layout-9d6595d7 wp-block-columns-is-layout-flex\">\n<div class=\"wp-block-column is-vertically-aligned-center is-layout-flow wp-block-column-is-layout-flow\">\n<p>Wir unterst\u00fctzen den Erfolg unserer Kunden mit intelligenten Systemen und Services.<\/p>\n\n\n\n<p>Wir unterst\u00fctzen Unternehmen und Institutionen auf der ganzen Welt mit innovativen L\u00f6sungen, nahtloser Integration von Dienstleistungen und erstklassigem digitalem Know-how.<\/p>\n\n\n\n<p>Gemeinsam mit unseren Teams, Kunden und Partnern konzentrieren wir uns darauf, marktf\u00fchrende L\u00f6sungen f\u00fcr eine nachhaltige und sichere Technologiewelt zu schaffen.<\/p>\n<\/div>\n\n\n\n<div class=\"wp-block-column is-layout-flow wp-block-column-is-layout-flow\">\n<div style=\"position: relative; width: 100%; height: 0; padding-top: 56.2500%; padding-bottom: 0; box-shadow: 0 2px 8px 0 rgba(63,69,81,0.16); margin-top: 1.6em; margin-bottom: 0.9em; overflow: hidden; border-radius: 8px; will-change: transform;\">  <iframe loading=\"lazy\" style=\"position: absolute; width: 100%; height: 100%; top: 0; left: 0; border: none; padding: 0;margin: 0;\"    src=\"https:\/\/www.canva.com\/design\/DAG5QIo5ftg\/ZeixqfsziRMF0ATrlfvj7w\/watch?embed\" allowfullscreen=\"allowfullscreen\" allow=\"fullscreen\">  <\/iframe><\/div>\n<\/div>\n<\/div>\n","protected":false},"excerpt":{"rendered":"<p>Wir unterst\u00fctzen den Erfolg unserer Kunden mit intelligenten Systemen [&hellip;]<\/p>\n","protected":false},"author":3,"featured_media":0,"parent":0,"menu_order":23,"comment_status":"closed","ping_status":"closed","template":"","meta":{"_acf_changed":false,"content-type":"","inline_featured_image":false,"_uag_custom_page_level_css":"","_price":"","_stock":"","_tribe_ticket_header":"","_tribe_default_ticket_provider":"","_ticket_start_date":"","_ticket_end_date":"","_tribe_ticket_show_description":"","_tribe_ticket_show_not_going":false,"_tribe_ticket_use_global_stock":"","_tribe_ticket_global_stock_level":"","_global_stock_mode":"","_global_stock_cap":"","_tribe_rsvp_for_event":"","_tribe_ticket_going_count":"","_tribe_ticket_not_going_count":"","_tribe_tickets_list":"[]","_tribe_ticket_has_attendee_info_fields":false,"footnotes":"","_tec_slr_enabled":"","_tec_slr_layout":""},"class_list":["post-8937","page","type-page","status-publish","hentry"],"acf":[],"uagb_featured_image_src":{"full":false,"thumbnail":false,"medium":false,"medium_large":false,"large":false,"1536x1536":false,"2048x2048":false},"uagb_author_info":{"display_name":"charline","author_link":"https:\/\/www.bce.lu\/de\/author\/charline\/"},"uagb_comment_info":0,"uagb_excerpt":"Wir unterst\u00fctzen den Erfolg unserer Kunden mit intelligenten Systemen [&hellip;]","ticketed":false,"_links":{"self":[{"href":"https:\/\/www.bce.lu\/de\/wp-json\/wp\/v2\/pages\/8937","targetHints":{"allow":["GET"]}}],"collection":[{"href":"https:\/\/www.bce.lu\/de\/wp-json\/wp\/v2\/pages"}],"about":[{"href":"https:\/\/www.bce.lu\/de\/wp-json\/wp\/v2\/types\/page"}],"author":[{"embeddable":true,"href":"https:\/\/www.bce.lu\/de\/wp-json\/wp\/v2\/users\/3"}],"replies":[{"embeddable":true,"href":"https:\/\/www.bce.lu\/de\/wp-json\/wp\/v2\/comments?post=8937"}],"version-history":[{"count":2,"href":"https:\/\/www.bce.lu\/de\/wp-json\/wp\/v2\/pages\/8937\/revisions"}],"predecessor-version":[{"id":13838,"href":"https:\/\/www.bce.lu\/de\/wp-json\/wp\/v2\/pages\/8937\/revisions\/13838"}],"wp:attachment":[{"href":"https:\/\/www.bce.lu\/de\/wp-json\/wp\/v2\/media?parent=8937"}],"curies":[{"name":"wp","href":"https:\/\/api.w.org\/{rel}","templated":true}]}}