{"id":8943,"date":"2023-05-05T16:48:15","date_gmt":"2023-05-05T14:48:15","guid":{"rendered":"https:\/\/www.bce.lu\/?page_id=8943"},"modified":"2023-10-16T10:33:47","modified_gmt":"2023-10-16T08:33:47","slug":"soziale-verantwortung-csr","status":"publish","type":"page","link":"https:\/\/www.bce.lu\/de\/soziale-verantwortung-csr\/","title":{"rendered":"Soziale verantwortung (CSR)"},"content":{"rendered":"\n<div style=\"height:10px\" aria-hidden=\"true\" class=\"wp-block-spacer\"><\/div>\n\n\n\n<h3 class=\"wp-block-heading\">Die Broadcasting Center Europe SA (BCE) ist sich als Tochtergesellschaft der RTL Group ihrer Verantwortung gegen\u00fcber der Gesellschaft und ihren Mitarbeitern im Besonderen bewusst. Wir handeln verantwortungsbewusst und nachhaltig und sind stolz darauf, den CO\u2082-Fu\u00dfabdruck unseres Unternehmens zu begrenzen.<\/h3>\n\n\n\n<div style=\"height:25px\" aria-hidden=\"true\" class=\"wp-block-spacer\"><\/div>\n\n\n\n<div class=\"wp-block-columns is-layout-flex wp-container-core-columns-is-layout-9d6595d7 wp-block-columns-is-layout-flex\">\n<div class=\"wp-block-column is-layout-flow wp-block-column-is-layout-flow\" style=\"flex-basis:20%\"><div class=\"wp-block-image\">\n<figure class=\"aligncenter size-full is-resized\"><img loading=\"lazy\" decoding=\"async\" width=\"500\" height=\"500\" src=\"https:\/\/www.bce.lu\/wp-content\/uploads\/2023\/05\/Conduct.png\" alt=\"\" class=\"wp-image-6160\" style=\"width:212px;height:212px\" srcset=\"https:\/\/www.bce.lu\/wp-content\/uploads\/2023\/05\/Conduct.png 500w, https:\/\/www.bce.lu\/wp-content\/uploads\/2023\/05\/Conduct-300x300.png 300w, https:\/\/www.bce.lu\/wp-content\/uploads\/2023\/05\/Conduct-150x150.png 150w\" sizes=\"auto, (max-width: 500px) 100vw, 500px\" \/><\/figure>\n<\/div><\/div>\n\n\n\n<div class=\"wp-block-column is-layout-flow wp-block-column-is-layout-flow\" style=\"flex-basis:80%\">\n<h4 class=\"wp-block-heading\">Der Verhaltenskodex<\/h4>\n\n\n\n<p>Verantwortungsvolles und ethisches Verhalten gegen\u00fcber Mitarbeitern, Gesch\u00e4ftspartnern, der Gesellschaft und der Umwelt ist integraler Bestandteil der Werte der RTL Group und damit der BCE. Der Code of Conduct beschreibt verbindliche Mindeststandards f\u00fcr verantwortungsvolles Handeln und gibt gemeinsame Leitlinien f\u00fcr Entscheidungen und Handlungen im Alltag vor. Der Verhaltenskodex umfasst folgende Bereiche:<\/p>\n\n\n\n<ul class=\"wp-block-list\">\n<li>Allgemeine Anforderungen wie z.B. Rechtskonformit\u00e4t<\/li>\n\n\n\n<li>Interaktionen mit Gesch\u00e4ftspartnern und Dritten<\/li>\n\n\n\n<li>Umgang mit Informationen, einschlie\u00dflich z. B. Datenschutz<\/li>\n\n\n\n<li>Mensch und Umwelt, z.B. Menschenrechte, Gesundheit und faire Arbeitsbedingungen<\/li>\n<\/ul>\n<\/div>\n<\/div>\n\n\n\n<div style=\"height:45px\" aria-hidden=\"true\" class=\"wp-block-spacer\"><\/div>\n\n\n\n<div class=\"wp-block-columns is-layout-flex wp-container-core-columns-is-layout-9d6595d7 wp-block-columns-is-layout-flex\">\n<div class=\"wp-block-column is-layout-flow wp-block-column-is-layout-flow\" style=\"flex-basis:20%\"><div class=\"wp-block-image\">\n<figure class=\"aligncenter size-full is-resized\"><img loading=\"lazy\" decoding=\"async\" width=\"500\" height=\"500\" src=\"https:\/\/www.bce.lu\/wp-content\/uploads\/2023\/05\/Charity.png\" alt=\"\" class=\"wp-image-6209\" style=\"width:212px\" srcset=\"https:\/\/www.bce.lu\/wp-content\/uploads\/2023\/05\/Charity.png 500w, https:\/\/www.bce.lu\/wp-content\/uploads\/2023\/05\/Charity-300x300.png 300w, https:\/\/www.bce.lu\/wp-content\/uploads\/2023\/05\/Charity-150x150.png 150w\" sizes=\"auto, (max-width: 500px) 100vw, 500px\" \/><\/figure>\n<\/div><\/div>\n\n\n\n<div class=\"wp-block-column is-layout-flow wp-block-column-is-layout-flow\" style=\"flex-basis:80%\">\n<div style=\"height:20px\" aria-hidden=\"true\" class=\"wp-block-spacer\"><\/div>\n\n\n\n<h4 class=\"wp-block-heading\">Unsere Unterst\u00fctzung von Wohlt\u00e4tigkeitsorganisationen<\/h4>\n\n\n\n<p>Unser Unternehmen unterst\u00fctzt eine Vielzahl von guten Zwecken, z.B. Spenden an den &#8222;Verein zur Unterst\u00fctzung von Kindern mit Behinderungen&#8220; und &#8222;S.O.S. Haiti&#8220;. Jedes Jahr beteiligen wir uns aktiv an der T\u00e9l\u00e9vie-Spendenaktion in Luxemburg \u2013 insbesondere an der T\u00e9l\u00e9vie Challenge und der T\u00e9l\u00e9vie Challenge on Tour. The T\u00e9l\u00e9vie ist ein Unterst\u00fctzungsnetzwerk, das 1989 von RTL-TVI in Belgien und 2001 von RTL T\u00e9l\u00e9 L\u00ebtzebuerg in Luxemburg ins Leben gerufen wurde. Es wurde gegr\u00fcndet, um Spenden f\u00fcr die Krebs- und Leuk\u00e4mieforschung zu sammeln, sowohl f\u00fcr Erwachsenen als auch f\u00fcr Kindern.<\/p>\n<\/div>\n<\/div>\n\n\n\n<div style=\"height:45px\" aria-hidden=\"true\" class=\"wp-block-spacer\"><\/div>\n\n\n\n<div class=\"wp-block-columns is-layout-flex wp-container-core-columns-is-layout-9d6595d7 wp-block-columns-is-layout-flex\">\n<div class=\"wp-block-column is-layout-flow wp-block-column-is-layout-flow\" style=\"flex-basis:20%\"><div class=\"wp-block-image\">\n<figure class=\"aligncenter size-full is-resized\"><img loading=\"lazy\" decoding=\"async\" width=\"500\" height=\"500\" src=\"https:\/\/www.bce.lu\/wp-content\/uploads\/2023\/05\/Footprint.png\" alt=\"\" class=\"wp-image-6217\" style=\"width:212px;height:212px\" srcset=\"https:\/\/www.bce.lu\/wp-content\/uploads\/2023\/05\/Footprint.png 500w, https:\/\/www.bce.lu\/wp-content\/uploads\/2023\/05\/Footprint-300x300.png 300w, https:\/\/www.bce.lu\/wp-content\/uploads\/2023\/05\/Footprint-150x150.png 150w\" sizes=\"auto, (max-width: 500px) 100vw, 500px\" \/><\/figure>\n<\/div><\/div>\n\n\n\n<div class=\"wp-block-column is-layout-flow wp-block-column-is-layout-flow\" style=\"flex-basis:80%\">\n<div style=\"height:20px\" aria-hidden=\"true\" class=\"wp-block-spacer\"><\/div>\n\n\n\n<h4 class=\"wp-block-heading\">Verantwortung f\u00fcr die Umwelt<\/h4>\n\n\n\n<p>Unser Unternehmen berechnet seinen CO\u2082-Fu\u00dfabdruck j\u00e4hrlich nach der Global Reporting Initiative (GRI). BCE hat sich verpflichtet, negative Umweltauswirkungen zu reduzieren, und gem\u00e4\u00df den Vorgaben von Bertelsmann verpflichtet sich BCE, bis 2030 klimaneutral zu werden.<\/p>\n\n\n\n<p>Bitte besuchen Sie unsere <a href=\"https:\/\/www.bce.lu\/de\/verantwortung-fuer-die-umwelt\/\">Seite zur Umweltverantwortung<\/a>, um weitere Informationen zu den Ma\u00dfnahmen von BCE zur Klimaneutralit\u00e4t zu erhalten.<\/p>\n<\/div>\n<\/div>\n\n\n\n<div style=\"height:45px\" aria-hidden=\"true\" class=\"wp-block-spacer\"><\/div>\n\n\n\n<div class=\"wp-block-columns is-layout-flex wp-container-core-columns-is-layout-9d6595d7 wp-block-columns-is-layout-flex\">\n<div class=\"wp-block-column is-layout-flow wp-block-column-is-layout-flow\" style=\"flex-basis:20%\"><div class=\"wp-block-image\">\n<figure class=\"aligncenter size-full is-resized\"><img loading=\"lazy\" decoding=\"async\" width=\"500\" height=\"500\" src=\"https:\/\/www.bce.lu\/wp-content\/uploads\/2023\/05\/Fitness.png\" alt=\"\" class=\"wp-image-6220\" style=\"width:212px;height:212px\" srcset=\"https:\/\/www.bce.lu\/wp-content\/uploads\/2023\/05\/Fitness.png 500w, https:\/\/www.bce.lu\/wp-content\/uploads\/2023\/05\/Fitness-300x300.png 300w, https:\/\/www.bce.lu\/wp-content\/uploads\/2023\/05\/Fitness-150x150.png 150w\" sizes=\"auto, (max-width: 500px) 100vw, 500px\" \/><\/figure>\n<\/div><\/div>\n\n\n\n<div class=\"wp-block-column is-layout-flow wp-block-column-is-layout-flow\" style=\"flex-basis:80%\">\n<h4 class=\"wp-block-heading\">Das Wohlergehen unserer Mitarbeiter<\/h4>\n\n\n\n<p>Unser Unternehmen bildet seine Mitarbeiter aus, um ihre Gesundheit und ihr Wohlbefinden sicher zu stellen. Dar\u00fcber hinaus k\u00f6nnen unsere Mitarbeiter das Fitnesscenter in der RTL City nutzen und medizinischen Konsultationen sowie verschiedenen medizinischen Aktionen in Anspruch nehmen.<\/p>\n\n\n\n<p>Unser Unternehmen f\u00f6rdert auch den sozialen Dialog mit den Gewerkschaften, der aus Ausschusssitzungen und monatlichen Treffen hervorgeht, bei denen die Delegierten diskutieren und Ideen austauschen.<\/p>\n\n\n\n<p>Dar\u00fcber hinaus haben die Mitarbeiter durch eine Erfolgsbeteiligung ein unmittelbares Interesse an der Leistung des Unternehmens.<\/p>\n<\/div>\n<\/div>\n\n\n\n<div style=\"height:45px\" aria-hidden=\"true\" class=\"wp-block-spacer\"><\/div>\n\n\n\n<div class=\"wp-block-columns is-layout-flex wp-container-core-columns-is-layout-9d6595d7 wp-block-columns-is-layout-flex\">\n<div class=\"wp-block-column is-layout-flow wp-block-column-is-layout-flow\" style=\"flex-basis:20%\"><div class=\"wp-block-image\">\n<figure class=\"aligncenter size-full is-resized\"><img loading=\"lazy\" decoding=\"async\" width=\"500\" height=\"500\" src=\"https:\/\/www.bce.lu\/wp-content\/uploads\/2023\/05\/Knowledge.png\" alt=\"\" class=\"wp-image-6223\" style=\"width:212px;height:212px\" srcset=\"https:\/\/www.bce.lu\/wp-content\/uploads\/2023\/05\/Knowledge.png 500w, https:\/\/www.bce.lu\/wp-content\/uploads\/2023\/05\/Knowledge-300x300.png 300w, https:\/\/www.bce.lu\/wp-content\/uploads\/2023\/05\/Knowledge-150x150.png 150w\" sizes=\"auto, (max-width: 500px) 100vw, 500px\" \/><\/figure>\n<\/div><\/div>\n\n\n\n<div class=\"wp-block-column is-layout-flow wp-block-column-is-layout-flow\" style=\"flex-basis:80%\">\n<h4 class=\"wp-block-heading\">Die F\u00f6rderung des Wissens<\/h4>\n\n\n\n<p>Unser Unternehmen tr\u00e4gt durch verschiedene Verb\u00e4nde und die Teilnahme an den Konsortien aktiv zur Erforschung und Entwicklung neuer Technologien bei:<\/p>\n\n\n\n<ul class=\"wp-block-list\">\n<li>HD-Forum<\/li>\n\n\n\n<li>Informationstechnologie f\u00fcr den europ\u00e4ischen Fortschritt (ITEA)<\/li>\n\n\n\n<li>Vernetzte und elektronische Medien (NEM)<\/li>\n<\/ul>\n\n\n\n<p>Dar\u00fcber hinaus hat sich unser Unternehmen in Zusammenarbeit mit dem wichtigsten \u00f6ffentlichen Forschungszentrum Luxemburgs (LIST) auch aktiv an Projekten wie &#8222;Passepartout&#8220; in Zusammenarbeit mit Philips, &#8222;Movies&#8220; in Zusammenarbeit mit dem Eureka Cluster Programme (CELTIC), MOTSWAN (Mobile TV Services Whatever Access Network) und ACDC (Adaptive Content Delivery Cluster) beteiligt.<\/p>\n\n\n\n<p>Unser Unternehmen hat eine &#8222;Neue Medientechnologie&#8220; Struktur eingef\u00fchrt, die f\u00fcr die Entwicklung innovativer L\u00f6sungen im Multimedia-Bereich verantwortlich ist, und investiert in die Ausbildung seiner Mitarbeiter, um die Kontinuit\u00e4t des technologischen Know-hows zu gew\u00e4hrleisten.<\/p>\n<\/div>\n<\/div>\n","protected":false},"excerpt":{"rendered":"<p>Die Broadcasting Center Europe SA (BCE) ist sich als [&hellip;]<\/p>\n","protected":false},"author":3,"featured_media":0,"parent":0,"menu_order":7,"comment_status":"closed","ping_status":"closed","template":"","meta":{"_acf_changed":false,"content-type":"","inline_featured_image":false,"_uag_custom_page_level_css":"","_price":"","_stock":"","_tribe_ticket_header":"","_tribe_default_ticket_provider":"","_ticket_start_date":"","_ticket_end_date":"","_tribe_ticket_show_description":"","_tribe_ticket_show_not_going":false,"_tribe_ticket_use_global_stock":"","_tribe_ticket_global_stock_level":"","_global_stock_mode":"","_global_stock_cap":"","_tribe_rsvp_for_event":"","_tribe_ticket_going_count":"","_tribe_ticket_not_going_count":"","_tribe_tickets_list":"[]","_tribe_ticket_has_attendee_info_fields":false,"footnotes":"","_tec_slr_enabled":"","_tec_slr_layout":""},"class_list":["post-8943","page","type-page","status-publish","hentry"],"acf":[],"uagb_featured_image_src":{"full":false,"thumbnail":false,"medium":false,"medium_large":false,"large":false,"1536x1536":false,"2048x2048":false},"uagb_author_info":{"display_name":"charline","author_link":"https:\/\/www.bce.lu\/de\/author\/charline\/"},"uagb_comment_info":0,"uagb_excerpt":"Die Broadcasting Center Europe SA (BCE) ist sich als [&hellip;]","ticketed":false,"_links":{"self":[{"href":"https:\/\/www.bce.lu\/de\/wp-json\/wp\/v2\/pages\/8943","targetHints":{"allow":["GET"]}}],"collection":[{"href":"https:\/\/www.bce.lu\/de\/wp-json\/wp\/v2\/pages"}],"about":[{"href":"https:\/\/www.bce.lu\/de\/wp-json\/wp\/v2\/types\/page"}],"author":[{"embeddable":true,"href":"https:\/\/www.bce.lu\/de\/wp-json\/wp\/v2\/users\/3"}],"replies":[{"embeddable":true,"href":"https:\/\/www.bce.lu\/de\/wp-json\/wp\/v2\/comments?post=8943"}],"version-history":[{"count":7,"href":"https:\/\/www.bce.lu\/de\/wp-json\/wp\/v2\/pages\/8943\/revisions"}],"predecessor-version":[{"id":9005,"href":"https:\/\/www.bce.lu\/de\/wp-json\/wp\/v2\/pages\/8943\/revisions\/9005"}],"wp:attachment":[{"href":"https:\/\/www.bce.lu\/de\/wp-json\/wp\/v2\/media?parent=8943"}],"curies":[{"name":"wp","href":"https:\/\/api.w.org\/{rel}","templated":true}]}}