{"id":4118,"date":"2023-01-16T16:13:36","date_gmt":"2023-01-16T15:13:36","guid":{"rendered":"https:\/\/www.bce.lu\/?page_id=4118"},"modified":"2023-05-31T11:55:31","modified_gmt":"2023-05-31T09:55:31","slug":"solutions-pour-le-sport","status":"publish","type":"page","link":"https:\/\/www.bce.lu\/fr\/solutions-pour-le-sport\/","title":{"rendered":"Solutions pour le Sport"},"content":{"rendered":"<section class=\"bloc-listing-solutions sectionPadding\" id=\"solutions\">\n    <div class=\"is-width-large wrapper is-center\">\n        <div class=\"wrapper is-container-column\">\n            <h2 class=\"bloc-listing-solutions-title\">SOLUTIONS<\/h2>\n            <span class=\"bloc-listing-solutions-texte\"><p>Valorisez votre contenu sportif et augmentez le nombre de vos t\u00e9l\u00e9spectateurs.<\/p>\n<\/span>\n                \n\n            <div class=\"bloc-listing-solutions-bloc row middle-xs listingBceBloc\">\n\n                                                        \n                    <div class=\"col-md-4 is-text-center-mobile slide slide-1 \">             \n                        <label class=\"labelBce labelBlack bloc-listing-solutions-bloc-label listingBceLabel\" style=\"display:none;\"><\/label>\n                        <div class=\"bloc-listing-solutions-bloc-wrapper-number\">    \n                            <h3 class=\"bloc-listing-solutions-bloc-title is-inset-top-16 is-text-center-mobile listingBceTitle\">Diffusez votre \u00e9v\u00e9nement en direct<\/h3>   \n                        <\/div>        \n                        <span class=\"bloc-listing-solutions-bloc-texte is-inset-y-16 is-text-center-mobile listingBceText\"><p>Placez vos audiences au c\u0153ur de l&rsquo;action, o\u00f9 qu&rsquo;elles se trouvent.<\/p>\n<\/span>   \n                        <a class=\"button bloc-listing-solutions-bloc-link listingBceLink\" href=\"https:\/\/www.bce.lu\/fr\/solutions-pour-le-sport\/solutions\/diffusez-votre-evenement-en-direct\/\" title=\"#title\"><span class=\"caret is-right\"><\/span> En savoir plus<\/a>\n                    <\/div>\n                    <div class=\"col-md-4 slide slide-1 ratioContianer \">\n                            <div class=\"bloc-listing-solutions-bloc-img listingBceImg\"><img src='https:\/\/www.bce.lu\/wp-content\/uploads\/2023\/03\/Immerse-advanced-player.png' \/><\/div>\n                    <\/div>\n                    \n                                            \n                    <div class=\"col-md-4 is-text-center-mobile slide slide-2 is-hidden\">             \n                        <label class=\"labelBce labelBlack bloc-listing-solutions-bloc-label listingBceLabel\" style=\"display:none;\"><\/label>\n                        <div class=\"bloc-listing-solutions-bloc-wrapper-number\">    \n                            <h3 class=\"bloc-listing-solutions-bloc-title is-inset-top-16 is-text-center-mobile listingBceTitle\">Lancez votre cha\u00eene<\/h3>   \n                        <\/div>        \n                        <span class=\"bloc-listing-solutions-bloc-texte is-inset-y-16 is-text-center-mobile listingBceText\"><p>BCE r\u00e9pond \u00e0 tous vos besoins en lien avec les plateformes, aussi bien pour des cha\u00eenes permanentes que pour une diffusion ponctuelle.<\/p>\n<\/span>   \n                        <a class=\"button bloc-listing-solutions-bloc-link listingBceLink\" href=\"https:\/\/www.bce.lu\/fr\/solutions-pour-le-sport\/solutions\/lancez-votre-chaine\/\" title=\"#title\"><span class=\"caret is-right\"><\/span> En savoir plus<\/a>\n                    <\/div>\n                    <div class=\"col-md-4 slide slide-2 ratioContianer is-hidden\">\n                            <div class=\"bloc-listing-solutions-bloc-img listingBceImg\"><img src='https:\/\/www.bce.lu\/wp-content\/uploads\/2023\/03\/Play.jpg' \/><\/div>\n                    <\/div>\n                    \n                                            \n                    <div class=\"col-md-4 is-text-center-mobile slide slide-3 is-hidden\">             \n                        <label class=\"labelBce labelBlack bloc-listing-solutions-bloc-label listingBceLabel\" style=\"display:none;\"><\/label>\n                        <div class=\"bloc-listing-solutions-bloc-wrapper-number\">    \n                            <h3 class=\"bloc-listing-solutions-bloc-title is-inset-top-16 is-text-center-mobile listingBceTitle\">Divertissez vos audiences<\/h3>   \n                        <\/div>        \n                        <span class=\"bloc-listing-solutions-bloc-texte is-inset-y-16 is-text-center-mobile listingBceText\"><p>Avec BCE, vous disposez de solutions OTT, VOD, Replay et de m\u00e9dias sociaux pour vos vid\u00e9os.<\/p>\n<\/span>   \n                        <a class=\"button bloc-listing-solutions-bloc-link listingBceLink\" href=\"https:\/\/www.bce.lu\/fr\/solutions-pour-le-sport\/solutions\/divertissez-vos-audiences\/\" title=\"#title\"><span class=\"caret is-right\"><\/span> En savoir plus<\/a>\n                    <\/div>\n                    <div class=\"col-md-4 slide slide-3 ratioContianer is-hidden\">\n                            <div class=\"bloc-listing-solutions-bloc-img listingBceImg\"><img src='https:\/\/www.bce.lu\/wp-content\/uploads\/2023\/03\/Immerse-Go-live.png' \/><\/div>\n                    <\/div>\n                    \n                                            \n                    <div class=\"col-md-4 is-text-center-mobile slide slide-4 is-hidden\">             \n                        <label class=\"labelBce labelBlack bloc-listing-solutions-bloc-label listingBceLabel\" style=\"display:none;\"><\/label>\n                        <div class=\"bloc-listing-solutions-bloc-wrapper-number\">    \n                            <h3 class=\"bloc-listing-solutions-bloc-title is-inset-top-16 is-text-center-mobile listingBceTitle\">Mon\u00e9tisez vos contenus<\/h3>   \n                        <\/div>        \n                        <span class=\"bloc-listing-solutions-bloc-texte is-inset-y-16 is-text-center-mobile listingBceText\"><p>D\u00e9couvrez de nouvelles m\u00e9thodes de diffusion de vos contenus et de r\u00e9utilisation de vos anciennes images.<\/p>\n<\/span>   \n                        <a class=\"button bloc-listing-solutions-bloc-link listingBceLink\" href=\"https:\/\/www.bce.lu\/fr\/solutions-pour-le-sport\/solutions\/monetisez-vos-contenus\/\" title=\"#title\"><span class=\"caret is-right\"><\/span> En savoir plus<\/a>\n                    <\/div>\n                    <div class=\"col-md-4 slide slide-4 ratioContianer is-hidden\">\n                            <div class=\"bloc-listing-solutions-bloc-img listingBceImg\"><img src='https:\/\/www.bce.lu\/wp-content\/uploads\/2023\/03\/Digitize.jpg' \/><\/div>\n                    <\/div>\n                    \n                                        \n                <div class=\"col-md-4 bloc-listing-solutions-zone\">\n                    \n                                                <ul class=\"bloc-listing-solutions-bloc-title-list listingBceUl listUl-04\">\n                                                        <li class=\"bloc-listing-solutions-bloc-title-link listingBceLi active\" data-slide=\"1\"><span><a href=\"https:\/\/www.bce.lu\/fr\/solutions-pour-le-sport\/solutions\/diffusez-votre-evenement-en-direct\/\">Diffusez votre \u00e9v\u00e9nement en direct<\/a><\/span><\/li> \n                                                        <li class=\"bloc-listing-solutions-bloc-title-link listingBceLi \" data-slide=\"2\"><span><a href=\"https:\/\/www.bce.lu\/fr\/solutions-pour-le-sport\/solutions\/lancez-votre-chaine\/\">Lancez votre cha\u00eene<\/a><\/span><\/li> \n                                                        <li class=\"bloc-listing-solutions-bloc-title-link listingBceLi \" data-slide=\"3\"><span><a href=\"https:\/\/www.bce.lu\/fr\/solutions-pour-le-sport\/solutions\/divertissez-vos-audiences\/\">Divertissez vos audiences<\/a><\/span><\/li> \n                                                        <li class=\"bloc-listing-solutions-bloc-title-link listingBceLi \" data-slide=\"4\"><span><a href=\"https:\/\/www.bce.lu\/fr\/solutions-pour-le-sport\/solutions\/monetisez-vos-contenus\/\">Mon\u00e9tisez vos contenus<\/a><\/span><\/li> \n                                                        <\/ul>\n                                               \n                <\/div>\n            <\/div>\n              \n        <\/div>\n    <\/div>\n<\/section>\n\n<section class=\"bloc-listing-products sectionPadding\" id=\"products\">\n    <div class=\"is-width-large wrapper is-center\">\n        <div class=\"rowNoMarg is-container-column\">\n            <h2 class=\"bloc-listing-products-title\">PRODUITS<\/h2>\n            <span class=\"bloc-listing-products-texte\"><\/span>\n            <div class=\"owl-carousel owl-carousel-products owl-theme col-xs-12 is-inset-top-32\">   \n                                           \n\n                    <div class=\"bloc-listing-products-bloc\">\n                        <div class=\"bloc-listing-products-bloc-content\">\n                                                        <h3 class=\"bloc-listing-products-bloc-title\">Votre propre cha\u00eene de sports<\/h3>           \n                            <span class=\"bloc-listing-products-bloc-texte\"><p>Gestion et diffusion d\u2019une cha\u00eene de sports depuis le cloud.<\/p>\n<\/span>\n                            <a class=\"button\" href=\"https:\/\/www.bce.lu\/fr\/solutions-pour-le-sport\/produits\/votre-propre-chaine-de-sports\/\" title=\"Votre propre cha\u00eene de sports\"><span class=\"caret is-right\"><\/span> En savoir plus<\/a>\n                        <\/div>\n                        <div class=\"bloc-listing-products-bloc-img\">\n                            <img decoding=\"async\" src=\"https:\/\/www.bce.lu\/wp-content\/uploads\/2023\/03\/Add-animated-graphic-elements.png\"\/>\n                        <\/div>\n                    <\/div>\n\n                               \n\n                    <div class=\"bloc-listing-products-bloc\">\n                        <div class=\"bloc-listing-products-bloc-content\">\n                                                        <h3 class=\"bloc-listing-products-bloc-title\">D\u00e9marquez vos \u00e9v\u00e9nements avec une voix off<\/h3>           \n                            <span class=\"bloc-listing-products-bloc-texte\"><p>Commentez vos programmes sportifs en direct, o\u00f9 que vous soyez dans le monde.<\/p>\n<\/span>\n                            <a class=\"button\" href=\"https:\/\/www.bce.lu\/fr\/solutions-pour-le-sport\/produits\/demarquez-vos-evenements-avec-une-voix-off\/\" title=\"D\u00e9marquez vos \u00e9v\u00e9nements avec une voix off\"><span class=\"caret is-right\"><\/span> En savoir plus<\/a>\n                        <\/div>\n                        <div class=\"bloc-listing-products-bloc-img\">\n                            <img decoding=\"async\" src=\"https:\/\/www.bce.lu\/wp-content\/uploads\/2023\/03\/Simple-configuration.png\"\/>\n                        <\/div>\n                    <\/div>\n\n                               \n\n                    <div class=\"bloc-listing-products-bloc\">\n                        <div class=\"bloc-listing-products-bloc-content\">\n                                                        <h3 class=\"bloc-listing-products-bloc-title\">Votre studio nomade<\/h3>           \n                            <span class=\"bloc-listing-products-bloc-texte\"><p>Produisez et diffusez en direct vos programmes TV de sport\u00a0!<\/p>\n<\/span>\n                            <a class=\"button\" href=\"https:\/\/www.bce.lu\/fr\/solutions-pour-le-sport\/produits\/votre-studio-nomade\/\" title=\"Votre studio nomade\"><span class=\"caret is-right\"><\/span> En savoir plus<\/a>\n                        <\/div>\n                        <div class=\"bloc-listing-products-bloc-img\">\n                            <img decoding=\"async\" src=\"https:\/\/www.bce.lu\/wp-content\/uploads\/2023\/03\/Enrich-1.jpg\"\/>\n                        <\/div>\n                    <\/div>\n\n                            \n        <\/div>\n        <\/div>\n    <\/div>\n<\/section>","protected":false},"excerpt":{"rendered":"","protected":false},"author":3,"featured_media":24,"parent":0,"menu_order":35,"comment_status":"closed","ping_status":"closed","template":"","meta":{"_acf_changed":false,"content-type":"","inline_featured_image":false,"_uag_custom_page_level_css":"","_price":"","_stock":"","_tribe_ticket_header":"","_tribe_default_ticket_provider":"","_ticket_start_date":"","_ticket_end_date":"","_tribe_ticket_show_description":"","_tribe_ticket_show_not_going":false,"_tribe_ticket_use_global_stock":"","_tribe_ticket_global_stock_level":"","_global_stock_mode":"","_global_stock_cap":"","_tribe_rsvp_for_event":"","_tribe_ticket_going_count":"","_tribe_ticket_not_going_count":"","_tribe_tickets_list":"[]","_tribe_ticket_has_attendee_info_fields":false,"footnotes":"","_tec_slr_enabled":"","_tec_slr_layout":""},"class_list":["post-4118","page","type-page","status-publish","has-post-thumbnail","hentry"],"acf":[],"uagb_featured_image_src":{"full":["https:\/\/www.bce.lu\/wp-content\/uploads\/2023\/01\/bike-4500339-scaled.jpg",2560,1706,false],"thumbnail":["https:\/\/www.bce.lu\/wp-content\/uploads\/2023\/01\/bike-4500339-150x150.jpg",150,150,true],"medium":["https:\/\/www.bce.lu\/wp-content\/uploads\/2023\/01\/bike-4500339-300x200.jpg",300,200,true],"medium_large":["https:\/\/www.bce.lu\/wp-content\/uploads\/2023\/01\/bike-4500339-768x512.jpg",768,512,true],"large":["https:\/\/www.bce.lu\/wp-content\/uploads\/2023\/01\/bike-4500339-1024x683.jpg",1024,683,true],"1536x1536":["https:\/\/www.bce.lu\/wp-content\/uploads\/2023\/01\/bike-4500339-1536x1024.jpg",1536,1024,true],"2048x2048":["https:\/\/www.bce.lu\/wp-content\/uploads\/2023\/01\/bike-4500339-2048x1365.jpg",2048,1365,true]},"uagb_author_info":{"display_name":"charline","author_link":"https:\/\/www.bce.lu\/fr\/author\/charline\/"},"uagb_comment_info":0,"uagb_excerpt":null,"ticketed":false,"_links":{"self":[{"href":"https:\/\/www.bce.lu\/fr\/wp-json\/wp\/v2\/pages\/4118","targetHints":{"allow":["GET"]}}],"collection":[{"href":"https:\/\/www.bce.lu\/fr\/wp-json\/wp\/v2\/pages"}],"about":[{"href":"https:\/\/www.bce.lu\/fr\/wp-json\/wp\/v2\/types\/page"}],"author":[{"embeddable":true,"href":"https:\/\/www.bce.lu\/fr\/wp-json\/wp\/v2\/users\/3"}],"replies":[{"embeddable":true,"href":"https:\/\/www.bce.lu\/fr\/wp-json\/wp\/v2\/comments?post=4118"}],"version-history":[{"count":10,"href":"https:\/\/www.bce.lu\/fr\/wp-json\/wp\/v2\/pages\/4118\/revisions"}],"predecessor-version":[{"id":7363,"href":"https:\/\/www.bce.lu\/fr\/wp-json\/wp\/v2\/pages\/4118\/revisions\/7363"}],"wp:featuredmedia":[{"embeddable":true,"href":"https:\/\/www.bce.lu\/fr\/wp-json\/wp\/v2\/media\/24"}],"wp:attachment":[{"href":"https:\/\/www.bce.lu\/fr\/wp-json\/wp\/v2\/media?parent=4118"}],"curies":[{"name":"wp","href":"https:\/\/api.w.org\/{rel}","templated":true}]}}