{"id":4131,"date":"2023-04-21T15:44:58","date_gmt":"2023-04-21T13:44:58","guid":{"rendered":"https:\/\/www.bce.lu\/?page_id=4131"},"modified":"2025-07-02T17:10:24","modified_gmt":"2025-07-02T15:10:24","slug":"monetisez-vos-contenus","status":"publish","type":"page","link":"https:\/\/www.bce.lu\/fr\/solutions-pour-le-sport\/solutions\/monetisez-vos-contenus\/","title":{"rendered":"Mon\u00e9tisez vos contenus"},"content":{"rendered":"<section class=\"bloc-listing-solutions sectionPadding\">\n    <div class=\"wrapper is-width-large is-center\">\n        <div class=\"is-container-column is-inset-y-60  is-inset-y-32-mobile \">\n            <h2 class=\"bloc-listing-solutions-title\">Tirez davantage de vos vid\u00e9os de sport<\/h2>\n            <span class=\"bloc-listing-solutions-texte\"><p>BCE prot\u00e8ge vos contenus avec des services de num\u00e9risation, une solution de stockage sur le cloud et une gestion avanc\u00e9e des contenus.<\/p>\n<\/span>\n                \n            <div class=\"bloc-listing-solutions-bloc bloc-listing-solutions-counter row middle-xs listingBceBloc\">\n                \n            \n                                                                    \n                        <div class=\"col-md-4 slide slide-1 \">              \n                            <label class=\"labelBce labelBlack bloc-listing-solutions-bloc-label listingBceLabel\" style=\"display:none;\"><\/label>\n                            <div class=\"bloc-listing-solutions-bloc-wrapper-number  is-text-center-mobile\">\n                                <span class=\"bloc-listing-solutions-bloc-number listingBceNumber\">1<\/span>       \n                                <h3 class=\"bloc-listing-solutions-bloc-title is-inset-top-16 listingBceTitle\">Num\u00e9risez <\/h3>   \n                            <\/div>        \n                            <span class=\"bloc-listing-solutions-bloc-texte is-inset-y-16 is-text-center-mobile listingBceText\"><!-- wp:paragraph {\"placeholder\":\"Indiquez la description...\"} -->\n<p>Sauvegardez vos vid\u00e9os et r\u00e9utilisez-les plus efficacement. BCE vous garantit <strong>la qualit\u00e9 de num\u00e9risation la plus \u00e9lev\u00e9e<\/strong> et vous fournit des fichiers pr\u00eats \u00e0 \u00eatre lus.<\/p>\n<!-- \/wp:paragraph --><\/span>   \n                        <\/div>\n                        <div class=\"col-md-4 slide slide-1 ratioContianer \">\n                                <div class=\"bloc-listing-solutions-bloc-img listingBceImg\"><img src='https:\/\/www.bce.lu\/wp-content\/uploads\/2023\/03\/Digitize-1024x576.jpg' \/><\/div>\n                        <\/div>\n\n                                                    \n                        <div class=\"col-md-4 slide slide-2 is-hidden\">              \n                            <label class=\"labelBce labelBlack bloc-listing-solutions-bloc-label listingBceLabel\" style=\"display:none;\"><\/label>\n                            <div class=\"bloc-listing-solutions-bloc-wrapper-number  is-text-center-mobile\">\n                                <span class=\"bloc-listing-solutions-bloc-number listingBceNumber\">2<\/span>       \n                                <h3 class=\"bloc-listing-solutions-bloc-title is-inset-top-16 listingBceTitle\">Stockez <\/h3>   \n                            <\/div>        \n                            <span class=\"bloc-listing-solutions-bloc-texte is-inset-y-16 is-text-center-mobile listingBceText\"><!-- wp:paragraph {\"placeholder\":\"Indiquez la description...\"} -->\n<p>Stockez vos vid\u00e9os, acc\u00e9dez-y facilement depuis notre <strong>stockage forfaitaire sur le cloud<\/strong> et <strong>prot\u00e9gez vos contenus<\/strong> vid\u00e9os de sport dans nos syst\u00e8mes d\u2019archivage.<\/p>\n<!-- \/wp:paragraph --><\/span>   \n                        <\/div>\n                        <div class=\"col-md-4 slide slide-2 ratioContianer is-hidden\">\n                                <div class=\"bloc-listing-solutions-bloc-img listingBceImg\"><img src='https:\/\/www.bce.lu\/wp-content\/uploads\/2023\/03\/Store-1-1024x576.jpg' \/><\/div>\n                        <\/div>\n\n                                                    \n                        <div class=\"col-md-4 slide slide-3 is-hidden\">              \n                            <label class=\"labelBce labelBlack bloc-listing-solutions-bloc-label listingBceLabel\" style=\"display:none;\"><\/label>\n                            <div class=\"bloc-listing-solutions-bloc-wrapper-number  is-text-center-mobile\">\n                                <span class=\"bloc-listing-solutions-bloc-number listingBceNumber\">3<\/span>       \n                                <h3 class=\"bloc-listing-solutions-bloc-title is-inset-top-16 listingBceTitle\">Partagez <\/h3>   \n                            <\/div>        \n                            <span class=\"bloc-listing-solutions-bloc-texte is-inset-y-16 is-text-center-mobile listingBceText\"><!-- wp:paragraph {\"placeholder\":\"Indiquez la description...\"} -->\n<p><strong>Automatisez<\/strong> la diffusion de vos vid\u00e9os de sport <strong>et distribuez<\/strong> des contenus crypt\u00e9s <strong>de fa\u00e7on s\u00e9curis\u00e9e<\/strong> \u00e0 de nombreux partenaires dans le monde entier.<\/p>\n<!-- \/wp:paragraph --><\/span>   \n                        <\/div>\n                        <div class=\"col-md-4 slide slide-3 ratioContianer is-hidden\">\n                                <div class=\"bloc-listing-solutions-bloc-img listingBceImg\"><img src='https:\/\/www.bce.lu\/wp-content\/uploads\/2023\/03\/Distribute-1.png' \/><\/div>\n                        <\/div>\n\n                                                \n                <div class=\"col-md-4 bloc-listing-solutions-zone\">\n                                                <ul class=\"bloc-listing-solutions-bloc-title-list listingBceUl listUl-03\">\n                                                                    <li class=\"bloc-listing-solutions-bloc-title-link listingBceLi active\" data-slide=\"1\"><span>Num\u00e9risez <\/span><\/li> \n                                                                    <li class=\"bloc-listing-solutions-bloc-title-link listingBceLi \" data-slide=\"2\"><span>Stockez <\/span><\/li> \n                                                                    <li class=\"bloc-listing-solutions-bloc-title-link listingBceLi \" data-slide=\"3\"><span>Partagez <\/span><\/li> \n                                                            <\/ul>\n                                               \n                <\/div>\n            <\/div>\n\n            \n        <\/div>\n        <div class=\"center-xs\"><a class=\"button\" href=\"#options\"><span class=\"caret is-down\"><\/span> Plus<\/a><\/div>\n    <\/div>\n<\/section>\n\n<section class=\"bloc-listing-testimonials\">\n    <div class=\"wrapper is-width-large is-center\">\n        <div  class=\"owl-carousel owl-carousel-testimonial owl-theme rowNoMarg is-container-column\">\n \n                                            <div class=\"row bloc-listing-testimonials-row\">\n                                            <div class=\"col-xs-12 col-md-4 bloc-listing-testimonials-container\">\n                            <div class=\"bloc-listing-testimonials-logo\"><img decoding=\"async\" src=\"https:\/\/www.bce.lu\/wp-content\/uploads\/2023\/04\/FEI-logo.png\"\/><\/div>                                                    <\/div>\n                                        <div class=\"col-xs-12 col-md-8 bloc-listing-testimonials-cit is-inset-bottom-80 is-inset-bottom-32-mobile\">\n                        <span class=\"bloc-listing-testimonials-texte\"><!-- wp:paragraph {\"placeholder\":\"Indiquez la description...\"} -->\n<p>Il \u00e9tait important pour la FEI de garder un lien fort avec nos fans dans le monde, les services de BCE nous ont permis de partager les meilleurs moments du monde \u00e9questre avec notre communaut\u00e9 et l\u2019infrastructure de diffusion de BCE nous permet de s\u00e9lectionner facilement et efficacement notre contenu, cr\u00e9er de nouvelles \u00e9missions et programmer des rediffusions sur notre cha\u00eene et nos r\u00e9seaux sociaux.<\/p>\n<!-- \/wp:paragraph --><\/span>                        <span class=\"bloc-listing-testimonials-author\">Ralph Straus<\/span>                        <span class=\"bloc-listing-testimonials-function\">Directeur commercial<\/span>                    <\/div>\n                <\/div>\n\n                            \n        <\/div>\n    <\/div>\n<\/section>\n\n<section id=\"options\" class=\"bloc-listing-solutions-special is-inset-top-60 is-inset-bottom-20 is-inset-y-32-mobile\"  style=\"background-color:#F9F9F9\" >\n    <div class=\"is-width-large is-center\">\n        <div class=\"row is-container-column\">\n            <div class=\"col-xs-12\">\n                <h2 class=\"bloc-listing-solutions-special-title is-inset-bottom-24\">ET BIEN PLUS<\/h2>            \n                <div class=\"row\">\n                                                                    <div class=\"bloc-listing-solutions-special-bloc col-xs-12 col-md-4 is-inset-bottom-40 is-inset-bottom-20-mobile\">                \n                            <div class=\"bloc-listing-solutions-special-bloc-img\"><img decoding=\"async\" src=\"https:\/\/www.bce.lu\/wp-content\/uploads\/2023\/03\/Store.png\"\/><\/div>\n                            <div class=\"bloc-listing-solutions-special-bloc-content\">\n                                <h3 class=\"bloc-listing-solutions-special-bloc-title\">Sauvegardez <\/h3>           \n                                <span class=\"bloc-listing-solutions-special-bloc-texte\"><!-- wp:paragraph {\"placeholder\":\"Indiquez la description...\"} -->\n<p>Sauvegardez r\u00e9guli\u00e8rement vos contenus vid\u00e9os et tous les fichiers associ\u00e9s gr\u00e2ce \u00e0 notre fonction de <strong>sauvegarde \u00ab\u00a0as a service\u00a0\u00bb<\/strong>.<\/p>\n<!-- \/wp:paragraph --><\/span>\n                            <\/div>\n                        <\/div>\n\n                                                <div class=\"bloc-listing-solutions-special-bloc col-xs-12 col-md-4 is-inset-bottom-40 is-inset-bottom-20-mobile\">                \n                            <div class=\"bloc-listing-solutions-special-bloc-img\"><img decoding=\"async\" src=\"https:\/\/www.bce.lu\/wp-content\/uploads\/2023\/03\/Analyse-1.png\"\/><\/div>\n                            <div class=\"bloc-listing-solutions-special-bloc-content\">\n                                <h3 class=\"bloc-listing-solutions-special-bloc-title\">Analysez <\/h3>           \n                                <span class=\"bloc-listing-solutions-special-bloc-texte\"><!-- wp:paragraph {\"placeholder\":\"Indiquez la description...\"} -->\n<p><strong>Adaptez<\/strong> votre strat\u00e9gie de contenus, <strong>\u00e9largissez<\/strong> vos activit\u00e9s et <strong>renforcez<\/strong> la <strong>fid\u00e9lit\u00e9<\/strong> client gr\u00e2ce aux outils d\u2019analyse de BCE.<\/p>\n<!-- \/wp:paragraph --><\/span>\n                            <\/div>\n                        <\/div>\n\n                                                            <\/div>\n            <\/div>\n            \n            \n        <\/div>\n    <\/div>\n<\/section>\n\n<section class=\"bloc-listing-references \">\n    <div class=\"wrapper is-width-large wrapper is-center\">\n        <div class=\"is-container-column\">\n            <div class=\"row is-inset-y-60 is-inset-y-32-mobile\">\n            <div class=\"owl-carousel owl-carousel-references owl-centered owl-theme col-xs-12 \">\n                            \n                <div class=\"itemGallery\">\n                    <a href=\"https:\/\/www.bce.lu\/fr\/references\/fei\/\"><img decoding=\"async\" src=\"https:\/\/www.bce.lu\/wp-content\/uploads\/2023\/04\/FEI-logo.png\" alt=\"FEI\"><\/a>\n                <\/div>\n\n                \n                <div class=\"itemGallery\">\n                    <a href=\"https:\/\/www.bce.lu\/fr\/references\/hbs\/\"><img decoding=\"async\" src=\"https:\/\/www.bce.lu\/wp-content\/uploads\/2023\/04\/HBS-logo.png\" alt=\"HBS\"><\/a>\n                <\/div>\n\n                \n                <div class=\"itemGallery\">\n                    <a href=\"https:\/\/www.bce.lu\/fr\/references\/quatar-olympic-committee\/\"><img decoding=\"async\" src=\"https:\/\/www.bce.lu\/wp-content\/uploads\/2023\/04\/Quatar-Olympic-Committee-logo.png\" alt=\"Quatar Olympic Committee\"><\/a>\n                <\/div>\n\n                                        <\/div>\n        <\/div>\n    <\/div>\n<\/section>\n\n<section class=\"bloc-contact sectionPadding\">\n    <div class=\"wrapper is-width-large is-center\">\n        <div class=\"row is-container-column\">\n            <h2 class=\"bloc-contact-title\">CONTACTEZ-NOUS D\u00c8S MAINTENANT !<\/h2>\n            <span class=\"bloc-contact-texte\"><p>Remplissez ce formulaire et entrez en contact avec nos experts !<\/p>\n<\/span>\n            <div class=\"row is-inset-top-32 middle-xs\" style=\"width:100%;\">\n                                <div class=\"col-xs-12 \">                    \n                                                \n\t\t\t\t\t\t<script>\n\t\t\t\t\t\t\twindow.hsFormsOnReady = window.hsFormsOnReady || [];\n\t\t\t\t\t\t\twindow.hsFormsOnReady.push(()=>{\n\t\t\t\t\t\t\t\thbspt.forms.create({\n\t\t\t\t\t\t\t\t\tportalId: 8988786,\n\t\t\t\t\t\t\t\t\tformId: \"fad2e5b0-c108-427e-b8a7-742295b966a5\",\n\t\t\t\t\t\t\t\t\ttarget: \"#hbspt-form-1776515855000-7940607277\",\n\t\t\t\t\t\t\t\t\tregion: \"na1\",\n\t\t\t\t\t\t\t\t\t\n\t\t\t\t\t\t\t})});\n\t\t\t\t\t\t<\/script>\n\t\t\t\t\t\t<div class=\"hbspt-form\" id=\"hbspt-form-1776515855000-7940607277\"><\/div>                                        \n                <\/div>\n            <\/div>\n        <\/div>\n    <\/div>\n<\/section>","protected":false},"excerpt":{"rendered":"","protected":false},"author":3,"featured_media":544,"parent":4135,"menu_order":87,"comment_status":"closed","ping_status":"closed","template":"","meta":{"_acf_changed":false,"content-type":"","inline_featured_image":false,"_uag_custom_page_level_css":"","_price":"","_stock":"","_tribe_ticket_header":"","_tribe_default_ticket_provider":"","_ticket_start_date":"","_ticket_end_date":"","_tribe_ticket_show_description":"","_tribe_ticket_show_not_going":false,"_tribe_ticket_use_global_stock":"","_tribe_ticket_global_stock_level":"","_global_stock_mode":"","_global_stock_cap":"","_tribe_rsvp_for_event":"","_tribe_ticket_going_count":"","_tribe_ticket_not_going_count":"","_tribe_tickets_list":"[]","_tribe_ticket_has_attendee_info_fields":false,"footnotes":"","_tec_slr_enabled":"","_tec_slr_layout":""},"class_list":["post-4131","page","type-page","status-publish","has-post-thumbnail","hentry"],"acf":[],"uagb_featured_image_src":{"full":["https:\/\/www.bce.lu\/wp-content\/uploads\/2023\/03\/Digitize.jpg",1920,1080,false],"thumbnail":["https:\/\/www.bce.lu\/wp-content\/uploads\/2023\/03\/Digitize-150x150.jpg",150,150,true],"medium":["https:\/\/www.bce.lu\/wp-content\/uploads\/2023\/03\/Digitize-300x169.jpg",300,169,true],"medium_large":["https:\/\/www.bce.lu\/wp-content\/uploads\/2023\/03\/Digitize-768x432.jpg",768,432,true],"large":["https:\/\/www.bce.lu\/wp-content\/uploads\/2023\/03\/Digitize-1024x576.jpg",1024,576,true],"1536x1536":["https:\/\/www.bce.lu\/wp-content\/uploads\/2023\/03\/Digitize-1536x864.jpg",1536,864,true],"2048x2048":["https:\/\/www.bce.lu\/wp-content\/uploads\/2023\/03\/Digitize.jpg",1920,1080,false]},"uagb_author_info":{"display_name":"charline","author_link":"https:\/\/www.bce.lu\/fr\/author\/charline\/"},"uagb_comment_info":0,"uagb_excerpt":null,"ticketed":false,"_links":{"self":[{"href":"https:\/\/www.bce.lu\/fr\/wp-json\/wp\/v2\/pages\/4131","targetHints":{"allow":["GET"]}}],"collection":[{"href":"https:\/\/www.bce.lu\/fr\/wp-json\/wp\/v2\/pages"}],"about":[{"href":"https:\/\/www.bce.lu\/fr\/wp-json\/wp\/v2\/types\/page"}],"author":[{"embeddable":true,"href":"https:\/\/www.bce.lu\/fr\/wp-json\/wp\/v2\/users\/3"}],"replies":[{"embeddable":true,"href":"https:\/\/www.bce.lu\/fr\/wp-json\/wp\/v2\/comments?post=4131"}],"version-history":[{"count":16,"href":"https:\/\/www.bce.lu\/fr\/wp-json\/wp\/v2\/pages\/4131\/revisions"}],"predecessor-version":[{"id":13115,"href":"https:\/\/www.bce.lu\/fr\/wp-json\/wp\/v2\/pages\/4131\/revisions\/13115"}],"up":[{"embeddable":true,"href":"https:\/\/www.bce.lu\/fr\/wp-json\/wp\/v2\/pages\/4135"}],"wp:featuredmedia":[{"embeddable":true,"href":"https:\/\/www.bce.lu\/fr\/wp-json\/wp\/v2\/media\/544"}],"wp:attachment":[{"href":"https:\/\/www.bce.lu\/fr\/wp-json\/wp\/v2\/media?parent=4131"}],"curies":[{"name":"wp","href":"https:\/\/api.w.org\/{rel}","templated":true}]}}