{"id":4138,"date":"2023-04-21T15:13:35","date_gmt":"2023-04-21T13:13:35","guid":{"rendered":"https:\/\/www.bce.lu\/?page_id=4138"},"modified":"2025-12-11T11:53:39","modified_gmt":"2025-12-11T10:53:39","slug":"divertissez-vos-audiences","status":"publish","type":"page","link":"https:\/\/www.bce.lu\/fr\/solutions-pour-le-sport\/solutions\/divertissez-vos-audiences\/","title":{"rendered":"Divertissez vos audiences"},"content":{"rendered":"<section class=\"bloc-listing-solutions sectionPadding\">\n    <div class=\"wrapper is-width-large is-center\">\n        <div class=\"is-container-column is-inset-y-60  is-inset-y-32-mobile \">\n            <h2 class=\"bloc-listing-solutions-title\">Am\u00e9liorez votre contenu et vos \u00e9v\u00e9nements sportifs<\/h2>\n            <span class=\"bloc-listing-solutions-texte\"><div>\n<p>BCE prend en charge le design de votre plateforme, vous donne acc\u00e8s \u00e0 un SGC de pointe et s\u2019occupe de la GDN (gestion des droits num\u00e9riques).<\/p>\n<\/div>\n<div>\n<p>Divertissez vos audiences d&rsquo;o\u00f9 que vous soyez gr\u00e2ce aux solutions cloud de BCE, qui comprennent la diffusion depuis le cloud, la voix off \u00e0 distance et des syst\u00e8mes de gestion des contenus m\u00e9dias.<\/p>\n<\/div>\n<\/span>\n                \n            <div class=\"bloc-listing-solutions-bloc bloc-listing-solutions-counter row middle-xs listingBceBloc\">\n                \n            \n                                                                    \n                        <div class=\"col-md-4 slide slide-1 \">              \n                            <label class=\"labelBce labelBlack bloc-listing-solutions-bloc-label listingBceLabel\" style=\"display:none;\"><\/label>\n                            <div class=\"bloc-listing-solutions-bloc-wrapper-number  is-text-center-mobile\">\n                                <span class=\"bloc-listing-solutions-bloc-number listingBceNumber\">1<\/span>       \n                                <h3 class=\"bloc-listing-solutions-bloc-title is-inset-top-16 listingBceTitle\">Concevez <\/h3>   \n                            <\/div>        \n                            <span class=\"bloc-listing-solutions-bloc-texte is-inset-y-16 is-text-center-mobile listingBceText\"><!-- wp:paragraph {\"placeholder\":\"Indiquez la description...\"} -->\n<p>Votre portail de vid\u00e9os de sports, votre marque, votre exp\u00e9rience. BCE s\u2019occupe de <strong>la d\u00e9finition de l\u2019exp\u00e9rience utilisateur (UX) et du graphisme<\/strong> de votre portail dans une optique <strong>d\u2019optimisation de l\u2019UX<\/strong> et de coh\u00e9rence avec votre propre design.<\/p>\n<!-- \/wp:paragraph --><\/span>   \n                        <\/div>\n                        <div class=\"col-md-4 slide slide-1 ratioContianer \">\n                                <div class=\"bloc-listing-solutions-bloc-img listingBceImg\"><img src='https:\/\/www.bce.lu\/wp-content\/uploads\/2023\/03\/Design-1024x576.jpg' \/><\/div>\n                        <\/div>\n\n                                                    \n                        <div class=\"col-md-4 slide slide-2 is-hidden\">              \n                            <label class=\"labelBce labelBlack bloc-listing-solutions-bloc-label listingBceLabel\" style=\"display:none;\"><\/label>\n                            <div class=\"bloc-listing-solutions-bloc-wrapper-number  is-text-center-mobile\">\n                                <span class=\"bloc-listing-solutions-bloc-number listingBceNumber\">2<\/span>       \n                                <h3 class=\"bloc-listing-solutions-bloc-title is-inset-top-16 listingBceTitle\">Produisez <\/h3>   \n                            <\/div>        \n                            <span class=\"bloc-listing-solutions-bloc-texte is-inset-y-16 is-text-center-mobile listingBceText\"><!-- wp:paragraph -->\n<p>Ajoutez des contenus suppl\u00e9mentaires sur votre portail en <strong>produisant vos \u00e9v\u00e9nements sportifs<\/strong> ou r\u00e9utilisez vos vid\u00e9os de sport existantes en am\u00e9liorant leur qualit\u00e9 et en <strong>cr\u00e9ant de nouvelles versions<\/strong>.<\/p>\n<!-- \/wp:paragraph --><\/span>   \n                        <\/div>\n                        <div class=\"col-md-4 slide slide-2 ratioContianer is-hidden\">\n                                <div class=\"bloc-listing-solutions-bloc-img listingBceImg\"><img src='https:\/\/www.bce.lu\/wp-content\/uploads\/2023\/03\/Produce-1-1024x576.jpg' \/><\/div>\n                        <\/div>\n\n                                                    \n                        <div class=\"col-md-4 slide slide-3 is-hidden\">              \n                            <label class=\"labelBce labelBlack bloc-listing-solutions-bloc-label listingBceLabel\" style=\"display:none;\"><\/label>\n                            <div class=\"bloc-listing-solutions-bloc-wrapper-number  is-text-center-mobile\">\n                                <span class=\"bloc-listing-solutions-bloc-number listingBceNumber\">3<\/span>       \n                                <h3 class=\"bloc-listing-solutions-bloc-title is-inset-top-16 listingBceTitle\">Organisez <\/h3>   \n                            <\/div>        \n                            <span class=\"bloc-listing-solutions-bloc-texte is-inset-y-16 is-text-center-mobile listingBceText\"><!-- wp:paragraph {\"placeholder\":\"Indiquez la description...\"} -->\n<p>Organisez toutes vos vid\u00e9os, g\u00e9rez les m\u00e9tadonn\u00e9es, les sous-titres ou les diff\u00e9rentes langues afin d\u2019optimiser l\u2019<strong>exp\u00e9rience des spectateurs<\/strong>.<\/p>\n<!-- \/wp:paragraph --><\/span>   \n                        <\/div>\n                        <div class=\"col-md-4 slide slide-3 ratioContianer is-hidden\">\n                                <div class=\"bloc-listing-solutions-bloc-img listingBceImg\"><img src='https:\/\/www.bce.lu\/wp-content\/uploads\/2023\/03\/Organise-3.png' \/><\/div>\n                        <\/div>\n\n                                                    \n                        <div class=\"col-md-4 slide slide-4 is-hidden\">              \n                            <label class=\"labelBce labelBlack bloc-listing-solutions-bloc-label listingBceLabel\" style=\"display:none;\"><\/label>\n                            <div class=\"bloc-listing-solutions-bloc-wrapper-number  is-text-center-mobile\">\n                                <span class=\"bloc-listing-solutions-bloc-number listingBceNumber\">4<\/span>       \n                                <h3 class=\"bloc-listing-solutions-bloc-title is-inset-top-16 listingBceTitle\">Partagez <\/h3>   \n                            <\/div>        \n                            <span class=\"bloc-listing-solutions-bloc-texte is-inset-y-16 is-text-center-mobile listingBceText\"><!-- wp:paragraph {\"placeholder\":\"Indiquez la description...\"} -->\n<p>G\u00e9rez votre plateforme depuis le syst\u00e8me d\u2019exploitation de votre choix, <strong>proposez vos contenus facilement sur tous les dispositifs<\/strong> et publiez vos images sur votre plateforme, les sites web de vos partenaires et les m\u00e9dias sociaux.<\/p>\n<!-- \/wp:paragraph --><\/span>   \n                        <\/div>\n                        <div class=\"col-md-4 slide slide-4 ratioContianer is-hidden\">\n                                <div class=\"bloc-listing-solutions-bloc-img listingBceImg\"><img src='https:\/\/www.bce.lu\/wp-content\/uploads\/2023\/03\/Share.png' \/><\/div>\n                        <\/div>\n\n                                                \n                <div class=\"col-md-4 bloc-listing-solutions-zone\">\n                                                <ul class=\"bloc-listing-solutions-bloc-title-list listingBceUl listUl-04\">\n                                                                    <li class=\"bloc-listing-solutions-bloc-title-link listingBceLi active\" data-slide=\"1\"><span>Concevez <\/span><\/li> \n                                                                    <li class=\"bloc-listing-solutions-bloc-title-link listingBceLi \" data-slide=\"2\"><span>Produisez <\/span><\/li> \n                                                                    <li class=\"bloc-listing-solutions-bloc-title-link listingBceLi \" data-slide=\"3\"><span>Organisez <\/span><\/li> \n                                                                    <li class=\"bloc-listing-solutions-bloc-title-link listingBceLi \" data-slide=\"4\"><span>Partagez <\/span><\/li> \n                                                            <\/ul>\n                                               \n                <\/div>\n            <\/div>\n\n            \n        <\/div>\n        <div class=\"center-xs\"><a class=\"button\" href=\"#options\"><span class=\"caret is-down\"><\/span> Plus<\/a><\/div>\n    <\/div>\n<\/section>\n\n<section class=\"bloc-listing-testimonials\">\n    <div class=\"wrapper is-width-large is-center\">\n        <div  class=\"owl-carousel owl-carousel-testimonial owl-theme rowNoMarg is-container-column\">\n \n                                            <div class=\"row bloc-listing-testimonials-row\">\n                                            <div class=\"col-xs-12 col-md-4 bloc-listing-testimonials-container\">\n                            <div class=\"bloc-listing-testimonials-logo\"><img decoding=\"async\" src=\"https:\/\/www.bce.lu\/wp-content\/uploads\/2023\/03\/logo-equipe.svg\"\/><\/div>                            <div class=\"bloc-listing-testimonials-img\"><img decoding=\"async\" src=\"https:\/\/www.bce.lu\/wp-content\/uploads\/2023\/04\/Jerome_Aubin500px.jpg\"\/><\/div>                        <\/div>\n                                        <div class=\"col-xs-12 col-md-8 bloc-listing-testimonials-cit is-inset-bottom-80 is-inset-bottom-32-mobile\">\n                        <span class=\"bloc-listing-testimonials-texte\"><!-- wp:paragraph -->\n<p>Environ 161 journalistes de L\u2019\u00c9quipe ont un compte sur Holovox et travaillent quotidiennement avec la plateforme pour cr\u00e9er chaque jour davantage de contenu en direct pour la plateforme OTT de L\u2019\u00c9quipe.<\/p>\n<!-- \/wp:paragraph --><\/span>                        <span class=\"bloc-listing-testimonials-author\">J\u00e9rome Aubin<\/span>                        <span class=\"bloc-listing-testimonials-function\">Directeur de production chez L&rsquo;Equipe<\/span>                    <\/div>\n                <\/div>\n\n                                <div class=\"row bloc-listing-testimonials-row\">\n                                            <div class=\"col-xs-12 col-md-4 bloc-listing-testimonials-container\">\n                            <div class=\"bloc-listing-testimonials-logo\"><img decoding=\"async\" src=\"https:\/\/www.bce.lu\/wp-content\/uploads\/2023\/04\/sportall-logo.png\"\/><\/div>                                                    <\/div>\n                                        <div class=\"col-xs-12 col-md-8 bloc-listing-testimonials-cit is-inset-bottom-80 is-inset-bottom-32-mobile\">\n                        <span class=\"bloc-listing-testimonials-texte\"><!-- wp:paragraph {\"placeholder\":\"Indiquez la description...\"} -->\n<p>Le syst\u00e8me Holovox est tr\u00e8s intuitif ! La configuration et l\u2019utilisation du syst\u00e8me se font via un simple e-mail. Les utilisateurs ont acc\u00e8s \u00e0 tous les outils n\u00e9cessaires pour regarder l\u2019\u00e9v\u00e9nement en direct et ajouter leurs commentaires, avec quelques \u00e9l\u00e9ments graphiques<\/p>\n<!-- \/wp:paragraph --><\/span>                        <span class=\"bloc-listing-testimonials-author\">Brice Navarro<\/span>                        <span class=\"bloc-listing-testimonials-function\">Responsable de production<\/span>                    <\/div>\n                <\/div>\n\n                            \n        <\/div>\n    <\/div>\n<\/section>\n\n<section id=\"options\" class=\"bloc-listing-solutions-special is-inset-top-60 is-inset-bottom-20 is-inset-y-32-mobile\"  style=\"background-color:#F9F9F9\" >\n    <div class=\"is-width-large is-center\">\n        <div class=\"row is-container-column\">\n            <div class=\"col-xs-12\">\n                <h2 class=\"bloc-listing-solutions-special-title is-inset-bottom-24\">ET BIEN PLUS<\/h2>            \n                <div class=\"row\">\n                                                                    <div class=\"bloc-listing-solutions-special-bloc col-xs-12 col-md-4 is-inset-bottom-40 is-inset-bottom-20-mobile\">                \n                            <div class=\"bloc-listing-solutions-special-bloc-img\"><img decoding=\"async\" src=\"https:\/\/www.bce.lu\/wp-content\/uploads\/2023\/03\/Enrich.png\"\/><\/div>\n                            <div class=\"bloc-listing-solutions-special-bloc-content\">\n                                <h3 class=\"bloc-listing-solutions-special-bloc-title\">Enrichissez <\/h3>           \n                                <span class=\"bloc-listing-solutions-special-bloc-texte\"><!-- wp:paragraph {\"placeholder\":\"Indiquez la description...\"} -->\n<p>G\u00e9n\u00e9rez des \u00e9motions en <strong>ajoutant une voix off<\/strong> \u00e0 vos \u00e9v\u00e9nements, o\u00f9 que vous soyez, ou enrichissez vos programmes avec des <strong>talk-shows<\/strong> produits dans des studios temporaires sur place lors d&rsquo;\u00e9v\u00e9nements sportifs.<\/p>\n<!-- \/wp:paragraph --><\/span>\n                            <\/div>\n                        <\/div>\n\n                                                <div class=\"bloc-listing-solutions-special-bloc col-xs-12 col-md-4 is-inset-bottom-40 is-inset-bottom-20-mobile\">                \n                            <div class=\"bloc-listing-solutions-special-bloc-img\"><img decoding=\"async\" src=\"https:\/\/www.bce.lu\/wp-content\/uploads\/2023\/03\/Immerse-Go-live.png\"\/><\/div>\n                            <div class=\"bloc-listing-solutions-special-bloc-content\">\n                                <h3 class=\"bloc-listing-solutions-special-bloc-title\">Plongez <\/h3>           \n                                <span class=\"bloc-listing-solutions-special-bloc-texte\"><!-- wp:paragraph {\"placeholder\":\"Indiquez la description...\"} -->\n<p><strong>Attirez plus de spectateurs<\/strong> sur votre plateforme avec des flux en direct de vos retransmissions sportives. Ajoutez des outils interactifs essentiels comme un espace de discussion et une s\u00e9lection de cam\u00e9ras en direct pour permettre aux <strong>fans de sport de s&rsquo;immerger<\/strong> dans l&rsquo;\u00e9v\u00e8nement.<\/p>\n<!-- \/wp:paragraph --><\/span>\n                            <\/div>\n                        <\/div>\n\n                                                            <\/div>\n            <\/div>\n            \n            \n        <\/div>\n    <\/div>\n<\/section>\n\n<section class=\"bloc-listing-references \">\n    <div class=\"wrapper is-width-large wrapper is-center\">\n        <div class=\"is-container-column\">\n            <div class=\"row is-inset-y-60 is-inset-y-32-mobile\">\n            <div class=\"owl-carousel owl-carousel-references owl-centered owl-theme col-xs-12 \">\n                            \n                <div class=\"itemGallery\">\n                    <a href=\"https:\/\/www.bce.lu\/fr\/references\/cev-european-volleyball-confederation\/\"><img decoding=\"async\" src=\"https:\/\/www.bce.lu\/wp-content\/uploads\/2023\/04\/CEV-logo.png\" alt=\"CEV \u2013 European Volleyball Confederation\"><\/a>\n                <\/div>\n\n                \n                <div class=\"itemGallery\">\n                    <a href=\"https:\/\/www.bce.lu\/fr\/references\/fei\/\"><img decoding=\"async\" src=\"https:\/\/www.bce.lu\/wp-content\/uploads\/2023\/04\/FEI-logo.png\" alt=\"FEI\"><\/a>\n                <\/div>\n\n                \n                <div class=\"itemGallery\">\n                    <a href=\"https:\/\/www.bce.lu\/fr\/references\/flf-federation-luxembourgeoise-de-football\/\"><img decoding=\"async\" src=\"https:\/\/www.bce.lu\/wp-content\/uploads\/2023\/04\/Football_Luxembourg_federation-logo.png\" alt=\"FLF \u2013 F\u00e9d\u00e9ration Luxembourgeoise de Football\"><\/a>\n                <\/div>\n\n                \n                <div class=\"itemGallery\">\n                    <a href=\"https:\/\/www.bce.lu\/fr\/references\/hbs\/\"><img decoding=\"async\" src=\"https:\/\/www.bce.lu\/wp-content\/uploads\/2023\/04\/HBS-logo.png\" alt=\"HBS\"><\/a>\n                <\/div>\n\n                \n                <div class=\"itemGallery\">\n                    <a href=\"https:\/\/www.bce.lu\/fr\/references\/quatar-olympic-committee\/\"><img decoding=\"async\" src=\"https:\/\/www.bce.lu\/wp-content\/uploads\/2023\/04\/Quatar-Olympic-Committee-logo.png\" alt=\"Quatar Olympic Committee\"><\/a>\n                <\/div>\n\n                \n                <div class=\"itemGallery\">\n                    <a href=\"https:\/\/www.bce.lu\/fr\/references\/uci-union-cycliste-internationale\/\"><img decoding=\"async\" src=\"https:\/\/www.bce.lu\/wp-content\/uploads\/2023\/04\/UCI-Logo.png\" alt=\"UCI \u2013 Union Cycliste Internationale\"><\/a>\n                <\/div>\n\n                \n                <div class=\"itemGallery\">\n                    <a href=\"https:\/\/www.bce.lu\/fr\/references\/lequipe-21\/\"><img decoding=\"async\" src=\"https:\/\/www.bce.lu\/wp-content\/uploads\/2023\/04\/Lequipe-logo.png\" alt=\"L&rsquo;Equipe 21\"><\/a>\n                <\/div>\n\n                                        <\/div>\n        <\/div>\n    <\/div>\n<\/section>\n\n<section class=\"bloc-contact sectionPadding\">\n    <div class=\"wrapper is-width-large is-center\">\n        <div class=\"row is-container-column\">\n            <h2 class=\"bloc-contact-title\">CONTACTEZ-NOUS D\u00c8S MAINTENANT !<\/h2>\n            <span class=\"bloc-contact-texte\"><p>Remplissez ce formulaire et entrez en contact avec nos experts !<\/p>\n<\/span>\n            <div class=\"row is-inset-top-32 middle-xs\" style=\"width:100%;\">\n                                <div class=\"col-xs-12 \">                    \n                                                \n\t\t\t\t\t\t<script>\n\t\t\t\t\t\t\twindow.hsFormsOnReady = window.hsFormsOnReady || [];\n\t\t\t\t\t\t\twindow.hsFormsOnReady.push(()=>{\n\t\t\t\t\t\t\t\thbspt.forms.create({\n\t\t\t\t\t\t\t\t\tportalId: 8988786,\n\t\t\t\t\t\t\t\t\tformId: \"a5f85150-bd45-4836-a7c7-a4cf24865408\",\n\t\t\t\t\t\t\t\t\ttarget: \"#hbspt-form-1775991436000-6782359168\",\n\t\t\t\t\t\t\t\t\tregion: \"na1\",\n\t\t\t\t\t\t\t\t\t\n\t\t\t\t\t\t\t})});\n\t\t\t\t\t\t<\/script>\n\t\t\t\t\t\t<div class=\"hbspt-form\" id=\"hbspt-form-1775991436000-6782359168\"><\/div>                                        \n                <\/div>\n            <\/div>\n        <\/div>\n    <\/div>\n<\/section>","protected":false},"excerpt":{"rendered":"","protected":false},"author":3,"featured_media":14189,"parent":4135,"menu_order":81,"comment_status":"closed","ping_status":"closed","template":"","meta":{"_acf_changed":false,"content-type":"","inline_featured_image":false,"_uag_custom_page_level_css":"","_price":"","_stock":"","_tribe_ticket_header":"","_tribe_default_ticket_provider":"","_ticket_start_date":"","_ticket_end_date":"","_tribe_ticket_show_description":"","_tribe_ticket_show_not_going":false,"_tribe_ticket_use_global_stock":"","_tribe_ticket_global_stock_level":"","_global_stock_mode":"","_global_stock_cap":"","_tribe_rsvp_for_event":"","_tribe_ticket_going_count":"","_tribe_ticket_not_going_count":"","_tribe_tickets_list":"[]","_tribe_ticket_has_attendee_info_fields":false,"footnotes":"","_tec_slr_enabled":"","_tec_slr_layout":""},"class_list":["post-4138","page","type-page","status-publish","has-post-thumbnail","hentry"],"acf":[],"uagb_featured_image_src":{"full":["https:\/\/www.bce.lu\/wp-content\/uploads\/2023\/03\/Immerse-Go-live.png",800,450,false],"thumbnail":["https:\/\/www.bce.lu\/wp-content\/uploads\/2023\/03\/Immerse-Go-live-150x150.png",150,150,true],"medium":["https:\/\/www.bce.lu\/wp-content\/uploads\/2023\/03\/Immerse-Go-live-300x169.png",300,169,true],"medium_large":["https:\/\/www.bce.lu\/wp-content\/uploads\/2023\/03\/Immerse-Go-live-768x432.png",768,432,true],"large":["https:\/\/www.bce.lu\/wp-content\/uploads\/2023\/03\/Immerse-Go-live.png",800,450,false],"1536x1536":["https:\/\/www.bce.lu\/wp-content\/uploads\/2023\/03\/Immerse-Go-live.png",800,450,false],"2048x2048":["https:\/\/www.bce.lu\/wp-content\/uploads\/2023\/03\/Immerse-Go-live.png",800,450,false]},"uagb_author_info":{"display_name":"charline","author_link":"https:\/\/www.bce.lu\/fr\/author\/charline\/"},"uagb_comment_info":0,"uagb_excerpt":null,"ticketed":false,"_links":{"self":[{"href":"https:\/\/www.bce.lu\/fr\/wp-json\/wp\/v2\/pages\/4138","targetHints":{"allow":["GET"]}}],"collection":[{"href":"https:\/\/www.bce.lu\/fr\/wp-json\/wp\/v2\/pages"}],"about":[{"href":"https:\/\/www.bce.lu\/fr\/wp-json\/wp\/v2\/types\/page"}],"author":[{"embeddable":true,"href":"https:\/\/www.bce.lu\/fr\/wp-json\/wp\/v2\/users\/3"}],"replies":[{"embeddable":true,"href":"https:\/\/www.bce.lu\/fr\/wp-json\/wp\/v2\/comments?post=4138"}],"version-history":[{"count":15,"href":"https:\/\/www.bce.lu\/fr\/wp-json\/wp\/v2\/pages\/4138\/revisions"}],"predecessor-version":[{"id":13118,"href":"https:\/\/www.bce.lu\/fr\/wp-json\/wp\/v2\/pages\/4138\/revisions\/13118"}],"up":[{"embeddable":true,"href":"https:\/\/www.bce.lu\/fr\/wp-json\/wp\/v2\/pages\/4135"}],"wp:featuredmedia":[{"embeddable":true,"href":"https:\/\/www.bce.lu\/fr\/wp-json\/wp\/v2\/media\/14189"}],"wp:attachment":[{"href":"https:\/\/www.bce.lu\/fr\/wp-json\/wp\/v2\/media?parent=4138"}],"curies":[{"name":"wp","href":"https:\/\/api.w.org\/{rel}","templated":true}]}}