{"id":4148,"date":"2023-04-26T17:39:29","date_gmt":"2023-04-26T15:39:29","guid":{"rendered":"https:\/\/www.bce.lu\/?page_id=4148"},"modified":"2025-12-11T12:37:04","modified_gmt":"2025-12-11T11:37:04","slug":"demarquez-vos-evenements-avec-une-voix-off","status":"publish","type":"page","link":"https:\/\/www.bce.lu\/fr\/solutions-pour-le-sport\/produits\/demarquez-vos-evenements-avec-une-voix-off\/","title":{"rendered":"D\u00e9marquez vos \u00e9v\u00e9nements avec une voix off"},"content":{"rendered":"<section class=\"bloc-listing-products-bk sectionPadding\">\n    <div class=\"is-width-large is-center\">\n        <div class=\"is-inset-top-28-mobile\">\n            <h2 class=\"bloc-listing-products-bk-title is-text-center\">Engagez vos spectateurs, <br \/>\r\ngr\u00e2ce \u00e0 la solution de pointe con\u00e7ue par BCE <br \/>\r\npour les voix off : Holovox<\/h2>\n            <span class=\"bloc-listing-solutions-texte\"><p>Proposez un programme sportif unique avec l\u2019ajout de commentaires dans une ou plusieurs langues et proposez une exp\u00e9rience audio de premier plan \u00e0 votre audience.<\/p>\n<\/span>\n            \n            <div class=\"row\">\n                            \n                    <div class=\"bloc-listing-products-bk-bloc col-xs-12 col-md-4 is-inset-y-40 is-inset-y-28-mobile\">                \n                        <div class=\"bloc-listing-products-bk-bloc-img\"><img decoding=\"async\" src=\"https:\/\/www.bce.lu\/wp-content\/uploads\/2023\/03\/Journalists-and-team-management.png\"\/><\/div>\n                        <div class=\"bloc-listing-products-bk-bloc-content\">\n                            <h3 class=\"bloc-listing-products-bk-bloc-title\">Gestion des journalistes et des \u00e9quipes<\/h3>           \n                            <span class=\"bloc-listing-products-bk-bloc-texte\"><!-- wp:paragraph -->\n<p>Il n\u2019a jamais \u00e9t\u00e9 aussi simple d&rsquo;organiser vos commentaires sportifs \u00e0 distance&nbsp;! Acc\u00e9dez \u00e0 votre propre environnement de gestion sur Holovox \u00e0 travers une application web conviviale.<\/p>\n<!-- \/wp:paragraph -->\n\n<!-- wp:paragraph -->\n<p>Vous pouvez g\u00e9rer les acc\u00e8s et les droits de chaque membre, obtenir une vue d\u2019ensemble de tous les \u00e9v\u00e9nements \u00e0 venir, cr\u00e9er facilement de nouveaux \u00e9v\u00e9nements et les attribuer \u00e0 des membres disponibles depuis votre compte de superviseur.<\/p>\n<!-- \/wp:paragraph --><\/span>\n                        <\/div>\n                    <\/div>\n\n                \n                    <div class=\"bloc-listing-products-bk-bloc col-xs-12 col-md-4 is-inset-y-40 is-inset-y-28-mobile\">                \n                        <div class=\"bloc-listing-products-bk-bloc-img\"><img decoding=\"async\" src=\"https:\/\/www.bce.lu\/wp-content\/uploads\/2023\/03\/Simple-configuration.png\"\/><\/div>\n                        <div class=\"bloc-listing-products-bk-bloc-content\">\n                            <h3 class=\"bloc-listing-products-bk-bloc-title\">Configuration simple<\/h3>           \n                            <span class=\"bloc-listing-products-bk-bloc-texte\"><!-- wp:paragraph {\"placeholder\":\"Indiquez la description...\"} -->\n<p>Holovox est une plateforme intuitive et conviviale permettant de commenter des \u00e9v\u00e9nements divers en simultan\u00e9. Les membres de votre \u00e9quipe ne n\u00e9cessitent qu\u2019un ordinateur, une connexion Internet, une webcam, des \u00e9couteurs et un micro pour se lancer.<\/p>\n<!-- \/wp:paragraph --><\/span>\n                        <\/div>\n                    <\/div>\n\n                \n                    <div class=\"bloc-listing-products-bk-bloc col-xs-12 col-md-4 is-inset-y-40 is-inset-y-28-mobile\">                \n                        <div class=\"bloc-listing-products-bk-bloc-img\"><img decoding=\"async\" src=\"https:\/\/www.bce.lu\/wp-content\/uploads\/2023\/03\/Go-live.png\"\/><\/div>\n                        <div class=\"bloc-listing-products-bk-bloc-content\">\n                            <h3 class=\"bloc-listing-products-bk-bloc-title\">Lancez le direct<\/h3>           \n                            <span class=\"bloc-listing-products-bk-bloc-texte\"><!-- wp:paragraph {\"placeholder\":\"Indiquez la description...\"} -->\n<p>Avec le service de voix off \u00e0 distance de BCE, vous pouvez capter l\u2019attention de vos audiences en ajoutant une v\u00e9ritable voix off \u00e0 vos programmes sportifs, comme si le journaliste \u00e9tait vraiment sur place. Gr\u00e2ce \u00e0 Holovox, vos journalistes mettent en valeur votre \u00e9v\u00e9nement en y ajoutant des commentaires audio et des flux vid\u00e9o en direct, o\u00f9 qu\u2019ils se trouvent dans le monde.<\/p>\n<!-- \/wp:paragraph --><\/span>\n                        <\/div>\n                    <\/div>\n\n                \n                    <div class=\"bloc-listing-products-bk-bloc col-xs-12 col-md-4 is-inset-y-40 is-inset-y-28-mobile\">                \n                        <div class=\"bloc-listing-products-bk-bloc-img\"><img decoding=\"async\" src=\"https:\/\/www.bce.lu\/wp-content\/uploads\/2023\/03\/Manage-your-live.jpg\"\/><\/div>\n                        <div class=\"bloc-listing-products-bk-bloc-content\">\n                            <h3 class=\"bloc-listing-products-bk-bloc-title\">G\u00e9rez votre direct<\/h3>           \n                            <span class=\"bloc-listing-products-bk-bloc-texte\"><!-- wp:paragraph {\"placeholder\":\"Indiquez la description...\"} -->\n<p>Pendant la diffusion en direct, vous pouvez ouvrir le contr\u00f4leur \u00e0 distance sur le navigateur de votre ordinateur ou smartphone et g\u00e9rer le bruit ambiant ainsi que les titres, les graphismes et les flux en direct des membres de votre \u00e9quipe.<\/p>\n<!-- \/wp:paragraph --><\/span>\n                        <\/div>\n                    <\/div>\n\n                \n                    <div class=\"bloc-listing-products-bk-bloc col-xs-12 col-md-4 is-inset-y-40 is-inset-y-28-mobile\">                \n                        <div class=\"bloc-listing-products-bk-bloc-img\"><img decoding=\"async\" src=\"https:\/\/www.bce.lu\/wp-content\/uploads\/2023\/01\/s2.jpg\"\/><\/div>\n                        <div class=\"bloc-listing-products-bk-bloc-content\">\n                            <h3 class=\"bloc-listing-products-bk-bloc-title\">Une continuit\u00e9 garantie<\/h3>           \n                            <span class=\"bloc-listing-products-bk-bloc-texte\"><!-- wp:paragraph {\"placeholder\":\"Indiquez la description...\"} -->\n<p>Plongez vos audiences au c\u0153ur de vos \u00e9v\u00e9nements sportifs en leur proposant un suivi en direct gr\u00e2ce \u00e0 l\u2019\u00e9quipe du Network Operations Centre (NOC), disponible 24\u00a0h\/24, 7\u00a0j\/7. Notre \u00e9quipe s\u00e9curise vos activit\u00e9s et vous assiste lors de vos \u00e9v\u00e9nements en direct.<\/p>\n<!-- \/wp:paragraph --><\/span>\n                        <\/div>\n                    <\/div>\n\n                                        <\/div>\n        <\/div>\n    <\/div>\n<\/section>\n\n<section class=\"bloc-listing-testimonials\">\n    <div class=\"wrapper is-width-large is-center\">\n        <div  class=\"owl-carousel owl-carousel-testimonial owl-theme rowNoMarg is-container-column\">\n \n                                            <div class=\"row bloc-listing-testimonials-row\">\n                                            <div class=\"col-xs-12 col-md-4 bloc-listing-testimonials-container\">\n                            <div class=\"bloc-listing-testimonials-logo\"><img decoding=\"async\" src=\"https:\/\/www.bce.lu\/wp-content\/uploads\/2023\/03\/logo-equipe.svg\"\/><\/div>                            <div class=\"bloc-listing-testimonials-img\"><img decoding=\"async\" src=\"https:\/\/www.bce.lu\/wp-content\/uploads\/2023\/04\/Jerome_Aubin500px.jpg\"\/><\/div>                        <\/div>\n                                        <div class=\"col-xs-12 col-md-8 bloc-listing-testimonials-cit is-inset-bottom-80 is-inset-bottom-32-mobile\">\n                        <span class=\"bloc-listing-testimonials-texte\"><!-- wp:paragraph -->\n<p>Environ 161 journalistes de L\u2019\u00c9quipe ont un compte sur Holovox et travaillent quotidiennement avec la plateforme pour cr\u00e9er chaque jour davantage de contenu en direct pour la plateforme OTT de L\u2019\u00c9quipe.<\/p>\n<!-- \/wp:paragraph --><\/span>                        <span class=\"bloc-listing-testimonials-author\">J\u00e9rome Aubin<\/span>                        <span class=\"bloc-listing-testimonials-function\">Directeur de production chez L&rsquo;Equipe<\/span>                    <\/div>\n                <\/div>\n\n                                <div class=\"row bloc-listing-testimonials-row\">\n                                            <div class=\"col-xs-12 col-md-4 bloc-listing-testimonials-container\">\n                            <div class=\"bloc-listing-testimonials-logo\"><img decoding=\"async\" src=\"https:\/\/www.bce.lu\/wp-content\/uploads\/2023\/04\/sportall-logo.png\"\/><\/div>                                                    <\/div>\n                                        <div class=\"col-xs-12 col-md-8 bloc-listing-testimonials-cit is-inset-bottom-80 is-inset-bottom-32-mobile\">\n                        <span class=\"bloc-listing-testimonials-texte\"><!-- wp:paragraph {\"placeholder\":\"Indiquez la description...\"} -->\n<p>Le syst\u00e8me Holovox est tr\u00e8s intuitif ! La configuration et l\u2019utilisation du syst\u00e8me se font via un simple e-mail. Les utilisateurs ont acc\u00e8s \u00e0 tous les outils n\u00e9cessaires pour regarder l\u2019\u00e9v\u00e9nement en direct et ajouter leurs commentaires, avec quelques \u00e9l\u00e9ments graphiques<\/p>\n<!-- \/wp:paragraph --><\/span>                        <span class=\"bloc-listing-testimonials-author\">Brice Navarro<\/span>                        <span class=\"bloc-listing-testimonials-function\">Responsable de production<\/span>                    <\/div>\n                <\/div>\n\n                            \n        <\/div>\n    <\/div>\n<\/section>\n\n<section class=\"bloc-contact sectionPadding\">\n    <div class=\"wrapper is-width-large is-center\">\n        <div class=\"row is-container-column\">\n            <h2 class=\"bloc-contact-title\">CONTACTEZ-NOUS D\u00c8S MAINTENANT !<\/h2>\n            <span class=\"bloc-contact-texte\"><p>Remplissez ce formulaire et entrez en contact avec nos experts !<\/p>\n<\/span>\n            <div class=\"row is-inset-top-32 middle-xs\" style=\"width:100%;\">\n                                <div class=\"col-xs-12 \">                    \n                                                \n\t\t\t\t\t\t<script>\n\t\t\t\t\t\t\twindow.hsFormsOnReady = window.hsFormsOnReady || [];\n\t\t\t\t\t\t\twindow.hsFormsOnReady.push(()=>{\n\t\t\t\t\t\t\t\thbspt.forms.create({\n\t\t\t\t\t\t\t\t\tportalId: 8988786,\n\t\t\t\t\t\t\t\t\tformId: \"0a68dacf-d495-41f9-b4e5-098e92b1b424\",\n\t\t\t\t\t\t\t\t\ttarget: \"#hbspt-form-1777174525000-9115741252\",\n\t\t\t\t\t\t\t\t\tregion: \"na1\",\n\t\t\t\t\t\t\t\t\t\n\t\t\t\t\t\t\t})});\n\t\t\t\t\t\t<\/script>\n\t\t\t\t\t\t<div class=\"hbspt-form\" id=\"hbspt-form-1777174525000-9115741252\"><\/div>                                        \n                <\/div>\n            <\/div>\n        <\/div>\n    <\/div>\n<\/section>","protected":false},"excerpt":{"rendered":"","protected":false},"author":3,"featured_media":14233,"parent":4142,"menu_order":41,"comment_status":"closed","ping_status":"closed","template":"","meta":{"_acf_changed":false,"content-type":"","inline_featured_image":false,"_uag_custom_page_level_css":"","_price":"","_stock":"","_tribe_ticket_header":"","_tribe_default_ticket_provider":"","_ticket_start_date":"","_ticket_end_date":"","_tribe_ticket_show_description":"","_tribe_ticket_show_not_going":false,"_tribe_ticket_use_global_stock":"","_tribe_ticket_global_stock_level":"","_global_stock_mode":"","_global_stock_cap":"","_tribe_rsvp_for_event":"","_tribe_ticket_going_count":"","_tribe_ticket_not_going_count":"","_tribe_tickets_list":"[]","_tribe_ticket_has_attendee_info_fields":false,"footnotes":"","_tec_slr_enabled":"","_tec_slr_layout":""},"class_list":["post-4148","page","type-page","status-publish","has-post-thumbnail","hentry"],"acf":[],"uagb_featured_image_src":{"full":["https:\/\/www.bce.lu\/wp-content\/uploads\/2023\/03\/Simple-configuration.png",800,450,false],"thumbnail":["https:\/\/www.bce.lu\/wp-content\/uploads\/2023\/03\/Simple-configuration-150x150.png",150,150,true],"medium":["https:\/\/www.bce.lu\/wp-content\/uploads\/2023\/03\/Simple-configuration-300x169.png",300,169,true],"medium_large":["https:\/\/www.bce.lu\/wp-content\/uploads\/2023\/03\/Simple-configuration-768x432.png",768,432,true],"large":["https:\/\/www.bce.lu\/wp-content\/uploads\/2023\/03\/Simple-configuration.png",800,450,false],"1536x1536":["https:\/\/www.bce.lu\/wp-content\/uploads\/2023\/03\/Simple-configuration.png",800,450,false],"2048x2048":["https:\/\/www.bce.lu\/wp-content\/uploads\/2023\/03\/Simple-configuration.png",800,450,false]},"uagb_author_info":{"display_name":"charline","author_link":"https:\/\/www.bce.lu\/fr\/author\/charline\/"},"uagb_comment_info":0,"uagb_excerpt":null,"ticketed":false,"_links":{"self":[{"href":"https:\/\/www.bce.lu\/fr\/wp-json\/wp\/v2\/pages\/4148","targetHints":{"allow":["GET"]}}],"collection":[{"href":"https:\/\/www.bce.lu\/fr\/wp-json\/wp\/v2\/pages"}],"about":[{"href":"https:\/\/www.bce.lu\/fr\/wp-json\/wp\/v2\/types\/page"}],"author":[{"embeddable":true,"href":"https:\/\/www.bce.lu\/fr\/wp-json\/wp\/v2\/users\/3"}],"replies":[{"embeddable":true,"href":"https:\/\/www.bce.lu\/fr\/wp-json\/wp\/v2\/comments?post=4148"}],"version-history":[{"count":26,"href":"https:\/\/www.bce.lu\/fr\/wp-json\/wp\/v2\/pages\/4148\/revisions"}],"predecessor-version":[{"id":13132,"href":"https:\/\/www.bce.lu\/fr\/wp-json\/wp\/v2\/pages\/4148\/revisions\/13132"}],"up":[{"embeddable":true,"href":"https:\/\/www.bce.lu\/fr\/wp-json\/wp\/v2\/pages\/4142"}],"wp:featuredmedia":[{"embeddable":true,"href":"https:\/\/www.bce.lu\/fr\/wp-json\/wp\/v2\/media\/14233"}],"wp:attachment":[{"href":"https:\/\/www.bce.lu\/fr\/wp-json\/wp\/v2\/media?parent=4148"}],"curies":[{"name":"wp","href":"https:\/\/api.w.org\/{rel}","templated":true}]}}