{"id":4152,"date":"2023-04-26T17:44:17","date_gmt":"2023-04-26T15:44:17","guid":{"rendered":"https:\/\/www.bce.lu\/?page_id=4152"},"modified":"2025-07-02T17:16:10","modified_gmt":"2025-07-02T15:16:10","slug":"votre-studio-nomade","status":"publish","type":"page","link":"https:\/\/www.bce.lu\/fr\/solutions-pour-le-sport\/produits\/votre-studio-nomade\/","title":{"rendered":"Votre studio nomade"},"content":{"rendered":"<section class=\"bloc-listing-products-bk sectionPadding\">\n    <div class=\"is-width-large is-center\">\n        <div class=\"is-inset-top-28-mobile\">\n            <h2 class=\"bloc-listing-products-bk-title is-text-center\">Offrez une exp\u00e9rience unique \u00e0 votre audience <br \/>\r\npour capter son attention avec StudioTalk<\/h2>\n            <span class=\"bloc-listing-solutions-texte\"><div>\n<p>Avec StudioTalk, il n\u2019a jamais \u00e9t\u00e9 aussi facile de cr\u00e9er des productions TV en direct. Qu&rsquo;il s&rsquo;agisse de transformer un studio existant ou de couvrir des \u00e9v\u00e9nements sportifs dans le monde entier\u00a0: notre outil de production intelligent peut \u00eatre transport\u00e9 partout dans le monde en toute simplicit\u00e9.<\/p>\n<\/div>\n<div>\n<p>Gr\u00e2ce \u00e0 son interface tactile intuitive, vous pouvez g\u00e9rer votre \u00e9v\u00e9nement et permettre \u00e0 votre \u00e9quipe de se concentrer sur la cr\u00e9ation de contenu tandis que StudioTalk s\u2019occupe automatiquement de la production et de la diffusion.<\/p>\n<\/div>\n<\/span>\n            \n            <div class=\"row\">\n                            \n                    <div class=\"bloc-listing-products-bk-bloc col-xs-12 col-md-4 is-inset-y-40 is-inset-y-28-mobile\">                \n                        <div class=\"bloc-listing-products-bk-bloc-img\"><img decoding=\"async\" src=\"https:\/\/www.bce.lu\/wp-content\/uploads\/2023\/03\/Enrich-1.jpg\"\/><\/div>\n                        <div class=\"bloc-listing-products-bk-bloc-content\">\n                            <h3 class=\"bloc-listing-products-bk-bloc-title\">Construisez votre propre environnement, o\u00f9 que vous soyez<\/h3>           \n                            <span class=\"bloc-listing-products-bk-bloc-texte\"><!-- wp:paragraph {\"placeholder\":\"Indiquez la description...\"} -->\n<p>Vous pouvez d\u00e9ployer StudioTalk o\u00f9 que n\u00e9cessaire\u00a0: dans votre studio radio, sur un plateau de t\u00e9l\u00e9vision ou pour une r\u00e9gie mobile. Automatisez la production de vos \u00e9missions et profitez de toute l\u2019expertise des \u00e9quipes de BCE pour cr\u00e9er votre nouveau studio ou adapter vos installations existantes.<\/p>\n<!-- \/wp:paragraph --><\/span>\n                        <\/div>\n                    <\/div>\n\n                \n                    <div class=\"bloc-listing-products-bk-bloc col-xs-12 col-md-4 is-inset-y-40 is-inset-y-28-mobile\">                \n                        <div class=\"bloc-listing-products-bk-bloc-img\"><img decoding=\"async\" src=\"https:\/\/www.bce.lu\/wp-content\/uploads\/2023\/03\/Interconnected-system.jpg\"\/><\/div>\n                        <div class=\"bloc-listing-products-bk-bloc-content\">\n                            <h3 class=\"bloc-listing-products-bk-bloc-title\">Syst\u00e8me interconnect\u00e9<\/h3>           \n                            <span class=\"bloc-listing-products-bk-bloc-texte\"><!-- wp:paragraph {\"placeholder\":\"Indiquez la description...\"} -->\n<p>StudioTalk est une suite de production compl\u00e8te qui fonctionne de fa\u00e7on interconnect\u00e9e avec vos infrastructures (cam\u00e9ras, \u00e9clairages, \u00e9crans, syst\u00e8me de son, etc.). Connectez notre solution \u00e0 votre syst\u00e8me de diffusion, votre site web ou vos r\u00e9seaux sociaux et vous voil\u00e0 imm\u00e9diatement \u00e0 l\u2019antenne.<\/p>\n<!-- \/wp:paragraph --><\/span>\n                        <\/div>\n                    <\/div>\n\n                \n                    <div class=\"bloc-listing-products-bk-bloc col-xs-12 col-md-4 is-inset-y-40 is-inset-y-28-mobile\">                \n                        <div class=\"bloc-listing-products-bk-bloc-img\"><img decoding=\"async\" src=\"https:\/\/www.bce.lu\/wp-content\/uploads\/2023\/03\/Manage-1.jpg\"\/><\/div>\n                        <div class=\"bloc-listing-products-bk-bloc-content\">\n                            <h3 class=\"bloc-listing-products-bk-bloc-title\">G\u00e9rez vos contenus<\/h3>           \n                            <span class=\"bloc-listing-products-bk-bloc-texte\"><!-- wp:paragraph {\"placeholder\":\"Indiquez la description...\"} -->\n<p>Plongez vos audiences dans l\u2019univers sportif unique que vous cr\u00e9ez dans vos studios gr\u00e2ce \u00e0 StudioTalk. Utilisez le syst\u00e8me de gestion des contenus pour consulter vos vid\u00e9os, g\u00e9n\u00e9rer vos playlists, ajouter des effets sp\u00e9cifiques \u00e0 votre marque, pr\u00e9configurer vos \u00e9crans et vos studios en y int\u00e9grant des \u00e9l\u00e9ments sportifs et synchroniser les titres et les graphiques avec vos pr\u00e9sentateurs et vos invit\u00e9s.<\/p>\n<!-- \/wp:paragraph --><\/span>\n                        <\/div>\n                    <\/div>\n\n                \n                    <div class=\"bloc-listing-products-bk-bloc col-xs-12 col-md-4 is-inset-y-40 is-inset-y-28-mobile\">                \n                        <div class=\"bloc-listing-products-bk-bloc-img\"><img decoding=\"async\" src=\"https:\/\/www.bce.lu\/wp-content\/uploads\/2023\/03\/Start-immediately.jpg\"\/><\/div>\n                        <div class=\"bloc-listing-products-bk-bloc-content\">\n                            <h3 class=\"bloc-listing-products-bk-bloc-title\">Produisez facilement<\/h3>           \n                            <span class=\"bloc-listing-products-bk-bloc-texte\"><!-- wp:paragraph {\"placeholder\":\"Indiquez la description...\"} -->\n<p>Votre \u00e9quipe peut facilement contr\u00f4ler la production en studio gr\u00e2ce \u00e0 l\u2019interface utilisateur graphique (GUI) intuitive de StudioTalk. Activez le mode automatique \u00e0 tout moment pour assurer la production en direct de vos \u00e9missions. Le syst\u00e8me intelligent de StudioTalk ajuste automatiquement les pistes audio, effectue la mise au point sur le pr\u00e9sentateur et ajoute les effets de votre marque pour une production toujours fluide et professionnelle.<\/p>\n<!-- \/wp:paragraph --><\/span>\n                        <\/div>\n                    <\/div>\n\n                \n                    <div class=\"bloc-listing-products-bk-bloc col-xs-12 col-md-4 is-inset-y-40 is-inset-y-28-mobile\">                \n                        <div class=\"bloc-listing-products-bk-bloc-img\"><img decoding=\"async\" src=\"https:\/\/www.bce.lu\/wp-content\/uploads\/2023\/03\/Distribute-1.png\"\/><\/div>\n                        <div class=\"bloc-listing-products-bk-bloc-content\">\n                            <h3 class=\"bloc-listing-products-bk-bloc-title\">Diffusez <\/h3>           \n                            <span class=\"bloc-listing-products-bk-bloc-texte\"><!-- wp:paragraph {\"placeholder\":\"Indiquez la description...\"} -->\n<p>Captez l\u2019attention de vos audiences o\u00f9 que vous soyez dans le monde et faites profiter les fans de sports de vos programmes en les diffusant sur votre flux de radio visuelle, votre cha\u00eene de t\u00e9l\u00e9vision, votre site web et vos r\u00e9seaux sociaux. Renforcez ainsi votre pr\u00e9sence et cr\u00e9ez votre propre plateforme de replay pour mettre en valeur vos enregistrements\u00a0!<\/p>\n<!-- \/wp:paragraph --><\/span>\n                        <\/div>\n                    <\/div>\n\n                                        <\/div>\n        <\/div>\n    <\/div>\n<\/section>\n\n<section class=\"bloc-listing-testimonials\">\n    <div class=\"wrapper is-width-large is-center\">\n        <div  class=\"owl-carousel owl-carousel-testimonial owl-theme rowNoMarg is-container-column\">\n \n            \n        <\/div>\n    <\/div>\n<\/section>\n\n<section class=\"bloc-contact sectionPadding\">\n    <div class=\"wrapper is-width-large is-center\">\n        <div class=\"row is-container-column\">\n            <h2 class=\"bloc-contact-title\">CONTACTEZ-NOUS D\u00c8S MAINTENANT !<\/h2>\n            <span class=\"bloc-contact-texte\"><p>Remplissez ce formulaire et entrez en contact avec nos experts !<\/p>\n<\/span>\n            <div class=\"row is-inset-top-32 middle-xs\" style=\"width:100%;\">\n                                <div class=\"col-xs-12 \">                    \n                                                \n\t\t\t\t\t\t<script>\n\t\t\t\t\t\t\twindow.hsFormsOnReady = window.hsFormsOnReady || [];\n\t\t\t\t\t\t\twindow.hsFormsOnReady.push(()=>{\n\t\t\t\t\t\t\t\thbspt.forms.create({\n\t\t\t\t\t\t\t\t\tportalId: 8988786,\n\t\t\t\t\t\t\t\t\tformId: \"715fe8e4-559e-4312-91eb-92de727c22c8\",\n\t\t\t\t\t\t\t\t\ttarget: \"#hbspt-form-1775584591000-0755763921\",\n\t\t\t\t\t\t\t\t\tregion: \"na1\",\n\t\t\t\t\t\t\t\t\t\n\t\t\t\t\t\t\t})});\n\t\t\t\t\t\t<\/script>\n\t\t\t\t\t\t<div class=\"hbspt-form\" id=\"hbspt-form-1775584591000-0755763921\"><\/div>                                        \n                <\/div>\n            <\/div>\n        <\/div>\n    <\/div>\n<\/section>","protected":false},"excerpt":{"rendered":"","protected":false},"author":3,"featured_media":538,"parent":4142,"menu_order":45,"comment_status":"closed","ping_status":"closed","template":"","meta":{"_acf_changed":false,"content-type":"","inline_featured_image":false,"_uag_custom_page_level_css":"","_price":"","_stock":"","_tribe_ticket_header":"","_tribe_default_ticket_provider":"","_ticket_start_date":"","_ticket_end_date":"","_tribe_ticket_show_description":"","_tribe_ticket_show_not_going":false,"_tribe_ticket_use_global_stock":"","_tribe_ticket_global_stock_level":"","_global_stock_mode":"","_global_stock_cap":"","_tribe_rsvp_for_event":"","_tribe_ticket_going_count":"","_tribe_ticket_not_going_count":"","_tribe_tickets_list":"[]","_tribe_ticket_has_attendee_info_fields":false,"footnotes":"","_tec_slr_enabled":"","_tec_slr_layout":""},"class_list":["post-4152","page","type-page","status-publish","has-post-thumbnail","hentry"],"acf":[],"uagb_featured_image_src":{"full":["https:\/\/www.bce.lu\/wp-content\/uploads\/2023\/03\/Enrich-1.jpg",1920,1080,false],"thumbnail":["https:\/\/www.bce.lu\/wp-content\/uploads\/2023\/03\/Enrich-1-150x150.jpg",150,150,true],"medium":["https:\/\/www.bce.lu\/wp-content\/uploads\/2023\/03\/Enrich-1-300x169.jpg",300,169,true],"medium_large":["https:\/\/www.bce.lu\/wp-content\/uploads\/2023\/03\/Enrich-1-768x432.jpg",768,432,true],"large":["https:\/\/www.bce.lu\/wp-content\/uploads\/2023\/03\/Enrich-1-1024x576.jpg",1024,576,true],"1536x1536":["https:\/\/www.bce.lu\/wp-content\/uploads\/2023\/03\/Enrich-1-1536x864.jpg",1536,864,true],"2048x2048":["https:\/\/www.bce.lu\/wp-content\/uploads\/2023\/03\/Enrich-1.jpg",1920,1080,false]},"uagb_author_info":{"display_name":"charline","author_link":"https:\/\/www.bce.lu\/fr\/author\/charline\/"},"uagb_comment_info":0,"uagb_excerpt":null,"ticketed":false,"_links":{"self":[{"href":"https:\/\/www.bce.lu\/fr\/wp-json\/wp\/v2\/pages\/4152","targetHints":{"allow":["GET"]}}],"collection":[{"href":"https:\/\/www.bce.lu\/fr\/wp-json\/wp\/v2\/pages"}],"about":[{"href":"https:\/\/www.bce.lu\/fr\/wp-json\/wp\/v2\/types\/page"}],"author":[{"embeddable":true,"href":"https:\/\/www.bce.lu\/fr\/wp-json\/wp\/v2\/users\/3"}],"replies":[{"embeddable":true,"href":"https:\/\/www.bce.lu\/fr\/wp-json\/wp\/v2\/comments?post=4152"}],"version-history":[{"count":18,"href":"https:\/\/www.bce.lu\/fr\/wp-json\/wp\/v2\/pages\/4152\/revisions"}],"predecessor-version":[{"id":13139,"href":"https:\/\/www.bce.lu\/fr\/wp-json\/wp\/v2\/pages\/4152\/revisions\/13139"}],"up":[{"embeddable":true,"href":"https:\/\/www.bce.lu\/fr\/wp-json\/wp\/v2\/pages\/4142"}],"wp:featuredmedia":[{"embeddable":true,"href":"https:\/\/www.bce.lu\/fr\/wp-json\/wp\/v2\/media\/538"}],"wp:attachment":[{"href":"https:\/\/www.bce.lu\/fr\/wp-json\/wp\/v2\/media?parent=4152"}],"curies":[{"name":"wp","href":"https:\/\/api.w.org\/{rel}","templated":true}]}}