{"id":4156,"date":"2023-01-16T15:35:02","date_gmt":"2023-01-16T14:35:02","guid":{"rendered":"https:\/\/www.bce.lu\/?page_id=4156"},"modified":"2023-11-21T10:47:41","modified_gmt":"2023-11-21T09:47:41","slug":"solutions-pour-les-medias","status":"publish","type":"page","link":"https:\/\/www.bce.lu\/fr\/solutions-pour-les-medias\/","title":{"rendered":"Solutions pour les M\u00e9dias"},"content":{"rendered":"<section class=\"bloc-listing-solutions sectionPadding\" id=\"solutions\">\n    <div class=\"is-width-large wrapper is-center\">\n        <div class=\"wrapper is-container-column\">\n            <h2 class=\"bloc-listing-solutions-title\">SOLUTIONS<\/h2>\n            <span class=\"bloc-listing-solutions-texte\"><p>Notre expertise et nos innovations stimulent les exp\u00e9riences de vos clients.<\/p>\n<\/span>\n                \n\n            <div class=\"bloc-listing-solutions-bloc row middle-xs listingBceBloc\">\n\n                                                        \n                    <div class=\"col-md-4 is-text-center-mobile slide slide-1 \">             \n                        <label class=\"labelBce labelBlack bloc-listing-solutions-bloc-label listingBceLabel\" style=\"display:none;\"><\/label>\n                        <div class=\"bloc-listing-solutions-bloc-wrapper-number\">    \n                            <h3 class=\"bloc-listing-solutions-bloc-title is-inset-top-16 is-text-center-mobile listingBceTitle\">Int\u00e9gration<\/h3>   \n                        <\/div>        \n                        <span class=\"bloc-listing-solutions-bloc-texte is-inset-y-16 is-text-center-mobile listingBceText\"><p>Avec plus de 30 ans d\u2019expertise dans le domaine des m\u00e9dias, BCE est l\u2019un des leaders de l\u2019int\u00e9gration de syst\u00e8mes en Europe.<\/p>\n<\/span>   \n                        <a class=\"button bloc-listing-solutions-bloc-link listingBceLink\" href=\"https:\/\/www.bce.lu\/fr\/solutions-pour-les-medias\/solutions\/mettez-votre-infrastructure-en-place\/\" title=\"#title\"><span class=\"caret is-right\"><\/span> En savoir plus<\/a>\n                    <\/div>\n                    <div class=\"col-md-4 slide slide-1 ratioContianer \">\n                            <div class=\"bloc-listing-solutions-bloc-img listingBceImg\"><img src='https:\/\/www.bce.lu\/wp-content\/uploads\/2023\/04\/FT_obvan2.jpg' \/><\/div>\n                    <\/div>\n                    \n                                            \n                    <div class=\"col-md-4 is-text-center-mobile slide slide-2 is-hidden\">             \n                        <label class=\"labelBce labelBlack bloc-listing-solutions-bloc-label listingBceLabel\" style=\"display:none;\"><\/label>\n                        <div class=\"bloc-listing-solutions-bloc-wrapper-number\">    \n                            <h3 class=\"bloc-listing-solutions-bloc-title is-inset-top-16 is-text-center-mobile listingBceTitle\">Cr\u00e9er des vid\u00e9os \u00e0 valeur ajout\u00e9e<\/h3>   \n                        <\/div>        \n                        <span class=\"bloc-listing-solutions-bloc-texte is-inset-y-16 is-text-center-mobile listingBceText\"><p>Acc\u00e9dez \u00e0 l\u2019ensemble du march\u00e9 de la vid\u00e9o gr\u00e2ce \u00e0 des services avanc\u00e9s de <u>production et de postproduction<\/u>.<\/p>\n<\/span>   \n                        <a class=\"button bloc-listing-solutions-bloc-link listingBceLink\" href=\"https:\/\/www.bce.lu\/fr\/solutions-pour-les-medias\/solutions\/creer-des-videos-a-valeur-ajoutee\/\" title=\"#title\"><span class=\"caret is-right\"><\/span> En savoir plus<\/a>\n                    <\/div>\n                    <div class=\"col-md-4 slide slide-2 ratioContianer is-hidden\">\n                            <div class=\"bloc-listing-solutions-bloc-img listingBceImg\"><img src='https:\/\/www.bce.lu\/wp-content\/uploads\/2023\/04\/Create-added-value-videos-Feature.jpg' \/><\/div>\n                    <\/div>\n                    \n                                            \n                    <div class=\"col-md-4 is-text-center-mobile slide slide-3 is-hidden\">             \n                        <label class=\"labelBce labelBlack bloc-listing-solutions-bloc-label listingBceLabel\" style=\"display:none;\"><\/label>\n                        <div class=\"bloc-listing-solutions-bloc-wrapper-number\">    \n                            <h3 class=\"bloc-listing-solutions-bloc-title is-inset-top-16 is-text-center-mobile listingBceTitle\">Am\u00e9liorez et distribuez vos contenus<\/h3>   \n                        <\/div>        \n                        <span class=\"bloc-listing-solutions-bloc-texte is-inset-y-16 is-text-center-mobile listingBceText\"><p>Cr\u00e9ez des vid\u00e9os pr\u00eates \u00e0 la diffusion gr\u00e2ce aux op\u00e9rations m\u00e9dias num\u00e9riques de BCE, un ensemble complet de services permettant d\u2019am\u00e9liorer, d\u2019archiver et de distribuer vos contenus.<\/p>\n<\/span>   \n                        <a class=\"button bloc-listing-solutions-bloc-link listingBceLink\" href=\"https:\/\/www.bce.lu\/fr\/solutions-pour-les-medias\/solutions\/ameliorez-et-distribuez-vos-contenus\/\" title=\"#title\"><span class=\"caret is-right\"><\/span> En savoir plus<\/a>\n                    <\/div>\n                    <div class=\"col-md-4 slide slide-3 ratioContianer is-hidden\">\n                            <div class=\"bloc-listing-solutions-bloc-img listingBceImg\"><img src='https:\/\/www.bce.lu\/wp-content\/uploads\/2023\/03\/Distribute-1.png' \/><\/div>\n                    <\/div>\n                    \n                                            \n                    <div class=\"col-md-4 is-text-center-mobile slide slide-4 is-hidden\">             \n                        <label class=\"labelBce labelBlack bloc-listing-solutions-bloc-label listingBceLabel\" style=\"display:none;\"><\/label>\n                        <div class=\"bloc-listing-solutions-bloc-wrapper-number\">    \n                            <h3 class=\"bloc-listing-solutions-bloc-title is-inset-top-16 is-text-center-mobile listingBceTitle\">G\u00e9rez votre plateforme OTT<\/h3>   \n                        <\/div>        \n                        <span class=\"bloc-listing-solutions-bloc-texte is-inset-y-16 is-text-center-mobile listingBceText\"><p>BCE met \u00e0 votre disposition plusieurs outils pour am\u00e9liorer vos contenus en ligne.<\/p>\n<\/span>   \n                        <a class=\"button bloc-listing-solutions-bloc-link listingBceLink\" href=\"https:\/\/www.bce.lu\/fr\/solutions-pour-les-medias\/solutions\/gerez-votre-plateforme-ott\/\" title=\"#title\"><span class=\"caret is-right\"><\/span> En savoir plus<\/a>\n                    <\/div>\n                    <div class=\"col-md-4 slide slide-4 ratioContianer is-hidden\">\n                            <div class=\"bloc-listing-solutions-bloc-img listingBceImg\"><img src='https:\/\/www.bce.lu\/wp-content\/uploads\/2023\/03\/Share-2.png' \/><\/div>\n                    <\/div>\n                    \n                                            \n                    <div class=\"col-md-4 is-text-center-mobile slide slide-5 is-hidden\">             \n                        <label class=\"labelBce labelBlack bloc-listing-solutions-bloc-label listingBceLabel\" style=\"display:none;\"><\/label>\n                        <div class=\"bloc-listing-solutions-bloc-wrapper-number\">    \n                            <h3 class=\"bloc-listing-solutions-bloc-title is-inset-top-16 is-text-center-mobile listingBceTitle\">Lancez votre cha\u00eene<\/h3>   \n                        <\/div>        \n                        <span class=\"bloc-listing-solutions-bloc-texte is-inset-y-16 is-text-center-mobile listingBceText\"><p>BCE a cr\u00e9\u00e9 trois gammes de solutions de diffusion pour r\u00e9pondre \u00e0 tous vos besoins.<\/p>\n<\/span>   \n                        <a class=\"button bloc-listing-solutions-bloc-link listingBceLink\" href=\"https:\/\/www.bce.lu\/fr\/solutions-pour-les-medias\/solutions\/lancez-votre-chaine\/\" title=\"#title\"><span class=\"caret is-right\"><\/span> En savoir plus<\/a>\n                    <\/div>\n                    <div class=\"col-md-4 slide slide-5 ratioContianer is-hidden\">\n                            <div class=\"bloc-listing-solutions-bloc-img listingBceImg\"><img src='https:\/\/www.bce.lu\/wp-content\/uploads\/2023\/03\/Feature-scaled.jpg' \/><\/div>\n                    <\/div>\n                    \n                                        \n                <div class=\"col-md-4 bloc-listing-solutions-zone\">\n                    \n                                                <ul class=\"bloc-listing-solutions-bloc-title-list listingBceUl listUl-05\">\n                                                        <li class=\"bloc-listing-solutions-bloc-title-link listingBceLi active\" data-slide=\"1\"><span><a href=\"https:\/\/www.bce.lu\/fr\/solutions-pour-les-medias\/solutions\/mettez-votre-infrastructure-en-place\/\">Int\u00e9gration<\/a><\/span><\/li> \n                                                        <li class=\"bloc-listing-solutions-bloc-title-link listingBceLi \" data-slide=\"2\"><span><a href=\"https:\/\/www.bce.lu\/fr\/solutions-pour-les-medias\/solutions\/creer-des-videos-a-valeur-ajoutee\/\">Cr\u00e9er des vid\u00e9os \u00e0 valeur ajout\u00e9e<\/a><\/span><\/li> \n                                                        <li class=\"bloc-listing-solutions-bloc-title-link listingBceLi \" data-slide=\"3\"><span><a href=\"https:\/\/www.bce.lu\/fr\/solutions-pour-les-medias\/solutions\/ameliorez-et-distribuez-vos-contenus\/\">Am\u00e9liorez et distribuez vos contenus<\/a><\/span><\/li> \n                                                        <li class=\"bloc-listing-solutions-bloc-title-link listingBceLi \" data-slide=\"4\"><span><a href=\"https:\/\/www.bce.lu\/fr\/solutions-pour-les-medias\/solutions\/gerez-votre-plateforme-ott\/\">G\u00e9rez votre plateforme OTT<\/a><\/span><\/li> \n                                                        <li class=\"bloc-listing-solutions-bloc-title-link listingBceLi \" data-slide=\"5\"><span><a href=\"https:\/\/www.bce.lu\/fr\/solutions-pour-les-medias\/solutions\/lancez-votre-chaine\/\">Lancez votre cha\u00eene<\/a><\/span><\/li> \n                                                        <\/ul>\n                                               \n                <\/div>\n            <\/div>\n              \n        <\/div>\n    <\/div>\n<\/section>\n\n<section class=\"bloc-listing-products sectionPadding\" id=\"products\">\n    <div class=\"is-width-large wrapper is-center\">\n        <div class=\"rowNoMarg is-container-column\">\n            <h2 class=\"bloc-listing-products-title\">PRODUITS<\/h2>\n            <span class=\"bloc-listing-products-texte\"><p>Nos produits et connaissances am\u00e9liorent vos op\u00e9rations<\/p>\n<\/span>\n            <div class=\"owl-carousel owl-carousel-products owl-theme col-xs-12 is-inset-top-32\">   \n                                           \n\n                    <div class=\"bloc-listing-products-bloc\">\n                        <div class=\"bloc-listing-products-bloc-content\">\n                                                        <h3 class=\"bloc-listing-products-bloc-title\">Diffusez votre cha\u00eene imm\u00e9diatement<\/h3>           \n                            <span class=\"bloc-listing-products-bloc-texte\"><p>Allez plus loin et lancez vos futures cha\u00eenes <span style=\"text-decoration: underline;\">dans le cloud.<\/span><\/p>\n<\/span>\n                            <a class=\"button\" href=\"https:\/\/www.bce.lu\/fr\/solutions-pour-les-medias\/produits\/diffusez-votre-chaine-immediatement\/\" title=\"Diffusez votre cha\u00eene imm\u00e9diatement\"><span class=\"caret is-right\"><\/span> En savoir plus<\/a>\n                        <\/div>\n                        <div class=\"bloc-listing-products-bloc-img\">\n                            <img decoding=\"async\" src=\"https:\/\/www.bce.lu\/wp-content\/uploads\/2023\/03\/Launch-your-channels.png\"\/>\n                        <\/div>\n                    <\/div>\n\n                               \n\n                    <div class=\"bloc-listing-products-bloc\">\n                        <div class=\"bloc-listing-products-bloc-content\">\n                                                        <h3 class=\"bloc-listing-products-bloc-title\">S\u00e9curisez vos contenus m\u00e9dia<\/h3>           \n                            <span class=\"bloc-listing-products-bloc-texte\"><p>Stockage cloud et sauvegardes <span style=\"text-decoration: underline;\">automatis\u00e9es.<\/span><\/p>\n<\/span>\n                            <a class=\"button\" href=\"https:\/\/www.bce.lu\/fr\/solutions-pour-les-medias\/produits\/securisez-vos-contenus-media\/\" title=\"S\u00e9curisez vos contenus m\u00e9dia\"><span class=\"caret is-right\"><\/span> En savoir plus<\/a>\n                        <\/div>\n                        <div class=\"bloc-listing-products-bloc-img\">\n                            <img decoding=\"async\" src=\"https:\/\/www.bce.lu\/wp-content\/uploads\/2023\/04\/Store-in-Europe.png\"\/>\n                        <\/div>\n                    <\/div>\n\n                               \n\n                    <div class=\"bloc-listing-products-bloc\">\n                        <div class=\"bloc-listing-products-bloc-content\">\n                                                        <h3 class=\"bloc-listing-products-bloc-title\">G\u00e9rer automatiquement vos promotions \u00e0 venir<\/h3>           \n                            <span class=\"bloc-listing-products-bloc-texte\"><p>Enrichissez vos programmes et g\u00e9n\u00e9rez automatiquement plusieurs promotions o\u00f9 que vous soyez.<\/p>\n<\/span>\n                            <a class=\"button\" href=\"https:\/\/www.bce.lu\/fr\/solutions-pour-les-medias\/produits\/gerer-automatiquement-vos-promotions-a-venir\/\" title=\"G\u00e9rer automatiquement vos promotions \u00e0 venir\"><span class=\"caret is-right\"><\/span> En savoir plus<\/a>\n                        <\/div>\n                        <div class=\"bloc-listing-products-bloc-img\">\n                            <img decoding=\"async\" src=\"https:\/\/www.bce.lu\/wp-content\/uploads\/2023\/03\/Distribute-to-your-audience.png\"\/>\n                        <\/div>\n                    <\/div>\n\n                               \n\n                    <div class=\"bloc-listing-products-bloc\">\n                        <div class=\"bloc-listing-products-bloc-content\">\n                                                        <h3 class=\"bloc-listing-products-bloc-title\">G\u00e9rer votre trafic t\u00e9l\u00e9<\/h3>           \n                            <span class=\"bloc-listing-products-bloc-texte\"><p>Valorisez votre strat\u00e9gie de contenu.<\/p>\n<\/span>\n                            <a class=\"button\" href=\"https:\/\/www.bce.lu\/fr\/solutions-pour-les-medias\/produits\/gerer-votre-trafic-tele\/\" title=\"G\u00e9rer votre trafic t\u00e9l\u00e9\"><span class=\"caret is-right\"><\/span> En savoir plus<\/a>\n                        <\/div>\n                        <div class=\"bloc-listing-products-bloc-img\">\n                            <img decoding=\"async\" src=\"https:\/\/www.bce.lu\/wp-content\/uploads\/2023\/03\/Schedule-your-channels-content.png\"\/>\n                        <\/div>\n                    <\/div>\n\n                               \n\n                    <div class=\"bloc-listing-products-bloc\">\n                        <div class=\"bloc-listing-products-bloc-content\">\n                                                        <h3 class=\"bloc-listing-products-bloc-title\">Votre radio s\u2019agr\u00e9mente du visuel<\/h3>           \n                            <span class=\"bloc-listing-products-bloc-texte\"><p>Automatisez la production de vos \u00e9missions.<\/p>\n<\/span>\n                            <a class=\"button\" href=\"https:\/\/www.bce.lu\/fr\/solutions-pour-les-medias\/produits\/votre-radio-devient-visuelle\/\" title=\"Votre radio s\u2019agr\u00e9mente du visuel\"><span class=\"caret is-right\"><\/span> En savoir plus<\/a>\n                        <\/div>\n                        <div class=\"bloc-listing-products-bloc-img\">\n                            <img decoding=\"async\" src=\"https:\/\/www.bce.lu\/wp-content\/uploads\/2023\/03\/Manage-1.jpg\"\/>\n                        <\/div>\n                    <\/div>\n\n                               \n\n                    <div class=\"bloc-listing-products-bloc\">\n                        <div class=\"bloc-listing-products-bloc-content\">\n                                                        <h3 class=\"bloc-listing-products-bloc-title\">Ajoutez une voix off o\u00f9 que vous soyez<\/h3>           \n                            <span class=\"bloc-listing-products-bloc-texte\"><p>Solution de production et de gestion de voix-off bas\u00e9e sur le cloud.<\/p>\n<\/span>\n                            <a class=\"button\" href=\"https:\/\/www.bce.lu\/fr\/solutions-pour-les-medias\/produits\/ajoutez-une-voix-off-ou-que-vous-soyez\/\" title=\"Ajoutez une voix off o\u00f9 que vous soyez\"><span class=\"caret is-right\"><\/span> En savoir plus<\/a>\n                        <\/div>\n                        <div class=\"bloc-listing-products-bloc-img\">\n                            <img decoding=\"async\" src=\"https:\/\/www.bce.lu\/wp-content\/uploads\/2023\/03\/holovox.jpg\"\/>\n                        <\/div>\n                    <\/div>\n\n                            \n        <\/div>\n        <\/div>\n    <\/div>\n<\/section>","protected":false},"excerpt":{"rendered":"","protected":false},"author":3,"featured_media":26,"parent":0,"menu_order":47,"comment_status":"closed","ping_status":"closed","template":"page-notitle.php","meta":{"_acf_changed":false,"content-type":"","inline_featured_image":false,"_uag_custom_page_level_css":"","_price":"","_stock":"","_tribe_ticket_header":"","_tribe_default_ticket_provider":"","_ticket_start_date":"","_ticket_end_date":"","_tribe_ticket_show_description":"","_tribe_ticket_show_not_going":false,"_tribe_ticket_use_global_stock":"","_tribe_ticket_global_stock_level":"","_global_stock_mode":"","_global_stock_cap":"","_tribe_rsvp_for_event":"","_tribe_ticket_going_count":"","_tribe_ticket_not_going_count":"","_tribe_tickets_list":"[]","_tribe_ticket_has_attendee_info_fields":false,"footnotes":"","_tec_slr_enabled":"","_tec_slr_layout":""},"class_list":["post-4156","page","type-page","status-publish","has-post-thumbnail","hentry"],"acf":[],"uagb_featured_image_src":{"full":["https:\/\/www.bce.lu\/wp-content\/uploads\/2023\/01\/s2.jpg",1600,1067,false],"thumbnail":["https:\/\/www.bce.lu\/wp-content\/uploads\/2023\/01\/s2-150x150.jpg",150,150,true],"medium":["https:\/\/www.bce.lu\/wp-content\/uploads\/2023\/01\/s2-300x200.jpg",300,200,true],"medium_large":["https:\/\/www.bce.lu\/wp-content\/uploads\/2023\/01\/s2-768x512.jpg",768,512,true],"large":["https:\/\/www.bce.lu\/wp-content\/uploads\/2023\/01\/s2-1024x683.jpg",1024,683,true],"1536x1536":["https:\/\/www.bce.lu\/wp-content\/uploads\/2023\/01\/s2-1536x1024.jpg",1536,1024,true],"2048x2048":["https:\/\/www.bce.lu\/wp-content\/uploads\/2023\/01\/s2.jpg",1600,1067,false]},"uagb_author_info":{"display_name":"charline","author_link":"https:\/\/www.bce.lu\/fr\/author\/charline\/"},"uagb_comment_info":0,"uagb_excerpt":null,"ticketed":false,"_links":{"self":[{"href":"https:\/\/www.bce.lu\/fr\/wp-json\/wp\/v2\/pages\/4156","targetHints":{"allow":["GET"]}}],"collection":[{"href":"https:\/\/www.bce.lu\/fr\/wp-json\/wp\/v2\/pages"}],"about":[{"href":"https:\/\/www.bce.lu\/fr\/wp-json\/wp\/v2\/types\/page"}],"author":[{"embeddable":true,"href":"https:\/\/www.bce.lu\/fr\/wp-json\/wp\/v2\/users\/3"}],"replies":[{"embeddable":true,"href":"https:\/\/www.bce.lu\/fr\/wp-json\/wp\/v2\/comments?post=4156"}],"version-history":[{"count":15,"href":"https:\/\/www.bce.lu\/fr\/wp-json\/wp\/v2\/pages\/4156\/revisions"}],"predecessor-version":[{"id":9646,"href":"https:\/\/www.bce.lu\/fr\/wp-json\/wp\/v2\/pages\/4156\/revisions\/9646"}],"wp:featuredmedia":[{"embeddable":true,"href":"https:\/\/www.bce.lu\/fr\/wp-json\/wp\/v2\/media\/26"}],"wp:attachment":[{"href":"https:\/\/www.bce.lu\/fr\/wp-json\/wp\/v2\/media?parent=4156"}],"curies":[{"name":"wp","href":"https:\/\/api.w.org\/{rel}","templated":true}]}}