{"id":4167,"date":"2023-04-21T14:33:43","date_gmt":"2023-04-21T12:33:43","guid":{"rendered":"https:\/\/www.bce.lu\/?page_id=4167"},"modified":"2025-07-02T17:21:09","modified_gmt":"2025-07-02T15:21:09","slug":"ameliorez-et-distribuez-vos-contenus","status":"publish","type":"page","link":"https:\/\/www.bce.lu\/fr\/solutions-pour-les-medias\/solutions\/ameliorez-et-distribuez-vos-contenus\/","title":{"rendered":"Am\u00e9liorez et distribuez vos contenus"},"content":{"rendered":"<section class=\"bloc-listing-solutions sectionPadding\">\n    <div class=\"wrapper is-width-large is-center\">\n        <div class=\"is-container-column is-inset-y-60  is-inset-y-32-mobile \">\n            <h2 class=\"bloc-listing-solutions-title\">Avec les Op\u00e9rations m\u00e9dias Num\u00e9riques de BCE<\/h2>\n            <span class=\"bloc-listing-solutions-texte\"><p>G\u00e9rez vos contenus gr\u00e2ce \u00e0 notre syst\u00e8me de gestion de contenus avanc\u00e9, s\u00e9curisez-les avec la protection des droits num\u00e9riques et distribuez-les dans le monde entier.<\/p>\n<\/span>\n                \n            <div class=\"bloc-listing-solutions-bloc bloc-listing-solutions-counter row middle-xs listingBceBloc\">\n                \n            \n                                                                    \n                        <div class=\"col-md-4 slide slide-1 \">              \n                            <label class=\"labelBce labelBlack bloc-listing-solutions-bloc-label listingBceLabel\" style=\"display:none;\"><\/label>\n                            <div class=\"bloc-listing-solutions-bloc-wrapper-number  is-text-center-mobile\">\n                                <span class=\"bloc-listing-solutions-bloc-number listingBceNumber\">1<\/span>       \n                                <h3 class=\"bloc-listing-solutions-bloc-title is-inset-top-16 listingBceTitle\">Stockez <\/h3>   \n                            <\/div>        \n                            <span class=\"bloc-listing-solutions-bloc-texte is-inset-y-16 is-text-center-mobile listingBceText\"><!-- wp:paragraph {\"placeholder\":\"Indiquez la description...\"} -->\n<p>Stockez vos contenus <strong>en ligne, \u00e0 proximit\u00e9, hors ligne<\/strong> ou m\u00eame dans notre <strong>cloud<\/strong> s\u00e9curis\u00e9 conforme au RGPD, gr\u00e2ce aux solutions de stockage fiables de BCE.<\/p>\n<!-- \/wp:paragraph --><\/span>   \n                        <\/div>\n                        <div class=\"col-md-4 slide slide-1 ratioContianer \">\n                                <div class=\"bloc-listing-solutions-bloc-img listingBceImg\"><img src='https:\/\/www.bce.lu\/wp-content\/uploads\/2023\/03\/Store.png' \/><\/div>\n                        <\/div>\n\n                                                    \n                        <div class=\"col-md-4 slide slide-2 is-hidden\">              \n                            <label class=\"labelBce labelBlack bloc-listing-solutions-bloc-label listingBceLabel\" style=\"display:none;\"><\/label>\n                            <div class=\"bloc-listing-solutions-bloc-wrapper-number  is-text-center-mobile\">\n                                <span class=\"bloc-listing-solutions-bloc-number listingBceNumber\">2<\/span>       \n                                <h3 class=\"bloc-listing-solutions-bloc-title is-inset-top-16 listingBceTitle\">Organisez <\/h3>   \n                            <\/div>        \n                            <span class=\"bloc-listing-solutions-bloc-texte is-inset-y-16 is-text-center-mobile listingBceText\"><!-- wp:paragraph {\"placeholder\":\"Indiquez la description...\"} -->\n<p>G\u00e9rez vos contenus, vos m\u00e9tadonn\u00e9es, vos types, vos sous-titres, vos versions et vos droits gr\u00e2ce au <strong>syst\u00e8me de gestion de contenus avanc\u00e9<\/strong> de BCE (MediaCMS).<\/p>\n<!-- \/wp:paragraph --><\/span>   \n                        <\/div>\n                        <div class=\"col-md-4 slide slide-2 ratioContianer is-hidden\">\n                                <div class=\"bloc-listing-solutions-bloc-img listingBceImg\"><img src='https:\/\/www.bce.lu\/wp-content\/uploads\/2023\/03\/Organise-1.png' \/><\/div>\n                        <\/div>\n\n                                                    \n                        <div class=\"col-md-4 slide slide-3 is-hidden\">              \n                            <label class=\"labelBce labelBlack bloc-listing-solutions-bloc-label listingBceLabel\" style=\"display:none;\"><\/label>\n                            <div class=\"bloc-listing-solutions-bloc-wrapper-number  is-text-center-mobile\">\n                                <span class=\"bloc-listing-solutions-bloc-number listingBceNumber\">3<\/span>       \n                                <h3 class=\"bloc-listing-solutions-bloc-title is-inset-top-16 listingBceTitle\">Distribuez <\/h3>   \n                            <\/div>        \n                            <span class=\"bloc-listing-solutions-bloc-texte is-inset-y-16 is-text-center-mobile listingBceText\"><!-- wp:paragraph {\"placeholder\":\"Indiquez la description...\"} -->\n<p>Gr\u00e2ce au plus grand centre europ\u00e9en de t\u00e9l\u00e9communications pour la distribution des <strong>m\u00e9dias<\/strong>, proposez un acc\u00e8s ais\u00e9 \u00e0 toutes les destinations du monde et automatisez le transfert de vos vid\u00e9os vers la plateforme de votre choix gr\u00e2ce \u00e0 notre <strong>syst\u00e8me de distribution de contenus<\/strong>.<\/p>\n<!-- \/wp:paragraph --><\/span>   \n                        <\/div>\n                        <div class=\"col-md-4 slide slide-3 ratioContianer is-hidden\">\n                                <div class=\"bloc-listing-solutions-bloc-img listingBceImg\"><img src='https:\/\/www.bce.lu\/wp-content\/uploads\/2023\/03\/Distribute-1.png' \/><\/div>\n                        <\/div>\n\n                                                \n                <div class=\"col-md-4 bloc-listing-solutions-zone\">\n                                                <ul class=\"bloc-listing-solutions-bloc-title-list listingBceUl listUl-03\">\n                                                                    <li class=\"bloc-listing-solutions-bloc-title-link listingBceLi active\" data-slide=\"1\"><span>Stockez <\/span><\/li> \n                                                                    <li class=\"bloc-listing-solutions-bloc-title-link listingBceLi \" data-slide=\"2\"><span>Organisez <\/span><\/li> \n                                                                    <li class=\"bloc-listing-solutions-bloc-title-link listingBceLi \" data-slide=\"3\"><span>Distribuez <\/span><\/li> \n                                                            <\/ul>\n                                               \n                <\/div>\n            <\/div>\n\n            \n        <\/div>\n        <div class=\"center-xs\"><a class=\"button\" href=\"#options\"><span class=\"caret is-down\"><\/span> Plus<\/a><\/div>\n    <\/div>\n<\/section>\n\n<section class=\"bloc-listing-testimonials\">\n    <div class=\"wrapper is-width-large is-center\">\n        <div  class=\"owl-carousel owl-carousel-testimonial owl-theme rowNoMarg is-container-column\">\n \n                                            <div class=\"row bloc-listing-testimonials-row\">\n                                            <div class=\"col-xs-12 col-md-4 bloc-listing-testimonials-container\">\n                            <div class=\"bloc-listing-testimonials-logo\"><img decoding=\"async\" src=\"https:\/\/www.bce.lu\/wp-content\/uploads\/2023\/04\/CEV-logo.png\"\/><\/div>                                                    <\/div>\n                                        <div class=\"col-xs-12 col-md-8 bloc-listing-testimonials-cit is-inset-bottom-80 is-inset-bottom-32-mobile\">\n                        <span class=\"bloc-listing-testimonials-texte\"><!-- wp:paragraph {\"placeholder\":\"Indiquez la description...\"} -->\n<p>L\u2019anticipation monte \u00e9videmment parmi les fans de volleyball de toute l\u2019Europe et m\u00eame d\u2019outre-mer. Le tirage au sort est devenu un v\u00e9ritable point culminant pour le monde du volleyball, et il donnera le ton pour une autre saison passionnante remplie d\u2019actions des meilleurs joueurs du monde. Nous avons trouv\u00e9 chez BCE un partenaire exp\u00e9riment\u00e9 correspondant \u00e0 nos besoins, capable de fournir un produit de qualit\u00e9 pour les t\u00e9l\u00e9spectateurs sur plusieurs plates-formes, pendant que nous continuons \u00e0 intensifier nos efforts pour fournir aux fans une exp\u00e9rience num\u00e9rique innovante et divertissante.<\/p>\n<!-- \/wp:paragraph --><\/span>                        <span class=\"bloc-listing-testimonials-author\">Aleksandar Bori\u010di\u0107<\/span>                        <span class=\"bloc-listing-testimonials-function\">Pr\u00e9sident du CEV <\/span>                    <\/div>\n                <\/div>\n\n                            \n        <\/div>\n    <\/div>\n<\/section>\n\n\n<div id=\"options\" class=\"wp-block-group fullrowGroup has-background\" style=\"background-color:#f9f9f9\"><div class=\"wp-block-group__inner-container is-layout-constrained wp-block-group-is-layout-constrained\">\n<div style=\"height:50px\" aria-hidden=\"true\" class=\"wp-block-spacer\"><\/div>\n\n\n\n<div style=\"height:20px\" aria-hidden=\"true\" class=\"wp-block-spacer uag-hide-mob\"><\/div>\n\n\n<section id=\"options\" class=\"bloc-listing-solutions-special is-inset-top-60 is-inset-bottom-20 is-inset-y-32-mobile\" >\n    <div class=\"is-width-large is-center\">\n        <div class=\"row is-container-column\">\n            <div class=\"col-xs-12\">\n                <h2 class=\"bloc-listing-solutions-special-title is-inset-bottom-24\">ET BIEN PLUS<\/h2>            \n                <div class=\"row\">\n                                                                    <div class=\"bloc-listing-solutions-special-bloc col-xs-12 col-md-4 is-inset-bottom-40 is-inset-bottom-20-mobile\">                \n                            <div class=\"bloc-listing-solutions-special-bloc-img\"><img decoding=\"async\" src=\"https:\/\/www.bce.lu\/wp-content\/uploads\/2023\/03\/Secure.png\"\/><\/div>\n                            <div class=\"bloc-listing-solutions-special-bloc-content\">\n                                <h3 class=\"bloc-listing-solutions-special-bloc-title\">S\u00e9curisez <\/h3>           \n                                <span class=\"bloc-listing-solutions-special-bloc-texte\"><!-- wp:paragraph {\"placeholder\":\"Indiquez la description...\"} -->\n<p><strong>S\u00e9curisez vos contenus<\/strong> gr\u00e2ce \u00e0 la solution multiplateforme et multi-DRM (Digital Rights Management) de BCE et <strong>assurez la continuit\u00e9 de<\/strong> vos activit\u00e9s <strong>gr\u00e2ce \u00e0 notre centre d\u2019op\u00e9rations de s\u00e9curit\u00e9<\/strong>.<\/p>\n<!-- \/wp:paragraph --><\/span>\n                            <\/div>\n                        <\/div>\n\n                                                            <\/div>\n            <\/div>\n            \n            \n        <\/div>\n    <\/div>\n<\/section>\n\n\n<div style=\"height:30px\" aria-hidden=\"true\" class=\"wp-block-spacer\"><\/div>\n\n\n\n<div style=\"height:20px\" aria-hidden=\"true\" class=\"wp-block-spacer uag-hide-mob\"><\/div>\n<\/div><\/div>\n\n\n<section class=\"bloc-listing-references \">\n    <div class=\"wrapper is-width-large wrapper is-center\">\n        <div class=\"is-container-column\">\n            <div class=\"row is-inset-y-60 is-inset-y-32-mobile\">\n            <div class=\"owl-carousel owl-carousel-references owl-centered owl-theme col-xs-12 \">\n                            \n                <div class=\"itemGallery\">\n                    <a href=\"https:\/\/www.bce.lu\/fr\/references\/cna-centre-national-de-laudiovisuel\/\"><img decoding=\"async\" src=\"https:\/\/www.bce.lu\/wp-content\/uploads\/2023\/04\/CNA-logo.png\" alt=\"CNA (Centre National de l\u2019Audiovisuel)\"><\/a>\n                <\/div>\n\n                \n                <div class=\"itemGallery\">\n                    <a href=\"https:\/\/www.bce.lu\/fr\/references\/enex\/\"><img decoding=\"async\" src=\"https:\/\/www.bce.lu\/wp-content\/uploads\/2023\/04\/Enex-logo.png\" alt=\"Enex\"><\/a>\n                <\/div>\n\n                \n                <div class=\"itemGallery\">\n                    <a href=\"https:\/\/www.bce.lu\/fr\/references\/european-parliament\/\"><img decoding=\"async\" src=\"https:\/\/www.bce.lu\/wp-content\/uploads\/2023\/04\/European-Parliament-logo.png\" alt=\"European Parliament\"><\/a>\n                <\/div>\n\n                \n                <div class=\"itemGallery\">\n                    <a href=\"https:\/\/www.bce.lu\/fr\/references\/fei\/\"><img decoding=\"async\" src=\"https:\/\/www.bce.lu\/wp-content\/uploads\/2023\/04\/FEI-logo.png\" alt=\"FEI\"><\/a>\n                <\/div>\n\n                \n                <div class=\"itemGallery\">\n                    <a href=\"https:\/\/www.bce.lu\/fr\/references\/museum-tv\/\"><img decoding=\"async\" src=\"https:\/\/www.bce.lu\/wp-content\/uploads\/2023\/04\/Museum-TV-logo-1.png\" alt=\"Museum TV\"><\/a>\n                <\/div>\n\n                \n                <div class=\"itemGallery\">\n                    <a href=\"https:\/\/www.bce.lu\/fr\/references\/myzen-tv\/\"><img decoding=\"async\" src=\"https:\/\/www.bce.lu\/wp-content\/uploads\/2023\/04\/My_Zen_Tv_LOGO.png\" alt=\"MyZen TV\"><\/a>\n                <\/div>\n\n                \n                <div class=\"itemGallery\">\n                    <a href=\"https:\/\/www.bce.lu\/fr\/references\/plug-rtl\/\"><img decoding=\"async\" src=\"https:\/\/www.bce.lu\/wp-content\/uploads\/2023\/04\/RTL-Plug-logo.png\" alt=\"Plug RTL\"><\/a>\n                <\/div>\n\n                \n                <div class=\"itemGallery\">\n                    <a href=\"https:\/\/www.bce.lu\/fr\/references\/rtl-4\/\"><img decoding=\"async\" src=\"https:\/\/www.bce.lu\/wp-content\/uploads\/2023\/04\/RTL-4-logo-1.png\" alt=\"RTL 4\"><\/a>\n                <\/div>\n\n                \n                <div class=\"itemGallery\">\n                    <a href=\"https:\/\/www.bce.lu\/fr\/references\/rtl-5\/\"><img decoding=\"async\" src=\"https:\/\/www.bce.lu\/wp-content\/uploads\/2023\/04\/RTL-5-logo-1.png\" alt=\"RTL 5\"><\/a>\n                <\/div>\n\n                \n                <div class=\"itemGallery\">\n                    <a href=\"https:\/\/www.bce.lu\/fr\/references\/rtl-7\/\"><img decoding=\"async\" src=\"https:\/\/www.bce.lu\/wp-content\/uploads\/2023\/04\/RTL-7-logo-1.png\" alt=\"RTL 7\"><\/a>\n                <\/div>\n\n                \n                <div class=\"itemGallery\">\n                    <a href=\"https:\/\/www.bce.lu\/fr\/references\/rtl-8\/\"><img decoding=\"async\" src=\"https:\/\/www.bce.lu\/wp-content\/uploads\/2023\/04\/RTL-8-logo-1.png\" alt=\"RTL 8\"><\/a>\n                <\/div>\n\n                \n                <div class=\"itemGallery\">\n                    <a href=\"https:\/\/www.bce.lu\/fr\/references\/rtl-9\/\"><img decoding=\"async\" src=\"https:\/\/www.bce.lu\/wp-content\/uploads\/2023\/04\/RTL9-logo-1.png\" alt=\"RTL 9\"><\/a>\n                <\/div>\n\n                \n                <div class=\"itemGallery\">\n                    <a href=\"https:\/\/www.bce.lu\/fr\/references\/rtl-club\/\"><img decoding=\"async\" src=\"https:\/\/www.bce.lu\/wp-content\/uploads\/2023\/04\/RTL-club-logo.png\" alt=\"RTL Club\"><\/a>\n                <\/div>\n\n                \n                <div class=\"itemGallery\">\n                    <a href=\"https:\/\/www.bce.lu\/fr\/references\/rtl-crime\/\"><img decoding=\"async\" src=\"https:\/\/www.bce.lu\/wp-content\/uploads\/2023\/04\/RTL-crime-logo-2.png\" alt=\"RTL Crime\"><\/a>\n                <\/div>\n\n                \n                <div class=\"itemGallery\">\n                    <a href=\"https:\/\/www.bce.lu\/fr\/references\/rtl-lounge\/\"><img decoding=\"async\" src=\"https:\/\/www.bce.lu\/wp-content\/uploads\/2023\/04\/rtl-lounge-logo-1.png\" alt=\"RTL Lounge\"><\/a>\n                <\/div>\n\n                \n                <div class=\"itemGallery\">\n                    <a href=\"https:\/\/www.bce.lu\/fr\/references\/rtl-telekids\/\"><img decoding=\"async\" src=\"https:\/\/www.bce.lu\/wp-content\/uploads\/2023\/04\/RTL-Telekids-logo-1.png\" alt=\"RTL Telekids\"><\/a>\n                <\/div>\n\n                \n                <div class=\"itemGallery\">\n                    <a href=\"https:\/\/www.bce.lu\/fr\/references\/rtl-tvi\/\"><img decoding=\"async\" src=\"https:\/\/www.bce.lu\/wp-content\/uploads\/2023\/04\/RTL-TVI-logo-1.png\" alt=\"RTL TVI\"><\/a>\n                <\/div>\n\n                \n                <div class=\"itemGallery\">\n                    <a href=\"https:\/\/www.bce.lu\/fr\/references\/rtl-z\/\"><img decoding=\"async\" src=\"https:\/\/www.bce.lu\/wp-content\/uploads\/2023\/04\/rtl-z-logo-1-1.png\" alt=\"RTL Z\"><\/a>\n                <\/div>\n\n                \n                <div class=\"itemGallery\">\n                    <a href=\"https:\/\/www.bce.lu\/fr\/references\/splendid-film\/\"><img decoding=\"async\" src=\"https:\/\/www.bce.lu\/wp-content\/uploads\/2023\/04\/LOGO-Splendid_Film.png\" alt=\"Splendid film\"><\/a>\n                <\/div>\n\n                \n                <div class=\"itemGallery\">\n                    <a href=\"https:\/\/www.bce.lu\/fr\/references\/uci-union-cycliste-internationale\/\"><img decoding=\"async\" src=\"https:\/\/www.bce.lu\/wp-content\/uploads\/2023\/04\/UCI-Logo.png\" alt=\"UCI \u2013 Union Cycliste Internationale\"><\/a>\n                <\/div>\n\n                                        <\/div>\n        <\/div>\n    <\/div>\n<\/section>\n\n<section class=\"bloc-contact sectionPadding\">\n    <div class=\"wrapper is-width-large is-center\">\n        <div class=\"row is-container-column\">\n            <h2 class=\"bloc-contact-title\">CONTACTEZ-NOUS D\u00c8S MAINTENANT !<\/h2>\n            <span class=\"bloc-contact-texte\"><p>Remplissez ce formulaire et entrez en contact avec nos experts !<\/p>\n<\/span>\n            <div class=\"row is-inset-top-32 middle-xs\" style=\"width:100%;\">\n                                <div class=\"col-xs-12 \">                    \n                                                \n\t\t\t\t\t\t<script>\n\t\t\t\t\t\t\twindow.hsFormsOnReady = window.hsFormsOnReady || [];\n\t\t\t\t\t\t\twindow.hsFormsOnReady.push(()=>{\n\t\t\t\t\t\t\t\thbspt.forms.create({\n\t\t\t\t\t\t\t\t\tportalId: 8988786,\n\t\t\t\t\t\t\t\t\tformId: \"38513622-4b41-41c4-bc24-b752d8c7894e\",\n\t\t\t\t\t\t\t\t\ttarget: \"#hbspt-form-1776168055000-3646409732\",\n\t\t\t\t\t\t\t\t\tregion: \"na1\",\n\t\t\t\t\t\t\t\t\t\n\t\t\t\t\t\t\t})});\n\t\t\t\t\t\t<\/script>\n\t\t\t\t\t\t<div class=\"hbspt-form\" id=\"hbspt-form-1776168055000-3646409732\"><\/div>                                        \n                <\/div>\n            <\/div>\n        <\/div>\n    <\/div>\n<\/section>","protected":false},"excerpt":{"rendered":"","protected":false},"author":3,"featured_media":14064,"parent":4160,"menu_order":59,"comment_status":"closed","ping_status":"closed","template":"","meta":{"_acf_changed":false,"content-type":"","inline_featured_image":false,"_uag_custom_page_level_css":"","_price":"","_stock":"","_tribe_ticket_header":"","_tribe_default_ticket_provider":"","_ticket_start_date":"","_ticket_end_date":"","_tribe_ticket_show_description":"","_tribe_ticket_show_not_going":false,"_tribe_ticket_use_global_stock":"","_tribe_ticket_global_stock_level":"","_global_stock_mode":"","_global_stock_cap":"","_tribe_rsvp_for_event":"","_tribe_ticket_going_count":"","_tribe_ticket_not_going_count":"","_tribe_tickets_list":"[]","_tribe_ticket_has_attendee_info_fields":false,"footnotes":"","_tec_slr_enabled":"","_tec_slr_layout":""},"class_list":["post-4167","page","type-page","status-publish","has-post-thumbnail","hentry"],"acf":[],"uagb_featured_image_src":{"full":["https:\/\/www.bce.lu\/wp-content\/uploads\/2023\/03\/Distribute-1.png",800,450,false],"thumbnail":["https:\/\/www.bce.lu\/wp-content\/uploads\/2023\/03\/Distribute-1-150x150.png",150,150,true],"medium":["https:\/\/www.bce.lu\/wp-content\/uploads\/2023\/03\/Distribute-1-300x169.png",300,169,true],"medium_large":["https:\/\/www.bce.lu\/wp-content\/uploads\/2023\/03\/Distribute-1-768x432.png",768,432,true],"large":["https:\/\/www.bce.lu\/wp-content\/uploads\/2023\/03\/Distribute-1.png",800,450,false],"1536x1536":["https:\/\/www.bce.lu\/wp-content\/uploads\/2023\/03\/Distribute-1.png",800,450,false],"2048x2048":["https:\/\/www.bce.lu\/wp-content\/uploads\/2023\/03\/Distribute-1.png",800,450,false]},"uagb_author_info":{"display_name":"charline","author_link":"https:\/\/www.bce.lu\/fr\/author\/charline\/"},"uagb_comment_info":0,"uagb_excerpt":null,"ticketed":false,"_links":{"self":[{"href":"https:\/\/www.bce.lu\/fr\/wp-json\/wp\/v2\/pages\/4167","targetHints":{"allow":["GET"]}}],"collection":[{"href":"https:\/\/www.bce.lu\/fr\/wp-json\/wp\/v2\/pages"}],"about":[{"href":"https:\/\/www.bce.lu\/fr\/wp-json\/wp\/v2\/types\/page"}],"author":[{"embeddable":true,"href":"https:\/\/www.bce.lu\/fr\/wp-json\/wp\/v2\/users\/3"}],"replies":[{"embeddable":true,"href":"https:\/\/www.bce.lu\/fr\/wp-json\/wp\/v2\/comments?post=4167"}],"version-history":[{"count":17,"href":"https:\/\/www.bce.lu\/fr\/wp-json\/wp\/v2\/pages\/4167\/revisions"}],"predecessor-version":[{"id":13156,"href":"https:\/\/www.bce.lu\/fr\/wp-json\/wp\/v2\/pages\/4167\/revisions\/13156"}],"up":[{"embeddable":true,"href":"https:\/\/www.bce.lu\/fr\/wp-json\/wp\/v2\/pages\/4160"}],"wp:featuredmedia":[{"embeddable":true,"href":"https:\/\/www.bce.lu\/fr\/wp-json\/wp\/v2\/media\/14064"}],"wp:attachment":[{"href":"https:\/\/www.bce.lu\/fr\/wp-json\/wp\/v2\/media?parent=4167"}],"curies":[{"name":"wp","href":"https:\/\/api.w.org\/{rel}","templated":true}]}}