{"id":5642,"date":"2023-04-25T09:25:15","date_gmt":"2023-04-25T07:25:15","guid":{"rendered":"https:\/\/www.bce.lu\/solutions-pour-les-medias\/produits\/secure-your-media-content\/"},"modified":"2025-12-11T11:25:13","modified_gmt":"2025-12-11T10:25:13","slug":"securisez-vos-contenus-media","status":"publish","type":"page","link":"https:\/\/www.bce.lu\/fr\/solutions-pour-les-medias\/produits\/securisez-vos-contenus-media\/","title":{"rendered":"S\u00e9curisez vos contenus m\u00e9dia"},"content":{"rendered":"<section class=\"bloc-listing-products-bk sectionPadding\">\n    <div class=\"is-width-large is-center\">\n        <div class=\"is-inset-top-28-mobile\">\n            <h2 class=\"bloc-listing-products-bk-title is-text-center\">G\u00e9rez vos donn\u00e9es m\u00e9dia critiques <br \/>\r\navec Mcloud<\/h2>\n            <span class=\"bloc-listing-solutions-texte\"><p>Incorporez la solution Mcloud de BCE et stockez en toute s\u00e9curit\u00e9 un nombre illimit\u00e9 de contenus t\u00e9l\u00e9visuels, de rushs, de contenus musicaux, de documents et d\u2019autres donn\u00e9es critiques dans nos centres de donn\u00e9es enti\u00e8rement redondants. Acc\u00e9dez \u00e0 distance \u00e0 vos donn\u00e9es m\u00e9dia critiques et travaillez avec des appareils et des applications multim\u00e9dias sur le cloud sans frais impr\u00e9vus.<\/p>\n<\/span>\n            \n            <div class=\"row\">\n                            \n                    <div class=\"bloc-listing-products-bk-bloc col-xs-12 col-md-4 is-inset-y-40 is-inset-y-28-mobile\">                \n                        <div class=\"bloc-listing-products-bk-bloc-img\"><img decoding=\"async\" src=\"https:\/\/www.bce.lu\/wp-content\/uploads\/2023\/04\/Store-in-Europe.png\"\/><\/div>\n                        <div class=\"bloc-listing-products-bk-bloc-content\">\n                            <h3 class=\"bloc-listing-products-bk-bloc-title\">Stocker vos contenus en Europe<\/h3>           \n                            <span class=\"bloc-listing-products-bk-bloc-texte\"><!-- wp:paragraph {\"placeholder\":\"Indiquez la description...\"} -->\n<p>La solution Mcloud de BCE comprend deux centres de donn\u00e9es enti\u00e8rement redondants, tous certifi\u00e9s ISO\u00a027001, qui vous permettent de stocker vos contenus en toute s\u00e9curit\u00e9. Il suffit de glisser et de d\u00e9placer vos donn\u00e9es dans le syst\u00e8me pour qu\u2019elles soient facilement accessibles partout et \u00e0 tout moment. Ce produit facile d\u2019utilisation garantit la disponibilit\u00e9 continue de vos donn\u00e9es critiques.<\/p>\n<!-- \/wp:paragraph --><\/span>\n                        <\/div>\n                    <\/div>\n\n                \n                    <div class=\"bloc-listing-products-bk-bloc col-xs-12 col-md-4 is-inset-y-40 is-inset-y-28-mobile\">                \n                        <div class=\"bloc-listing-products-bk-bloc-img\"><img decoding=\"async\" src=\"https:\/\/www.bce.lu\/wp-content\/uploads\/2023\/04\/Backup-and-secure-your-media-critical-data.png\"\/><\/div>\n                        <div class=\"bloc-listing-products-bk-bloc-content\">\n                            <h3 class=\"bloc-listing-products-bk-bloc-title\">Sauvegarder et s\u00e9curiser vos donn\u00e9es m\u00e9dia critiques<\/h3>           \n                            <span class=\"bloc-listing-products-bk-bloc-texte\"><!-- wp:paragraph {\"placeholder\":\"Indiquez la description...\"} -->\n<p>Il est essentiel d\u2019assurer la continuit\u00e9 de vos contenus m\u00e9dia pour le bien de votre entreprise. Avec la solution Mcloud de BCE, centralisez et sauvegardez constamment vos fichiers informatiques, vos applications et vos donn\u00e9es num\u00e9riques dans des centres de donn\u00e9es redondants, afin de garantir une r\u00e9cup\u00e9ration compl\u00e8te des donn\u00e9es en cas d\u2019incident inattendu.<\/p>\n<!-- \/wp:paragraph --><\/span>\n                        <\/div>\n                    <\/div>\n\n                \n                    <div class=\"bloc-listing-products-bk-bloc col-xs-12 col-md-4 is-inset-y-40 is-inset-y-28-mobile\">                \n                        <div class=\"bloc-listing-products-bk-bloc-img\"><img decoding=\"async\" src=\"https:\/\/www.bce.lu\/wp-content\/uploads\/2023\/04\/Deploy-virtual-servers-1.png\"\/><\/div>\n                        <div class=\"bloc-listing-products-bk-bloc-content\">\n                            <h3 class=\"bloc-listing-products-bk-bloc-title\">D\u00e9ployer des serveurs virtuels<\/h3>           \n                            <span class=\"bloc-listing-products-bk-bloc-texte\"><!-- wp:paragraph {\"placeholder\":\"Indiquez la description...\"} -->\n<p>Ex\u00e9cutez vos applications et ressources m\u00e9dia dans un environnement s\u00e9curis\u00e9 gr\u00e2ce au cloud de BCE. Configurez vos serveurs virtuels en fonction de vos besoins et travaillez \u00e0 distance o\u00f9 que vous soyez.<\/p>\n<!-- \/wp:paragraph --><\/span>\n                        <\/div>\n                    <\/div>\n\n                                        <\/div>\n        <\/div>\n    <\/div>\n<\/section>\n\n<section class=\"bloc-contact sectionPadding\">\n    <div class=\"wrapper is-width-large is-center\">\n        <div class=\"row is-container-column\">\n            <h2 class=\"bloc-contact-title\">CONTACTEZ-NOUS D\u00c8S MAINTENANT !<\/h2>\n            <span class=\"bloc-contact-texte\"><p>Remplissez ce formulaire et entrez en contact avec nos experts !<\/p>\n<\/span>\n            <div class=\"row is-inset-top-32 middle-xs\" style=\"width:100%;\">\n                                <div class=\"col-xs-12 \">                    \n                                                \n\t\t\t\t\t\t<script>\n\t\t\t\t\t\t\twindow.hsFormsOnReady = window.hsFormsOnReady || [];\n\t\t\t\t\t\t\twindow.hsFormsOnReady.push(()=>{\n\t\t\t\t\t\t\t\thbspt.forms.create({\n\t\t\t\t\t\t\t\t\tportalId: 8988786,\n\t\t\t\t\t\t\t\t\tformId: \"34617aad-067b-4c8b-a53b-981ace10a68a\",\n\t\t\t\t\t\t\t\t\ttarget: \"#hbspt-form-1776760207000-9433142364\",\n\t\t\t\t\t\t\t\t\tregion: \"na1\",\n\t\t\t\t\t\t\t\t\t\n\t\t\t\t\t\t\t})});\n\t\t\t\t\t\t<\/script>\n\t\t\t\t\t\t<div class=\"hbspt-form\" id=\"hbspt-form-1776760207000-9433142364\"><\/div>                                        \n                <\/div>\n            <\/div>\n        <\/div>\n    <\/div>\n<\/section>","protected":false},"excerpt":{"rendered":"","protected":false},"author":3,"featured_media":14139,"parent":5579,"menu_order":74,"comment_status":"closed","ping_status":"closed","template":"","meta":{"_acf_changed":false,"content-type":"","inline_featured_image":false,"_uag_custom_page_level_css":"","_price":"","_stock":"","_tribe_ticket_header":"","_tribe_default_ticket_provider":"","_ticket_start_date":"","_ticket_end_date":"","_tribe_ticket_show_description":"","_tribe_ticket_show_not_going":false,"_tribe_ticket_use_global_stock":"","_tribe_ticket_global_stock_level":"","_global_stock_mode":"","_global_stock_cap":"","_tribe_rsvp_for_event":"","_tribe_ticket_going_count":"","_tribe_ticket_not_going_count":"","_tribe_tickets_list":"[]","_tribe_ticket_has_attendee_info_fields":false,"footnotes":"","_tec_slr_enabled":"","_tec_slr_layout":""},"class_list":["post-5642","page","type-page","status-publish","has-post-thumbnail","hentry"],"acf":[],"uagb_featured_image_src":{"full":["https:\/\/www.bce.lu\/wp-content\/uploads\/2023\/04\/Store-in-Europe.png",800,450,false],"thumbnail":["https:\/\/www.bce.lu\/wp-content\/uploads\/2023\/04\/Store-in-Europe-150x150.png",150,150,true],"medium":["https:\/\/www.bce.lu\/wp-content\/uploads\/2023\/04\/Store-in-Europe-300x169.png",300,169,true],"medium_large":["https:\/\/www.bce.lu\/wp-content\/uploads\/2023\/04\/Store-in-Europe-768x432.png",768,432,true],"large":["https:\/\/www.bce.lu\/wp-content\/uploads\/2023\/04\/Store-in-Europe.png",800,450,false],"1536x1536":["https:\/\/www.bce.lu\/wp-content\/uploads\/2023\/04\/Store-in-Europe.png",800,450,false],"2048x2048":["https:\/\/www.bce.lu\/wp-content\/uploads\/2023\/04\/Store-in-Europe.png",800,450,false]},"uagb_author_info":{"display_name":"charline","author_link":"https:\/\/www.bce.lu\/fr\/author\/charline\/"},"uagb_comment_info":0,"uagb_excerpt":null,"ticketed":false,"_links":{"self":[{"href":"https:\/\/www.bce.lu\/fr\/wp-json\/wp\/v2\/pages\/5642","targetHints":{"allow":["GET"]}}],"collection":[{"href":"https:\/\/www.bce.lu\/fr\/wp-json\/wp\/v2\/pages"}],"about":[{"href":"https:\/\/www.bce.lu\/fr\/wp-json\/wp\/v2\/types\/page"}],"author":[{"embeddable":true,"href":"https:\/\/www.bce.lu\/fr\/wp-json\/wp\/v2\/users\/3"}],"replies":[{"embeddable":true,"href":"https:\/\/www.bce.lu\/fr\/wp-json\/wp\/v2\/comments?post=5642"}],"version-history":[{"count":11,"href":"https:\/\/www.bce.lu\/fr\/wp-json\/wp\/v2\/pages\/5642\/revisions"}],"predecessor-version":[{"id":13179,"href":"https:\/\/www.bce.lu\/fr\/wp-json\/wp\/v2\/pages\/5642\/revisions\/13179"}],"up":[{"embeddable":true,"href":"https:\/\/www.bce.lu\/fr\/wp-json\/wp\/v2\/pages\/5579"}],"wp:featuredmedia":[{"embeddable":true,"href":"https:\/\/www.bce.lu\/fr\/wp-json\/wp\/v2\/media\/14139"}],"wp:attachment":[{"href":"https:\/\/www.bce.lu\/fr\/wp-json\/wp\/v2\/media?parent=5642"}],"curies":[{"name":"wp","href":"https:\/\/api.w.org\/{rel}","templated":true}]}}