{"id":5648,"date":"2023-04-24T17:33:11","date_gmt":"2023-04-24T15:33:11","guid":{"rendered":"https:\/\/www.bce.lu\/?page_id=5648"},"modified":"2025-12-11T11:31:57","modified_gmt":"2025-12-11T10:31:57","slug":"gerer-automatiquement-vos-promotions-a-venir","status":"publish","type":"page","link":"https:\/\/www.bce.lu\/fr\/solutions-pour-les-medias\/produits\/gerer-automatiquement-vos-promotions-a-venir\/","title":{"rendered":"G\u00e9rer automatiquement vos promotions \u00e0 venir"},"content":{"rendered":"<section class=\"bloc-listing-products-bk sectionPadding\">\n    <div class=\"is-width-large is-center\">\n        <div class=\"is-inset-top-28-mobile\">\n            <h2 class=\"bloc-listing-products-bk-title is-text-center\">Clip Up automatise et augmente <br \/>\r\nle nombre de promotions de vos programmes \u00e0 venir<\/h2>\n            <span class=\"bloc-listing-solutions-texte\"><p>G\u00e9rez les t\u00e2ches de vos \u00e9quipes, g\u00e9n\u00e9rez des promotions automatiquement en quelques minutes et distribuez vos contenus sur plusieurs canaux.<\/p>\n<\/span>\n            \n            <div class=\"row\">\n                            \n                    <div class=\"bloc-listing-products-bk-bloc col-xs-12 col-md-4 is-inset-y-40 is-inset-y-28-mobile\">                \n                        <div class=\"bloc-listing-products-bk-bloc-img\"><img decoding=\"async\" src=\"https:\/\/www.bce.lu\/wp-content\/uploads\/2023\/03\/Store-1.jpg\"\/><\/div>\n                        <div class=\"bloc-listing-products-bk-bloc-content\">\n                            <h3 class=\"bloc-listing-products-bk-bloc-title\">Votre environnement chez BCE<\/h3>           \n                            <span class=\"bloc-listing-products-bk-bloc-texte\"><!-- wp:paragraph {\"placeholder\":\"Indiquez la description...\"} -->\n<p>B\u00e9n\u00e9ficiez d\u2019un environnement de promotion dans le centre de donn\u00e9es de BCE qui vous permet d\u2019acc\u00e9der \u00e0 vos contenus et de les sauvegarder. Avec une simple connexion Internet et un navigateur web, votre environnement personnalis\u00e9 est accessible o\u00f9 que vous soyez.<\/p>\n<!-- \/wp:paragraph --><\/span>\n                        <\/div>\n                    <\/div>\n\n                \n                    <div class=\"bloc-listing-products-bk-bloc col-xs-12 col-md-4 is-inset-y-40 is-inset-y-28-mobile\">                \n                        <div class=\"bloc-listing-products-bk-bloc-img\"><img decoding=\"async\" src=\"https:\/\/www.bce.lu\/wp-content\/uploads\/2023\/03\/Team-management.jpg.png\"\/><\/div>\n                        <div class=\"bloc-listing-products-bk-bloc-content\">\n                            <h3 class=\"bloc-listing-products-bk-bloc-title\">G\u00e9rer votre \u00e9quipe<\/h3>           \n                            <span class=\"bloc-listing-products-bk-bloc-texte\"><!-- wp:paragraph {\"placeholder\":\"Indiquez la description...\"} -->\n<p>Gr\u00e2ce \u00e0 Clip Up, laissez libre cours \u00e0 votre cr\u00e9ativit\u00e9 et concevez vos propres mod\u00e8les. De plus, rationalisez le workflow de votre \u00e9quipe, simplifiez la collaboration, g\u00e9rez l\u2019attribution des t\u00e2ches et optimisez le processus d\u2019approbation. Clip Up vous permet m\u00eame de g\u00e9n\u00e9rer automatiquement des promotions directement \u00e0 partir de la plateforme.<\/p>\n<!-- \/wp:paragraph --><\/span>\n                        <\/div>\n                    <\/div>\n\n                \n                    <div class=\"bloc-listing-products-bk-bloc col-xs-12 col-md-4 is-inset-y-40 is-inset-y-28-mobile\">                \n                        <div class=\"bloc-listing-products-bk-bloc-img\"><img decoding=\"async\" src=\"https:\/\/www.bce.lu\/wp-content\/uploads\/2023\/03\/Create-branded-tempaltes.png\"\/><\/div>\n                        <div class=\"bloc-listing-products-bk-bloc-content\">\n                            <h3 class=\"bloc-listing-products-bk-bloc-title\">Cr\u00e9er des mod\u00e8les d\u2019identit\u00e9 visuelle<\/h3>           \n                            <span class=\"bloc-listing-products-bk-bloc-texte\"><!-- wp:paragraph {\"placeholder\":\"Indiquez la description...\"} -->\n<p>En utilisant <a href=\"https:\/\/www.bing.com\/ck\/a?!&amp;&amp;p=da575deec6699893JmltdHM9MTY3NzExMDQwMCZpZ3VpZD0yMmE2ZTIyZi1jODg5LTY1NDMtMDMzNC1mMmQxYzk1YjY0MjQmaW5zaWQ9NTU1NQ&amp;ptn=3&amp;hsh=3&amp;fclid=22a6e22f-c889-6543-0334-f2d1c95b6424&amp;psq=Adobe+After+Effects&amp;u=a1aHR0cHM6Ly93d3cuYWRvYmUuY29tL3Byb2R1Y3RzL2FmdGVyZWZmZWN0cy5odG1s&amp;ntb=1\" target=\"_blank\" rel=\"noopener\">Adobe After Effects\u00ae<\/a>, les experts de BCE cr\u00e9ent vos propres mod\u00e8les de promotion \u00e0 partir de votre charte graphique et forment vos \u00e9quipes \u00e0 la solution Clip Up.<\/p>\n<!-- \/wp:paragraph --><\/span>\n                        <\/div>\n                    <\/div>\n\n                \n                    <div class=\"bloc-listing-products-bk-bloc col-xs-12 col-md-4 is-inset-y-40 is-inset-y-28-mobile\">                \n                        <div class=\"bloc-listing-products-bk-bloc-img\"><img decoding=\"async\" src=\"https:\/\/www.bce.lu\/wp-content\/uploads\/2023\/03\/Generate-your-program-promotions-automatically.png\"\/><\/div>\n                        <div class=\"bloc-listing-products-bk-bloc-content\">\n                            <h3 class=\"bloc-listing-products-bk-bloc-title\">G\u00e9n\u00e9rer automatiquement les promotions de vos programmes<\/h3>           \n                            <span class=\"bloc-listing-products-bk-bloc-texte\"><!-- wp:paragraph {\"placeholder\":\"Indiquez la description...\"} -->\n<p>Cr\u00e9ez facilement et automatiquement plusieurs promotions et leurs versions respectives pour vos programmes t\u00e9l\u00e9vis\u00e9s en quelques minutes. L\u2019outil peut ajouter des affichages et une surveillance parentale si n\u00e9cessaire.<\/p>\n<!-- \/wp:paragraph --><\/span>\n                        <\/div>\n                    <\/div>\n\n                \n                    <div class=\"bloc-listing-products-bk-bloc col-xs-12 col-md-4 is-inset-y-40 is-inset-y-28-mobile\">                \n                        <div class=\"bloc-listing-products-bk-bloc-img\"><img decoding=\"async\" src=\"https:\/\/www.bce.lu\/wp-content\/uploads\/2023\/03\/Distribute-to-your-audience.png\"\/><\/div>\n                        <div class=\"bloc-listing-products-bk-bloc-content\">\n                            <h3 class=\"bloc-listing-products-bk-bloc-title\">Diffuser vos contenus aupr\u00e8s de votre public<\/h3>           \n                            <span class=\"bloc-listing-products-bk-bloc-texte\"><!-- wp:paragraph {\"placeholder\":\"Indiquez la description...\"} -->\n<p>Sollicitez votre public et partagez automatiquement vos promotions sur plusieurs canaux. En outre, touchez un public plus large et diffusez vos promotions sur vos plateformes num\u00e9riques, notamment vos r\u00e9seaux sociaux, vos plateformes OTT et vos radios visuelles.<\/p>\n<!-- \/wp:paragraph --><\/span>\n                        <\/div>\n                    <\/div>\n\n                                        <\/div>\n        <\/div>\n    <\/div>\n<\/section>\n\n<section class=\"bloc-listing-testimonials\">\n    <div class=\"wrapper is-width-large is-center\">\n        <div  class=\"owl-carousel owl-carousel-testimonial owl-theme rowNoMarg is-container-column\">\n \n            \n        <\/div>\n    <\/div>\n<\/section>\n\n<section class=\"bloc-contact sectionPadding\">\n    <div class=\"wrapper is-width-large is-center\">\n        <div class=\"row is-container-column\">\n            <h2 class=\"bloc-contact-title\">CONTACTEZ-NOUS D\u00c8S MAINTENANT !<\/h2>\n            <span class=\"bloc-contact-texte\"><p>Remplissez ce formulaire et entrez en contact avec nos experts !<\/p>\n<\/span>\n            <div class=\"row is-inset-top-32 middle-xs\" style=\"width:100%;\">\n                                <div class=\"col-xs-12 \">                    \n                                                \n\t\t\t\t\t\t<script>\n\t\t\t\t\t\t\twindow.hsFormsOnReady = window.hsFormsOnReady || [];\n\t\t\t\t\t\t\twindow.hsFormsOnReady.push(()=>{\n\t\t\t\t\t\t\t\thbspt.forms.create({\n\t\t\t\t\t\t\t\t\tportalId: 8988786,\n\t\t\t\t\t\t\t\t\tformId: \"dc424ae0-4839-4d14-b7c5-358dd0b64c96\",\n\t\t\t\t\t\t\t\t\ttarget: \"#hbspt-form-1778976172000-7883089999\",\n\t\t\t\t\t\t\t\t\tregion: \"na1\",\n\t\t\t\t\t\t\t\t\t\n\t\t\t\t\t\t\t})});\n\t\t\t\t\t\t<\/script>\n\t\t\t\t\t\t<div class=\"hbspt-form\" id=\"hbspt-form-1778976172000-7883089999\"><\/div>                                        \n                <\/div>\n            <\/div>\n        <\/div>\n    <\/div>\n<\/section>","protected":false},"excerpt":{"rendered":"","protected":false},"author":3,"featured_media":14152,"parent":5579,"menu_order":85,"comment_status":"closed","ping_status":"closed","template":"","meta":{"_acf_changed":false,"content-type":"","inline_featured_image":false,"_uag_custom_page_level_css":"","_price":"","_stock":"","_tribe_ticket_header":"","_tribe_default_ticket_provider":"","_tribe_ticket_capacity":"0","_ticket_start_date":"","_ticket_end_date":"","_tribe_ticket_show_description":"","_tribe_ticket_show_not_going":false,"_tribe_ticket_use_global_stock":"","_tribe_ticket_global_stock_level":"","_global_stock_mode":"","_global_stock_cap":"","_tribe_rsvp_for_event":"","_tribe_ticket_going_count":"","_tribe_ticket_not_going_count":"","_tribe_tickets_list":"[]","_tribe_ticket_has_attendee_info_fields":false,"footnotes":"","_tec_slr_enabled":"","_tec_slr_layout":""},"class_list":["post-5648","page","type-page","status-publish","has-post-thumbnail","hentry"],"acf":[],"uagb_featured_image_src":{"full":["https:\/\/www.bce.lu\/wp-content\/uploads\/2023\/03\/Distribute-to-your-audience.png",800,450,false],"thumbnail":["https:\/\/www.bce.lu\/wp-content\/uploads\/2023\/03\/Distribute-to-your-audience-150x150.png",150,150,true],"medium":["https:\/\/www.bce.lu\/wp-content\/uploads\/2023\/03\/Distribute-to-your-audience-300x169.png",300,169,true],"medium_large":["https:\/\/www.bce.lu\/wp-content\/uploads\/2023\/03\/Distribute-to-your-audience-768x432.png",768,432,true],"large":["https:\/\/www.bce.lu\/wp-content\/uploads\/2023\/03\/Distribute-to-your-audience.png",800,450,false],"1536x1536":["https:\/\/www.bce.lu\/wp-content\/uploads\/2023\/03\/Distribute-to-your-audience.png",800,450,false],"2048x2048":["https:\/\/www.bce.lu\/wp-content\/uploads\/2023\/03\/Distribute-to-your-audience.png",800,450,false]},"uagb_author_info":{"display_name":"charline","author_link":"https:\/\/www.bce.lu\/fr\/author\/charline\/"},"uagb_comment_info":0,"uagb_excerpt":null,"ticketed":false,"_links":{"self":[{"href":"https:\/\/www.bce.lu\/fr\/wp-json\/wp\/v2\/pages\/5648","targetHints":{"allow":["GET"]}}],"collection":[{"href":"https:\/\/www.bce.lu\/fr\/wp-json\/wp\/v2\/pages"}],"about":[{"href":"https:\/\/www.bce.lu\/fr\/wp-json\/wp\/v2\/types\/page"}],"author":[{"embeddable":true,"href":"https:\/\/www.bce.lu\/fr\/wp-json\/wp\/v2\/users\/3"}],"replies":[{"embeddable":true,"href":"https:\/\/www.bce.lu\/fr\/wp-json\/wp\/v2\/comments?post=5648"}],"version-history":[{"count":14,"href":"https:\/\/www.bce.lu\/fr\/wp-json\/wp\/v2\/pages\/5648\/revisions"}],"predecessor-version":[{"id":13183,"href":"https:\/\/www.bce.lu\/fr\/wp-json\/wp\/v2\/pages\/5648\/revisions\/13183"}],"up":[{"embeddable":true,"href":"https:\/\/www.bce.lu\/fr\/wp-json\/wp\/v2\/pages\/5579"}],"wp:featuredmedia":[{"embeddable":true,"href":"https:\/\/www.bce.lu\/fr\/wp-json\/wp\/v2\/media\/14152"}],"wp:attachment":[{"href":"https:\/\/www.bce.lu\/fr\/wp-json\/wp\/v2\/media?parent=5648"}],"curies":[{"name":"wp","href":"https:\/\/api.w.org\/{rel}","templated":true}]}}