{"id":5689,"date":"2023-01-16T16:14:31","date_gmt":"2023-01-16T15:14:31","guid":{"rendered":"https:\/\/www.bce.lu\/?page_id=5689"},"modified":"2023-05-31T11:54:20","modified_gmt":"2023-05-31T09:54:20","slug":"solutions-pour-la-mode","status":"publish","type":"page","link":"https:\/\/www.bce.lu\/fr\/solutions-pour-la-mode\/","title":{"rendered":"Solutions pour la Mode"},"content":{"rendered":"<section class=\"bloc-listing-solutions sectionPadding\" id=\"solutions\">\n    <div class=\"is-width-large wrapper is-center\">\n        <div class=\"wrapper is-container-column\">\n            <h2 class=\"bloc-listing-solutions-title\">Solutions<\/h2>\n            <span class=\"bloc-listing-solutions-texte\"><p>La mode consiste \u00e0 cr\u00e9er la prochaine tendance. Il est donc primordial d\u2019atteindre le plus large public possible.<\/p>\n<\/span>\n                \n\n            <div class=\"bloc-listing-solutions-bloc row middle-xs listingBceBloc\">\n\n                                                        \n                    <div class=\"col-md-4 is-text-center-mobile slide slide-1 \">             \n                        <label class=\"labelBce labelBlack bloc-listing-solutions-bloc-label listingBceLabel\" style=\"display:none;\"><\/label>\n                        <div class=\"bloc-listing-solutions-bloc-wrapper-number\">    \n                            <h3 class=\"bloc-listing-solutions-bloc-title is-inset-top-16 is-text-center-mobile listingBceTitle\">Lancez votre prochaine collection<\/h3>   \n                        <\/div>        \n                        <span class=\"bloc-listing-solutions-bloc-texte is-inset-y-16 is-text-center-mobile listingBceText\"><p>BCE vous accompagne avant, pendant et apr\u00e8s votre \u00e9v\u00e9nement.<\/p>\n<\/span>   \n                        <a class=\"button bloc-listing-solutions-bloc-link listingBceLink\" href=\"https:\/\/www.bce.lu\/fr\/solutions-pour-la-mode\/solutions\/lancez-votre-prochaine-collection\/\" title=\"#title\"><span class=\"caret is-right\"><\/span> En savoir plus<\/a>\n                    <\/div>\n                    <div class=\"col-md-4 slide slide-1 ratioContianer \">\n                            <div class=\"bloc-listing-solutions-bloc-img listingBceImg\"><img src='https:\/\/www.bce.lu\/wp-content\/uploads\/2023\/03\/Televise.png' \/><\/div>\n                    <\/div>\n                    \n                                            \n                    <div class=\"col-md-4 is-text-center-mobile slide slide-2 is-hidden\">             \n                        <label class=\"labelBce labelBlack bloc-listing-solutions-bloc-label listingBceLabel\" style=\"display:none;\"><\/label>\n                        <div class=\"bloc-listing-solutions-bloc-wrapper-number\">    \n                            <h3 class=\"bloc-listing-solutions-bloc-title is-inset-top-16 is-text-center-mobile listingBceTitle\">Immortalisez votre cr\u00e9ativit\u00e9 en images<\/h3>   \n                        <\/div>        \n                        <span class=\"bloc-listing-solutions-bloc-texte is-inset-y-16 is-text-center-mobile listingBceText\"><p>BCE dispose en l\u2019occurrence de l\u2019expertise n\u00e9cessaire pour capter et exposer l\u2019essence m\u00eame de vos cr\u00e9ations.<\/p>\n<\/span>   \n                        <a class=\"button bloc-listing-solutions-bloc-link listingBceLink\" href=\"https:\/\/www.bce.lu\/fr\/solutions-pour-la-mode\/solutions\/immortalisez-votre-creativite-en-images\/\" title=\"#title\"><span class=\"caret is-right\"><\/span> En savoir plus<\/a>\n                    <\/div>\n                    <div class=\"col-md-4 slide slide-2 ratioContianer is-hidden\">\n                            <div class=\"bloc-listing-solutions-bloc-img listingBceImg\"><img src='https:\/\/www.bce.lu\/wp-content\/uploads\/2023\/03\/Enhance.jpg' \/><\/div>\n                    <\/div>\n                    \n                                            \n                    <div class=\"col-md-4 is-text-center-mobile slide slide-3 is-hidden\">             \n                        <label class=\"labelBce labelBlack bloc-listing-solutions-bloc-label listingBceLabel\" style=\"display:none;\"><\/label>\n                        <div class=\"bloc-listing-solutions-bloc-wrapper-number\">    \n                            <h3 class=\"bloc-listing-solutions-bloc-title is-inset-top-16 is-text-center-mobile listingBceTitle\">Pr\u00e9sentez votre histoire<\/h3>   \n                        <\/div>        \n                        <span class=\"bloc-listing-solutions-bloc-texte is-inset-y-16 is-text-center-mobile listingBceText\"><p>Offrez donc \u00e0 votre public l\u2019acc\u00e8s \u00e0 l\u2019ensemble de vos collections et \u00e9v\u00e9nements sp\u00e9ciaux.<\/p>\n<\/span>   \n                        <a class=\"button bloc-listing-solutions-bloc-link listingBceLink\" href=\"https:\/\/www.bce.lu\/fr\/solutions-pour-la-mode\/solutions\/presentez-votre-histoire\/\" title=\"#title\"><span class=\"caret is-right\"><\/span> En savoir plus<\/a>\n                    <\/div>\n                    <div class=\"col-md-4 slide slide-3 ratioContianer is-hidden\">\n                            <div class=\"bloc-listing-solutions-bloc-img listingBceImg\"><img src='https:\/\/www.bce.lu\/wp-content\/uploads\/2023\/03\/Organise-4.png' \/><\/div>\n                    <\/div>\n                    \n                                        \n                <div class=\"col-md-4 bloc-listing-solutions-zone\">\n                    \n                                                <ul class=\"bloc-listing-solutions-bloc-title-list listingBceUl listUl-03\">\n                                                        <li class=\"bloc-listing-solutions-bloc-title-link listingBceLi active\" data-slide=\"1\"><span><a href=\"https:\/\/www.bce.lu\/fr\/solutions-pour-la-mode\/solutions\/lancez-votre-prochaine-collection\/\">Lancez votre prochaine collection<\/a><\/span><\/li> \n                                                        <li class=\"bloc-listing-solutions-bloc-title-link listingBceLi \" data-slide=\"2\"><span><a href=\"https:\/\/www.bce.lu\/fr\/solutions-pour-la-mode\/solutions\/immortalisez-votre-creativite-en-images\/\">Immortalisez votre cr\u00e9ativit\u00e9 en images<\/a><\/span><\/li> \n                                                        <li class=\"bloc-listing-solutions-bloc-title-link listingBceLi \" data-slide=\"3\"><span><a href=\"https:\/\/www.bce.lu\/fr\/solutions-pour-la-mode\/solutions\/presentez-votre-histoire\/\">Pr\u00e9sentez votre histoire<\/a><\/span><\/li> \n                                                        <\/ul>\n                                               \n                <\/div>\n            <\/div>\n              \n        <\/div>\n    <\/div>\n<\/section>\n\n<section class=\"bloc-listing-products sectionPadding\" id=\"products\">\n    <div class=\"is-width-large wrapper is-center\">\n        <div class=\"rowNoMarg is-container-column\">\n            <h2 class=\"bloc-listing-products-title\">Produits<\/h2>\n            <span class=\"bloc-listing-products-texte\"><p>Nos produits pour promouvoir votre art.<\/p>\n<\/span>\n            <div class=\"owl-carousel owl-carousel-products owl-theme col-xs-12 is-inset-top-32\">   \n                                           \n\n                    <div class=\"bloc-listing-products-bloc\">\n                        <div class=\"bloc-listing-products-bloc-content\">\n                                                        <h3 class=\"bloc-listing-products-bloc-title\">Votre propre cha\u00eene de mode<\/h3>           \n                            <span class=\"bloc-listing-products-bloc-texte\"><p>Gestion et diffusion de cha\u00eenes dans le cloud.<\/p>\n<\/span>\n                            <a class=\"button\" href=\"https:\/\/www.bce.lu\/fr\/solutions-pour-la-mode\/produits\/votre-chaine-de-mode-avec-start-play\/\" title=\"Votre propre cha\u00eene de mode\"><span class=\"caret is-right\"><\/span> En savoir plus<\/a>\n                        <\/div>\n                        <div class=\"bloc-listing-products-bloc-img\">\n                            <img decoding=\"async\" src=\"https:\/\/www.bce.lu\/wp-content\/uploads\/2023\/03\/Be-on-TV.png\"\/>\n                        <\/div>\n                    <\/div>\n\n                               \n\n                    <div class=\"bloc-listing-products-bloc\">\n                        <div class=\"bloc-listing-products-bloc-content\">\n                                                        <h3 class=\"bloc-listing-products-bloc-title\">Stockez vos fichiers en toute s\u00e9curit\u00e9<\/h3>           \n                            <span class=\"bloc-listing-products-bloc-texte\"><p>Stockage et sauvegarde cloud s\u00e9curis\u00e9s.<\/p>\n<\/span>\n                            <a class=\"button\" href=\"https:\/\/www.bce.lu\/fr\/solutions-pour-la-mode\/produits\/stockez-vos-fichiers-en-toute-securite\/\" title=\"Stockez vos fichiers en toute s\u00e9curit\u00e9\"><span class=\"caret is-right\"><\/span> En savoir plus<\/a>\n                        <\/div>\n                        <div class=\"bloc-listing-products-bloc-img\">\n                            <img decoding=\"async\" src=\"https:\/\/www.bce.lu\/wp-content\/uploads\/2023\/03\/Access-your-content.png\"\/>\n                        <\/div>\n                    <\/div>\n\n                            \n        <\/div>\n        <\/div>\n    <\/div>\n<\/section>","protected":false},"excerpt":{"rendered":"","protected":false},"author":3,"featured_media":5957,"parent":0,"menu_order":101,"comment_status":"closed","ping_status":"closed","template":"","meta":{"_acf_changed":false,"content-type":"","inline_featured_image":false,"_uag_custom_page_level_css":"","_price":"","_stock":"","_tribe_ticket_header":"","_tribe_default_ticket_provider":"","_ticket_start_date":"","_ticket_end_date":"","_tribe_ticket_show_description":"","_tribe_ticket_show_not_going":false,"_tribe_ticket_use_global_stock":"","_tribe_ticket_global_stock_level":"","_global_stock_mode":"","_global_stock_cap":"","_tribe_rsvp_for_event":"","_tribe_ticket_going_count":"","_tribe_ticket_not_going_count":"","_tribe_tickets_list":"[]","_tribe_ticket_has_attendee_info_fields":false,"footnotes":"","_tec_slr_enabled":"","_tec_slr_layout":""},"class_list":["post-5689","page","type-page","status-publish","has-post-thumbnail","hentry"],"acf":[],"uagb_featured_image_src":{"full":["https:\/\/www.bce.lu\/wp-content\/uploads\/2023\/05\/Featured-fashion.png",1920,1080,false],"thumbnail":["https:\/\/www.bce.lu\/wp-content\/uploads\/2023\/05\/Featured-fashion-150x150.png",150,150,true],"medium":["https:\/\/www.bce.lu\/wp-content\/uploads\/2023\/05\/Featured-fashion-300x169.png",300,169,true],"medium_large":["https:\/\/www.bce.lu\/wp-content\/uploads\/2023\/05\/Featured-fashion-768x432.png",768,432,true],"large":["https:\/\/www.bce.lu\/wp-content\/uploads\/2023\/05\/Featured-fashion-1024x576.png",1024,576,true],"1536x1536":["https:\/\/www.bce.lu\/wp-content\/uploads\/2023\/05\/Featured-fashion-1536x864.png",1536,864,true],"2048x2048":["https:\/\/www.bce.lu\/wp-content\/uploads\/2023\/05\/Featured-fashion.png",1920,1080,false]},"uagb_author_info":{"display_name":"charline","author_link":"https:\/\/www.bce.lu\/fr\/author\/charline\/"},"uagb_comment_info":0,"uagb_excerpt":null,"ticketed":false,"_links":{"self":[{"href":"https:\/\/www.bce.lu\/fr\/wp-json\/wp\/v2\/pages\/5689","targetHints":{"allow":["GET"]}}],"collection":[{"href":"https:\/\/www.bce.lu\/fr\/wp-json\/wp\/v2\/pages"}],"about":[{"href":"https:\/\/www.bce.lu\/fr\/wp-json\/wp\/v2\/types\/page"}],"author":[{"embeddable":true,"href":"https:\/\/www.bce.lu\/fr\/wp-json\/wp\/v2\/users\/3"}],"replies":[{"embeddable":true,"href":"https:\/\/www.bce.lu\/fr\/wp-json\/wp\/v2\/comments?post=5689"}],"version-history":[{"count":8,"href":"https:\/\/www.bce.lu\/fr\/wp-json\/wp\/v2\/pages\/5689\/revisions"}],"predecessor-version":[{"id":7361,"href":"https:\/\/www.bce.lu\/fr\/wp-json\/wp\/v2\/pages\/5689\/revisions\/7361"}],"wp:featuredmedia":[{"embeddable":true,"href":"https:\/\/www.bce.lu\/fr\/wp-json\/wp\/v2\/media\/5957"}],"wp:attachment":[{"href":"https:\/\/www.bce.lu\/fr\/wp-json\/wp\/v2\/media?parent=5689"}],"curies":[{"name":"wp","href":"https:\/\/api.w.org\/{rel}","templated":true}]}}