{"id":5723,"date":"2023-01-16T16:21:45","date_gmt":"2023-01-16T15:21:45","guid":{"rendered":"https:\/\/www.bce.lu\/?page_id=5723"},"modified":"2023-05-31T11:53:42","modified_gmt":"2023-05-31T09:53:42","slug":"solutions-pour-les-entreprises","status":"publish","type":"page","link":"https:\/\/www.bce.lu\/fr\/solutions-pour-les-entreprises\/","title":{"rendered":"Solutions pour les Entreprises"},"content":{"rendered":"<section class=\"bloc-listing-solutions sectionPadding\" id=\"solutions\">\n    <div class=\"is-width-large wrapper is-center\">\n        <div class=\"wrapper is-container-column\">\n            <h2 class=\"bloc-listing-solutions-title\">Solutions<\/h2>\n            <span class=\"bloc-listing-solutions-texte\"><p>\u00c0 l\u2019\u00e8re num\u00e9rique, il est primordial de prendre le train en marche et d\u2019\u00e9tendre sa communication \u00e0 l\u2019ensemble des citoyens des quatre coins du monde.<\/p>\n<\/span>\n                \n\n            <div class=\"bloc-listing-solutions-bloc row middle-xs listingBceBloc\">\n\n                                                        \n                    <div class=\"col-md-4 is-text-center-mobile slide slide-1 \">             \n                        <label class=\"labelBce labelBlack bloc-listing-solutions-bloc-label listingBceLabel\" style=\"display:none;\"><\/label>\n                        <div class=\"bloc-listing-solutions-bloc-wrapper-number\">    \n                            <h3 class=\"bloc-listing-solutions-bloc-title is-inset-top-16 is-text-center-mobile listingBceTitle\">Prot\u00e9gez votre patrimoine<\/h3>   \n                        <\/div>        \n                        <span class=\"bloc-listing-solutions-bloc-texte is-inset-y-16 is-text-center-mobile listingBceText\"><p>Vous avez des milliers d\u2019heures de contenu vid\u00e9o entass\u00e9es sur une \u00e9tag\u00e8re et attendez de pouvoir un jour les mettre \u00e0 disposition.<\/p>\n<\/span>   \n                        <a class=\"button bloc-listing-solutions-bloc-link listingBceLink\" href=\"https:\/\/www.bce.lu\/fr\/solutions-pour-les-entreprises\/solutions\/protegez-votre-patrimoine\/\" title=\"#title\"><span class=\"caret is-right\"><\/span> En savoir plus<\/a>\n                    <\/div>\n                    <div class=\"col-md-4 slide slide-1 ratioContianer \">\n                            <div class=\"bloc-listing-solutions-bloc-img listingBceImg\"><img src='https:\/\/www.bce.lu\/wp-content\/uploads\/2023\/03\/Organise-5.png' \/><\/div>\n                    <\/div>\n                    \n                                            \n                    <div class=\"col-md-4 is-text-center-mobile slide slide-2 is-hidden\">             \n                        <label class=\"labelBce labelBlack bloc-listing-solutions-bloc-label listingBceLabel\" style=\"display:none;\"><\/label>\n                        <div class=\"bloc-listing-solutions-bloc-wrapper-number\">    \n                            <h3 class=\"bloc-listing-solutions-bloc-title is-inset-top-16 is-text-center-mobile listingBceTitle\">Partagez avec le monde<\/h3>   \n                        <\/div>        \n                        <span class=\"bloc-listing-solutions-bloc-texte is-inset-y-16 is-text-center-mobile listingBceText\"><p>Donnez \u00e0 votre public un acc\u00e8s \u00e0 toutes vos conf\u00e9rences, r\u00e9unions, \u00e9v\u00e9nements et bien plus.<\/p>\n<\/span>   \n                        <a class=\"button bloc-listing-solutions-bloc-link listingBceLink\" href=\"https:\/\/www.bce.lu\/fr\/solutions-pour-les-entreprises\/solutions\/partagez-avec-le-monde\/\" title=\"#title\"><span class=\"caret is-right\"><\/span> En savoir plus<\/a>\n                    <\/div>\n                    <div class=\"col-md-4 slide slide-2 ratioContianer is-hidden\">\n                            <div class=\"bloc-listing-solutions-bloc-img listingBceImg\"><img src='https:\/\/www.bce.lu\/wp-content\/uploads\/2023\/03\/Engage.png' \/><\/div>\n                    <\/div>\n                    \n                                            \n                    <div class=\"col-md-4 is-text-center-mobile slide slide-3 is-hidden\">             \n                        <label class=\"labelBce labelBlack bloc-listing-solutions-bloc-label listingBceLabel\" style=\"display:none;\"><\/label>\n                        <div class=\"bloc-listing-solutions-bloc-wrapper-number\">    \n                            <h3 class=\"bloc-listing-solutions-bloc-title is-inset-top-16 is-text-center-mobile listingBceTitle\">Faites la promotion de vos activit\u00e9s<\/h3>   \n                        <\/div>        \n                        <span class=\"bloc-listing-solutions-bloc-texte is-inset-y-16 is-text-center-mobile listingBceText\"><p>Offrez une vision claire de vos activit\u00e9s et actions par le biais de vid\u00e9os intelligentes qui peuvent se partager en un clin d\u2019\u0153il.<\/p>\n<\/span>   \n                        <a class=\"button bloc-listing-solutions-bloc-link listingBceLink\" href=\"https:\/\/www.bce.lu\/fr\/solutions-pour-les-entreprises\/solutions\/faites-la-promotion-de-vos-activites\/\" title=\"#title\"><span class=\"caret is-right\"><\/span> En savoir plus<\/a>\n                    <\/div>\n                    <div class=\"col-md-4 slide slide-3 ratioContianer is-hidden\">\n                            <div class=\"bloc-listing-solutions-bloc-img listingBceImg\"><img src='https:\/\/www.bce.lu\/wp-content\/uploads\/2023\/04\/Feature-LaLux.jpg' \/><\/div>\n                    <\/div>\n                    \n                                            \n                    <div class=\"col-md-4 is-text-center-mobile slide slide-4 is-hidden\">             \n                        <label class=\"labelBce labelBlack bloc-listing-solutions-bloc-label listingBceLabel\" style=\"display:none;\"><\/label>\n                        <div class=\"bloc-listing-solutions-bloc-wrapper-number\">    \n                            <h3 class=\"bloc-listing-solutions-bloc-title is-inset-top-16 is-text-center-mobile listingBceTitle\">Streaming en direct<\/h3>   \n                        <\/div>        \n                        <span class=\"bloc-listing-solutions-bloc-texte is-inset-y-16 is-text-center-mobile listingBceText\"><p>Diffusez des r\u00e9unions, des \u00e9v\u00e9nements et des conf\u00e9rences engageants \u00e0 l\u2019\u00e9chelle mondiale.<\/p>\n<\/span>   \n                        <a class=\"button bloc-listing-solutions-bloc-link listingBceLink\" href=\"https:\/\/www.bce.lu\/fr\/solutions-pour-les-entreprises\/solutions\/streaming-en-direct\/\" title=\"#title\"><span class=\"caret is-right\"><\/span> En savoir plus<\/a>\n                    <\/div>\n                    <div class=\"col-md-4 slide slide-4 ratioContianer is-hidden\">\n                            <div class=\"bloc-listing-solutions-bloc-img listingBceImg\"><img src='https:\/\/www.bce.lu\/wp-content\/uploads\/2023\/03\/Cover-1.jpg' \/><\/div>\n                    <\/div>\n                    \n                                        \n                <div class=\"col-md-4 bloc-listing-solutions-zone\">\n                    \n                                                <ul class=\"bloc-listing-solutions-bloc-title-list listingBceUl listUl-04\">\n                                                        <li class=\"bloc-listing-solutions-bloc-title-link listingBceLi active\" data-slide=\"1\"><span><a href=\"https:\/\/www.bce.lu\/fr\/solutions-pour-les-entreprises\/solutions\/protegez-votre-patrimoine\/\">Prot\u00e9gez votre patrimoine<\/a><\/span><\/li> \n                                                        <li class=\"bloc-listing-solutions-bloc-title-link listingBceLi \" data-slide=\"2\"><span><a href=\"https:\/\/www.bce.lu\/fr\/solutions-pour-les-entreprises\/solutions\/partagez-avec-le-monde\/\">Partagez avec le monde<\/a><\/span><\/li> \n                                                        <li class=\"bloc-listing-solutions-bloc-title-link listingBceLi \" data-slide=\"3\"><span><a href=\"https:\/\/www.bce.lu\/fr\/solutions-pour-les-entreprises\/solutions\/faites-la-promotion-de-vos-activites\/\">Faites la promotion de vos activit\u00e9s<\/a><\/span><\/li> \n                                                        <li class=\"bloc-listing-solutions-bloc-title-link listingBceLi \" data-slide=\"4\"><span><a href=\"https:\/\/www.bce.lu\/fr\/solutions-pour-les-entreprises\/solutions\/streaming-en-direct\/\">Streaming en direct<\/a><\/span><\/li> \n                                                        <\/ul>\n                                               \n                <\/div>\n            <\/div>\n              \n        <\/div>\n    <\/div>\n<\/section>\n\n<section class=\"bloc-listing-products sectionPadding\" id=\"products\">\n    <div class=\"is-width-large wrapper is-center\">\n        <div class=\"rowNoMarg is-container-column\">\n            <h2 class=\"bloc-listing-products-title\">PRODUITS<\/h2>\n            <span class=\"bloc-listing-products-texte\"><\/span>\n            <div class=\"owl-carousel owl-carousel-products owl-theme col-xs-12 is-inset-top-32\">   \n                                           \n\n                    <div class=\"bloc-listing-products-bloc\">\n                        <div class=\"bloc-listing-products-bloc-content\">\n                                                        <h3 class=\"bloc-listing-products-bloc-title\">Diffusez en direct depuis votre propre studio<\/h3>           \n                            <span class=\"bloc-listing-products-bloc-texte\"><p>Suite de production intelligente pour la diffusion en direct de vos r\u00e9unions et conf\u00e9rences.<\/p>\n<\/span>\n                            <a class=\"button\" href=\"https:\/\/www.bce.lu\/fr\/solutions-pour-les-entreprises\/produits\/diffusez-en-direct-depuis-votre-propre-studio\/\" title=\"Diffusez en direct depuis votre propre studio\"><span class=\"caret is-right\"><\/span> En savoir plus<\/a>\n                        <\/div>\n                        <div class=\"bloc-listing-products-bloc-img\">\n                            <img decoding=\"async\" src=\"https:\/\/www.bce.lu\/wp-content\/uploads\/2023\/03\/Start-immediately.jpg\"\/>\n                        <\/div>\n                    <\/div>\n\n                               \n\n                    <div class=\"bloc-listing-products-bloc\">\n                        <div class=\"bloc-listing-products-bloc-content\">\n                                                        <h3 class=\"bloc-listing-products-bloc-title\">Traduction en direct et langue des signes<\/h3>           \n                            <span class=\"bloc-listing-products-bloc-texte\"><p>Solution cloud pour ajouter la traduction et la langue des signes \u00e0 vos vid\u00e9os en direct.<\/p>\n<\/span>\n                            <a class=\"button\" href=\"https:\/\/www.bce.lu\/fr\/solutions-pour-les-entreprises\/produits\/traduction-en-direct-et-langue-des-signes\/\" title=\"Traduction en direct et langue des signes\"><span class=\"caret is-right\"><\/span> En savoir plus<\/a>\n                        <\/div>\n                        <div class=\"bloc-listing-products-bloc-img\">\n                            <img decoding=\"async\" src=\"https:\/\/www.bce.lu\/wp-content\/uploads\/2023\/04\/sign_Language-business-holovox.jpg\"\/>\n                        <\/div>\n                    <\/div>\n\n                               \n\n                    <div class=\"bloc-listing-products-bloc\">\n                        <div class=\"bloc-listing-products-bloc-content\">\n                                                        <h3 class=\"bloc-listing-products-bloc-title\">Stocker et r\u00e9cup\u00e9rer vos donn\u00e9es<\/h3>           \n                            <span class=\"bloc-listing-products-bloc-texte\"><p>Stockage dans le cloud et sauvegardes automatis\u00e9es.<\/p>\n<\/span>\n                            <a class=\"button\" href=\"https:\/\/www.bce.lu\/fr\/solutions-pour-les-entreprises\/produits\/stockez-et-restaurez-vos-fichiers-dans-le-cloud\/\" title=\"Stocker et r\u00e9cup\u00e9rer vos donn\u00e9es\"><span class=\"caret is-right\"><\/span> En savoir plus<\/a>\n                        <\/div>\n                        <div class=\"bloc-listing-products-bloc-img\">\n                            <img decoding=\"async\" src=\"https:\/\/www.bce.lu\/wp-content\/uploads\/2023\/03\/Ensure-data-availability-2.png\"\/>\n                        <\/div>\n                    <\/div>\n\n                               \n\n                    <div class=\"bloc-listing-products-bloc\">\n                        <div class=\"bloc-listing-products-bloc-content\">\n                                                        <h3 class=\"bloc-listing-products-bloc-title\">Pr\u00e9venir toute menace \u00e0 la s\u00e9curit\u00e9<\/h3>           \n                            <span class=\"bloc-listing-products-bloc-texte\"><p>Am\u00e9liorez la s\u00e9curit\u00e9 de votre entreprise <span style=\"text-decoration: underline;\">au plus haut niveau.\u200b<\/span><\/p>\n<\/span>\n                            <a class=\"button\" href=\"https:\/\/www.bce.lu\/fr\/solutions-pour-les-entreprises\/produits\/prevenir-toute-menace-a-la-securite\/\" title=\"Pr\u00e9venir toute menace \u00e0 la s\u00e9curit\u00e9\"><span class=\"caret is-right\"><\/span> En savoir plus<\/a>\n                        <\/div>\n                        <div class=\"bloc-listing-products-bloc-img\">\n                            <img decoding=\"async\" src=\"https:\/\/www.bce.lu\/wp-content\/uploads\/2023\/03\/Flexibility.png\"\/>\n                        <\/div>\n                    <\/div>\n\n                            \n        <\/div>\n        <\/div>\n    <\/div>\n<\/section>","protected":false},"excerpt":{"rendered":"","protected":false},"author":3,"featured_media":27,"parent":0,"menu_order":130,"comment_status":"closed","ping_status":"closed","template":"","meta":{"_acf_changed":false,"content-type":"","inline_featured_image":false,"_uag_custom_page_level_css":"","_price":"","_stock":"","_tribe_ticket_header":"","_tribe_default_ticket_provider":"","_ticket_start_date":"","_ticket_end_date":"","_tribe_ticket_show_description":"","_tribe_ticket_show_not_going":false,"_tribe_ticket_use_global_stock":"","_tribe_ticket_global_stock_level":"","_global_stock_mode":"","_global_stock_cap":"","_tribe_rsvp_for_event":"","_tribe_ticket_going_count":"","_tribe_ticket_not_going_count":"","_tribe_tickets_list":"[]","_tribe_ticket_has_attendee_info_fields":false,"footnotes":"","_tec_slr_enabled":"","_tec_slr_layout":""},"class_list":["post-5723","page","type-page","status-publish","has-post-thumbnail","hentry"],"acf":[],"uagb_featured_image_src":{"full":["https:\/\/www.bce.lu\/wp-content\/uploads\/2023\/01\/s3.jpg",2400,1597,false],"thumbnail":["https:\/\/www.bce.lu\/wp-content\/uploads\/2023\/01\/s3-150x150.jpg",150,150,true],"medium":["https:\/\/www.bce.lu\/wp-content\/uploads\/2023\/01\/s3-300x200.jpg",300,200,true],"medium_large":["https:\/\/www.bce.lu\/wp-content\/uploads\/2023\/01\/s3-768x511.jpg",768,511,true],"large":["https:\/\/www.bce.lu\/wp-content\/uploads\/2023\/01\/s3-1024x681.jpg",1024,681,true],"1536x1536":["https:\/\/www.bce.lu\/wp-content\/uploads\/2023\/01\/s3-1536x1022.jpg",1536,1022,true],"2048x2048":["https:\/\/www.bce.lu\/wp-content\/uploads\/2023\/01\/s3-2048x1363.jpg",2048,1363,true]},"uagb_author_info":{"display_name":"charline","author_link":"https:\/\/www.bce.lu\/fr\/author\/charline\/"},"uagb_comment_info":0,"uagb_excerpt":null,"ticketed":false,"_links":{"self":[{"href":"https:\/\/www.bce.lu\/fr\/wp-json\/wp\/v2\/pages\/5723","targetHints":{"allow":["GET"]}}],"collection":[{"href":"https:\/\/www.bce.lu\/fr\/wp-json\/wp\/v2\/pages"}],"about":[{"href":"https:\/\/www.bce.lu\/fr\/wp-json\/wp\/v2\/types\/page"}],"author":[{"embeddable":true,"href":"https:\/\/www.bce.lu\/fr\/wp-json\/wp\/v2\/users\/3"}],"replies":[{"embeddable":true,"href":"https:\/\/www.bce.lu\/fr\/wp-json\/wp\/v2\/comments?post=5723"}],"version-history":[{"count":4,"href":"https:\/\/www.bce.lu\/fr\/wp-json\/wp\/v2\/pages\/5723\/revisions"}],"predecessor-version":[{"id":7360,"href":"https:\/\/www.bce.lu\/fr\/wp-json\/wp\/v2\/pages\/5723\/revisions\/7360"}],"wp:featuredmedia":[{"embeddable":true,"href":"https:\/\/www.bce.lu\/fr\/wp-json\/wp\/v2\/media\/27"}],"wp:attachment":[{"href":"https:\/\/www.bce.lu\/fr\/wp-json\/wp\/v2\/media?parent=5723"}],"curies":[{"name":"wp","href":"https:\/\/api.w.org\/{rel}","templated":true}]}}