{"id":5732,"date":"2023-04-21T17:49:08","date_gmt":"2023-04-21T15:49:08","guid":{"rendered":"https:\/\/www.bce.lu\/solutions-pour-les-entreprises\/solutions\/share-with-the-world\/"},"modified":"2025-12-11T15:08:35","modified_gmt":"2025-12-11T14:08:35","slug":"partagez-avec-le-monde","status":"publish","type":"page","link":"https:\/\/www.bce.lu\/fr\/solutions-pour-les-entreprises\/solutions\/partagez-avec-le-monde\/","title":{"rendered":"Partagez avec le monde"},"content":{"rendered":"<section class=\"bloc-listing-solutions sectionPadding\">\n    <div class=\"wrapper is-width-large is-center\">\n        <div class=\"is-container-column is-inset-y-60  is-inset-y-32-mobile \">\n            <h2 class=\"bloc-listing-solutions-title\">Cr\u00e9ez votre portail en ligne<\/h2>\n            <span class=\"bloc-listing-solutions-texte\"><p>BCE vous accorde l\u2019acc\u00e8s \u00e0 la VoD, au replay et \u00e0 la vid\u00e9o des r\u00e9seaux sociaux tout en veillant \u00e0 la s\u00e9curit\u00e9 de votre contenu. Donnez \u00e0 votre public un acc\u00e8s \u00e0 toutes vos conf\u00e9rences, r\u00e9unions, \u00e9v\u00e9nements, ainsi que toutes vos archives.<\/p>\n<\/span>\n                \n            <div class=\"bloc-listing-solutions-bloc bloc-listing-solutions-counter row middle-xs listingBceBloc\">\n                \n            \n                                                                    \n                        <div class=\"col-md-4 slide slide-1 \">              \n                            <label class=\"labelBce labelBlack bloc-listing-solutions-bloc-label listingBceLabel\" style=\"display:none;\"><\/label>\n                            <div class=\"bloc-listing-solutions-bloc-wrapper-number  is-text-center-mobile\">\n                                <span class=\"bloc-listing-solutions-bloc-number listingBceNumber\">1<\/span>       \n                                <h3 class=\"bloc-listing-solutions-bloc-title is-inset-top-16 listingBceTitle\">Concevez <\/h3>   \n                            <\/div>        \n                            <span class=\"bloc-listing-solutions-bloc-texte is-inset-y-16 is-text-center-mobile listingBceText\"><!-- wp:paragraph {\"placeholder\":\"Indiquez la description...\"} -->\n<p>La premi\u00e8re \u00e9tape de la conception de votre portail vid\u00e9o est de <strong>cr\u00e9er la meilleure navigation utilisateur<\/strong>. Pour ce faire, les concepteurs UX de BCE construisent une architecture intelligente <strong>pour assurer la fid\u00e9lisation de vos clients<\/strong>.<\/p>\n<!-- \/wp:paragraph --><\/span>   \n                        <\/div>\n                        <div class=\"col-md-4 slide slide-1 ratioContianer \">\n                                <div class=\"bloc-listing-solutions-bloc-img listingBceImg\"><img src='https:\/\/www.bce.lu\/wp-content\/uploads\/2023\/03\/Design-2-1024x576.jpg' \/><\/div>\n                        <\/div>\n\n                                                    \n                        <div class=\"col-md-4 slide slide-2 is-hidden\">              \n                            <label class=\"labelBce labelBlack bloc-listing-solutions-bloc-label listingBceLabel\" style=\"display:none;\"><\/label>\n                            <div class=\"bloc-listing-solutions-bloc-wrapper-number  is-text-center-mobile\">\n                                <span class=\"bloc-listing-solutions-bloc-number listingBceNumber\">2<\/span>       \n                                <h3 class=\"bloc-listing-solutions-bloc-title is-inset-top-16 listingBceTitle\">Organisez <\/h3>   \n                            <\/div>        \n                            <span class=\"bloc-listing-solutions-bloc-texte is-inset-y-16 is-text-center-mobile listingBceText\"><!-- wp:paragraph -->\n<p><strong>G\u00e9rez facilement votre contenu<\/strong>, mettez \u00e0 jour ses m\u00e9tadonn\u00e9es, listez les formats disponibles, pr\u00e9visualisez vos fichiers et <strong>adaptez judicieusement vos vid\u00e9os de portail<\/strong>.<\/p>\n<!-- \/wp:paragraph --><\/span>   \n                        <\/div>\n                        <div class=\"col-md-4 slide slide-2 ratioContianer is-hidden\">\n                                <div class=\"bloc-listing-solutions-bloc-img listingBceImg\"><img src='https:\/\/www.bce.lu\/wp-content\/uploads\/2023\/03\/Organise-6.png' \/><\/div>\n                        <\/div>\n\n                                                    \n                        <div class=\"col-md-4 slide slide-3 is-hidden\">              \n                            <label class=\"labelBce labelBlack bloc-listing-solutions-bloc-label listingBceLabel\" style=\"display:none;\"><\/label>\n                            <div class=\"bloc-listing-solutions-bloc-wrapper-number  is-text-center-mobile\">\n                                <span class=\"bloc-listing-solutions-bloc-number listingBceNumber\">3<\/span>       \n                                <h3 class=\"bloc-listing-solutions-bloc-title is-inset-top-16 listingBceTitle\">Engagez <\/h3>   \n                            <\/div>        \n                            <span class=\"bloc-listing-solutions-bloc-texte is-inset-y-16 is-text-center-mobile listingBceText\"><!-- wp:paragraph -->\n<p>Publiez <strong>vos vid\u00e9os sur votre portail<\/strong>, publiez des vid\u00e9os cl\u00e9s et des bandes-annonces <strong>sur les r\u00e9seaux sociaux<\/strong> ainsi que <strong>sur les sites Web de vos partenaires<\/strong>.<\/p>\n<!-- \/wp:paragraph --><\/span>   \n                        <\/div>\n                        <div class=\"col-md-4 slide slide-3 ratioContianer is-hidden\">\n                                <div class=\"bloc-listing-solutions-bloc-img listingBceImg\"><img src='https:\/\/www.bce.lu\/wp-content\/uploads\/2023\/03\/Engage.png' \/><\/div>\n                        <\/div>\n\n                                                \n                <div class=\"col-md-4 bloc-listing-solutions-zone\">\n                                                <ul class=\"bloc-listing-solutions-bloc-title-list listingBceUl listUl-03\">\n                                                                    <li class=\"bloc-listing-solutions-bloc-title-link listingBceLi active\" data-slide=\"1\"><span>Concevez <\/span><\/li> \n                                                                    <li class=\"bloc-listing-solutions-bloc-title-link listingBceLi \" data-slide=\"2\"><span>Organisez <\/span><\/li> \n                                                                    <li class=\"bloc-listing-solutions-bloc-title-link listingBceLi \" data-slide=\"3\"><span>Engagez <\/span><\/li> \n                                                            <\/ul>\n                                               \n                <\/div>\n            <\/div>\n\n            \n        <\/div>\n        <div class=\"center-xs\"><a class=\"button\" href=\"#options\"><span class=\"caret is-down\"><\/span> Plus<\/a><\/div>\n    <\/div>\n<\/section>\n\n<section id=\"options\" class=\"bloc-listing-solutions-special is-inset-top-60 is-inset-bottom-20 is-inset-y-32-mobile\"  style=\"background-color:#F9F9F9\" >\n    <div class=\"is-width-large is-center\">\n        <div class=\"row is-container-column\">\n            <div class=\"col-xs-12\">\n                <h2 class=\"bloc-listing-solutions-special-title is-inset-bottom-24\">ET BIEN PLUS<\/h2>            \n                <div class=\"row\">\n                                                                    <div class=\"bloc-listing-solutions-special-bloc col-xs-12 col-md-4 is-inset-bottom-40 is-inset-bottom-20-mobile\">                \n                            <div class=\"bloc-listing-solutions-special-bloc-img\"><img decoding=\"async\" src=\"https:\/\/www.bce.lu\/wp-content\/uploads\/2023\/03\/Secure-1.jpg\"\/><\/div>\n                            <div class=\"bloc-listing-solutions-special-bloc-content\">\n                                <h3 class=\"bloc-listing-solutions-special-bloc-title\">S\u00e9curisez <\/h3>           \n                                <span class=\"bloc-listing-solutions-special-bloc-texte\"><!-- wp:paragraph {\"placeholder\":\"Indiquez la description...\"} -->\n<p><strong>Prot\u00e9gez vos vid\u00e9os<\/strong> de toute distribution non autoris\u00e9e ou de la g\u00e9n\u00e9ration de faux contenus avec des solutions de <strong>gestion des droits num\u00e9riques<\/strong> (GDN).<\/p>\n<!-- \/wp:paragraph --><\/span>\n                            <\/div>\n                        <\/div>\n\n                                                <div class=\"bloc-listing-solutions-special-bloc col-xs-12 col-md-4 is-inset-bottom-40 is-inset-bottom-20-mobile\">                \n                            <div class=\"bloc-listing-solutions-special-bloc-img\"><img decoding=\"async\" src=\"https:\/\/www.bce.lu\/wp-content\/uploads\/2023\/03\/Analyse-3.png\"\/><\/div>\n                            <div class=\"bloc-listing-solutions-special-bloc-content\">\n                                <h3 class=\"bloc-listing-solutions-special-bloc-title\">Analysez <\/h3>           \n                                <span class=\"bloc-listing-solutions-special-bloc-texte\"><!-- wp:paragraph {\"placeholder\":\"Indiquez la description...\"} -->\n<p><strong>Adaptez <\/strong>votre strat\u00e9gie de contenu, <strong>d\u00e9veloppez <\/strong>vos activit\u00e9s et <strong>fid\u00e9lisez vos clients<\/strong> gr\u00e2ce aux outils d\u2019analyse de BCE.<\/p>\n<!-- \/wp:paragraph --><\/span>\n                            <\/div>\n                        <\/div>\n\n                                                            <\/div>\n            <\/div>\n            \n            \n        <\/div>\n    <\/div>\n<\/section>\n\n<section class=\"bloc-listing-references \">\n    <div class=\"wrapper is-width-large wrapper is-center\">\n        <div class=\"is-container-column\">\n            <div class=\"row is-inset-y-60 is-inset-y-32-mobile\">\n            <div class=\"owl-carousel owl-carousel-references owl-centered owl-theme col-xs-12 \">\n                            \n                <div class=\"itemGallery\">\n                    <a href=\"https:\/\/www.bce.lu\/fr\/references\/la-nuit-de-la-culture\/\"><img decoding=\"async\" src=\"https:\/\/www.bce.lu\/wp-content\/uploads\/2023\/04\/Nuit-de-la-culture-logo.png\" alt=\"La Nuit de la Culture\"><\/a>\n                <\/div>\n\n                \n                <div class=\"itemGallery\">\n                    <a href=\"https:\/\/www.bce.lu\/fr\/references\/chambre-des-deputes-du-grand-duche-de-luxembourg\/\"><img decoding=\"async\" src=\"https:\/\/www.bce.lu\/wp-content\/uploads\/2023\/04\/chambre-des-deputes-logo.png\" alt=\"Chambre des D\u00e9put\u00e9s du Grand-Duch\u00e9 de Luxembourg\"><\/a>\n                <\/div>\n\n                \n                <div class=\"itemGallery\">\n                    <a href=\"https:\/\/www.bce.lu\/fr\/references\/cna-centre-national-de-laudiovisuel\/\"><img decoding=\"async\" src=\"https:\/\/www.bce.lu\/wp-content\/uploads\/2023\/04\/CNA-logo.png\" alt=\"CNA (Centre National de l\u2019Audiovisuel)\"><\/a>\n                <\/div>\n\n                \n                <div class=\"itemGallery\">\n                    <a href=\"https:\/\/www.bce.lu\/fr\/references\/fedil\/\"><img decoding=\"async\" src=\"https:\/\/www.bce.lu\/wp-content\/uploads\/2023\/04\/Fedil-logo.png\" alt=\"Fedil\"><\/a>\n                <\/div>\n\n                \n                <div class=\"itemGallery\">\n                    <a href=\"https:\/\/www.bce.lu\/fr\/references\/fondatioun-kriibskrank-kanner\/\"><img decoding=\"async\" src=\"https:\/\/www.bce.lu\/wp-content\/uploads\/2023\/04\/Fondatioun-Kriibskrank-Kanner-logo.png\" alt=\"Fondatioun Kriibskrank Kanner\"><\/a>\n                <\/div>\n\n                \n                <div class=\"itemGallery\">\n                    <a href=\"https:\/\/www.bce.lu\/fr\/references\/lsfi-luxembourg-sustainable-finance-initiative\/\"><img decoding=\"async\" src=\"https:\/\/www.bce.lu\/wp-content\/uploads\/2023\/04\/LSFI-Luxembourg-Sustainable-Finance-Initiative-logo.png\" alt=\"LSFI \u2013 Luxembourg Sustainable Finance Initiative\"><\/a>\n                <\/div>\n\n                \n                <div class=\"itemGallery\">\n                    <a href=\"https:\/\/www.bce.lu\/fr\/references\/luxexpo-the-box\/\"><img decoding=\"async\" src=\"https:\/\/www.bce.lu\/wp-content\/uploads\/2023\/04\/Luxexpo-the-box-logo.png\" alt=\"Luxexpo the Box\"><\/a>\n                <\/div>\n\n                \n                <div class=\"itemGallery\">\n                    <a href=\"https:\/\/www.bce.lu\/fr\/references\/the-bridge-forum-dialogue\/\"><img decoding=\"async\" src=\"https:\/\/www.bce.lu\/wp-content\/uploads\/2023\/04\/The-Bridge-Forum-Dialogue-logo.png\" alt=\"The Bridge Forum Dialogue\"><\/a>\n                <\/div>\n\n                \n                <div class=\"itemGallery\">\n                    <a href=\"https:\/\/www.bce.lu\/fr\/references\/ville-de-luxembourg\/\"><img decoding=\"async\" src=\"https:\/\/www.bce.lu\/wp-content\/uploads\/2023\/04\/ville-de-luxembourg-Logo.png\" alt=\"Ville de Luxembourg\"><\/a>\n                <\/div>\n\n                                        <\/div>\n        <\/div>\n    <\/div>\n<\/section>\n\n<section class=\"bloc-contact sectionPadding\">\n    <div class=\"wrapper is-width-large is-center\">\n        <div class=\"row is-container-column\">\n            <h2 class=\"bloc-contact-title\">CONTACTEZ-NOUS D\u00c8S MAINTENANT !<\/h2>\n            <span class=\"bloc-contact-texte\"><p>Remplissez ce formulaire et entrez en contact avec nos experts !<\/p>\n<\/span>\n            <div class=\"row is-inset-top-32 middle-xs\" style=\"width:100%;\">\n                                <div class=\"col-xs-12 \">                    \n                                                \n\t\t\t\t\t\t<script>\n\t\t\t\t\t\t\twindow.hsFormsOnReady = window.hsFormsOnReady || [];\n\t\t\t\t\t\t\twindow.hsFormsOnReady.push(()=>{\n\t\t\t\t\t\t\t\thbspt.forms.create({\n\t\t\t\t\t\t\t\t\tportalId: 8988786,\n\t\t\t\t\t\t\t\t\tformId: \"fb4f690e-73d4-4b03-8d91-f644cb086a37\",\n\t\t\t\t\t\t\t\t\ttarget: \"#hbspt-form-1778521923000-7629737505\",\n\t\t\t\t\t\t\t\t\tregion: \"na1\",\n\t\t\t\t\t\t\t\t\t\n\t\t\t\t\t\t\t})});\n\t\t\t\t\t\t<\/script>\n\t\t\t\t\t\t<div class=\"hbspt-form\" id=\"hbspt-form-1778521923000-7629737505\"><\/div>                                        \n                <\/div>\n            <\/div>\n        <\/div>\n    <\/div>\n<\/section>","protected":false},"excerpt":{"rendered":"","protected":false},"author":3,"featured_media":14323,"parent":5719,"menu_order":139,"comment_status":"closed","ping_status":"closed","template":"","meta":{"_acf_changed":false,"content-type":"","inline_featured_image":false,"_uag_custom_page_level_css":"","_price":"","_stock":"","_tribe_ticket_header":"","_tribe_default_ticket_provider":"","_tribe_ticket_capacity":"0","_ticket_start_date":"","_ticket_end_date":"","_tribe_ticket_show_description":"","_tribe_ticket_show_not_going":false,"_tribe_ticket_use_global_stock":"","_tribe_ticket_global_stock_level":"","_global_stock_mode":"","_global_stock_cap":"","_tribe_rsvp_for_event":"","_tribe_ticket_going_count":"","_tribe_ticket_not_going_count":"","_tribe_tickets_list":"[]","_tribe_ticket_has_attendee_info_fields":false,"footnotes":"","_tec_slr_enabled":"","_tec_slr_layout":""},"class_list":["post-5732","page","type-page","status-publish","has-post-thumbnail","hentry"],"acf":[],"uagb_featured_image_src":{"full":["https:\/\/www.bce.lu\/wp-content\/uploads\/2023\/03\/Engage.png",800,450,false],"thumbnail":["https:\/\/www.bce.lu\/wp-content\/uploads\/2023\/03\/Engage-150x150.png",150,150,true],"medium":["https:\/\/www.bce.lu\/wp-content\/uploads\/2023\/03\/Engage-300x169.png",300,169,true],"medium_large":["https:\/\/www.bce.lu\/wp-content\/uploads\/2023\/03\/Engage-768x432.png",768,432,true],"large":["https:\/\/www.bce.lu\/wp-content\/uploads\/2023\/03\/Engage.png",800,450,false],"1536x1536":["https:\/\/www.bce.lu\/wp-content\/uploads\/2023\/03\/Engage.png",800,450,false],"2048x2048":["https:\/\/www.bce.lu\/wp-content\/uploads\/2023\/03\/Engage.png",800,450,false]},"uagb_author_info":{"display_name":"charline","author_link":"https:\/\/www.bce.lu\/fr\/author\/charline\/"},"uagb_comment_info":0,"uagb_excerpt":null,"ticketed":false,"_links":{"self":[{"href":"https:\/\/www.bce.lu\/fr\/wp-json\/wp\/v2\/pages\/5732","targetHints":{"allow":["GET"]}}],"collection":[{"href":"https:\/\/www.bce.lu\/fr\/wp-json\/wp\/v2\/pages"}],"about":[{"href":"https:\/\/www.bce.lu\/fr\/wp-json\/wp\/v2\/types\/page"}],"author":[{"embeddable":true,"href":"https:\/\/www.bce.lu\/fr\/wp-json\/wp\/v2\/users\/3"}],"replies":[{"embeddable":true,"href":"https:\/\/www.bce.lu\/fr\/wp-json\/wp\/v2\/comments?post=5732"}],"version-history":[{"count":15,"href":"https:\/\/www.bce.lu\/fr\/wp-json\/wp\/v2\/pages\/5732\/revisions"}],"predecessor-version":[{"id":13236,"href":"https:\/\/www.bce.lu\/fr\/wp-json\/wp\/v2\/pages\/5732\/revisions\/13236"}],"up":[{"embeddable":true,"href":"https:\/\/www.bce.lu\/fr\/wp-json\/wp\/v2\/pages\/5719"}],"wp:featuredmedia":[{"embeddable":true,"href":"https:\/\/www.bce.lu\/fr\/wp-json\/wp\/v2\/media\/14323"}],"wp:attachment":[{"href":"https:\/\/www.bce.lu\/fr\/wp-json\/wp\/v2\/media?parent=5732"}],"curies":[{"name":"wp","href":"https:\/\/api.w.org\/{rel}","templated":true}]}}