{"id":5762,"date":"2023-04-21T17:16:16","date_gmt":"2023-04-21T15:16:16","guid":{"rendered":"https:\/\/www.bce.lu\/solutions-pour-les-entreprises\/solutions\/live-streaming\/"},"modified":"2025-07-02T17:46:14","modified_gmt":"2025-07-02T15:46:14","slug":"streaming-en-direct","status":"publish","type":"page","link":"https:\/\/www.bce.lu\/fr\/solutions-pour-les-entreprises\/solutions\/streaming-en-direct\/","title":{"rendered":"Streaming en direct"},"content":{"rendered":"<section class=\"bloc-listing-solutions sectionPadding\">\n    <div class=\"wrapper is-width-large is-center\">\n        <div class=\"is-container-column is-inset-y-60  is-inset-y-32-mobile \">\n            <h2 class=\"bloc-listing-solutions-title\">Concentrez-vous sur vos r\u00e9unions et<br \/>\r\n confiez les aspects de production et technologiques \u00e0 BCE<\/h2>\n            <span class=\"bloc-listing-solutions-texte\"><p>Les services de BCE am\u00e9liorent votre streaming en direct pour vous permettre de configurer votre couverture en toute confiance, de veiller \u00e0 ce qu\u2019elle corresponde parfaitement \u00e0 l\u2019identit\u00e9 de votre entreprise, d\u2019entrer en contact avec votre public, de partager vos vid\u00e9os et de fid\u00e9liser davantage vos clients.<\/p>\n<p>Allez m\u00eame au-del\u00e0 gr\u00e2ce \u00e0 la possibilit\u00e9 de cr\u00e9er votre propre portail vid\u00e9o et de tirer le meilleur parti de votre contenu.<\/p>\n<\/span>\n                \n            <div class=\"bloc-listing-solutions-bloc bloc-listing-solutions-counter row middle-xs listingBceBloc\">\n                \n            \n                                                                    \n                        <div class=\"col-md-4 slide slide-1 \">              \n                            <label class=\"labelBce labelBlack bloc-listing-solutions-bloc-label listingBceLabel\" style=\"display:none;\"><\/label>\n                            <div class=\"bloc-listing-solutions-bloc-wrapper-number  is-text-center-mobile\">\n                                <span class=\"bloc-listing-solutions-bloc-number listingBceNumber\">1<\/span>       \n                                <h3 class=\"bloc-listing-solutions-bloc-title is-inset-top-16 listingBceTitle\">Organisez<\/h3>   \n                            <\/div>        \n                            <span class=\"bloc-listing-solutions-bloc-texte is-inset-y-16 is-text-center-mobile listingBceText\"><!-- wp:paragraph {\"placeholder\":\"Indiquez la description...\"} -->\n<p>BCE identifie la solution qui r\u00e9pond \u00e0 vos besoins, assure son <strong>int\u00e9gration dans votre environnement<\/strong>, s\u00e9lectionne avec vous les <strong>canaux de communication<\/strong> les plus appropri\u00e9s, organise la production pour assurer les meilleurs r\u00e9sultats de streaming.<\/p>\n<!-- \/wp:paragraph --><\/span>   \n                        <\/div>\n                        <div class=\"col-md-4 slide slide-1 ratioContianer \">\n                                <div class=\"bloc-listing-solutions-bloc-img listingBceImg\"><img src='https:\/\/www.bce.lu\/wp-content\/uploads\/2023\/03\/Organise-8.png' \/><\/div>\n                        <\/div>\n\n                                                    \n                        <div class=\"col-md-4 slide slide-2 is-hidden\">              \n                            <label class=\"labelBce labelBlack bloc-listing-solutions-bloc-label listingBceLabel\" style=\"display:none;\"><\/label>\n                            <div class=\"bloc-listing-solutions-bloc-wrapper-number  is-text-center-mobile\">\n                                <span class=\"bloc-listing-solutions-bloc-number listingBceNumber\">2<\/span>       \n                                <h3 class=\"bloc-listing-solutions-bloc-title is-inset-top-16 listingBceTitle\">Marquez <\/h3>   \n                            <\/div>        \n                            <span class=\"bloc-listing-solutions-bloc-texte is-inset-y-16 is-text-center-mobile listingBceText\"><!-- wp:paragraph {\"placeholder\":\"Indiquez la description...\"} -->\n<p>BCE cr\u00e9e<strong> tous les graphiques<\/strong> pour votre flux, y compris les teasers, bandes-annonces, comptes \u00e0 rebours, titres, sc\u00e8nes coup\u00e9es, etc., <strong>pour correspondre \u00e0 l\u2019identit\u00e9<\/strong> de votre entreprise ou \u00e9v\u00e9nement.<\/p>\n<!-- \/wp:paragraph --><\/span>   \n                        <\/div>\n                        <div class=\"col-md-4 slide slide-2 ratioContianer is-hidden\">\n                                <div class=\"bloc-listing-solutions-bloc-img listingBceImg\"><img src='https:\/\/www.bce.lu\/wp-content\/uploads\/2023\/03\/Brand-2-1024x576.jpg' \/><\/div>\n                        <\/div>\n\n                                                    \n                        <div class=\"col-md-4 slide slide-3 is-hidden\">              \n                            <label class=\"labelBce labelBlack bloc-listing-solutions-bloc-label listingBceLabel\" style=\"display:none;\"><\/label>\n                            <div class=\"bloc-listing-solutions-bloc-wrapper-number  is-text-center-mobile\">\n                                <span class=\"bloc-listing-solutions-bloc-number listingBceNumber\">3<\/span>       \n                                <h3 class=\"bloc-listing-solutions-bloc-title is-inset-top-16 listingBceTitle\">Assurez la captation<\/h3>   \n                            <\/div>        \n                            <span class=\"bloc-listing-solutions-bloc-texte is-inset-y-16 is-text-center-mobile listingBceText\"><!-- wp:paragraph {\"placeholder\":\"Indiquez la description...\"} -->\n<p>Les cam\u00e9ramans, les ing\u00e9nieurs du son, les sp\u00e9cialistes en \u00e9clairage ainsi que les \u00e9quipes de production de BCE se consacrent \u00e0 votre projet, <strong>en veillant au niveau de qualit\u00e9 le plus \u00e9lev\u00e9 pour vos spectateurs et vous-m\u00eame<\/strong>.<\/p>\n<!-- \/wp:paragraph --><\/span>   \n                        <\/div>\n                        <div class=\"col-md-4 slide slide-3 ratioContianer is-hidden\">\n                                <div class=\"bloc-listing-solutions-bloc-img listingBceImg\"><img src='https:\/\/www.bce.lu\/wp-content\/uploads\/2023\/03\/Cover-1-1024x576.jpg' \/><\/div>\n                        <\/div>\n\n                                                    \n                        <div class=\"col-md-4 slide slide-4 is-hidden\">              \n                            <label class=\"labelBce labelBlack bloc-listing-solutions-bloc-label listingBceLabel\" style=\"display:none;\"><\/label>\n                            <div class=\"bloc-listing-solutions-bloc-wrapper-number  is-text-center-mobile\">\n                                <span class=\"bloc-listing-solutions-bloc-number listingBceNumber\">4<\/span>       \n                                <h3 class=\"bloc-listing-solutions-bloc-title is-inset-top-16 listingBceTitle\">Diffusez en direct<\/h3>   \n                            <\/div>        \n                            <span class=\"bloc-listing-solutions-bloc-texte is-inset-y-16 is-text-center-mobile listingBceText\"><!-- wp:paragraph {\"placeholder\":\"Indiquez la description...\"} -->\n<p>Diffusez plusieurs flux vid\u00e9o en direct \u00e0 partir d\u2019une plateforme centralis\u00e9e et <strong>distribuez-les sur plusieurs canaux de communication<\/strong>. BCE assure la disponibilit\u00e9 de vos flux, m\u00eame pendant les pics d\u2019audience.<\/p>\n<!-- \/wp:paragraph --><\/span>   \n                        <\/div>\n                        <div class=\"col-md-4 slide slide-4 ratioContianer is-hidden\">\n                                <div class=\"bloc-listing-solutions-bloc-img listingBceImg\"><img src='https:\/\/www.bce.lu\/wp-content\/uploads\/2023\/03\/Live-stream-3.png' \/><\/div>\n                        <\/div>\n\n                                                \n                <div class=\"col-md-4 bloc-listing-solutions-zone\">\n                                                <ul class=\"bloc-listing-solutions-bloc-title-list listingBceUl listUl-04\">\n                                                                    <li class=\"bloc-listing-solutions-bloc-title-link listingBceLi active\" data-slide=\"1\"><span>Organisez<\/span><\/li> \n                                                                    <li class=\"bloc-listing-solutions-bloc-title-link listingBceLi \" data-slide=\"2\"><span>Marquez <\/span><\/li> \n                                                                    <li class=\"bloc-listing-solutions-bloc-title-link listingBceLi \" data-slide=\"3\"><span>Assurez la captation<\/span><\/li> \n                                                                    <li class=\"bloc-listing-solutions-bloc-title-link listingBceLi \" data-slide=\"4\"><span>Diffusez en direct<\/span><\/li> \n                                                            <\/ul>\n                                               \n                <\/div>\n            <\/div>\n\n            \n        <\/div>\n        <div class=\"center-xs\"><a class=\"button\" href=\"#options\"><span class=\"caret is-down\"><\/span> Plus<\/a><\/div>\n    <\/div>\n<\/section>\n\n<section class=\"bloc-listing-testimonials\">\n    <div class=\"wrapper is-width-large is-center\">\n        <div  class=\"owl-carousel owl-carousel-testimonial owl-theme rowNoMarg is-container-column\">\n \n                                            <div class=\"row bloc-listing-testimonials-row\">\n                                            <div class=\"col-xs-12 col-md-4 bloc-listing-testimonials-container\">\n                            <div class=\"bloc-listing-testimonials-logo\"><img decoding=\"async\" src=\"https:\/\/www.bce.lu\/wp-content\/uploads\/2023\/04\/verbalius-logo.png\"\/><\/div>                                                    <\/div>\n                                        <div class=\"col-xs-12 col-md-8 bloc-listing-testimonials-cit is-inset-bottom-80 is-inset-bottom-32-mobile\">\n                        <span class=\"bloc-listing-testimonials-texte\"><!-- wp:paragraph {\"placeholder\":\"Indiquez la description...\"} -->\n<p>&nbsp;Le souhait de l\u2019ACA \u00e9tait de transposer l\u2019atmosph\u00e8re des ACA Insurance Days physiques dans le monde num\u00e9rique. Dans le concept propos\u00e9, il \u00e9tait \u00e9vident que le format \u00ab \u00e9mission de t\u00e9l\u00e9vision \u00bb pourrait apporter tout le professionnalisme et l\u2019\u00e9l\u00e9gance des \u00e9changes en face-\u00e0-face des \u00e9ditions pr\u00e9c\u00e9dentes. Le partenariat avec un prestataire tel que BCE \u00e9tait un choix \u00e9vident.<\/p>\n<!-- \/wp:paragraph --><\/span>                        <span class=\"bloc-listing-testimonials-author\">Pedro Castilho<\/span>                        <span class=\"bloc-listing-testimonials-function\">Fondateur et propri\u00e9taire<\/span>                    <\/div>\n                <\/div>\n\n                                <div class=\"row bloc-listing-testimonials-row\">\n                                            <div class=\"col-xs-12 col-md-4 bloc-listing-testimonials-container\">\n                            <div class=\"bloc-listing-testimonials-logo\"><img decoding=\"async\" src=\"https:\/\/www.bce.lu\/wp-content\/uploads\/2023\/04\/Farvest-logo.png\"\/><\/div>                                                    <\/div>\n                                        <div class=\"col-xs-12 col-md-8 bloc-listing-testimonials-cit is-inset-bottom-80 is-inset-bottom-32-mobile\">\n                        <span class=\"bloc-listing-testimonials-texte\"><!-- wp:paragraph {\"placeholder\":\"Indiquez la description...\"} -->\n<p>ICT Spring ne sera plus jamais le m\u00eame, car ce nouveau format nous permettra de d\u00e9velopper encore plus d\u2019opportunit\u00e9s pour nos partenaires et tous les visiteurs, qu\u2019ils soient pr\u00e9sents au Luxembourg ou chez eux, de l\u2019autre c\u00f4t\u00e9 du monde.<\/p>\n<!-- \/wp:paragraph --><\/span>                        <span class=\"bloc-listing-testimonials-author\">Kamel Amroune<\/span>                        <span class=\"bloc-listing-testimonials-function\">Directeur G\u00e9n\u00e9ral<\/span>                    <\/div>\n                <\/div>\n\n                            \n        <\/div>\n    <\/div>\n<\/section>\n\n<section id=\"options\" class=\"bloc-listing-solutions-special is-inset-top-60 is-inset-bottom-20 is-inset-y-32-mobile\"  style=\"background-color:#F9F9F9\" >\n    <div class=\"is-width-large is-center\">\n        <div class=\"row is-container-column\">\n            <div class=\"col-xs-12\">\n                <h2 class=\"bloc-listing-solutions-special-title is-inset-bottom-24\">ET BIEN PLUS<\/h2>            \n                <div class=\"row\">\n                                                                    <div class=\"bloc-listing-solutions-special-bloc col-xs-12 col-md-4 is-inset-bottom-40 is-inset-bottom-20-mobile\">                \n                            <div class=\"bloc-listing-solutions-special-bloc-img\"><img decoding=\"async\" src=\"https:\/\/www.bce.lu\/wp-content\/uploads\/2023\/03\/Enrich-2.png\"\/><\/div>\n                            <div class=\"bloc-listing-solutions-special-bloc-content\">\n                                <h3 class=\"bloc-listing-solutions-special-bloc-title\">Enrichissez <\/h3>           \n                                <span class=\"bloc-listing-solutions-special-bloc-texte\"><!-- wp:paragraph {\"placeholder\":\"Indiquez la description...\"} -->\n<p>Optimisez l\u2019exp\u00e9rience spectateur avec une qualit\u00e9 de <strong>diffusion adaptative<\/strong>, le <strong>rembobinage en direct<\/strong>, les <strong>d\u00e9tails de programme<\/strong>, une s\u00e9lection <strong>multilingue<\/strong>, des <strong>sous-titres <\/strong>et m\u00eame un <strong>chat en direct<\/strong>.<\/p>\n<!-- \/wp:paragraph --><\/span>\n                            <\/div>\n                        <\/div>\n\n                                                <div class=\"bloc-listing-solutions-special-bloc col-xs-12 col-md-4 is-inset-bottom-40 is-inset-bottom-20-mobile\">                \n                            <div class=\"bloc-listing-solutions-special-bloc-img\"><img decoding=\"async\" src=\"https:\/\/www.bce.lu\/wp-content\/uploads\/2023\/03\/Televise-1.png\"\/><\/div>\n                            <div class=\"bloc-listing-solutions-special-bloc-content\">\n                                <h3 class=\"bloc-listing-solutions-special-bloc-title\">T\u00e9l\u00e9visez <\/h3>           \n                                <span class=\"bloc-listing-solutions-special-bloc-texte\"><!-- wp:paragraph {\"placeholder\":\"Indiquez la description...\"} -->\n<p>Cr\u00e9ez une session \u00e9ph\u00e9m\u00e8re, disponible pendant votre \u00e9v\u00e9nement pour une<strong> exp\u00e9rience hors site en direct<\/strong> ou lancez <strong>votre propre cha\u00eene de t\u00e9l\u00e9vision<\/strong> pour am\u00e9liorer vos communications.<\/p>\n<!-- \/wp:paragraph --><\/span>\n                            <\/div>\n                        <\/div>\n\n                                                <div class=\"bloc-listing-solutions-special-bloc col-xs-12 col-md-4 is-inset-bottom-40 is-inset-bottom-20-mobile\">                \n                            <div class=\"bloc-listing-solutions-special-bloc-img\"><img decoding=\"async\" src=\"https:\/\/www.bce.lu\/wp-content\/uploads\/2023\/03\/Valorize.png\"\/><\/div>\n                            <div class=\"bloc-listing-solutions-special-bloc-content\">\n                                <h3 class=\"bloc-listing-solutions-special-bloc-title\">Valorisez <\/h3>           \n                                <span class=\"bloc-listing-solutions-special-bloc-texte\"><!-- wp:paragraph {\"placeholder\":\"Indiquez la description...\"} -->\n<p>Une fois votre flux en direct termin\u00e9, il peut \u00eatre imm\u00e9diatement mis \u00e0 disposition en <strong>replay <\/strong>directement dans le lecteur ou <strong>t\u00e9l\u00e9charg\u00e9 <\/strong>sur votre <strong>site Web <\/strong>ou m\u00eame sur un <strong>portail vid\u00e9o<\/strong> con\u00e7u par BCE.<\/p>\n<!-- \/wp:paragraph --><\/span>\n                            <\/div>\n                        <\/div>\n\n                                                            <\/div>\n            <\/div>\n            \n            \n        <\/div>\n    <\/div>\n<\/section>\n\n<section class=\"bloc-listing-references \">\n    <div class=\"wrapper is-width-large wrapper is-center\">\n        <div class=\"is-container-column\">\n            <div class=\"row is-inset-y-60 is-inset-y-32-mobile\">\n            <div class=\"owl-carousel owl-carousel-references owl-centered owl-theme col-xs-12 \">\n                            \n                <div class=\"itemGallery\">\n                    <a href=\"https:\/\/www.bce.lu\/fr\/references\/aca-association-des-compagnies-dassurances-et-de-reassurances\/\"><img decoding=\"async\" src=\"https:\/\/www.bce.lu\/wp-content\/uploads\/2023\/04\/ACA-logo.png\" alt=\"ACA \u2013 Association des compagnies d\u2019assurances et de r\u00e9assurances\"><\/a>\n                <\/div>\n\n                \n                <div class=\"itemGallery\">\n                    <a href=\"https:\/\/www.bce.lu\/fr\/references\/afi-alliance-for-financial-inclusion\/\"><img decoding=\"async\" src=\"https:\/\/www.bce.lu\/wp-content\/uploads\/2023\/04\/AFI-logo-1.png\" alt=\"AFI \u2013 Alliance for Financial Inclusion\"><\/a>\n                <\/div>\n\n                \n                <div class=\"itemGallery\">\n                    <a href=\"https:\/\/www.bce.lu\/fr\/references\/bgl-bnp-paribas\/\"><img decoding=\"async\" src=\"https:\/\/www.bce.lu\/wp-content\/uploads\/2023\/04\/BGL_BNP_Paribas_logo.png\" alt=\"BGL BNP Paribas\"><\/a>\n                <\/div>\n\n                \n                <div class=\"itemGallery\">\n                    <a href=\"https:\/\/www.bce.lu\/fr\/references\/chambre-des-deputes-du-grand-duche-de-luxembourg\/\"><img decoding=\"async\" src=\"https:\/\/www.bce.lu\/wp-content\/uploads\/2023\/04\/chambre-des-deputes-logo.png\" alt=\"Chambre des D\u00e9put\u00e9s du Grand-Duch\u00e9 de Luxembourg\"><\/a>\n                <\/div>\n\n                \n                <div class=\"itemGallery\">\n                    <a href=\"https:\/\/www.bce.lu\/fr\/references\/deloitte-luxembourg\/\"><img decoding=\"async\" src=\"https:\/\/www.bce.lu\/wp-content\/uploads\/2023\/04\/Deloitte_Logo.png\" alt=\"Deloitte Luxembourg\"><\/a>\n                <\/div>\n\n                \n                <div class=\"itemGallery\">\n                    <a href=\"https:\/\/www.bce.lu\/fr\/references\/esm-european-stability-mechanism\/\"><img decoding=\"async\" src=\"https:\/\/www.bce.lu\/wp-content\/uploads\/2023\/04\/ESM-European-Stability-Mechanism-logo.png\" alt=\"ESM \u2013 European Stability Mechanism\"><\/a>\n                <\/div>\n\n                \n                <div class=\"itemGallery\">\n                    <a href=\"https:\/\/www.bce.lu\/fr\/references\/european-investment-bank\/\"><img decoding=\"async\" src=\"\" alt=\"European Investment Bank\"><\/a>\n                <\/div>\n\n                \n                <div class=\"itemGallery\">\n                    <a href=\"https:\/\/www.bce.lu\/fr\/references\/fedil\/\"><img decoding=\"async\" src=\"https:\/\/www.bce.lu\/wp-content\/uploads\/2023\/04\/Fedil-logo.png\" alt=\"Fedil\"><\/a>\n                <\/div>\n\n                \n                <div class=\"itemGallery\">\n                    <a href=\"https:\/\/www.bce.lu\/fr\/references\/fondatioun-kriibskrank-kanner\/\"><img decoding=\"async\" src=\"https:\/\/www.bce.lu\/wp-content\/uploads\/2023\/04\/Fondatioun-Kriibskrank-Kanner-logo.png\" alt=\"Fondatioun Kriibskrank Kanner\"><\/a>\n                <\/div>\n\n                \n                <div class=\"itemGallery\">\n                    <a href=\"https:\/\/www.bce.lu\/fr\/references\/icca-international-congress-and-convention-association\/\"><img decoding=\"async\" src=\"https:\/\/www.bce.lu\/wp-content\/uploads\/2023\/04\/ICCA-logo.png\" alt=\"ICCA \u2013 International Congress and Convention Association\"><\/a>\n                <\/div>\n\n                \n                <div class=\"itemGallery\">\n                    <a href=\"https:\/\/www.bce.lu\/fr\/references\/la-nuit-de-la-culture\/\"><img decoding=\"async\" src=\"https:\/\/www.bce.lu\/wp-content\/uploads\/2023\/04\/Nuit-de-la-culture-logo.png\" alt=\"La Nuit de la Culture\"><\/a>\n                <\/div>\n\n                \n                <div class=\"itemGallery\">\n                    <a href=\"https:\/\/www.bce.lu\/fr\/references\/lsfi-luxembourg-sustainable-finance-initiative\/\"><img decoding=\"async\" src=\"https:\/\/www.bce.lu\/wp-content\/uploads\/2023\/04\/LSFI-Luxembourg-Sustainable-Finance-Initiative-logo.png\" alt=\"LSFI \u2013 Luxembourg Sustainable Finance Initiative\"><\/a>\n                <\/div>\n\n                \n                <div class=\"itemGallery\">\n                    <a href=\"https:\/\/www.bce.lu\/fr\/references\/the-bridge-forum-dialogue\/\"><img decoding=\"async\" src=\"https:\/\/www.bce.lu\/wp-content\/uploads\/2023\/04\/The-Bridge-Forum-Dialogue-logo.png\" alt=\"The Bridge Forum Dialogue\"><\/a>\n                <\/div>\n\n                \n                <div class=\"itemGallery\">\n                    <a href=\"https:\/\/www.bce.lu\/fr\/references\/ville-de-luxembourg\/\"><img decoding=\"async\" src=\"https:\/\/www.bce.lu\/wp-content\/uploads\/2023\/04\/ville-de-luxembourg-Logo.png\" alt=\"Ville de Luxembourg\"><\/a>\n                <\/div>\n\n                                        <\/div>\n        <\/div>\n    <\/div>\n<\/section>\n\n<section class=\"bloc-contact sectionPadding\">\n    <div class=\"wrapper is-width-large is-center\">\n        <div class=\"row is-container-column\">\n            <h2 class=\"bloc-contact-title\">CONTACTEZ-NOUS D\u00c8S MAINTENANT !<\/h2>\n            <span class=\"bloc-contact-texte\"><p>Remplissez ce formulaire et entrez en contact avec nos experts !<\/p>\n<\/span>\n            <div class=\"row is-inset-top-32 middle-xs\" style=\"width:100%;\">\n                                <div class=\"col-xs-12 \">                    \n                                                \n\t\t\t\t\t\t<script>\n\t\t\t\t\t\t\twindow.hsFormsOnReady = window.hsFormsOnReady || [];\n\t\t\t\t\t\t\twindow.hsFormsOnReady.push(()=>{\n\t\t\t\t\t\t\t\thbspt.forms.create({\n\t\t\t\t\t\t\t\t\tportalId: 8988786,\n\t\t\t\t\t\t\t\t\tformId: \"89b63c13-918f-4267-867c-8336e559f396\",\n\t\t\t\t\t\t\t\t\ttarget: \"#hbspt-form-1776956078000-4448968321\",\n\t\t\t\t\t\t\t\t\tregion: \"na1\",\n\t\t\t\t\t\t\t\t\t\n\t\t\t\t\t\t\t})});\n\t\t\t\t\t\t<\/script>\n\t\t\t\t\t\t<div class=\"hbspt-form\" id=\"hbspt-form-1776956078000-4448968321\"><\/div>                                        \n                <\/div>\n            <\/div>\n        <\/div>\n    <\/div>\n<\/section>","protected":false},"excerpt":{"rendered":"","protected":false},"author":3,"featured_media":609,"parent":5719,"menu_order":150,"comment_status":"closed","ping_status":"closed","template":"","meta":{"_acf_changed":false,"content-type":"","inline_featured_image":false,"_uag_custom_page_level_css":"","_price":"","_stock":"","_tribe_ticket_header":"","_tribe_default_ticket_provider":"","_ticket_start_date":"","_ticket_end_date":"","_tribe_ticket_show_description":"","_tribe_ticket_show_not_going":false,"_tribe_ticket_use_global_stock":"","_tribe_ticket_global_stock_level":"","_global_stock_mode":"","_global_stock_cap":"","_tribe_rsvp_for_event":"","_tribe_ticket_going_count":"","_tribe_ticket_not_going_count":"","_tribe_tickets_list":"[]","_tribe_ticket_has_attendee_info_fields":false,"footnotes":"","_tec_slr_enabled":"","_tec_slr_layout":""},"class_list":["post-5762","page","type-page","status-publish","has-post-thumbnail","hentry"],"acf":[],"uagb_featured_image_src":{"full":["https:\/\/www.bce.lu\/wp-content\/uploads\/2023\/03\/Cover-1.jpg",1920,1080,false],"thumbnail":["https:\/\/www.bce.lu\/wp-content\/uploads\/2023\/03\/Cover-1-150x150.jpg",150,150,true],"medium":["https:\/\/www.bce.lu\/wp-content\/uploads\/2023\/03\/Cover-1-300x169.jpg",300,169,true],"medium_large":["https:\/\/www.bce.lu\/wp-content\/uploads\/2023\/03\/Cover-1-768x432.jpg",768,432,true],"large":["https:\/\/www.bce.lu\/wp-content\/uploads\/2023\/03\/Cover-1-1024x576.jpg",1024,576,true],"1536x1536":["https:\/\/www.bce.lu\/wp-content\/uploads\/2023\/03\/Cover-1-1536x864.jpg",1536,864,true],"2048x2048":["https:\/\/www.bce.lu\/wp-content\/uploads\/2023\/03\/Cover-1.jpg",1920,1080,false]},"uagb_author_info":{"display_name":"charline","author_link":"https:\/\/www.bce.lu\/fr\/author\/charline\/"},"uagb_comment_info":0,"uagb_excerpt":null,"ticketed":false,"_links":{"self":[{"href":"https:\/\/www.bce.lu\/fr\/wp-json\/wp\/v2\/pages\/5762","targetHints":{"allow":["GET"]}}],"collection":[{"href":"https:\/\/www.bce.lu\/fr\/wp-json\/wp\/v2\/pages"}],"about":[{"href":"https:\/\/www.bce.lu\/fr\/wp-json\/wp\/v2\/types\/page"}],"author":[{"embeddable":true,"href":"https:\/\/www.bce.lu\/fr\/wp-json\/wp\/v2\/users\/3"}],"replies":[{"embeddable":true,"href":"https:\/\/www.bce.lu\/fr\/wp-json\/wp\/v2\/comments?post=5762"}],"version-history":[{"count":15,"href":"https:\/\/www.bce.lu\/fr\/wp-json\/wp\/v2\/pages\/5762\/revisions"}],"predecessor-version":[{"id":13242,"href":"https:\/\/www.bce.lu\/fr\/wp-json\/wp\/v2\/pages\/5762\/revisions\/13242"}],"up":[{"embeddable":true,"href":"https:\/\/www.bce.lu\/fr\/wp-json\/wp\/v2\/pages\/5719"}],"wp:featuredmedia":[{"embeddable":true,"href":"https:\/\/www.bce.lu\/fr\/wp-json\/wp\/v2\/media\/609"}],"wp:attachment":[{"href":"https:\/\/www.bce.lu\/fr\/wp-json\/wp\/v2\/media?parent=5762"}],"curies":[{"name":"wp","href":"https:\/\/api.w.org\/{rel}","templated":true}]}}