{"id":5780,"date":"2023-04-24T18:42:29","date_gmt":"2023-04-24T16:42:29","guid":{"rendered":"https:\/\/www.bce.lu\/?page_id=5780"},"modified":"2025-12-11T15:37:21","modified_gmt":"2025-12-11T14:37:21","slug":"prevenir-toute-menace-a-la-securite","status":"publish","type":"page","link":"https:\/\/www.bce.lu\/fr\/solutions-pour-les-entreprises\/produits\/prevenir-toute-menace-a-la-securite\/","title":{"rendered":"Pr\u00e9venir toute menace \u00e0 la s\u00e9curit\u00e9"},"content":{"rendered":"<section class=\"bloc-listing-products-bk sectionPadding\">\n    <div class=\"is-width-large is-center\">\n        <div class=\"is-inset-top-28-mobile\">\n            <h2 class=\"bloc-listing-products-bk-title is-text-center\">Obtenez le niveau de service le plus \u00e9lev\u00e9<br \/>\r\ngr\u00e2ce au Security Operations Centre (SOC) de BCE<\/h2>\n            <span class=\"bloc-listing-solutions-texte\"><p>Le nombre de menaces est en constante augmentation. Il est d\u00e8s lors plus que jamais important de trouver le bon ensemble de solutions afin de s\u00e9curiser le r\u00e9seau et les appareils connect\u00e9s de votre entreprise.<\/p>\n<\/span>\n            \n            <div class=\"row\">\n                            \n                    <div class=\"bloc-listing-products-bk-bloc col-xs-12 col-md-4 is-inset-y-40 is-inset-y-28-mobile\">                \n                        <div class=\"bloc-listing-products-bk-bloc-img\"><img decoding=\"async\" src=\"https:\/\/www.bce.lu\/wp-content\/uploads\/2023\/03\/Flexibility.png\"\/><\/div>\n                        <div class=\"bloc-listing-products-bk-bloc-content\">\n                            <h3 class=\"bloc-listing-products-bk-bloc-title\">Flexibilit\u00e9 <\/h3>           \n                            <span class=\"bloc-listing-products-bk-bloc-texte\"><!-- wp:paragraph {\"placeholder\":\"Indiquez la description...\"} -->\n<p>Gr\u00e2ce \u00e0 la s\u00e9lection intelligente des \u00e9l\u00e9ments, vous \u00eates en mesure de d\u00e9cider des \u00e9l\u00e9ments dont vous confiez la surveillance \u00e0 BCE. Vous avez \u00e0 tout moment la possibilit\u00e9 d\u2019ajouter ou de supprimer un \u00e9l\u00e9ment selon vos pr\u00e9f\u00e9rences. Cette flexibilit\u00e9 est un v\u00e9ritable atout pour votre surveillance s\u00e9curitaire.<\/p>\n<!-- \/wp:paragraph --><\/span>\n                        <\/div>\n                    <\/div>\n\n                \n                    <div class=\"bloc-listing-products-bk-bloc col-xs-12 col-md-4 is-inset-y-40 is-inset-y-28-mobile\">                \n                        <div class=\"bloc-listing-products-bk-bloc-img\"><img decoding=\"async\" src=\"https:\/\/www.bce.lu\/wp-content\/uploads\/2023\/03\/Secure.png\"\/><\/div>\n                        <div class=\"bloc-listing-products-bk-bloc-content\">\n                            <h3 class=\"bloc-listing-products-bk-bloc-title\">Surveillance 24h\/24 et 7j\/7<\/h3>           \n                            <span class=\"bloc-listing-products-bk-bloc-texte\"><!-- wp:paragraph {\"placeholder\":\"Indiquez la description...\"} -->\n<p>Une enqu\u00eate sur des failles de s\u00e9curit\u00e9 est extr\u00eamement chronophage et requiert \u00e9norm\u00e9ment de patience. Toutefois, dans la mesure o\u00f9 des attaques peuvent survenir \u00e0 tout moment, m\u00eame en dehors des heures de bureau (notamment le week-end), nos experts surveillent en permanence votre infrastructure informatique 24 heures sur 24 et 7 jours sur 7. Ils analysent vos journaux syst\u00e8me en temps r\u00e9el pour pr\u00e9venir de fa\u00e7on proactive toute menace potentielle.<\/p>\n<!-- \/wp:paragraph --><\/span>\n                        <\/div>\n                    <\/div>\n\n                \n                    <div class=\"bloc-listing-products-bk-bloc col-xs-12 col-md-4 is-inset-y-40 is-inset-y-28-mobile\">                \n                        <div class=\"bloc-listing-products-bk-bloc-img\"><img decoding=\"async\" src=\"https:\/\/www.bce.lu\/wp-content\/uploads\/2023\/03\/Be-alerted.png\"\/><\/div>\n                        <div class=\"bloc-listing-products-bk-bloc-content\">\n                            <h3 class=\"bloc-listing-products-bk-bloc-title\">Soyez alert\u00e9<\/h3>           \n                            <span class=\"bloc-listing-products-bk-bloc-texte\"><!-- wp:paragraph {\"placeholder\":\"Indiquez la description...\"} -->\n<p>En cas d\u2019incident de s\u00e9curit\u00e9, vous recevrez des alertes imm\u00e9diates par e-mail, SMS ou appel en temps r\u00e9el. Bien que la technologie SOC de BCE soit \u00e0 la fine pointe de la technologie, notre \u00e9quipe d\u2019experts en s\u00e9curit\u00e9 informatique se tient toujours \u00e0 votre disposition pour r\u00e9pondre \u00e0 vos questions, tout en assurant la continuit\u00e9 de vos activit\u00e9s en fournissant les solutions les plus efficaces possible.<\/p>\n<!-- \/wp:paragraph -->\n\n<!-- wp:paragraph -->\n<p><\/p>\n<!-- \/wp:paragraph --><\/span>\n                        <\/div>\n                    <\/div>\n\n                \n                    <div class=\"bloc-listing-products-bk-bloc col-xs-12 col-md-4 is-inset-y-40 is-inset-y-28-mobile\">                \n                        <div class=\"bloc-listing-products-bk-bloc-img\"><img decoding=\"async\" src=\"https:\/\/www.bce.lu\/wp-content\/uploads\/2023\/03\/Reporting.jpg\"\/><\/div>\n                        <div class=\"bloc-listing-products-bk-bloc-content\">\n                            <h3 class=\"bloc-listing-products-bk-bloc-title\">Rapports <\/h3>           \n                            <span class=\"bloc-listing-products-bk-bloc-texte\"><!-- wp:paragraph {\"placeholder\":\"Indiquez la description...\"} -->\n<p>Notre \u00e9quipe d\u2019experts en s\u00e9curit\u00e9 enqu\u00eate sur les incidents que vous pourriez rencontrer et vous assiste aux niveaux 2 et 3. Vous pouvez en outre visualiser votre environnement informatique dans sa totalit\u00e9 gr\u00e2ce \u00e0 des rapports de menaces r\u00e9currentes et de rem\u00e9diation.<\/p>\n<!-- \/wp:paragraph --><\/span>\n                        <\/div>\n                    <\/div>\n\n                                        <\/div>\n        <\/div>\n    <\/div>\n<\/section>\n\n<section class=\"bloc-contact sectionPadding\">\n    <div class=\"wrapper is-width-large is-center\">\n        <div class=\"row is-container-column\">\n            <h2 class=\"bloc-contact-title\">CONTACTEZ-NOUS D\u00c8S MAINTENANT !<\/h2>\n            <span class=\"bloc-contact-texte\"><p>Remplissez ce formulaire et entrez en contact avec nos experts !<\/p>\n<\/span>\n            <div class=\"row is-inset-top-32 middle-xs\" style=\"width:100%;\">\n                                <div class=\"col-xs-12 \">                    \n                                                \n\t\t\t\t\t\t<script>\n\t\t\t\t\t\t\twindow.hsFormsOnReady = window.hsFormsOnReady || [];\n\t\t\t\t\t\t\twindow.hsFormsOnReady.push(()=>{\n\t\t\t\t\t\t\t\thbspt.forms.create({\n\t\t\t\t\t\t\t\t\tportalId: 8988786,\n\t\t\t\t\t\t\t\t\tformId: \"b1a68045-80e2-41c7-91fd-66d1437f16df\",\n\t\t\t\t\t\t\t\t\ttarget: \"#hbspt-form-1775563996000-5377104369\",\n\t\t\t\t\t\t\t\t\tregion: \"na1\",\n\t\t\t\t\t\t\t\t\t\n\t\t\t\t\t\t\t})});\n\t\t\t\t\t\t<\/script>\n\t\t\t\t\t\t<div class=\"hbspt-form\" id=\"hbspt-form-1775563996000-5377104369\"><\/div>                                        \n                <\/div>\n            <\/div>\n        <\/div>\n    <\/div>\n<\/section>","protected":false},"excerpt":{"rendered":"","protected":false},"author":3,"featured_media":14378,"parent":5721,"menu_order":158,"comment_status":"closed","ping_status":"closed","template":"","meta":{"_acf_changed":false,"content-type":"","inline_featured_image":false,"_uag_custom_page_level_css":"","_price":"","_stock":"","_tribe_ticket_header":"","_tribe_default_ticket_provider":"","_ticket_start_date":"","_ticket_end_date":"","_tribe_ticket_show_description":"","_tribe_ticket_show_not_going":false,"_tribe_ticket_use_global_stock":"","_tribe_ticket_global_stock_level":"","_global_stock_mode":"","_global_stock_cap":"","_tribe_rsvp_for_event":"","_tribe_ticket_going_count":"","_tribe_ticket_not_going_count":"","_tribe_tickets_list":"[]","_tribe_ticket_has_attendee_info_fields":false,"footnotes":"","_tec_slr_enabled":"","_tec_slr_layout":""},"class_list":["post-5780","page","type-page","status-publish","has-post-thumbnail","hentry"],"acf":[],"uagb_featured_image_src":{"full":["https:\/\/www.bce.lu\/wp-content\/uploads\/2023\/03\/Flexibility.png",800,450,false],"thumbnail":["https:\/\/www.bce.lu\/wp-content\/uploads\/2023\/03\/Flexibility-150x150.png",150,150,true],"medium":["https:\/\/www.bce.lu\/wp-content\/uploads\/2023\/03\/Flexibility-300x169.png",300,169,true],"medium_large":["https:\/\/www.bce.lu\/wp-content\/uploads\/2023\/03\/Flexibility-768x432.png",768,432,true],"large":["https:\/\/www.bce.lu\/wp-content\/uploads\/2023\/03\/Flexibility.png",800,450,false],"1536x1536":["https:\/\/www.bce.lu\/wp-content\/uploads\/2023\/03\/Flexibility.png",800,450,false],"2048x2048":["https:\/\/www.bce.lu\/wp-content\/uploads\/2023\/03\/Flexibility.png",800,450,false]},"uagb_author_info":{"display_name":"charline","author_link":"https:\/\/www.bce.lu\/fr\/author\/charline\/"},"uagb_comment_info":0,"uagb_excerpt":null,"ticketed":false,"_links":{"self":[{"href":"https:\/\/www.bce.lu\/fr\/wp-json\/wp\/v2\/pages\/5780","targetHints":{"allow":["GET"]}}],"collection":[{"href":"https:\/\/www.bce.lu\/fr\/wp-json\/wp\/v2\/pages"}],"about":[{"href":"https:\/\/www.bce.lu\/fr\/wp-json\/wp\/v2\/types\/page"}],"author":[{"embeddable":true,"href":"https:\/\/www.bce.lu\/fr\/wp-json\/wp\/v2\/users\/3"}],"replies":[{"embeddable":true,"href":"https:\/\/www.bce.lu\/fr\/wp-json\/wp\/v2\/comments?post=5780"}],"version-history":[{"count":9,"href":"https:\/\/www.bce.lu\/fr\/wp-json\/wp\/v2\/pages\/5780\/revisions"}],"predecessor-version":[{"id":13262,"href":"https:\/\/www.bce.lu\/fr\/wp-json\/wp\/v2\/pages\/5780\/revisions\/13262"}],"up":[{"embeddable":true,"href":"https:\/\/www.bce.lu\/fr\/wp-json\/wp\/v2\/pages\/5721"}],"wp:featuredmedia":[{"embeddable":true,"href":"https:\/\/www.bce.lu\/fr\/wp-json\/wp\/v2\/media\/14378"}],"wp:attachment":[{"href":"https:\/\/www.bce.lu\/fr\/wp-json\/wp\/v2\/media?parent=5780"}],"curies":[{"name":"wp","href":"https:\/\/api.w.org\/{rel}","templated":true}]}}