{"id":6448,"date":"2023-05-02T12:08:06","date_gmt":"2023-05-02T10:08:06","guid":{"rendered":"https:\/\/www.bce.lu\/contact\/"},"modified":"2025-12-18T10:31:28","modified_gmt":"2025-12-18T09:31:28","slug":"contact","status":"publish","type":"page","link":"https:\/\/www.bce.lu\/fr\/entreprise\/contact\/","title":{"rendered":"Contact"},"content":{"rendered":"<section class=\"bloc-trombi sectionPadding\">\n    <div class=\"is-width-large is-center\">\n        <div class=\"row is-container-column\">\n            <div class=\"col-xs-12\">\n               <h3 class=\"bloc-trombi-title\">Commerciaux<\/h3>                           <\/div>\n        <\/div>\n        <div class=\"row is-inset-top-32 middle-xs\">\n            \n                <div class=\"col-xs-12 col-md-3 is-text-center\">                 \n                        <div class=\"bloc-trombi-photo\"><img decoding=\"async\" src=\"https:\/\/www.bce.lu\/wp-content\/uploads\/2023\/10\/Fievez_Frederic-Crop2023.jpg\"><\/div>\n                        <div class=\"bloc-trombi-info\">\n                            <div class=\"bloc-trombi-content is-inset-top-16\">\n                                <span class=\"bloc-trombi-content-name\">Fr\u00e9d\u00e9ric Fi\u00e9vez<\/span>                                <span class=\"bloc-trombi-content-function\">Chief Operating Officer<\/span>                                                            <\/div>\n                        <\/div>\n                <\/div>\n                \n                <div class=\"col-xs-12 col-md-3 is-text-center\">                 \n                        <div class=\"bloc-trombi-photo\"><img decoding=\"async\" src=\"https:\/\/www.bce.lu\/wp-content\/uploads\/2024\/07\/Noelle-Prat-BCE.png\"><\/div>\n                        <div class=\"bloc-trombi-info\">\n                            <div class=\"bloc-trombi-content is-inset-top-16\">\n                                <span class=\"bloc-trombi-content-name\">No\u00eblle Prat<\/span>                                <span class=\"bloc-trombi-content-function\">Sales and Marketing Director<\/span>                                                            <\/div>\n                        <\/div>\n                <\/div>\n                \n                <div class=\"col-xs-12 col-md-3 is-text-center\">                 \n                        <div class=\"bloc-trombi-photo\"><img decoding=\"async\" src=\"https:\/\/www.bce.lu\/wp-content\/uploads\/2023\/10\/Mauduit_Philippe-Crop2023.jpg\"><\/div>\n                        <div class=\"bloc-trombi-info\">\n                            <div class=\"bloc-trombi-content is-inset-top-16\">\n                                <span class=\"bloc-trombi-content-name\">Philippe Mauduit<\/span>                                <span class=\"bloc-trombi-content-function\">Pr\u00e9sident de BCE France<\/span>                                                            <\/div>\n                        <\/div>\n                <\/div>\n                        <\/div>\n    <\/div>\n<\/section>\n\n<section class=\"bloc-trombi sectionPadding\">\n    <div class=\"is-width-large is-center\">\n        <div class=\"row is-container-column\">\n            <div class=\"col-xs-12\">\n               <h3 class=\"bloc-trombi-title\">Marketing et Communication<\/h3>                           <\/div>\n        <\/div>\n        <div class=\"row is-inset-top-32 middle-xs\">\n            \n                <div class=\"col-xs-12 col-md-3 is-text-center\">                 \n                        <div class=\"bloc-trombi-photo\"><img decoding=\"async\" src=\"https:\/\/www.bce.lu\/wp-content\/uploads\/2025\/11\/Pierre-Dereux-scaled.jpg\"><\/div>\n                        <div class=\"bloc-trombi-info\">\n                            <div class=\"bloc-trombi-content is-inset-top-16\">\n                                <span class=\"bloc-trombi-content-name\">Pierre Dereux<\/span>                                <span class=\"bloc-trombi-content-function\">Product Marketing Lead<\/span>                                                            <\/div>\n                        <\/div>\n                <\/div>\n                \n                <div class=\"col-xs-12 col-md-3 is-text-center\">                 \n                        <div class=\"bloc-trombi-photo\"><img decoding=\"async\" src=\"https:\/\/www.bce.lu\/wp-content\/uploads\/2023\/10\/Mouffok_Charline-Crop2023.jpg\"><\/div>\n                        <div class=\"bloc-trombi-info\">\n                            <div class=\"bloc-trombi-content is-inset-top-16\">\n                                <span class=\"bloc-trombi-content-name\">Charline Mouffok<\/span>                                <span class=\"bloc-trombi-content-function\">Marketing and Communication Associate<\/span>                                                            <\/div>\n                        <\/div>\n                <\/div>\n                        <\/div>\n    <\/div>\n<\/section>\n\n<section class=\"bloc-contact sectionPadding\">\n    <div class=\"wrapper is-width-large is-center\">\n        <div class=\"row is-container-column\">\n            <h2 class=\"bloc-contact-title\">Contactez l&rsquo;\u00e9quipe<\/h2>\n            <span class=\"bloc-contact-texte\"><\/span>\n            <div class=\"row is-inset-top-32 middle-xs\" style=\"width:100%;\">\n                                <div class=\"col-xs-12 \">                    \n                                                \n\t\t\t\t\t\t<script>\n\t\t\t\t\t\t\twindow.hsFormsOnReady = window.hsFormsOnReady || [];\n\t\t\t\t\t\t\twindow.hsFormsOnReady.push(()=>{\n\t\t\t\t\t\t\t\thbspt.forms.create({\n\t\t\t\t\t\t\t\t\tportalId: 8988786,\n\t\t\t\t\t\t\t\t\tformId: \"079204eb-b8db-4337-9acc-21a812dad2c5\",\n\t\t\t\t\t\t\t\t\ttarget: \"#hbspt-form-1776845845000-1641761614\",\n\t\t\t\t\t\t\t\t\tregion: \"na1\",\n\t\t\t\t\t\t\t\t\t\n\t\t\t\t\t\t\t})});\n\t\t\t\t\t\t<\/script>\n\t\t\t\t\t\t<div class=\"hbspt-form\" id=\"hbspt-form-1776845845000-1641761614\"><\/div>                                        \n                <\/div>\n            <\/div>\n        <\/div>\n    <\/div>\n<\/section>","protected":false},"excerpt":{"rendered":"","protected":false},"author":3,"featured_media":0,"parent":6488,"menu_order":5,"comment_status":"closed","ping_status":"closed","template":"","meta":{"_acf_changed":false,"content-type":"","inline_featured_image":false,"_uag_custom_page_level_css":"","_price":"","_stock":"","_tribe_ticket_header":"","_tribe_default_ticket_provider":"","_ticket_start_date":"","_ticket_end_date":"","_tribe_ticket_show_description":"","_tribe_ticket_show_not_going":false,"_tribe_ticket_use_global_stock":"","_tribe_ticket_global_stock_level":"","_global_stock_mode":"","_global_stock_cap":"","_tribe_rsvp_for_event":"","_tribe_ticket_going_count":"","_tribe_ticket_not_going_count":"","_tribe_tickets_list":"[]","_tribe_ticket_has_attendee_info_fields":false,"footnotes":"","_tec_slr_enabled":"","_tec_slr_layout":""},"class_list":["post-6448","page","type-page","status-publish","hentry"],"acf":[],"uagb_featured_image_src":{"full":false,"thumbnail":false,"medium":false,"medium_large":false,"large":false,"1536x1536":false,"2048x2048":false},"uagb_author_info":{"display_name":"charline","author_link":"https:\/\/www.bce.lu\/fr\/author\/charline\/"},"uagb_comment_info":0,"uagb_excerpt":null,"ticketed":false,"_links":{"self":[{"href":"https:\/\/www.bce.lu\/fr\/wp-json\/wp\/v2\/pages\/6448","targetHints":{"allow":["GET"]}}],"collection":[{"href":"https:\/\/www.bce.lu\/fr\/wp-json\/wp\/v2\/pages"}],"about":[{"href":"https:\/\/www.bce.lu\/fr\/wp-json\/wp\/v2\/types\/page"}],"author":[{"embeddable":true,"href":"https:\/\/www.bce.lu\/fr\/wp-json\/wp\/v2\/users\/3"}],"replies":[{"embeddable":true,"href":"https:\/\/www.bce.lu\/fr\/wp-json\/wp\/v2\/comments?post=6448"}],"version-history":[{"count":25,"href":"https:\/\/www.bce.lu\/fr\/wp-json\/wp\/v2\/pages\/6448\/revisions"}],"predecessor-version":[{"id":14452,"href":"https:\/\/www.bce.lu\/fr\/wp-json\/wp\/v2\/pages\/6448\/revisions\/14452"}],"up":[{"embeddable":true,"href":"https:\/\/www.bce.lu\/fr\/wp-json\/wp\/v2\/pages\/6488"}],"wp:attachment":[{"href":"https:\/\/www.bce.lu\/fr\/wp-json\/wp\/v2\/media?parent=6448"}],"curies":[{"name":"wp","href":"https:\/\/api.w.org\/{rel}","templated":true}]}}