{"id":6499,"date":"2023-05-05T16:48:15","date_gmt":"2023-05-05T14:48:15","guid":{"rendered":"https:\/\/www.bce.lu\/?page_id=6499"},"modified":"2023-10-16T09:30:16","modified_gmt":"2023-10-16T07:30:16","slug":"rse-responsabilite-sociale-des-entreprises","status":"publish","type":"page","link":"https:\/\/www.bce.lu\/fr\/entreprise\/notre-entreprise\/rse-responsabilite-sociale-des-entreprises\/","title":{"rendered":"RSE &#8211; Responsabilit\u00e9 Sociale des Entreprises"},"content":{"rendered":"\n<div style=\"height:10px\" aria-hidden=\"true\" class=\"wp-block-spacer\"><\/div>\n\n\n\n<h3 class=\"wp-block-heading\">Broadcasting Center Europe SA (BCE), filiale de RTL Group, est conscient de sa responsabilit\u00e9 \u00e0 l&rsquo;\u00e9gard de son environnement et notamment de ses employ\u00e9s. Nous agissons de mani\u00e8re responsable et durable et sommes fiers de limiter l&#8217;empreinte carbone de notre entreprise.<\/h3>\n\n\n\n<div style=\"height:25px\" aria-hidden=\"true\" class=\"wp-block-spacer\"><\/div>\n\n\n\n<div class=\"wp-block-columns is-layout-flex wp-container-core-columns-is-layout-9d6595d7 wp-block-columns-is-layout-flex\">\n<div class=\"wp-block-column is-layout-flow wp-block-column-is-layout-flow\" style=\"flex-basis:20%\"><div class=\"wp-block-image\">\n<figure class=\"aligncenter size-full is-resized\"><img loading=\"lazy\" decoding=\"async\" width=\"500\" height=\"500\" src=\"https:\/\/www.bce.lu\/wp-content\/uploads\/2023\/05\/Conduct.png\" alt=\"\" class=\"wp-image-6160\" style=\"width:212px;height:212px\" srcset=\"https:\/\/www.bce.lu\/wp-content\/uploads\/2023\/05\/Conduct.png 500w, https:\/\/www.bce.lu\/wp-content\/uploads\/2023\/05\/Conduct-300x300.png 300w, https:\/\/www.bce.lu\/wp-content\/uploads\/2023\/05\/Conduct-150x150.png 150w\" sizes=\"auto, (max-width: 500px) 100vw, 500px\" \/><\/figure>\n<\/div><\/div>\n\n\n\n<div class=\"wp-block-column is-layout-flow wp-block-column-is-layout-flow\" style=\"flex-basis:80%\">\n<h4 class=\"wp-block-heading\">Le Code de Conduite<\/h4>\n\n\n\n<p>Un comportement responsable et \u00e9thique envers les employ\u00e9s, les partenaires commerciaux, la soci\u00e9t\u00e9 et l&rsquo;environnement fait partie int\u00e9grante des valeurs de RTL Group et donc de BCE. Le Code de Conduite d\u00e9finit les standards fondamentaux en mati\u00e8re de comportement responsable et fournit des lignes directrices pour la prise de d\u00e9cision et les actions du quotidien. Le Code de Conduite couvre les domaines suivants:<\/p>\n\n\n\n<ul class=\"wp-block-list\">\n<li>Exigences g\u00e9n\u00e9rales telles que le respect de la l\u00e9gislation.<\/li>\n\n\n\n<li>Interactions avec les partenaires commerciaux et les tiers.<\/li>\n\n\n\n<li>Traitement de l&rsquo;information, y compris, par exemple, la confidentialit\u00e9 et la protection des donn\u00e9es.<\/li>\n\n\n\n<li>Les individus et l&rsquo;environnement, tels que les droits de l&rsquo;homme, la sant\u00e9 et le respect de conditions de travail \u00e9quitables.<\/li>\n<\/ul>\n<\/div>\n<\/div>\n\n\n\n<div style=\"height:45px\" aria-hidden=\"true\" class=\"wp-block-spacer\"><\/div>\n\n\n\n<div class=\"wp-block-columns is-layout-flex wp-container-core-columns-is-layout-9d6595d7 wp-block-columns-is-layout-flex\">\n<div class=\"wp-block-column is-layout-flow wp-block-column-is-layout-flow\" style=\"flex-basis:20%\"><div class=\"wp-block-image\">\n<figure class=\"aligncenter size-full is-resized\"><img loading=\"lazy\" decoding=\"async\" width=\"500\" height=\"500\" src=\"https:\/\/www.bce.lu\/wp-content\/uploads\/2023\/05\/Charity.png\" alt=\"\" class=\"wp-image-6209\" style=\"width:212px\" srcset=\"https:\/\/www.bce.lu\/wp-content\/uploads\/2023\/05\/Charity.png 500w, https:\/\/www.bce.lu\/wp-content\/uploads\/2023\/05\/Charity-300x300.png 300w, https:\/\/www.bce.lu\/wp-content\/uploads\/2023\/05\/Charity-150x150.png 150w\" sizes=\"auto, (max-width: 500px) 100vw, 500px\" \/><\/figure>\n<\/div><\/div>\n\n\n\n<div class=\"wp-block-column is-layout-flow wp-block-column-is-layout-flow\" style=\"flex-basis:80%\">\n<div style=\"height:20px\" aria-hidden=\"true\" class=\"wp-block-spacer\"><\/div>\n\n\n\n<h4 class=\"wp-block-heading\">Notre soutien aux organisations caritatives<\/h4>\n\n\n\n<p>Notre entreprise soutient un large \u00e9ventail de bonnes causes, en faisant par exemple des dons \u00e0 l&rsquo;\u00ab Association d&rsquo;aide aux enfants handicap\u00e9s \u00bb et \u00e0 \u00ab\u00a0S.O.S. Ha\u00efti\u00a0\u00bb. Chaque ann\u00e9e, nous participons activement \u00e0 la collecte de fonds du T\u00e9l\u00e9vie au Luxembourg, notamment au T\u00e9l\u00e9vie Challenge et au T\u00e9l\u00e9vie Challenge on Tour. <\/p>\n\n\n\n<p>Le T\u00e9l\u00e9vie est un r\u00e9seau de soutien lanc\u00e9 en 1989 par RTL-TVI en Belgique et en 2001 par RTL T\u00e9l\u00e9 L\u00ebtzebuerg au Luxembourg. Il a \u00e9t\u00e9 cr\u00e9\u00e9 pour collecter des fonds en faveur de la recherche sur le cancer et la leuc\u00e9mie, tant chez l&rsquo;adulte que chez l&rsquo;enfant.<\/p>\n<\/div>\n<\/div>\n\n\n\n<div style=\"height:45px\" aria-hidden=\"true\" class=\"wp-block-spacer\"><\/div>\n\n\n\n<div class=\"wp-block-columns is-layout-flex wp-container-core-columns-is-layout-9d6595d7 wp-block-columns-is-layout-flex\">\n<div class=\"wp-block-column is-layout-flow wp-block-column-is-layout-flow\" style=\"flex-basis:20%\"><div class=\"wp-block-image\">\n<figure class=\"aligncenter size-full is-resized\"><img loading=\"lazy\" decoding=\"async\" width=\"500\" height=\"500\" src=\"https:\/\/www.bce.lu\/wp-content\/uploads\/2023\/05\/Footprint.png\" alt=\"\" class=\"wp-image-6217\" style=\"width:212px;height:212px\" srcset=\"https:\/\/www.bce.lu\/wp-content\/uploads\/2023\/05\/Footprint.png 500w, https:\/\/www.bce.lu\/wp-content\/uploads\/2023\/05\/Footprint-300x300.png 300w, https:\/\/www.bce.lu\/wp-content\/uploads\/2023\/05\/Footprint-150x150.png 150w\" sizes=\"auto, (max-width: 500px) 100vw, 500px\" \/><\/figure>\n<\/div><\/div>\n\n\n\n<div class=\"wp-block-column is-layout-flow wp-block-column-is-layout-flow\" style=\"flex-basis:80%\">\n<div style=\"height:20px\" aria-hidden=\"true\" class=\"wp-block-spacer\"><\/div>\n\n\n\n<h4 class=\"wp-block-heading\">Responsabilit\u00e9 environnementale<\/h4>\n\n\n\n<p>Notre entreprise calcule chaque ann\u00e9e son empreinte carbone conform\u00e9ment \u00e0 la Global Reporting Initiative (GRI). BCE s\u2019engage \u00e0 r\u00e9duire ses impacts environnementaux, suivant les conseils de Bertelsmann, BCE s\u2019engage \u00e0 d\u2019atteindre la neutralit\u00e9 carbone d\u2019ici 2030.<\/p>\n\n\n\n<p>Veuillez consulter notre page d\u00e9di\u00e9e \u00e0 la <em><a href=\"https:\/\/www.bce.lu\/fr\/entreprise\/our-compagny\/responsabilite-environnementale\/\" data-type=\"page\" data-id=\"6500\">responsabilit\u00e9 environnementale<\/a><\/em> pour plus d&rsquo;informations sur les actions de BCE en faveur de la neutralit\u00e9 carbone.<\/p>\n<\/div>\n<\/div>\n\n\n\n<div style=\"height:45px\" aria-hidden=\"true\" class=\"wp-block-spacer\"><\/div>\n\n\n\n<div class=\"wp-block-columns is-layout-flex wp-container-core-columns-is-layout-9d6595d7 wp-block-columns-is-layout-flex\">\n<div class=\"wp-block-column is-layout-flow wp-block-column-is-layout-flow\" style=\"flex-basis:20%\"><div class=\"wp-block-image\">\n<figure class=\"aligncenter size-full is-resized\"><img loading=\"lazy\" decoding=\"async\" width=\"500\" height=\"500\" src=\"https:\/\/www.bce.lu\/wp-content\/uploads\/2023\/05\/Fitness.png\" alt=\"\" class=\"wp-image-6220\" style=\"width:212px;height:212px\" srcset=\"https:\/\/www.bce.lu\/wp-content\/uploads\/2023\/05\/Fitness.png 500w, https:\/\/www.bce.lu\/wp-content\/uploads\/2023\/05\/Fitness-300x300.png 300w, https:\/\/www.bce.lu\/wp-content\/uploads\/2023\/05\/Fitness-150x150.png 150w\" sizes=\"auto, (max-width: 500px) 100vw, 500px\" \/><\/figure>\n<\/div><\/div>\n\n\n\n<div class=\"wp-block-column is-layout-flow wp-block-column-is-layout-flow\" style=\"flex-basis:80%\">\n<h4 class=\"wp-block-heading\">Le bien-\u00eatre de nos employ\u00e9s<\/h4>\n\n\n\n<p>Notre entreprise sensibilise ses employ\u00e9s \u00e0 sur leur sant\u00e9 et leur bien-\u00eatre. De plus, nos employ\u00e9s ont acc\u00e8s \u00e0 un centre de fitness dans les locaux de RTL City et peuvent b\u00e9n\u00e9ficier de consultations m\u00e9dicales et de diverses initiatives m\u00e9dicales.<\/p>\n\n\n\n<p>Notre entreprise encourage \u00e9galement le dialogue social avec les syndicats dans le cadre de r\u00e9unions de comit\u00e9s et de rassemblements mensuels au cours desquels les membres discutent et \u00e9changent leurs id\u00e9es.<\/p>\n\n\n\n<p>Les employ\u00e9s sont \u00e9galement directement concern\u00e9s par les performances de l&rsquo;entreprise gr\u00e2ce \u00e0 un syst\u00e8me de participation aux b\u00e9n\u00e9fices.<\/p>\n<\/div>\n<\/div>\n\n\n\n<div style=\"height:45px\" aria-hidden=\"true\" class=\"wp-block-spacer\"><\/div>\n\n\n\n<div class=\"wp-block-columns is-layout-flex wp-container-core-columns-is-layout-9d6595d7 wp-block-columns-is-layout-flex\">\n<div class=\"wp-block-column is-layout-flow wp-block-column-is-layout-flow\" style=\"flex-basis:20%\"><div class=\"wp-block-image\">\n<figure class=\"aligncenter size-full is-resized\"><img loading=\"lazy\" decoding=\"async\" width=\"500\" height=\"500\" src=\"https:\/\/www.bce.lu\/wp-content\/uploads\/2023\/05\/Knowledge.png\" alt=\"\" class=\"wp-image-6223\" style=\"width:212px;height:212px\" srcset=\"https:\/\/www.bce.lu\/wp-content\/uploads\/2023\/05\/Knowledge.png 500w, https:\/\/www.bce.lu\/wp-content\/uploads\/2023\/05\/Knowledge-300x300.png 300w, https:\/\/www.bce.lu\/wp-content\/uploads\/2023\/05\/Knowledge-150x150.png 150w\" sizes=\"auto, (max-width: 500px) 100vw, 500px\" \/><\/figure>\n<\/div><\/div>\n\n\n\n<div class=\"wp-block-column is-layout-flow wp-block-column-is-layout-flow\" style=\"flex-basis:80%\">\n<h4 class=\"wp-block-heading\">La valorisation de la connaissance<\/h4>\n\n\n\n<p>Notre entreprise contribue activement \u00e0 la recherche et au d\u00e9veloppement de nouvelles technologies par le biais de diverses organisations et de sa participation \u00e0 des consortiums :<\/p>\n\n\n\n<ul class=\"wp-block-list\">\n<li><em>HD Forum<\/em><\/li>\n\n\n\n<li><em>Information Technology for European Advancement (ITEA) <\/em><\/li>\n\n\n\n<li><em>Networked and Electronic Media (NEM)<\/em><\/li>\n<\/ul>\n\n\n\n<p>Par ailleurs, en collaboration avec le principal centre de recherche public du Luxembourg (LIST), notre entreprise a \u00e9galement particip\u00e9 activement \u00e0 des projets tels que \u00ab\u00a0Passepartout\u00a0\u00bb en partenariat avec Philips, \u00ab\u00a0Movies\u00a0\u00bb en collaboration avec le programme Eureka Cluster (CELTIC), MOTSWAN (Mobile TV Services Whatever Access Network) et ACDC (Adaptive Content Delivery Cluster).<\/p>\n\n\n\n<p>Notre entreprise a mis en place une structure \u00ab\u00a0New Media Technology\u00a0\u00bb qui a pour mission de d\u00e9velopper des solutions innovantes dans le secteur du multim\u00e9dia et investit dans la formation de nos employ\u00e9s afin d&rsquo;assurer la continuit\u00e9 de notre savoir-faire technologique.<\/p>\n<\/div>\n<\/div>\n","protected":false},"excerpt":{"rendered":"<p>Broadcasting Center Europe SA (BCE), filiale de RTL Group, [&hellip;]<\/p>\n","protected":false},"author":3,"featured_media":0,"parent":6474,"menu_order":7,"comment_status":"closed","ping_status":"closed","template":"","meta":{"_acf_changed":false,"content-type":"","inline_featured_image":false,"_uag_custom_page_level_css":"","_price":"","_stock":"","_tribe_ticket_header":"","_tribe_default_ticket_provider":"","_ticket_start_date":"","_ticket_end_date":"","_tribe_ticket_show_description":"","_tribe_ticket_show_not_going":false,"_tribe_ticket_use_global_stock":"","_tribe_ticket_global_stock_level":"","_global_stock_mode":"","_global_stock_cap":"","_tribe_rsvp_for_event":"","_tribe_ticket_going_count":"","_tribe_ticket_not_going_count":"","_tribe_tickets_list":"[]","_tribe_ticket_has_attendee_info_fields":false,"footnotes":"","_tec_slr_enabled":"","_tec_slr_layout":""},"class_list":["post-6499","page","type-page","status-publish","hentry"],"acf":[],"uagb_featured_image_src":{"full":false,"thumbnail":false,"medium":false,"medium_large":false,"large":false,"1536x1536":false,"2048x2048":false},"uagb_author_info":{"display_name":"charline","author_link":"https:\/\/www.bce.lu\/fr\/author\/charline\/"},"uagb_comment_info":0,"uagb_excerpt":"Broadcasting Center Europe SA (BCE), filiale de RTL Group, [&hellip;]","ticketed":false,"_links":{"self":[{"href":"https:\/\/www.bce.lu\/fr\/wp-json\/wp\/v2\/pages\/6499","targetHints":{"allow":["GET"]}}],"collection":[{"href":"https:\/\/www.bce.lu\/fr\/wp-json\/wp\/v2\/pages"}],"about":[{"href":"https:\/\/www.bce.lu\/fr\/wp-json\/wp\/v2\/types\/page"}],"author":[{"embeddable":true,"href":"https:\/\/www.bce.lu\/fr\/wp-json\/wp\/v2\/users\/3"}],"replies":[{"embeddable":true,"href":"https:\/\/www.bce.lu\/fr\/wp-json\/wp\/v2\/comments?post=6499"}],"version-history":[{"count":8,"href":"https:\/\/www.bce.lu\/fr\/wp-json\/wp\/v2\/pages\/6499\/revisions"}],"predecessor-version":[{"id":8959,"href":"https:\/\/www.bce.lu\/fr\/wp-json\/wp\/v2\/pages\/6499\/revisions\/8959"}],"up":[{"embeddable":true,"href":"https:\/\/www.bce.lu\/fr\/wp-json\/wp\/v2\/pages\/6474"}],"wp:attachment":[{"href":"https:\/\/www.bce.lu\/fr\/wp-json\/wp\/v2\/media?parent=6499"}],"curies":[{"name":"wp","href":"https:\/\/api.w.org\/{rel}","templated":true}]}}