{"id":6500,"date":"2023-05-05T16:47:57","date_gmt":"2023-05-05T14:47:57","guid":{"rendered":"https:\/\/www.bce.lu\/?page_id=6500"},"modified":"2025-12-11T09:33:07","modified_gmt":"2025-12-11T08:33:07","slug":"responsabilite-environnementale","status":"publish","type":"page","link":"https:\/\/www.bce.lu\/fr\/entreprise\/notre-entreprise\/responsabilite-environnementale\/","title":{"rendered":"Responsabilit\u00e9 environnementale"},"content":{"rendered":"\n<div style=\"height:15px\" aria-hidden=\"true\" class=\"wp-block-spacer\"><\/div>\n\n\n\n<h3 class=\"wp-block-heading\">BCE s\u2019engage \u00e0 r\u00e9duire ses impacts environnementaux, suivant les conseils de Bertelsmann, BCE s\u2019engage \u00e0 d\u2019atteindre la neutralit\u00e9 carbone d\u2019ici 2030.<\/h3>\n\n\n\n<div style=\"height:15px\" aria-hidden=\"true\" class=\"wp-block-spacer\"><\/div>\n\n\n\n<p>En ce qui concerne la conformit\u00e9 avec les lois existantes et en reconnaissance de l\u2019importance des questions environnementales, BCE vise \u00e0 examiner et \u00e0 am\u00e9liorer continuellement son impact environnemental.<\/p>\n\n\n\n<p>Depuis 2008, BCE mesure son empreinte carbone tous les deux ans, et annuellement depuis 2015. Nous utilisons ces mesures comme un indicateur clef pour l\u2019am\u00e9lioration continue de notre performance environnementale.<\/p>\n\n\n\n<div style=\"height:15px\" aria-hidden=\"true\" class=\"wp-block-spacer\"><\/div>\n\n\n\n<div class=\"wp-block-columns is-layout-flex wp-container-core-columns-is-layout-9d6595d7 wp-block-columns-is-layout-flex\">\n<div class=\"wp-block-column is-layout-flow wp-block-column-is-layout-flow\">\n<div class=\"wp-block-uagb-image uagb-block-a8ff2f1f wp-block-uagb-image--layout-default wp-block-uagb-image--effect-static wp-block-uagb-image--align-none\"><figure class=\"wp-block-uagb-image__figure\"><img decoding=\"async\" srcset=\"https:\/\/www.bce.lu\/wp-content\/uploads\/2025\/12\/Green-energy-BCE-1.png ,https:\/\/www.bce.lu\/wp-content\/uploads\/2025\/12\/Green-energy-BCE-1.png 780w, https:\/\/www.bce.lu\/wp-content\/uploads\/2025\/12\/Green-energy-BCE-1.png 360w\" sizes=\"auto, (max-width: 480px) 150px\" src=\"https:\/\/www.bce.lu\/wp-content\/uploads\/2025\/12\/Green-energy-BCE-1.png\" alt=\"\" class=\"uag-image-14008\" width=\"1024\" height=\"576\" title=\"Green-energy-BCE\" loading=\"lazy\" role=\"img\"\/><\/figure><\/div>\n<\/div>\n\n\n\n<div class=\"wp-block-column is-layout-flow wp-block-column-is-layout-flow\">\n<h4 class=\"wp-block-heading\">Responsabilit\u00e9 \u00e0 l\u2019\u00e9gard de l\u2019environnement<\/h4>\n\n\n\n<p>BCE s\u2019efforce d\u2019utiliser les ressources naturelles de fa\u00e7on responsable dans la production, le traitement et la distribution de son contenu et de ses services et d\u2019assurer un approvisionnement respectueux de l\u2019environnement dans la mesure o\u00f9 cela est \u00e9conomique.<\/p>\n\n\n\n<p>Cela s\u2019applique en particulier aux mat\u00e9riaux et aux processus d\u2019approvisionnement, de production, de contenu num\u00e9rique et de supports de stockage.<\/p>\n\n\n\n<p>Conform\u00e9ment \u00e0 ses activit\u00e9s, BCE se concentre particuli\u00e8rement sur la consommation d\u2019\u00e9lectricit\u00e9 qui est responsable de la plupart des \u00e9missions de carbone de l\u2019entreprise. \u00c0 cet \u00e9gard, le si\u00e8ge social de BCE est aliment\u00e9 depuis 2020 par <strong>une \u00e9nergie 100% renouvelable bas\u00e9e sur de la production hydro\u00e9lectrique<\/strong>.<\/p>\n<\/div>\n<\/div>\n\n\n\n<div style=\"height:40px\" aria-hidden=\"true\" class=\"wp-block-spacer\"><\/div>\n\n\n\n<div class=\"wp-block-columns is-layout-flex wp-container-core-columns-is-layout-9d6595d7 wp-block-columns-is-layout-flex\">\n<div class=\"wp-block-column is-layout-flow wp-block-column-is-layout-flow\">\n<div style=\"height:20px\" aria-hidden=\"true\" class=\"wp-block-spacer\"><\/div>\n\n\n\n<h4 class=\"wp-block-heading\">La nature comme source d\u2019\u00e9nergie<\/h4>\n\n\n\n<p>BCE, en partenariat avec le fournisseur d\u2019\u00e9nergie luxembourgeois Enovos, a construit deux grands <strong>parcs photovolta\u00efques<\/strong> sur ses sites de transmission \u00e0 Beidweiler et Junglinster achev\u00e9s en 2020.<\/p>\n\n\n\n<p>Il s\u2019agit du premier parc solaire au sol de cette taille au Luxembourg avec une capacit\u00e9 totale de <strong>7GWh<\/strong>. BCE et Enovos pr\u00e9voient d\u00e9j\u00e0 de construire une extension \u00e0 Beidweiler qui portera cette capacit\u00e9 \u00e0 <strong>10GWh<\/strong>.<\/p>\n\n\n\n<p>Pour assurer la compatibilit\u00e9 environnementale de nos activit\u00e9s, nous nous effor\u00e7ons d\u2019utiliser l\u2019\u00e9nergie, l\u2019eau, les mat\u00e9riaux et l\u2019espace de mani\u00e8re <strong>responsable<\/strong>.<\/p>\n<\/div>\n\n\n\n<div class=\"wp-block-column is-layout-flow wp-block-column-is-layout-flow\">\n<div style=\"position: relative; width: 100%; height: 0; padding-top: 56.2500%; padding-bottom: 0; box-shadow: 0 2px 8px 0 rgba(63,69,81,0.16); margin-top: 1.6em; margin-bottom: 0.9em; overflow: hidden; border-radius: 8px; will-change: transform;\">  <iframe loading=\"lazy\" style=\"position: absolute; width: 100%; height: 100%; top: 0; left: 0; border: none; padding: 0;margin: 0;\"    src=\"https:&#x2F;&#x2F;www.canva.com&#x2F;design&#x2F;DAFLF4strhE&#x2F;watch?embed\" allowfullscreen=\"allowfullscreen\" allow=\"fullscreen\">  <\/iframe><\/div>\n<\/div>\n<\/div>\n\n\n\n<div style=\"height:40px\" aria-hidden=\"true\" class=\"wp-block-spacer\"><\/div>\n\n\n\n<div class=\"wp-block-columns is-layout-flex wp-container-core-columns-is-layout-9d6595d7 wp-block-columns-is-layout-flex\">\n<div class=\"wp-block-column is-layout-flow wp-block-column-is-layout-flow\">\n<div class=\"wp-block-uagb-image uagb-block-7e376aa1 wp-block-uagb-image--layout-default wp-block-uagb-image--effect-static wp-block-uagb-image--align-none\"><figure class=\"wp-block-uagb-image__figure\"><img decoding=\"async\" srcset=\"https:\/\/www.bce.lu\/wp-content\/uploads\/2025\/12\/Involvement-of-employees-BCE-2.png ,https:\/\/www.bce.lu\/wp-content\/uploads\/2025\/12\/Involvement-of-employees-BCE-2.png 780w, https:\/\/www.bce.lu\/wp-content\/uploads\/2025\/12\/Involvement-of-employees-BCE-2.png 360w\" sizes=\"auto, (max-width: 480px) 150px\" src=\"https:\/\/www.bce.lu\/wp-content\/uploads\/2025\/12\/Involvement-of-employees-BCE-2.png\" alt=\"\" class=\"uag-image-14015\" width=\"1024\" height=\"576\" title=\"Involvement of employees BCE\" loading=\"lazy\" role=\"img\"\/><\/figure><\/div>\n<\/div>\n\n\n\n<div class=\"wp-block-column is-layout-flow wp-block-column-is-layout-flow\">\n<h4 class=\"wp-block-heading\">Participation des employ\u00e9s<\/h4>\n\n\n\n<p>La participation active des employ\u00e9s de BCE est une condition pr\u00e9alable importante \u00e0 une performance environnementale efficace.<\/p>\n\n\n\n<p>Les employ\u00e9s de BCE sont les meilleurs ambassadeurs de l\u2019entreprise pour v\u00e9hiculer un comportement respectueux de l\u2019environnement. Pour ce faire, BCE les sensibilise r\u00e9guli\u00e8rement aux questions environnementales, organise des journ\u00e9es et des actions environnementales et les encourage \u00e0 adopter un comportement responsable envers la communaut\u00e9 et l\u2019environnement.<\/p>\n\n\n\n<p>BCE encourage \u00e9galement le t\u00e9l\u00e9travail, en faisant de ses employ\u00e9s une partie de la solution, en r\u00e9duisant massivement la quantit\u00e9 de C0<sub>2<\/sub>&nbsp;produite lors des d\u00e9placements.<\/p>\n\n\n\n<p>Enfin chez BCE, le tri des d\u00e9chets est organis\u00e9, son application et son respect sont certifi\u00e9s par le label SDK d\u00e9livr\u00e9 par l\u2019administration de l\u2019environnement (<em><strong>SuperDrecksK\u00ebscht<\/strong> <\/em>fir Betriber).<\/p>\n<\/div>\n<\/div>\n\n\n\n<div style=\"height:40px\" aria-hidden=\"true\" class=\"wp-block-spacer\"><\/div>\n\n\n\n<div class=\"wp-block-columns is-layout-flex wp-container-core-columns-is-layout-9d6595d7 wp-block-columns-is-layout-flex\">\n<div class=\"wp-block-column is-layout-flow wp-block-column-is-layout-flow\">\n<h4 class=\"wp-block-heading\">Organisation environnementale<\/h4>\n\n\n\n<p>\u00c0 cet \u00e9gard, le d\u00e9partement de post-production a \u00e9t\u00e9 un pionnier en fournissant gratuitement \u00e0 ses client une technologie d\u00e9velopp\u00e9e en interne (appel\u00e9e M2M) afin d\u2019\u00e9changer le contenu vid\u00e9o via un syst\u00e8me de distribution num\u00e9rique au lieu d\u2019exp\u00e9dier des cassettes et bandes physiques.<\/p>\n\n\n\n<p>Chez BCE, tous les processus op\u00e9rationnels sont la responsabilit\u00e9 des diff\u00e9rents d\u00e9partements. Ces derniers sont invit\u00e9s \u00e0 r\u00e9duire constamment leur impact sur l\u2019environnement et \u00e0 prendre des initiatives.<\/p>\n\n\n\n<p>Pour les projets situ\u00e9s dans des endroits \u00e9loign\u00e9s, le service technique rassemble tout l\u2019\u00e9quipement dans un endroit d\u00e9di\u00e9 o\u00f9 les employ\u00e9s de BCE peuvent pr\u00e9installer et pr\u00e9configurer tous les \u00e9quipements avant exp\u00e9dition. Ce faisant, BCE a consid\u00e9rablement r\u00e9duit le transport de l\u2019\u00e9quipement et du personnel.<\/p>\n\n\n\n<p>En tant que membre de la LEA (Luxembourg Event Association), BCE s\u2019engage \u00e0 fournir des services \u00e0 l\u2019industrie \u00e9v\u00e9nementielle en utilisant une quantit\u00e9 r\u00e9duite de d\u00e9chets, en limitant son impact carbone et en fournissant une restauration durable.<\/p>\n\n\n\n<p>Du c\u00f4t\u00e9 de l\u2019IT, BCE a investi dans la technologie des all\u00e9es froides pour ses datacentres, r\u00e9duisant ainsi les besoins en \u00e9lectricit\u00e9 des syst\u00e8mes de refroidissement.<\/p>\n\n\n\n<p>Le d\u00e9partement en charge des \u00e9metteurs, qui op\u00e8re des plateformes particuli\u00e8rement \u00e9nergivores, fait partie de <strong>l\u2019accord volontaire<\/strong> sur l\u2019efficacit\u00e9 \u00e9nerg\u00e9tique mis en \u0153uvre entre le gouvernement luxembourgeois et la FEDIL (f\u00e9d\u00e9ration luxembourgeoise multisectorielle des entreprises).<\/p>\n<\/div>\n\n\n\n<div class=\"wp-block-column is-layout-flow wp-block-column-is-layout-flow\">\n<div class=\"wp-block-uagb-image uagb-block-95d3af50 wp-block-uagb-image--layout-default wp-block-uagb-image--effect-static wp-block-uagb-image--align-none\"><figure class=\"wp-block-uagb-image__figure\"><img decoding=\"async\" srcset=\"https:\/\/www.bce.lu\/wp-content\/uploads\/2025\/12\/Environmental-organization-1.png ,https:\/\/www.bce.lu\/wp-content\/uploads\/2025\/12\/Environmental-organization-1.png 780w, https:\/\/www.bce.lu\/wp-content\/uploads\/2025\/12\/Environmental-organization-1.png 360w\" sizes=\"auto, (max-width: 480px) 150px\" src=\"https:\/\/www.bce.lu\/wp-content\/uploads\/2025\/12\/Environmental-organization-1.png\" alt=\"\" class=\"uag-image-14020\" width=\"1024\" height=\"576\" title=\"Environmental organization\" loading=\"lazy\" role=\"img\"\/><\/figure><\/div>\n<\/div>\n<\/div>\n\n\n\n<div style=\"height:40px\" aria-hidden=\"true\" class=\"wp-block-spacer\"><\/div>\n\n\n\n<div class=\"wp-block-columns is-layout-flex wp-container-core-columns-is-layout-9d6595d7 wp-block-columns-is-layout-flex\">\n<div class=\"wp-block-column is-layout-flow wp-block-column-is-layout-flow\">\n<div class=\"wp-block-uagb-image uagb-block-08c71ee7 wp-block-uagb-image--layout-default wp-block-uagb-image--effect-static wp-block-uagb-image--align-none\"><figure class=\"wp-block-uagb-image__figure\"><img decoding=\"async\" srcset=\"https:\/\/www.bce.lu\/wp-content\/uploads\/2025\/12\/Transparency-and-stakeholder-dialogue.png ,https:\/\/www.bce.lu\/wp-content\/uploads\/2025\/12\/Transparency-and-stakeholder-dialogue.png 780w, https:\/\/www.bce.lu\/wp-content\/uploads\/2025\/12\/Transparency-and-stakeholder-dialogue.png 360w\" sizes=\"auto, (max-width: 480px) 150px\" src=\"https:\/\/www.bce.lu\/wp-content\/uploads\/2025\/12\/Transparency-and-stakeholder-dialogue.png\" alt=\"\" class=\"uag-image-14024\" width=\"1024\" height=\"576\" title=\"Transparency and stakeholder dialogue\" loading=\"lazy\" role=\"img\"\/><\/figure><\/div>\n<\/div>\n\n\n\n<div class=\"wp-block-column is-layout-flow wp-block-column-is-layout-flow\">\n<h4 class=\"wp-block-heading\">Transparence et dialogue<\/h4>\n\n\n\n<p>BCE est un partenaire de la soci\u00e9t\u00e9 civile.<\/p>\n\n\n\n<p>BCE s\u2019engage donc \u00e0 maintenir un dialogue ouvert et mutuellement constructif avec les clients, les partenaires d\u2019affaires et les autres parties int\u00e9ress\u00e9es.<\/p>\n\n\n\n<p>BCE cherche \u00e0 trouver des solutions respectueuses de l\u2019environnement qui r\u00e9pondent aux exigences de ses intervenants externes, tout en pr\u00e9servant la comp\u00e9titivit\u00e9 de ses activit\u00e9s.<\/p>\n<\/div>\n<\/div>\n\n\n\n<div style=\"height:60px\" aria-hidden=\"true\" class=\"wp-block-spacer\"><\/div>\n","protected":false},"excerpt":{"rendered":"<p>BCE s\u2019engage \u00e0 r\u00e9duire ses impacts environnementaux, suivant les [&hellip;]<\/p>\n","protected":false},"author":3,"featured_media":0,"parent":6474,"menu_order":9,"comment_status":"closed","ping_status":"closed","template":"","meta":{"_acf_changed":false,"content-type":"","inline_featured_image":false,"_uag_custom_page_level_css":"","_price":"","_stock":"","_tribe_ticket_header":"","_tribe_default_ticket_provider":"","_ticket_start_date":"","_ticket_end_date":"","_tribe_ticket_show_description":"","_tribe_ticket_show_not_going":false,"_tribe_ticket_use_global_stock":"","_tribe_ticket_global_stock_level":"","_global_stock_mode":"","_global_stock_cap":"","_tribe_rsvp_for_event":"","_tribe_ticket_going_count":"","_tribe_ticket_not_going_count":"","_tribe_tickets_list":"[]","_tribe_ticket_has_attendee_info_fields":false,"footnotes":"","_tec_slr_enabled":"","_tec_slr_layout":""},"class_list":["post-6500","page","type-page","status-publish","hentry"],"acf":[],"uagb_featured_image_src":{"full":false,"thumbnail":false,"medium":false,"medium_large":false,"large":false,"1536x1536":false,"2048x2048":false},"uagb_author_info":{"display_name":"charline","author_link":"https:\/\/www.bce.lu\/fr\/author\/charline\/"},"uagb_comment_info":0,"uagb_excerpt":"BCE s\u2019engage \u00e0 r\u00e9duire ses impacts environnementaux, suivant les [&hellip;]","ticketed":false,"_links":{"self":[{"href":"https:\/\/www.bce.lu\/fr\/wp-json\/wp\/v2\/pages\/6500","targetHints":{"allow":["GET"]}}],"collection":[{"href":"https:\/\/www.bce.lu\/fr\/wp-json\/wp\/v2\/pages"}],"about":[{"href":"https:\/\/www.bce.lu\/fr\/wp-json\/wp\/v2\/types\/page"}],"author":[{"embeddable":true,"href":"https:\/\/www.bce.lu\/fr\/wp-json\/wp\/v2\/users\/3"}],"replies":[{"embeddable":true,"href":"https:\/\/www.bce.lu\/fr\/wp-json\/wp\/v2\/comments?post=6500"}],"version-history":[{"count":8,"href":"https:\/\/www.bce.lu\/fr\/wp-json\/wp\/v2\/pages\/6500\/revisions"}],"predecessor-version":[{"id":14027,"href":"https:\/\/www.bce.lu\/fr\/wp-json\/wp\/v2\/pages\/6500\/revisions\/14027"}],"up":[{"embeddable":true,"href":"https:\/\/www.bce.lu\/fr\/wp-json\/wp\/v2\/pages\/6474"}],"wp:attachment":[{"href":"https:\/\/www.bce.lu\/fr\/wp-json\/wp\/v2\/media?parent=6500"}],"curies":[{"name":"wp","href":"https:\/\/api.w.org\/{rel}","templated":true}]}}