{"id":6582,"date":"2023-03-13T15:20:35","date_gmt":"2023-03-13T14:20:35","guid":{"rendered":"https:\/\/www.bce.lu\/?page_id=6582"},"modified":"2023-06-08T16:59:55","modified_gmt":"2023-06-08T14:59:55","slug":"notre-politique-rgpd","status":"publish","type":"page","link":"https:\/\/www.bce.lu\/fr\/notre-politique-rgpd\/","title":{"rendered":"Notre politique RGPD"},"content":{"rendered":"\n<div style=\"height:50px\" aria-hidden=\"true\" class=\"wp-block-spacer\"><\/div>\n\n\n\n<p><strong>Le r\u00e8glement g\u00e9n\u00e9ral sur la protection des donn\u00e9es (RGPD) est entr\u00e9 en vigueur le 25 mai 2018 et renforce vos droits en mati\u00e8re de traitement de vos donn\u00e9es personnelles. Nous accordons de l&rsquo;importance au respect de vos donn\u00e9es personnelles et veillons \u00e0 ce que les informations que vous partagez avec nous restent prot\u00e9g\u00e9es.<\/strong><\/p>\n\n\n\n<p>BCE s&rsquo;engage \u00e0 prot\u00e9ger et \u00e0 respecter votre vie priv\u00e9e, et nous n&rsquo;utiliserons vos informations personnelles que pour g\u00e9rer votre compte et vous fournir les produits et services que vous nous avez demand\u00e9s. De temps en temps, nous souhaiterions vous contacter au sujet de nos produits et services, ainsi que d&rsquo;autres contenus qui pourraient vous int\u00e9resser.<\/p>\n\n\n\n<p>Le site web de BCE propose des formulaires pour :<\/p>\n\n\n\n<ul class=\"wp-block-list\">\n<li>Prendre contact avec notre \u00e9quipe commerciale<\/li>\n\n\n\n<li>Obtenir plus d&rsquo;informations sur nos produits et services<\/li>\n\n\n\n<li>S&rsquo;abonner \u00e0 nos actions de communication et de marketing<\/li>\n<\/ul>\n\n\n\n<p>Lorsque vous soumettez un formulaire, afin de vous fournir le contenu demand\u00e9, nous devons stocker et traiter vos donn\u00e9es personnelles.<\/p>\n\n\n\n<p>Vous pouvez vous d\u00e9sabonner de ces communications \u00e0 tout moment. Pour plus d&rsquo;informations sur la fa\u00e7on de vous d\u00e9sabonner, nos pratiques en mati\u00e8re de confidentialit\u00e9 et notre engagement \u00e0 prot\u00e9ger et \u00e0 respecter votre vie priv\u00e9e, veuillez consulter notre <a href=\"https:\/\/www.bce.lu\/fr\/politique-de-confidentialite\/\">Politique de confidentialit\u00e9<\/a>.<\/p>\n\n\n\n<p>Si vous souhaitez recevoir r\u00e9guli\u00e8rement les communications de BCE ou si vous vous \u00eates abonn\u00e9 \u00e0 nos campagnes d&rsquo;e-mailing dans le pass\u00e9, vous nous donnez votre accord pour stocker vos donn\u00e9es personnelles.<\/p>\n\n\n\n<p>Si vous ne nous donnez pas votre consentement explicite, nous ne pourrons plus communiquer avec vous ni vous donner acc\u00e8s \u00e0 nos syst\u00e8mes.<\/p>\n\n\n\n<p>Merci,<\/p>\n\n\n\n<p>BCE.<\/p>\n\n\n<section class=\"bloc-contact sectionPadding\">\n    <div class=\"wrapper is-width-large is-center\">\n        <div class=\"row is-container-column\">\n            <h2 class=\"bloc-contact-title\"><\/h2>\n            <span class=\"bloc-contact-texte\"><\/span>\n            <div class=\"row is-inset-top-32 middle-xs\" style=\"width:100%;\">\n                                <div class=\"col-xs-12 \">                    \n                                                \n\t\t\t\t\t\t<script>\n\t\t\t\t\t\t\twindow.hsFormsOnReady = window.hsFormsOnReady || [];\n\t\t\t\t\t\t\twindow.hsFormsOnReady.push(()=>{\n\t\t\t\t\t\t\t\thbspt.forms.create({\n\t\t\t\t\t\t\t\t\tportalId: 8988786,\n\t\t\t\t\t\t\t\t\tformId: \"ca96548f-ced2-4038-85c8-aa7b99f9a131\",\n\t\t\t\t\t\t\t\t\ttarget: \"#hbspt-form-1777553234000-3596721045\",\n\t\t\t\t\t\t\t\t\tregion: \"na1\",\n\t\t\t\t\t\t\t\t\t\n\t\t\t\t\t\t\t})});\n\t\t\t\t\t\t<\/script>\n\t\t\t\t\t\t<div class=\"hbspt-form\" id=\"hbspt-form-1777553234000-3596721045\"><\/div>                                        \n                <\/div>\n            <\/div>\n        <\/div>\n    <\/div>\n<\/section>","protected":false},"excerpt":{"rendered":"<p>Le r\u00e8glement g\u00e9n\u00e9ral sur la protection des donn\u00e9es (RGPD) [&hellip;]<\/p>\n","protected":false},"author":3,"featured_media":0,"parent":0,"menu_order":127,"comment_status":"closed","ping_status":"closed","template":"","meta":{"_acf_changed":false,"content-type":"","inline_featured_image":false,"_uag_custom_page_level_css":"","_price":"","_stock":"","_tribe_ticket_header":"","_tribe_default_ticket_provider":"","_ticket_start_date":"","_ticket_end_date":"","_tribe_ticket_show_description":"","_tribe_ticket_show_not_going":false,"_tribe_ticket_use_global_stock":"","_tribe_ticket_global_stock_level":"","_global_stock_mode":"","_global_stock_cap":"","_tribe_rsvp_for_event":"","_tribe_ticket_going_count":"","_tribe_ticket_not_going_count":"","_tribe_tickets_list":"[]","_tribe_ticket_has_attendee_info_fields":false,"footnotes":"","_tec_slr_enabled":"","_tec_slr_layout":""},"class_list":["post-6582","page","type-page","status-publish","hentry"],"acf":[],"uagb_featured_image_src":{"full":false,"thumbnail":false,"medium":false,"medium_large":false,"large":false,"1536x1536":false,"2048x2048":false},"uagb_author_info":{"display_name":"charline","author_link":"https:\/\/www.bce.lu\/fr\/author\/charline\/"},"uagb_comment_info":0,"uagb_excerpt":"Le r\u00e8glement g\u00e9n\u00e9ral sur la protection des donn\u00e9es (RGPD) [&hellip;]","ticketed":false,"_links":{"self":[{"href":"https:\/\/www.bce.lu\/fr\/wp-json\/wp\/v2\/pages\/6582","targetHints":{"allow":["GET"]}}],"collection":[{"href":"https:\/\/www.bce.lu\/fr\/wp-json\/wp\/v2\/pages"}],"about":[{"href":"https:\/\/www.bce.lu\/fr\/wp-json\/wp\/v2\/types\/page"}],"author":[{"embeddable":true,"href":"https:\/\/www.bce.lu\/fr\/wp-json\/wp\/v2\/users\/3"}],"replies":[{"embeddable":true,"href":"https:\/\/www.bce.lu\/fr\/wp-json\/wp\/v2\/comments?post=6582"}],"version-history":[{"count":8,"href":"https:\/\/www.bce.lu\/fr\/wp-json\/wp\/v2\/pages\/6582\/revisions"}],"predecessor-version":[{"id":8095,"href":"https:\/\/www.bce.lu\/fr\/wp-json\/wp\/v2\/pages\/6582\/revisions\/8095"}],"wp:attachment":[{"href":"https:\/\/www.bce.lu\/fr\/wp-json\/wp\/v2\/media?parent=6582"}],"curies":[{"name":"wp","href":"https:\/\/api.w.org\/{rel}","templated":true}]}}